{"id":2071,"date":"2020-03-23T20:25:31","date_gmt":"2020-03-23T20:25:31","guid":{"rendered":"https:\/\/www.prestigioytradicion.com\/?page_id=2071"},"modified":"2020-03-23T20:56:24","modified_gmt":"2020-03-23T20:56:24","slug":"politica-de-cookies","status":"publish","type":"page","link":"https:\/\/www.prestigioytradicion.com\/en\/politica-de-cookies\/","title":{"rendered":"Pol\u00edtica de cookies"},"content":{"rendered":"\n<p>POL\u00cdTICA DE COOKIES<\/p>\n\n\n\n<p>Esta Pol\u00edtica de Cookies es parte\nintegrante del Aviso Legal y la Pol\u00edtica de Privacidad de ARMONIA\nSOCIAL, S.L.\nEl acceso y la navegaci\u00f3n en el sitio, o el uso de los servicios del\nmismo, implican la aceptaci\u00f3n de las Condiciones Generales\nestablecidas en nuestro Aviso Legal (y por tanto de la Pol\u00edtica de\nPrivacidad y Pol\u00edtica de Cookies). Por favor, l\u00e9alas atentamente.<\/p>\n\n\n\n<p>Le agradecemos que haya decidido\nvisitarnos. Queremos que su experiencia en el sitio sea lo mejor\nposible, y por ese motivo hemos escrito esta Pol\u00edtica de Cookies de\nla forma m\u00e1s transparente posible.<\/p>\n\n\n\n<p><strong>\u00bfQu\u00e9\nes una Cookie?<\/strong><\/p>\n\n\n\n<p>Las cookies son archivos que\ncontienen peque\u00f1as cantidades de informaci\u00f3n que se descargan en el\ndispositivo del usuario que se utiliza cuando visita un sitio web. Su\nfinalidad principal es reconocer al usuario cada vez que accede a\nARMONIA\nSOCIAL, S.L.. y nos permite, adem\u00e1s, mejorar la\ncalidad y la usabilidad de nuestra web.<\/p>\n\n\n\n<p>Las cookies son esenciales para el\nfuncionamiento de Internet; no pueden da\u00f1ar el equipo\/dispositivo\ndel usuario y, si se encuentran activadas en la configuraci\u00f3n de su\nnavegador, nos ayudan a identificar y resolver posibles errores de\nfuncionamiento de <strong><a href=\"https:\/\/www.prestigioytradicion.com\/\">https:\/\/www.prestigioytradicion.com<\/a>\n<\/strong>\n<\/p>\n\n\n\n<p><strong>Tipos\nde Cookies<\/strong><\/p>\n\n\n\n<p>Hay diferentes tipos de cookies.\nTodas ellos trabajan de la misma manera, pero tienen peque\u00f1as\ndiferencias:<\/p>\n\n\n\n<ol><li>a)&nbsp; Cookies de Sesi\u00f3n.\n\tLas cookies de sesi\u00f3n perduran solamente por la duraci\u00f3n de su\n\tvisita y se borran cuando se cierra el navegador. Su finalidad\n\tprincipal es identificar el tipo de dispositivo, apoyar la seguridad\n\tdel sitio web o su funcionalidad b\u00e1sica. No contienen informaci\u00f3n\n\tpersonal que nos permita identificar a una persona.\n\t<\/li><li>b)&nbsp; Cookies Persistentes\n\to Permanentes: Se almacenan en el disco duro del dispositivo y\n\tnuestra web las lee cada vez que se realiza una nueva visita a\n\t<strong><a href=\"https:\/\/www.prestigioytradicion.com\/\">https:\/\/www.prestigioytradicion.com<\/a>\n\t;<\/strong> posee una fecha de caducidad o expiraci\u00f3n determinada,\n\tcumplida la cual la cookie deja de funcionar. Nos permiten\n\tidentificar sus acciones y preferencias; analizar las visitas y nos\n\tayudan a comprender c\u00f3mo llegan los usuarios a nuestra p\u00e1gina y\n\tmejorar nuestros servicios.\n\t<\/li><li>c)&nbsp; Cookies de\n\tFuncionalidad: Permiten a <strong><a href=\"https:\/\/www.prestigioytradicion.com\/\">https:\/\/www.prestigioytradicion.com<\/a>\n\t<\/strong> recordar decisiones adoptadas por el usuario, como su\n\tlogin o identificador.<br>La informaci\u00f3n que estas cookies recogen\n\tse anonimiza (es decir, no contiene ni su nombre, direcci\u00f3n, u\n\totros datos).\n\t<\/li><li>d)&nbsp; Cookies de Terceros.\n\tLas cookies de terceros son las cookies que instala un sitio web que\n\tno es el que est\u00e1 visitando; por ejemplo, las usadas por redes\n\tsociales (como Facebook) o por complementos externos de contenido\n\t(como Google Maps). Adem\u00e1s, algunas empresas de publicidad usan\n\teste tipo de archivos para realizar un seguimiento de sus visitas en\n\tcada sitio en el que se anuncian.\n\t<\/li><li>e)&nbsp; Cookies Anal\u00edticas:\n\tSon cookies que tienen por finalidad el mantenimiento peri\u00f3dico y\n\tgarantizar el mejor funcionamiento y servicio al usuario;\n\trecopilando datos de su actividad.\n<\/li><\/ol>\n\n\n\n<p><strong>Uso\nde Cookies por parte de&nbsp; <\/strong><strong>\n<\/strong><strong><a href=\"https:\/\/www.prestigioytradicion.com\/\">https:\/\/www.prestigioytradicion.com<\/a>\n<\/strong>\n<\/p>\n\n\n\n<p>Mediante el acceso a\n<strong><a href=\"https:\/\/www.prestigioytradicion.com\/\">https:\/\/www.prestigioytradicion.com<\/a>,<\/strong>\nacepta de manera expresa que podamos usar este tipo de cookies en sus\ndispositivos. Si desactiva las cookies, puede que su navegaci\u00f3n por\n<strong><a href=\"https:\/\/www.prestigioytradicion.com\/\">https:\/\/www.prestigioytradicion.com<\/a>\n<\/strong> no sea \u00f3ptima y algunas de las utilidades que dispone\n<strong><a href=\"https:\/\/www.prestigioytradicion.com\/\">https:\/\/www.prestigioytradicion.com<\/a>\n<\/strong> no funcionen correctamente.<\/p>\n\n\n\n<ol><li><strong>a)\n\tCookies propias<\/strong>\n<\/li><\/ol>\n\n\n\n<p>Con el fin de reconocerte y prestarte\nun mejor servicio, nuestro sitio utiliza cookies (peque\u00f1os archivos\nde texto que tu navegador almacena) propias. Las ventajas que\nconlleva la aceptaci\u00f3n de nuestras cookies se traducen en un ahorro\nde tiempo. Asimismo, pueden ser utilizadas tambi\u00e9n para reconocerte\nentre visitas sucesivas y as\u00ed adaptar el contenido que se te\nmuestra, para obtener informaci\u00f3n acerca de la fecha y hora de tu\n\u00faltima visita, medir algunos par\u00e1metros de tr\u00e1fico dentro del\npropio sitio, y estimar el n\u00famero de visitas realizadas, de manera\nque podamos enfocar y ajustar los servicios y promociones de forma\nm\u00e1s efectiva.<\/p>\n\n\n\n<p>Ninguna cookie permite que pueda\ncontactarse con tu n\u00famero de tel\u00e9fono, tu direcci\u00f3n de correo\nelectr\u00f3nico o con cualquier otro medio de contacto. Ninguna cookie\npuede extraer informaci\u00f3n de tu disco duro o robar informaci\u00f3n\npersonal.<\/p>\n\n\n\n<figure class=\"wp-block-table\"><table class=\"\"><tbody><tr><td>\n\t\t\t<strong>NOMBRE DE LA COOKIE<\/strong>\n\t\t<\/td><td>\n\t\t\t<strong>PROVEEDOR<\/strong>\n\t\t<\/td><td>\n\t\t\t<strong>FINALIDAD DE LA COOKIE<\/strong>\n\t\t<\/td><td>\n\t\t\t<strong>DESCRIPCI\u00d3N<\/strong>\n\t\t<\/td><\/tr><tr><td>\n\t\t\t<br>\n\t\t\t\n\t\t<\/td><td>\n\t\t\t_icl_current_admin_language_\n\t\t<\/td><td>\n\t\t\tInterna\n\t\t<\/td><td>\n\t\t\tNavegaci\u00f3n\n\t\t<\/td><td>\n\t\t\tCookie necesaria para\n\t\t\tidentificar el idioma de navegaci\u00f3n\n\t\t<\/td><\/tr><tr><td>\n\t\t\t<br>\n\t\t\t\n\t\t<\/td><td>\n\t\t\tPHPSESSID\n\t\t<\/td><td>\n\t\t\tInterna\n\t\t<\/td><td>\n\t\t\tSesi\u00f3n\n\t\t<\/td><td>\n\t\t\tEsta cookie es usado\n\t\t\tpor el lenguaje de encriptado \n\t\t\t\n\t\t\tPHP para permitir que\n\t\t\tlas variables de SESI\u00d3N sean \n\t\t\t\n\t\t\tguardadas en el\n\t\t\tservidor web. Esta cookies es esencial \n\t\t\t\n\t\t\tpara el\n\t\t\tfuncionamiento de la web.\n\t\t<\/td><\/tr><tr><td>\n\t\t\t<br>\n\t\t\t\n\t\t<\/td><td>\n\t\t\t_icl_current_language\n\t\t<\/td><td>\n\t\t\tInterna\n\t\t<\/td><td>\n\t\t\tNavegaci\u00f3n\n\t\t<\/td><td>\n\t\t\tCookie necesaria para identificar\n\t\t\tel idioma\n\t\t\t de navegaci\u00f3n\n\t\t<\/td><\/tr><tr><td>\n\t\t\t<br>\n\t\t\t\n\t\t<\/td><td>\n\t\t\trml_1_lastquery\n\t\t<\/td><td>\n\t\t\tInterna\n\t\t<\/td><td>\n\t\t\tNavegaci\u00f3n\n\t\t<\/td><td>\n\t\t\tFuncionamiento de la galer\u00eda de\n\t\t\tim\u00e1genes de la web\n\t\t<\/td><\/tr><tr><td>\n\t\t\t<br>\n\t\t\t\n\t\t<\/td><td>\n\t\t\twordpress_test_cookie\n\t\t<\/td><td>\n\t\t\tInterna\n\t\t<\/td><td>\n\t\t\tNavegaci\u00f3n\n\t\t<\/td><td>\n\t\t\tEsta&nbsp;\n\t\t\t<em>cookie<\/em>&nbsp;\n\t\t\tse usa para que el gestor de contenidos WordPress compruebe si el\n\t\t\tnavegador tiene las cookies activadas.\n\t\t<\/td><\/tr><tr><td>\n\t\t\t<br>\n\t\t\t\n\t\t<\/td><td>\n\t\t\twp-settings-2\n\t\t<\/td><td>\n\t\t\tInterna\n\t\t<\/td><td>\n\t\t\tNavegaci\u00f3n\n\t\t<\/td><td>\n\t\t\tSe utiliza para identificar el\n\t\t\tcontexto de la sesi\u00f3n y mantener al usuario siempre en la misma.\n\t\t<\/td><\/tr><tr><td>\n\t\t\t<br>\n\t\t\t\n\t\t<\/td><td>\n\t\t\twordpress_logged_in\n\t\t<\/td><td>\n\t\t\tInterna\n\t\t<\/td><td>\n\t\t\tNavegaci\u00f3n\n\t\t<\/td><td>\n\t\t\tDespu\u00e9s del login, WordPress\n\t\t\tactiva la cookie wordpress_logged_in_[hash], que indica cuando te\n\t\t\thas conectado y qui\u00e9n eres, siendo usado para la interfaz de\n\t\t\tWordPress.\n\t\t<\/td><\/tr><tr><td>\n\t\t\t<br>\n\t\t\t\n\t\t<\/td><td>\n\t\t\t<br>\n\t\t\t\n\t\t<\/td><td>\n\t\t\t<br>\n\t\t\t\n\t\t<\/td><td>\n\t\t\t<br>\n\t\t\t\n\t\t<\/td><td>\n\t\t\t<br>\n\t\t\t\n\t\t<\/td><\/tr><\/tbody><\/table><\/figure>\n\n\n\n<ol><li><strong>b)\n\tCookies de Terceros.<\/strong>\n<\/li><\/ol>\n\n\n\n<p>El sitio utiliza el servicio Google\nAnalytics, que es prestado por Google, Inc., entidad cuya oficina\nprincipal est\u00e1 en 1600 Amphitheatre Parkway, Mountain View\n(California), CA 94043, Estados Unidos (\u00abGoogle\u00bb).<\/p>\n\n\n\n<p>Google\nAnalytics utiliza cookies para ayudarnos a analizar el uso que hacen\nlos usuarios del sitio. La informaci\u00f3n que genera la cookie acerca\ndel uso del sitio (incluyendo su direcci\u00f3n IP) ser\u00e1 directamente\ntransmitida y archivada por Google en sus servidores de Estados\nUnidos. Google usar\u00e1 esta informaci\u00f3n por cuenta nuestra con el\nprop\u00f3sito de seguir la pista de su uso del sitio, recopilando\ninformes de la actividad del sitio y prestando otros servicios\nrelacionados con la actividad del sitio y el uso de Internet. Google\npodr\u00e1 transmitir dicha informaci\u00f3n a terceros cuando as\u00ed se lo\nrequiera la legislaci\u00f3n, o cuando dichos terceros procesen la\ninformaci\u00f3n por cuenta de Google. Google no asociar\u00e1 tu direcci\u00f3n\nIP con ning\u00fan otro dato del que disponga Google.&nbsp; Si desea m\u00e1s\ninformaci\u00f3n del uso de las cookies de Google&nbsp; <a href=\"https:\/\/www.google.com\/intl\/es\/policies\/technologies\/types\/\" target=\"_blank\" rel=\"noreferrer noopener\">haga\nclick aqu\u00ed.<\/a><\/p>\n\n\n\n<p>El sitio utiliza el servicio Yandex\nMetrica. Web analytics provided by Yandex Oy Limited Company \u2013\nMoreenikatu 6, 04600 Mantsala, Finland (hereinafter referred to as\nthe \u201cYandex\u201d).<\/p>\n\n\n\n<p>Yandex.Metrica usa \u00abcookies\u00bb,\npeque\u00f1os archivos de texto colocados en las computadoras de los\nusuarios para analizar la actividad del usuario.<\/p>\n\n\n\n<p>La\ninformaci\u00f3n recopilada por las cookies no revela su identidad, pero\npuede ayudarnos a mejorar el rendimiento de nuestro sitio web. La\ninformaci\u00f3n sobre su uso de este sitio web recopilada mediante\ncookies se transferir\u00e1 a Yandex y se almacenar\u00e1 en el servidor de\nYandex en la UE y la Federaci\u00f3n Rusa. Yandex procesar\u00e1 esta\ninformaci\u00f3n para evaluar c\u00f3mo usa el sitio web, compilar informes\npara nosotros en el funcionamiento de nuestro sitio web y\nproporcionar otros servicios. Yandex procesa esta informaci\u00f3n como\nse especifica en los T\u00e9rminos de uso del Servicio Yandex.Metrica.&nbsp;\nPuede obtener m\u00e1s informaci\u00f3n&nbsp; <a href=\"https:\/\/yandex.com\/support\/metrica\/general\/gdpr.html\">aqu\u00ed<\/a><\/p>\n\n\n\n<p>Si lo desea puede rechazar el\ntratamiento de los datos o la informaci\u00f3n rechazando el uso de\ncookies mediante la selecci\u00f3n de la configuraci\u00f3n apropiada de su\nnavegador. Sin embargo, si lo hace, puede ser que no puedas usar la\nplena funcionabilidad de este sitio. Al utilizar este sitio consiente\nen el tratamiento de su informaci\u00f3n por Google y Yandex en la forma\ny para los fines arriba indicados.<\/p>\n\n\n\n<figure class=\"wp-block-table\"><table class=\"\"><tbody><tr><td>\n\t\t\t<strong>NOMBRE DE LA COOKIE<\/strong>\n\t\t<\/td><td>\n\t\t\t<strong>PROVEEDOR<\/strong>\n\t\t<\/td><td>\n\t\t\t<strong>FINALIDAD DE LA COOKIE<\/strong>\n\t\t<\/td><td>\n\t\t\t<strong>DESCRIPCI\u00d3N<\/strong>\n\t\t<\/td><\/tr><tr><td>\n\t\t\t<br>\n\t\t\t\n\t\t<\/td><td>\n\t\t\t_ga\n\t\t<\/td><td>\n\t\t\tGoogle Analytics\n\t\t<\/td><td>\n\t\t\tAnal\u00edtica\n\t\t<\/td><td>\n\t\t\t&nbsp; Cookie utilizada para\n\t\t\tasignar flujos de navegaci\u00f3n a un usuario en Google Analytics y\n\t\t\tcaduca en 26 meses.\n\t\t<\/td><\/tr><tr><td>\n\t\t\t<br>\n\t\t\t\n\t\t<\/td><td>\n\t\t\t_gat__aproperty\n\t\t<\/td><td>\n\t\t\tGoogle Analytics\n\t\t<\/td><td>\n\t\t\t&nbsp; Anal\u00edtica\n\t\t<\/td><td>\n\t\t\tIncluye informaci\u00f3n de la campa\u00f1a\n\t\t\trelativa al usuario y caduca en 26 meses.\n\t\t<\/td><\/tr><tr><td>\n\t\t\t<br>\n\t\t\t\n\t\t<\/td><td>\n\t\t\t_gid\n\t\t<\/td><td>\n\t\t\tGoogle Analytics\n\t\t<\/td><td>\n\t\t\tAnal\u00edtica\n\t\t<\/td><td>\n\t\t\tCookie propia de Google Analytics\n\t\t\ty se usa para distinguir a los usuarios y caducan en 26 meses.\n\t\t<\/td><\/tr><tr><td>\n\t\t\t<br>\n\t\t\t\n\t\t<\/td><td>\n\t\t\t_ym_isad\n\t\t<\/td><td>\n\t\t\tYandex\n\t\t<\/td><td>\n\t\t\tAnal\u00edtica\n\t\t<\/td><td>\n\t\t\tEstas cookies son empleadas para\n\t\t\tla medida y an\u00e1lisis del tr\u00e1fico de esta web y caducan en 24\n\t\t\tmeses.\n\t\t<\/td><\/tr><tr><td>\n\t\t\t<br>\n\t\t\t\n\t\t<\/td><td>\n\t\t\t_ym_uid\n\t\t<\/td><td>\n\t\t\tYandex\n\t\t<\/td><td>\n\t\t\tAnal\u00edtica\n\t\t<\/td><td>\n\t\t\tEstas cookies son empleadas para\n\t\t\tla medida y an\u00e1lisis del tr\u00e1fico de esta web y caducan en 24\n\t\t\tmeses.\n\t\t<\/td><\/tr><tr><td>\n\t\t\t<br>\n\t\t\t\n\t\t<\/td><td>\n\t\t\t_ym_visorc_\n\t\t<\/td><td>\n\t\t\tYandex\n\t\t<\/td><td>\n\t\t\tAnal\u00edtica\n\t\t<\/td><td>\n\t\t\tEstas cookies son empleadas para\n\t\t\tla medida y an\u00e1lisis del tr\u00e1fico de esta web y caduca en 30\n\t\t\tminutos.\n\t\t<\/td><\/tr><\/tbody><\/table><\/figure>\n\n\n\n<p><strong>Cookies\nde redes sociales<\/strong><\/p>\n\n\n\n<p>Las Cookies de redes sociales&nbsp; \npueden almacenarse en su navegador mientras navega por el sitio<\/p>\n\n\n\n<p>Las empresas que generan estas\ncookies correspondientes a las&nbsp;  redes sociales que utiliza esta\nweb&nbsp;  tienen sus &nbsp; propias pol\u00edticas de cookies:<\/p>\n\n\n\n<p>\u2013 Cookie\nde Twitter, seg\u00fan lo dispuesto en su&nbsp; <a href=\"https:\/\/twitter.com\/privacy\">pol\u00edtica\nde privacidad y uso de cookies.<\/a><\/p>\n\n\n\n<p>\u2013 Cookie\nde Linkedin, seg\u00fan lo dispuesto en su&nbsp; <a href=\"https:\/\/www.linkedin.com\/legal\/cookie-policy?trk=hp-cookies\">Pol\u00edtica\nde Cookies<\/a><\/p>\n\n\n\n<p>\u2013 Cookie\nde Facebook, seg\u00fan lo dispuesto en su&nbsp; <a href=\"https:\/\/www.facebook.com\/help\/cookies?ref_type=sitefooter\">Pol\u00edtica\nde Cookies<\/a><\/p>\n\n\n\n<p>\u2013 Cookie\nde&nbsp;  Google Maps, seg\u00fan lo dispuesto en su p\u00e1gina sobre qu\u00e9&nbsp;\n<a href=\"http:\/\/www.google.com\/intl\/es\/policies\/technologies\/types\/\">tipo\nde cookies utilizan<\/a>.<\/p>\n\n\n\n<p><strong>Consentimiento<\/strong><\/p>\n\n\n\n<p>Al navegar y continuar en nuestra web\nnos indicas que est\u00e1 consintiendo el uso de las cookies antes\nenunciadas, y en las condiciones contenidas en la presente Pol\u00edtica\nde Cookies.<\/p>\n\n\n\n<p>A partir de la opci\u00f3n que tome\nacerca del uso de cookies en este sitio web se la enviar\u00e1 una cookie\nadicional para salvaguardar su elecci\u00f3n.<\/p>\n\n\n\n<p>Para utilizar este Sitio Web no\nresulta necesaria la instalaci\u00f3n de cookies. El usuario puede no\naceptarlas configurando su navegador para bloquearlas y, en su caso,\neliminarlas.<\/p>\n\n\n\n<p><strong>Configuraci\u00f3n\ndel usuario para evitar Cookies.<\/strong><\/p>\n\n\n\n<p>Desde https:\/\/aquaclubtermal.com y en\ncumplimiento de la normativa legal vigente, ponemos a su disposici\u00f3n\nla informaci\u00f3n que le permita configurar su navegador\/navegadores de\nInternet para mantener su privacidad y seguridad en relaci\u00f3n a las\ncookies. Por ello, le facilitamos la informaci\u00f3n y enlaces a los\nsitos de soporte oficiales de los principales navegadores para que\npueda decidir si desea o no aceptar el uso de cookies.<\/p>\n\n\n\n<p>As\u00ed, puede bloquear las cookies a\ntrav\u00e9s de las herramientas de configuraci\u00f3n del navegador o bien\npuede configurar su navegador para que le avise cuando un servidor\nquiera guardar una cookie:<\/p>\n\n\n\n<ol><li>a)&nbsp;\n\t&nbsp; &nbsp;  Si utiliza Microsoft Internet Explorer, en la opci\u00f3n\n\tde men\u00fa Herramientas &gt; Opciones de Internet &gt; Privacidad &gt;\n\tConfiguraci\u00f3n. Para saber m\u00e1s visite&nbsp;\n\t<a href=\"http:\/\/windows.microsoft.com\/es-es\/windows-vista\/block-or-allow-cookies\">http:\/\/windows.microsoft.com\/es-es\/windows-vista\/block-or-allow-cookies<\/a>&nbsp;\n\ty&nbsp;\n\t<a href=\"http:\/\/windows.microsoft.com\/es-es\/windows7\/how-to-manage-cookies-in-internet-explorer-9\">http:\/\/windows.microsoft.com\/es-es\/windows7\/how-to-manage-cookies-in-internet-explorer-9<\/a>.\n\t<\/li><li>b)&nbsp; &nbsp; &nbsp;  Si\n\tutiliza Firefox, en la opci\u00f3n de men\u00fa Herramientas &gt; Opciones &gt;\n\tPrivacidad &gt; Cookies. Para saber m\u00e1s visite&nbsp;\n\thttps:\/\/support.mozilla.org\/es\/kb\/habilitar-y-deshabilitar-cookies-sitios-web-rastrear-preferencias\n\t<\/li><li>c)&nbsp;\n\t&nbsp; &nbsp; &nbsp;  Si utiliza Chrome, en la secci\u00f3n de Opciones\n\t&gt; Opciones avanzadas &gt; Privacidad. Para saber m\u00e1s&nbsp;\n\t<a href=\"http:\/\/support.google.com\/chrome\/bin\/answer.py?hl=es&amp;answer=95647\">http:\/\/support.google.com\/chrome\/bin\/answer.py?hl=es&amp;answer=95647<\/a>\n\t<\/li><li>d)&nbsp;\n\t&nbsp; &nbsp;  Si utiliza Opera, en la opci\u00f3n de Seguridad y\n\tPrivacidad, podr\u00e1 configurar el navegador. Para saber m\u00e1s visite&nbsp;\n\t<a href=\"http:\/\/www.opera.com\/help\/tutorials\/security\/cookies\/\">http:\/\/www.opera.com\/help\/tutorials\/security\/cookies\/<\/a>\n<\/li><\/ol>\n","protected":false},"excerpt":{"rendered":"<p>POL\u00cdTICA DE COOKIES Esta Pol\u00edtica de Cookies es parte integrante del Aviso Legal y la Pol\u00edtica de Privacidad de ARMONIA SOCIAL, S.L. El acceso y la navegaci\u00f3n en el sitio, o el uso de los servicios del mismo, implican la <a href=\"https:\/\/www.prestigioytradicion.com\/en\/politica-de-cookies\/\"> Read more&#8230;<\/a><\/p>\n","protected":false},"author":1,"featured_media":0,"parent":0,"menu_order":0,"comment_status":"closed","ping_status":"closed","template":"","meta":{"footnotes":""},"yoast_head":"<!-- This site is optimized with the Yoast SEO Premium plugin v21.9 (Yoast SEO v21.9.1) - https:\/\/yoast.com\/wordpress\/plugins\/seo\/ -->\n<title>Pol\u00edtica de cookies - Prestigio &amp; Tradici&oacute;n<\/title>\n<meta name=\"robots\" content=\"index, follow, max-snippet:-1, max-image-preview:large, max-video-preview:-1\" \/>\n<link rel=\"canonical\" href=\"https:\/\/www.prestigioytradicion.com\/politica-de-cookies\/\" \/>\n<meta property=\"og:locale\" content=\"en_US\" \/>\n<meta property=\"og:type\" content=\"article\" \/>\n<meta property=\"og:title\" content=\"Pol\u00edtica de cookies\" \/>\n<meta property=\"og:description\" content=\"POL\u00cdTICA DE COOKIES Esta Pol\u00edtica de Cookies es parte integrante del Aviso Legal y la Pol\u00edtica de Privacidad de ARMONIA SOCIAL, S.L. El acceso y la navegaci\u00f3n en el sitio, o el uso de los servicios del mismo, implican la Read more&#8230;\" \/>\n<meta property=\"og:url\" content=\"https:\/\/www.prestigioytradicion.com\/politica-de-cookies\/\" \/>\n<meta property=\"og:site_name\" content=\"Prestigio &amp; Tradici&oacute;n\" \/>\n<meta property=\"article:modified_time\" content=\"2020-03-23T20:56:24+00:00\" \/>\n<meta name=\"twitter:card\" content=\"summary_large_image\" \/>\n<meta name=\"twitter:label1\" content=\"Est. reading time\" \/>\n\t<meta name=\"twitter:data1\" content=\"10 minutes\" \/>\n<script type=\"application\/ld+json\" class=\"yoast-schema-graph\">{\"@context\":\"https:\/\/schema.org\",\"@graph\":[{\"@type\":\"WebPage\",\"@id\":\"https:\/\/www.prestigioytradicion.com\/politica-de-cookies\/\",\"url\":\"https:\/\/www.prestigioytradicion.com\/politica-de-cookies\/\",\"name\":\"Pol\u00edtica de cookies - Prestigio &amp; Tradici&oacute;n\",\"isPartOf\":{\"@id\":\"https:\/\/www.prestigioytradicion.com\/#website\"},\"datePublished\":\"2020-03-23T20:25:31+00:00\",\"dateModified\":\"2020-03-23T20:56:24+00:00\",\"breadcrumb\":{\"@id\":\"https:\/\/www.prestigioytradicion.com\/politica-de-cookies\/#breadcrumb\"},\"inLanguage\":\"en-US\",\"potentialAction\":[{\"@type\":\"ReadAction\",\"target\":[\"https:\/\/www.prestigioytradicion.com\/politica-de-cookies\/\"]}]},{\"@type\":\"BreadcrumbList\",\"@id\":\"https:\/\/www.prestigioytradicion.com\/politica-de-cookies\/#breadcrumb\",\"itemListElement\":[{\"@type\":\"ListItem\",\"position\":1,\"name\":\"Home\",\"item\":\"https:\/\/www.prestigioytradicion.com\/\"},{\"@type\":\"ListItem\",\"position\":2,\"name\":\"Pol\u00edtica de cookies\"}]},{\"@type\":\"WebSite\",\"@id\":\"https:\/\/www.prestigioytradicion.com\/#website\",\"url\":\"https:\/\/www.prestigioytradicion.com\/\",\"name\":\"Prestigio &amp; Tradici&oacute;n\",\"description\":\"Un extraordinario mundo gourmet de alta calidad para todos\",\"publisher\":{\"@id\":\"https:\/\/www.prestigioytradicion.com\/#organization\"},\"potentialAction\":[{\"@type\":\"SearchAction\",\"target\":{\"@type\":\"EntryPoint\",\"urlTemplate\":\"https:\/\/www.prestigioytradicion.com\/?s={search_term_string}\"},\"query-input\":\"required name=search_term_string\"}],\"inLanguage\":\"en-US\"},{\"@type\":\"Organization\",\"@id\":\"https:\/\/www.prestigioytradicion.com\/#organization\",\"name\":\"Prestigio & Tradici\u00f3n\",\"url\":\"https:\/\/www.prestigioytradicion.com\/\",\"logo\":{\"@type\":\"ImageObject\",\"inLanguage\":\"en-US\",\"@id\":\"https:\/\/www.prestigioytradicion.com\/#\/schema\/logo\/image\/\",\"url\":\"https:\/\/www.prestigioytradicion.com\/wp-content\/uploads\/LOGO-PyT-Facturas-WEB-150x150-SIN-FONDO.png\",\"contentUrl\":\"https:\/\/www.prestigioytradicion.com\/wp-content\/uploads\/LOGO-PyT-Facturas-WEB-150x150-SIN-FONDO.png\",\"width\":150,\"height\":150,\"caption\":\"Prestigio & Tradici\u00f3n\"},\"image\":{\"@id\":\"https:\/\/www.prestigioytradicion.com\/#\/schema\/logo\/image\/\"}}]}<\/script>\n<!-- \/ Yoast SEO Premium plugin. -->","yoast_head_json":{"title":"Pol\u00edtica de cookies - Prestigio &amp; Tradici&oacute;n","robots":{"index":"index","follow":"follow","max-snippet":"max-snippet:-1","max-image-preview":"max-image-preview:large","max-video-preview":"max-video-preview:-1"},"canonical":"https:\/\/www.prestigioytradicion.com\/politica-de-cookies\/","og_locale":"en_US","og_type":"article","og_title":"Pol\u00edtica de cookies","og_description":"POL\u00cdTICA DE COOKIES Esta Pol\u00edtica de Cookies es parte integrante del Aviso Legal y la Pol\u00edtica de Privacidad de ARMONIA SOCIAL, S.L. El acceso y la navegaci\u00f3n en el sitio, o el uso de los servicios del mismo, implican la Read more&#8230;","og_url":"https:\/\/www.prestigioytradicion.com\/politica-de-cookies\/","og_site_name":"Prestigio &amp; Tradici&oacute;n","article_modified_time":"2020-03-23T20:56:24+00:00","twitter_card":"summary_large_image","twitter_misc":{"Est. reading time":"10 minutes"},"schema":{"@context":"https:\/\/schema.org","@graph":[{"@type":"WebPage","@id":"https:\/\/www.prestigioytradicion.com\/politica-de-cookies\/","url":"https:\/\/www.prestigioytradicion.com\/politica-de-cookies\/","name":"Pol\u00edtica de cookies - Prestigio &amp; Tradici&oacute;n","isPartOf":{"@id":"https:\/\/www.prestigioytradicion.com\/#website"},"datePublished":"2020-03-23T20:25:31+00:00","dateModified":"2020-03-23T20:56:24+00:00","breadcrumb":{"@id":"https:\/\/www.prestigioytradicion.com\/politica-de-cookies\/#breadcrumb"},"inLanguage":"en-US","potentialAction":[{"@type":"ReadAction","target":["https:\/\/www.prestigioytradicion.com\/politica-de-cookies\/"]}]},{"@type":"BreadcrumbList","@id":"https:\/\/www.prestigioytradicion.com\/politica-de-cookies\/#breadcrumb","itemListElement":[{"@type":"ListItem","position":1,"name":"Home","item":"https:\/\/www.prestigioytradicion.com\/"},{"@type":"ListItem","position":2,"name":"Pol\u00edtica de cookies"}]},{"@type":"WebSite","@id":"https:\/\/www.prestigioytradicion.com\/#website","url":"https:\/\/www.prestigioytradicion.com\/","name":"Prestigio &amp; Tradici&oacute;n","description":"Un extraordinario mundo gourmet de alta calidad para todos","publisher":{"@id":"https:\/\/www.prestigioytradicion.com\/#organization"},"potentialAction":[{"@type":"SearchAction","target":{"@type":"EntryPoint","urlTemplate":"https:\/\/www.prestigioytradicion.com\/?s={search_term_string}"},"query-input":"required name=search_term_string"}],"inLanguage":"en-US"},{"@type":"Organization","@id":"https:\/\/www.prestigioytradicion.com\/#organization","name":"Prestigio & Tradici\u00f3n","url":"https:\/\/www.prestigioytradicion.com\/","logo":{"@type":"ImageObject","inLanguage":"en-US","@id":"https:\/\/www.prestigioytradicion.com\/#\/schema\/logo\/image\/","url":"https:\/\/www.prestigioytradicion.com\/wp-content\/uploads\/LOGO-PyT-Facturas-WEB-150x150-SIN-FONDO.png","contentUrl":"https:\/\/www.prestigioytradicion.com\/wp-content\/uploads\/LOGO-PyT-Facturas-WEB-150x150-SIN-FONDO.png","width":150,"height":150,"caption":"Prestigio & Tradici\u00f3n"},"image":{"@id":"https:\/\/www.prestigioytradicion.com\/#\/schema\/logo\/image\/"}}]}},"_links":{"self":[{"href":"https:\/\/www.prestigioytradicion.com\/en\/wp-json\/wp\/v2\/pages\/2071"}],"collection":[{"href":"https:\/\/www.prestigioytradicion.com\/en\/wp-json\/wp\/v2\/pages"}],"about":[{"href":"https:\/\/www.prestigioytradicion.com\/en\/wp-json\/wp\/v2\/types\/page"}],"author":[{"embeddable":true,"href":"https:\/\/www.prestigioytradicion.com\/en\/wp-json\/wp\/v2\/users\/1"}],"replies":[{"embeddable":true,"href":"https:\/\/www.prestigioytradicion.com\/en\/wp-json\/wp\/v2\/comments?post=2071"}],"version-history":[{"count":0,"href":"https:\/\/www.prestigioytradicion.com\/en\/wp-json\/wp\/v2\/pages\/2071\/revisions"}],"wp:attachment":[{"href":"https:\/\/www.prestigioytradicion.com\/en\/wp-json\/wp\/v2\/media?parent=2071"}],"curies":[{"name":"wp","href":"https:\/\/api.w.org\/{rel}","templated":true}]}}