{"id":4292,"date":"2020-05-17T12:22:30","date_gmt":"2020-05-17T11:22:30","guid":{"rendered":"https:\/\/www.prestigioytradicion.com\/?page_id=4292"},"modified":"2020-05-17T12:49:35","modified_gmt":"2020-05-17T11:49:35","slug":"smartfoodyanuq","status":"publish","type":"page","link":"https:\/\/www.prestigioytradicion.com\/en\/smartfoodyanuq\/","title":{"rendered":"Smart Food Yanuq"},"content":{"rendered":"\n<div class=\"wp-block-image\"><figure class=\"aligncenter size-large is-resized\"><img decoding=\"async\" src=\"https:\/\/www.prestigioytradicion.com\/wp-content\/uploads\/Logo-Smart-Food-Yanuq-color-apaisado-transparente-640x143-3-280x63.png\" alt=\"\" class=\"wp-image-4295\" width=\"412\" height=\"93\" srcset=\"https:\/\/www.prestigioytradicion.com\/wp-content\/uploads\/Logo-Smart-Food-Yanuq-color-apaisado-transparente-640x143-3-280x63.png 280w, https:\/\/www.prestigioytradicion.com\/wp-content\/uploads\/Logo-Smart-Food-Yanuq-color-apaisado-transparente-640x143-3-510x114.png 510w, https:\/\/www.prestigioytradicion.com\/wp-content\/uploads\/Logo-Smart-Food-Yanuq-color-apaisado-transparente-640x143-3.png 640w\" sizes=\"(max-width: 412px) 100vw, 412px\" \/><\/figure><\/div>\n\n\n\n<div class=\"wp-block-image\"><figure class=\"aligncenter size-large is-resized\"><img fetchpriority=\"high\" decoding=\"async\" src=\"https:\/\/www.prestigioytradicion.com\/wp-content\/uploads\/PHOTO-2020-01-14-16-51-16-5-600x600-6-280x280.jpg\" alt=\"\" class=\"wp-image-4294\" width=\"581\" height=\"581\" srcset=\"https:\/\/www.prestigioytradicion.com\/wp-content\/uploads\/PHOTO-2020-01-14-16-51-16-5-600x600-6-280x280.jpg 280w, https:\/\/www.prestigioytradicion.com\/wp-content\/uploads\/PHOTO-2020-01-14-16-51-16-5-600x600-6-39x39.jpg 39w, https:\/\/www.prestigioytradicion.com\/wp-content\/uploads\/PHOTO-2020-01-14-16-51-16-5-600x600-6-18x18.jpg 18w, https:\/\/www.prestigioytradicion.com\/wp-content\/uploads\/PHOTO-2020-01-14-16-51-16-5-600x600-6-25x25.jpg 25w, https:\/\/www.prestigioytradicion.com\/wp-content\/uploads\/PHOTO-2020-01-14-16-51-16-5-600x600-6-90x90.jpg 90w, https:\/\/www.prestigioytradicion.com\/wp-content\/uploads\/PHOTO-2020-01-14-16-51-16-5-600x600-6-510x510.jpg 510w, https:\/\/www.prestigioytradicion.com\/wp-content\/uploads\/PHOTO-2020-01-14-16-51-16-5-600x600-6-100x100.jpg 100w, https:\/\/www.prestigioytradicion.com\/wp-content\/uploads\/PHOTO-2020-01-14-16-51-16-5-600x600-6.jpg 600w\" sizes=\"(max-width: 581px) 100vw, 581px\" \/><\/figure><\/div>\n\n\n\n<h1 class=\"has-text-color has-text-align-center wp-block-heading\" style=\"color:#045f0d\">\u00bfQui\u00e9nes\u00a0Somos?<\/h1>\n\n\n\n<p class=\"has-text-align-center\">Somos fruto de la fusi\u00f3n entre dos culturas, latinoamericana y espa\u00f1ola, pero con inspiraci\u00f3n a nivel internacional.<\/p>\n\n\n\n<p class=\"has-text-align-center\">El proyecto&nbsp;<strong>Yanuq<\/strong>&nbsp;naci\u00f3 en la mitad del mundo.<\/p>\n\n\n\n<p class=\"has-text-align-center\">En la mitad de un viaje de experiencias, conocimientos, consciencia alimentaria y espiritual del mundo quechua; que dar\u00eda lugar a la fusi\u00f3n de dos cerebros, dos mujeres. Lugar, de donde trajimos el concepto&nbsp;<strong>Yanuq,<\/strong>&nbsp;que significa&nbsp;<em>cocinero\/a<\/em>&nbsp;en quechua.<\/p>\n\n\n\n<hr class=\"wp-block-separator\"\/>\n\n\n\n<div class=\"wp-block-columns is-layout-flex wp-container-core-columns-layout-1 wp-block-columns-is-layout-flex\">\n<div class=\"wp-block-column is-vertically-aligned-center is-layout-flow wp-block-column-is-layout-flow\" style=\"flex-basis:66.66%\">\n<h3 class=\"has-text-color has-text-align-right wp-block-heading\" style=\"color:#046921\">&#8220;Conoce nuestras recetas gratis&#8221;<\/h3>\n<\/div>\n\n\n\n<div class=\"wp-block-column is-layout-flow wp-block-column-is-layout-flow\" style=\"flex-basis:33.33%\">\n<div class=\"wp-block-file alignleft\"><a href=\"https:\/\/www.prestigioytradicion.com\/wp-content\/uploads\/Ajo-blanco-de-secreto-ib\u00e9rico-y-shitake.pdf\" class=\"wp-block-file__button\" download>DESCARGAR AHORA<\/a><\/div>\n\n\n\n<p><\/p>\n<\/div>\n<\/div>\n\n\n\n<hr class=\"wp-block-separator\"\/>\n\n\n\n<h3 class=\"has-text-color has-text-align-center wp-block-heading\" style=\"color:#045d04\">S\u00edguenos en nuestras redes<\/h3>\n\n\n\n<div class=\"wp-block-columns is-layout-flex wp-container-core-columns-layout-2 wp-block-columns-is-layout-flex\">\n<div class=\"wp-block-column is-layout-flow wp-block-column-is-layout-flow\">\n<div class=\"wp-block-image\"><figure class=\"alignright size-large is-resized\"><img decoding=\"async\" src=\"https:\/\/www.prestigioytradicion.com\/wp-content\/uploads\/d25ev3ss81buo9pb9lky-5-280x172.jpg\" alt=\"\" class=\"wp-image-4296\" width=\"150\" height=\"91\" srcset=\"https:\/\/www.prestigioytradicion.com\/wp-content\/uploads\/d25ev3ss81buo9pb9lky-5-280x172.jpg 280w, https:\/\/www.prestigioytradicion.com\/wp-content\/uploads\/d25ev3ss81buo9pb9lky-5-768x470.jpg 768w, https:\/\/www.prestigioytradicion.com\/wp-content\/uploads\/d25ev3ss81buo9pb9lky-5-510x312.jpg 510w, https:\/\/www.prestigioytradicion.com\/wp-content\/uploads\/d25ev3ss81buo9pb9lky-5.jpg 800w\" sizes=\"(max-width: 150px) 100vw, 150px\" \/><\/figure><\/div>\n<\/div>\n\n\n\n<div class=\"wp-block-column is-vertically-aligned-center is-layout-flow wp-block-column-is-layout-flow\">\n<div class=\"wp-block-image\"><figure class=\"aligncenter size-large is-resized\"><img loading=\"lazy\" decoding=\"async\" src=\"https:\/\/www.prestigioytradicion.com\/wp-content\/uploads\/3721679-youtube_108064-4-280x280.png\" alt=\"\" class=\"wp-image-4297\" width=\"108\" height=\"108\" srcset=\"https:\/\/www.prestigioytradicion.com\/wp-content\/uploads\/3721679-youtube_108064-4-280x280.png 280w, https:\/\/www.prestigioytradicion.com\/wp-content\/uploads\/3721679-youtube_108064-4-39x39.png 39w, https:\/\/www.prestigioytradicion.com\/wp-content\/uploads\/3721679-youtube_108064-4-18x18.png 18w, https:\/\/www.prestigioytradicion.com\/wp-content\/uploads\/3721679-youtube_108064-4-25x25.png 25w, https:\/\/www.prestigioytradicion.com\/wp-content\/uploads\/3721679-youtube_108064-4-90x90.png 90w, https:\/\/www.prestigioytradicion.com\/wp-content\/uploads\/3721679-youtube_108064-4-510x510.png 510w, https:\/\/www.prestigioytradicion.com\/wp-content\/uploads\/3721679-youtube_108064-4-100x100.png 100w, https:\/\/www.prestigioytradicion.com\/wp-content\/uploads\/3721679-youtube_108064-4.png 512w\" sizes=\"(max-width: 108px) 100vw, 108px\" \/><\/figure><\/div>\n<\/div>\n\n\n\n<div class=\"wp-block-column is-layout-flow wp-block-column-is-layout-flow\">\n<div class=\"wp-block-image\"><figure class=\"alignleft size-large is-resized\"><img loading=\"lazy\" decoding=\"async\" src=\"https:\/\/www.prestigioytradicion.com\/wp-content\/uploads\/descarga-2-4.png\" alt=\"\" class=\"wp-image-4298\" width=\"74\" height=\"74\" srcset=\"https:\/\/www.prestigioytradicion.com\/wp-content\/uploads\/descarga-2-4.png 225w, https:\/\/www.prestigioytradicion.com\/wp-content\/uploads\/descarga-2-4-39x39.png 39w, https:\/\/www.prestigioytradicion.com\/wp-content\/uploads\/descarga-2-4-18x18.png 18w, https:\/\/www.prestigioytradicion.com\/wp-content\/uploads\/descarga-2-4-25x25.png 25w, https:\/\/www.prestigioytradicion.com\/wp-content\/uploads\/descarga-2-4-90x90.png 90w, https:\/\/www.prestigioytradicion.com\/wp-content\/uploads\/descarga-2-4-100x100.png 100w\" sizes=\"(max-width: 74px) 100vw, 74px\" \/><\/figure><\/div>\n<\/div>\n<\/div>\n\n\n\n<figure class=\"wp-block-embed-youtube wp-block-embed is-type-video is-provider-youtube wp-embed-aspect-16-9 wp-has-aspect-ratio\"><div class=\"wp-block-embed__wrapper\">\n<iframe title=\"Crudit\u00e9s de spaghetti de pepino con salm\u00f3n a la mostaza\" width=\"730\" height=\"411\" src=\"https:\/\/www.youtube.com\/embed\/OBqsznzkSbU?feature=oembed\" frameborder=\"0\" allow=\"accelerometer; autoplay; encrypted-media; gyroscope; picture-in-picture\" allowfullscreen><\/iframe>\n<\/div><\/figure>\n","protected":false},"excerpt":{"rendered":"<p>\u00bfQui\u00e9nes\u00a0Somos? Somos fruto de la fusi\u00f3n entre dos culturas, latinoamericana y espa\u00f1ola, pero con inspiraci\u00f3n a nivel internacional. El proyecto&nbsp;Yanuq&nbsp;naci\u00f3 en la mitad del mundo. En la mitad de un viaje de experiencias, conocimientos, consciencia alimentaria y espiritual del mundo <a href=\"https:\/\/www.prestigioytradicion.com\/en\/smartfoodyanuq\/\"> Read more&#8230;<\/a><\/p>\n","protected":false},"author":1,"featured_media":0,"parent":0,"menu_order":0,"comment_status":"closed","ping_status":"closed","template":"","meta":{"footnotes":""},"yoast_head":"<!-- This site is optimized with the Yoast SEO Premium plugin v21.9 (Yoast SEO v21.9.1) - https:\/\/yoast.com\/wordpress\/plugins\/seo\/ -->\n<title>Smart Food Yanuq - Prestigio &amp; Tradici&oacute;n<\/title>\n<meta name=\"robots\" content=\"index, follow, max-snippet:-1, max-image-preview:large, max-video-preview:-1\" \/>\n<link rel=\"canonical\" href=\"https:\/\/www.prestigioytradicion.com\/smartfoodyanuq\/\" \/>\n<meta property=\"og:locale\" content=\"en_US\" \/>\n<meta property=\"og:type\" content=\"article\" \/>\n<meta property=\"og:title\" content=\"Smart Food Yanuq\" \/>\n<meta property=\"og:description\" content=\"\u00bfQui\u00e9nes\u00a0Somos? Somos fruto de la fusi\u00f3n entre dos culturas, latinoamericana y espa\u00f1ola, pero con inspiraci\u00f3n a nivel internacional. El proyecto&nbsp;Yanuq&nbsp;naci\u00f3 en la mitad del mundo. En la mitad de un viaje de experiencias, conocimientos, consciencia alimentaria y espiritual del mundo Read more&#8230;\" \/>\n<meta property=\"og:url\" content=\"https:\/\/www.prestigioytradicion.com\/smartfoodyanuq\/\" \/>\n<meta property=\"og:site_name\" content=\"Prestigio &amp; Tradici&oacute;n\" \/>\n<meta property=\"article:modified_time\" content=\"2020-05-17T11:49:35+00:00\" \/>\n<meta property=\"og:image\" content=\"https:\/\/www.prestigioytradicion.com\/wp-content\/uploads\/Logo-Smart-Food-Yanuq-color-apaisado-transparente-640x143-3-280x63.png\" \/>\n<meta name=\"twitter:card\" content=\"summary_large_image\" \/>\n<script type=\"application\/ld+json\" class=\"yoast-schema-graph\">{\"@context\":\"https:\/\/schema.org\",\"@graph\":[{\"@type\":\"WebPage\",\"@id\":\"https:\/\/www.prestigioytradicion.com\/smartfoodyanuq\/\",\"url\":\"https:\/\/www.prestigioytradicion.com\/smartfoodyanuq\/\",\"name\":\"Smart Food Yanuq - Prestigio &amp; Tradici&oacute;n\",\"isPartOf\":{\"@id\":\"https:\/\/www.prestigioytradicion.com\/#website\"},\"datePublished\":\"2020-05-17T11:22:30+00:00\",\"dateModified\":\"2020-05-17T11:49:35+00:00\",\"breadcrumb\":{\"@id\":\"https:\/\/www.prestigioytradicion.com\/smartfoodyanuq\/#breadcrumb\"},\"inLanguage\":\"en-US\",\"potentialAction\":[{\"@type\":\"ReadAction\",\"target\":[\"https:\/\/www.prestigioytradicion.com\/smartfoodyanuq\/\"]}]},{\"@type\":\"BreadcrumbList\",\"@id\":\"https:\/\/www.prestigioytradicion.com\/smartfoodyanuq\/#breadcrumb\",\"itemListElement\":[{\"@type\":\"ListItem\",\"position\":1,\"name\":\"Home\",\"item\":\"https:\/\/www.prestigioytradicion.com\/\"},{\"@type\":\"ListItem\",\"position\":2,\"name\":\"Smart Food Yanuq\"}]},{\"@type\":\"WebSite\",\"@id\":\"https:\/\/www.prestigioytradicion.com\/#website\",\"url\":\"https:\/\/www.prestigioytradicion.com\/\",\"name\":\"Prestigio &amp; Tradici&oacute;n\",\"description\":\"Un extraordinario mundo gourmet de alta calidad para todos\",\"publisher\":{\"@id\":\"https:\/\/www.prestigioytradicion.com\/#organization\"},\"potentialAction\":[{\"@type\":\"SearchAction\",\"target\":{\"@type\":\"EntryPoint\",\"urlTemplate\":\"https:\/\/www.prestigioytradicion.com\/?s={search_term_string}\"},\"query-input\":\"required name=search_term_string\"}],\"inLanguage\":\"en-US\"},{\"@type\":\"Organization\",\"@id\":\"https:\/\/www.prestigioytradicion.com\/#organization\",\"name\":\"Prestigio & Tradici\u00f3n\",\"url\":\"https:\/\/www.prestigioytradicion.com\/\",\"logo\":{\"@type\":\"ImageObject\",\"inLanguage\":\"en-US\",\"@id\":\"https:\/\/www.prestigioytradicion.com\/#\/schema\/logo\/image\/\",\"url\":\"https:\/\/www.prestigioytradicion.com\/wp-content\/uploads\/LOGO-PyT-Facturas-WEB-150x150-SIN-FONDO.png\",\"contentUrl\":\"https:\/\/www.prestigioytradicion.com\/wp-content\/uploads\/LOGO-PyT-Facturas-WEB-150x150-SIN-FONDO.png\",\"width\":150,\"height\":150,\"caption\":\"Prestigio & Tradici\u00f3n\"},\"image\":{\"@id\":\"https:\/\/www.prestigioytradicion.com\/#\/schema\/logo\/image\/\"}}]}<\/script>\n<!-- \/ Yoast SEO Premium plugin. -->","yoast_head_json":{"title":"Smart Food Yanuq - Prestigio &amp; Tradici&oacute;n","robots":{"index":"index","follow":"follow","max-snippet":"max-snippet:-1","max-image-preview":"max-image-preview:large","max-video-preview":"max-video-preview:-1"},"canonical":"https:\/\/www.prestigioytradicion.com\/smartfoodyanuq\/","og_locale":"en_US","og_type":"article","og_title":"Smart Food Yanuq","og_description":"\u00bfQui\u00e9nes\u00a0Somos? Somos fruto de la fusi\u00f3n entre dos culturas, latinoamericana y espa\u00f1ola, pero con inspiraci\u00f3n a nivel internacional. El proyecto&nbsp;Yanuq&nbsp;naci\u00f3 en la mitad del mundo. En la mitad de un viaje de experiencias, conocimientos, consciencia alimentaria y espiritual del mundo Read more&#8230;","og_url":"https:\/\/www.prestigioytradicion.com\/smartfoodyanuq\/","og_site_name":"Prestigio &amp; Tradici&oacute;n","article_modified_time":"2020-05-17T11:49:35+00:00","og_image":[{"url":"https:\/\/www.prestigioytradicion.com\/wp-content\/uploads\/Logo-Smart-Food-Yanuq-color-apaisado-transparente-640x143-3-280x63.png"}],"twitter_card":"summary_large_image","schema":{"@context":"https:\/\/schema.org","@graph":[{"@type":"WebPage","@id":"https:\/\/www.prestigioytradicion.com\/smartfoodyanuq\/","url":"https:\/\/www.prestigioytradicion.com\/smartfoodyanuq\/","name":"Smart Food Yanuq - Prestigio &amp; Tradici&oacute;n","isPartOf":{"@id":"https:\/\/www.prestigioytradicion.com\/#website"},"datePublished":"2020-05-17T11:22:30+00:00","dateModified":"2020-05-17T11:49:35+00:00","breadcrumb":{"@id":"https:\/\/www.prestigioytradicion.com\/smartfoodyanuq\/#breadcrumb"},"inLanguage":"en-US","potentialAction":[{"@type":"ReadAction","target":["https:\/\/www.prestigioytradicion.com\/smartfoodyanuq\/"]}]},{"@type":"BreadcrumbList","@id":"https:\/\/www.prestigioytradicion.com\/smartfoodyanuq\/#breadcrumb","itemListElement":[{"@type":"ListItem","position":1,"name":"Home","item":"https:\/\/www.prestigioytradicion.com\/"},{"@type":"ListItem","position":2,"name":"Smart Food Yanuq"}]},{"@type":"WebSite","@id":"https:\/\/www.prestigioytradicion.com\/#website","url":"https:\/\/www.prestigioytradicion.com\/","name":"Prestigio &amp; Tradici&oacute;n","description":"Un extraordinario mundo gourmet de alta calidad para todos","publisher":{"@id":"https:\/\/www.prestigioytradicion.com\/#organization"},"potentialAction":[{"@type":"SearchAction","target":{"@type":"EntryPoint","urlTemplate":"https:\/\/www.prestigioytradicion.com\/?s={search_term_string}"},"query-input":"required name=search_term_string"}],"inLanguage":"en-US"},{"@type":"Organization","@id":"https:\/\/www.prestigioytradicion.com\/#organization","name":"Prestigio & Tradici\u00f3n","url":"https:\/\/www.prestigioytradicion.com\/","logo":{"@type":"ImageObject","inLanguage":"en-US","@id":"https:\/\/www.prestigioytradicion.com\/#\/schema\/logo\/image\/","url":"https:\/\/www.prestigioytradicion.com\/wp-content\/uploads\/LOGO-PyT-Facturas-WEB-150x150-SIN-FONDO.png","contentUrl":"https:\/\/www.prestigioytradicion.com\/wp-content\/uploads\/LOGO-PyT-Facturas-WEB-150x150-SIN-FONDO.png","width":150,"height":150,"caption":"Prestigio & Tradici\u00f3n"},"image":{"@id":"https:\/\/www.prestigioytradicion.com\/#\/schema\/logo\/image\/"}}]}},"_links":{"self":[{"href":"https:\/\/www.prestigioytradicion.com\/en\/wp-json\/wp\/v2\/pages\/4292"}],"collection":[{"href":"https:\/\/www.prestigioytradicion.com\/en\/wp-json\/wp\/v2\/pages"}],"about":[{"href":"https:\/\/www.prestigioytradicion.com\/en\/wp-json\/wp\/v2\/types\/page"}],"author":[{"embeddable":true,"href":"https:\/\/www.prestigioytradicion.com\/en\/wp-json\/wp\/v2\/users\/1"}],"replies":[{"embeddable":true,"href":"https:\/\/www.prestigioytradicion.com\/en\/wp-json\/wp\/v2\/comments?post=4292"}],"version-history":[{"count":0,"href":"https:\/\/www.prestigioytradicion.com\/en\/wp-json\/wp\/v2\/pages\/4292\/revisions"}],"wp:attachment":[{"href":"https:\/\/www.prestigioytradicion.com\/en\/wp-json\/wp\/v2\/media?parent=4292"}],"curies":[{"name":"wp","href":"https:\/\/api.w.org\/{rel}","templated":true}]}}