{"id":776,"date":"2015-03-09T13:31:48","date_gmt":"2015-03-09T13:31:48","guid":{"rendered":"https:\/\/www.prestigioytradicion.com\/?page_id=776"},"modified":"2020-04-08T18:07:48","modified_gmt":"2020-04-08T18:07:48","slug":"contactar-con-nosotros","status":"publish","type":"page","link":"https:\/\/www.prestigioytradicion.com\/en\/contactar-con-nosotros\/","title":{"rendered":"Contact Us"},"content":{"rendered":"<blockquote><p><span style=\"text-decoration: underline;\"><strong>CONTACT INFORMATION<\/strong><\/span><br \/>\nPhone: <strong>922 16 70 44 \/ 922 70 34 19<\/strong><br \/>\nLas Chafiras &#8211; Tenerife<\/p><\/blockquote>\n<div class=\"wpforms-container wpforms-container-full\" id=\"wpforms-3657\"><form id=\"wpforms-form-3657\" class=\"wpforms-validate wpforms-form\" data-formid=\"3657\" method=\"post\" enctype=\"multipart\/form-data\" action=\"\/en\/wp-json\/wp\/v2\/pages\/776?wpforms_form_id=3657\"><noscript class=\"wpforms-error-noscript\">Please enable JavaScript in your browser to complete this form.<\/noscript><div class=\"wpforms-page-indicator progress\" data-indicator=\"progress\" data-indicator-color=\"#72b239\" data-scroll=\"1\"><span class=\"wpforms-page-indicator-page-title\" ><\/span><span class=\"wpforms-page-indicator-page-title-sep\" style=\"display:none;\"> - <\/span><span class=\"wpforms-page-indicator-steps\">Step <span class=\"wpforms-page-indicator-steps-current\">1<\/span> of 3<\/span><div class=\"wpforms-page-indicator-page-progress-wrap\"><div class=\"wpforms-page-indicator-page-progress\" style=\"width:33.333333333333%;background-color:#72b239;\"><\/div><\/div><\/div><div class=\"wpforms-field-container\"><div class=\"wpforms-page wpforms-page-1 \"><div id=\"wpforms-3657-field_22-container\" class=\"wpforms-field wpforms-field-pagebreak\" data-field-id=\"22\"><\/div><div id=\"wpforms-3657-field_0-container\" class=\"wpforms-field wpforms-field-name\" data-field-id=\"0\"><label class=\"wpforms-field-label\" for=\"wpforms-3657-field_0\">Nombre <span class=\"wpforms-required-label\">*<\/span><\/label><div class=\"wpforms-field-row wpforms-field-medium\"><div class=\"wpforms-field-row-block wpforms-first wpforms-one-half\"><input type=\"text\" id=\"wpforms-3657-field_0\" class=\"wpforms-field-name-first wpforms-field-required\" name=\"wpforms[fields][0][first]\" required><label for=\"wpforms-3657-field_0\" class=\"wpforms-field-sublabel after \">First<\/label><\/div><div class=\"wpforms-field-row-block wpforms-one-half\"><input type=\"text\" id=\"wpforms-3657-field_0-last\" class=\"wpforms-field-name-last wpforms-field-required\" name=\"wpforms[fields][0][last]\" required><label for=\"wpforms-3657-field_0-last\" class=\"wpforms-field-sublabel after \">Last<\/label><\/div><\/div><\/div><div id=\"wpforms-3657-field_4-container\" class=\"wpforms-field wpforms-field-phone\" data-field-id=\"4\"><label class=\"wpforms-field-label\" for=\"wpforms-3657-field_4\">Tel\u00e9fono <span class=\"wpforms-required-label\">*<\/span><\/label><input type=\"tel\" id=\"wpforms-3657-field_4\" class=\"wpforms-field-medium wpforms-field-required wpforms-smart-phone-field\" data-rule-smart-phone-field=\"true\" name=\"wpforms[fields][4]\" required><\/div><div id=\"wpforms-3657-field_1-container\" class=\"wpforms-field wpforms-field-email\" data-field-id=\"1\"><label class=\"wpforms-field-label\" for=\"wpforms-3657-field_1\">Correo electr\u00f3nico <span class=\"wpforms-required-label\">*<\/span><\/label><input type=\"email\" id=\"wpforms-3657-field_1\" class=\"wpforms-field-medium wpforms-field-required\" name=\"wpforms[fields][1]\" required><\/div><div id=\"wpforms-3657-field_12-container\" class=\"wpforms-field wpforms-field-select wpforms-conditional-trigger\" data-field-id=\"12\"><label class=\"wpforms-field-label\" for=\"wpforms-3657-field_12\">\u00bfTienes una cuenta en nuestra p\u00e1gina web? <span class=\"wpforms-required-label\">*<\/span><\/label><select id=\"wpforms-3657-field_12\" class=\"wpforms-field-medium wpforms-field-required\" name=\"wpforms[fields][12]\" required=\"required\"><option value=\"S\u00ed, tengo una cuenta\" >S\u00ed, tengo una cuenta<\/option><option value=\"No, a\u00fan no tengo una cuenta\" >No, a\u00fan no tengo una cuenta<\/option><\/select><\/div><div id=\"wpforms-3657-field_14-container\" class=\"wpforms-field wpforms-field-name wpforms-conditional-field wpforms-conditional-show\" data-field-id=\"14\" style=\"display:none;\"><label class=\"wpforms-field-label\" for=\"wpforms-3657-field_14\">Nombre de usuario <span class=\"wpforms-required-label\">*<\/span><\/label><input type=\"text\" id=\"wpforms-3657-field_14\" class=\"wpforms-field-medium wpforms-field-required\" name=\"wpforms[fields][14]\" required><\/div><div id=\"wpforms-3657-field_6-container\" class=\"wpforms-field wpforms-field-hidden\" data-field-id=\"6\"><input type=\"hidden\" id=\"wpforms-3657-field_6\" name=\"wpforms[fields][6]\"><\/div><div id=\"wpforms-3657-field_21-container\" class=\"wpforms-field wpforms-field-pagebreak\" data-field-id=\"21\"><div class=\"wpforms-clear wpforms-pagebreak-left\"><button class=\"wpforms-page-button wpforms-page-next\" data-action=\"next\" data-page=\"1\" data-formid=\"3657\">Siguiente <\/button><\/div><\/div><\/div><div class=\"wpforms-page wpforms-page-2  \" style=\"display:none;\"><div id=\"wpforms-3657-field_10-container\" class=\"wpforms-field wpforms-field-payment-select wpforms-conditional-trigger\" data-field-id=\"10\"><label class=\"wpforms-field-label\" for=\"wpforms-3657-field_10\">Asunto <span class=\"wpforms-required-label\">*<\/span><\/label><select id=\"wpforms-3657-field_10\" class=\"wpforms-payment-price wpforms-field-medium wpforms-field-required\" name=\"wpforms[fields][10]\" required=\"required\"><option value=\"1\" data-amount=\"0,00\" >Problemas con mi pedido<\/option><option value=\"2\" data-amount=\"0,00\" >Problemas con el pago<\/option><option value=\"3\" data-amount=\"0,00\" >Problemas con mi env\u00edo<\/option><option value=\"5\" data-amount=\"0,00\" >No estaba cuando me trajeron el paquete<\/option><option value=\"6\" data-amount=\"0,00\" >Uno o m\u00e1s productos han llegado deteriorados<\/option><option value=\"7\" data-amount=\"0,00\" >El contenido del paquete es incorrecto<\/option><option value=\"8\" data-amount=\"0,00\" >Devolver un producto con el que no estoy satisfecho<\/option><option value=\"9\" data-amount=\"0,00\" >Cancelar un pedido<\/option><option value=\"10\" data-amount=\"0,00\" >Pedir un presupuesto<\/option><option value=\"12\" data-amount=\"0,00\" >Sugerencias<\/option><option value=\"11\" data-amount=\"0,00\" >Otras consultas<\/option><\/select><\/div><div id=\"wpforms-3657-field_20-container\" class=\"wpforms-field wpforms-field-payment-checkbox wpforms-conditional-field wpforms-conditional-show\" data-field-id=\"20\" style=\"display:none;\"><label class=\"wpforms-field-label\" for=\"wpforms-3657-field_20\">No aceptamos cambios ni devoluciones de productos perecederos en buen estado <span class=\"wpforms-required-label\">*<\/span><\/label><ul id=\"wpforms-3657-field_20\" class=\"wpforms-field-required\"><li class=\"choice-1\"><input type=\"checkbox\" id=\"wpforms-3657-field_20_1\" class=\"wpforms-payment-price\" data-amount=\"0,00\" name=\"wpforms[fields][20][]\" value=\"1\" required ><label class=\"wpforms-field-label-inline\" for=\"wpforms-3657-field_20_1\">Los productos que deseo devolver o cancelar <strong>no son<\/strong> perecederos.<\/label><\/li><\/ul><\/div><div id=\"wpforms-3657-field_25-container\" class=\"wpforms-field wpforms-field-date-time wpforms-conditional-field wpforms-conditional-show\" data-field-id=\"25\" style=\"display:none;\"><label class=\"wpforms-field-label\" for=\"wpforms-3657-field_25\">Fecha \/ Hora del pedido <span class=\"wpforms-required-label\">*<\/span><\/label><input type=\"text\" id=\"wpforms-3657-field_25\" class=\"wpforms-field-date-time-date wpforms-datepicker wpforms-field-required wpforms-field-medium\" data-date-format=\"d\/m\/Y\" name=\"wpforms[fields][25][date]\" required><div class=\"wpforms-field-description\">Introduce la fecha en la que realizaste tu pedido.<\/div><\/div><div id=\"wpforms-3657-field_8-container\" class=\"wpforms-field wpforms-field-number wpforms-conditional-field wpforms-conditional-show\" data-field-id=\"8\" style=\"display:none;\"><label class=\"wpforms-field-label\" for=\"wpforms-3657-field_8\">N\u00famero de pedido <span class=\"wpforms-required-label\">*<\/span><\/label><input type=\"number\" pattern=\"\\d*\" id=\"wpforms-3657-field_8\" class=\"wpforms-field-medium wpforms-field-required\" name=\"wpforms[fields][8]\" required><div class=\"wpforms-field-description\">Puede encontrar el n\u00famero de pedido en el email que recibi\u00f3 al finalizar la compra.<\/div><\/div><div id=\"wpforms-3657-field_28-container\" class=\"wpforms-field wpforms-field-pagebreak\" data-field-id=\"28\"><div class=\"wpforms-clear wpforms-pagebreak-left\"><button class=\"wpforms-page-button wpforms-page-next\" data-action=\"next\" data-page=\"2\" data-formid=\"3657\">Siguiente <\/button><\/div><\/div><\/div><div class=\"wpforms-page wpforms-page-3 last \" style=\"display:none;\"><div id=\"wpforms-3657-field_16-container\" class=\"wpforms-field wpforms-field-date-time wpforms-conditional-field wpforms-conditional-show\" data-field-id=\"16\" style=\"display:none;\"><label class=\"wpforms-field-label\" for=\"wpforms-3657-field_16\">Fecha \/ Hora para realizar de nuevo la entrega <span class=\"wpforms-required-label\">*<\/span><\/label><div class=\"wpforms-field-row wpforms-field-medium\"><div class=\"wpforms-field-row-block wpforms-one-half wpforms-first\"><input type=\"text\" id=\"wpforms-3657-field_16\" class=\"wpforms-field-date-time-date wpforms-datepicker wpforms-field-required\" data-date-format=\"m\/d\/Y\" name=\"wpforms[fields][16][date]\" required><label for=\"wpforms-3657-field_16\" class=\"wpforms-field-sublabel after \">Date<\/label><\/div><div class=\"wpforms-field-row-block wpforms-one-half\"><input type=\"text\" id=\"wpforms-3657-field_16-time\" class=\"wpforms-field-date-time-time wpforms-timepicker wpforms-field-required\" data-rule-time12h=\"true\" data-time-format=\"g:i A\" data-step=\"30\" name=\"wpforms[fields][16][time]\" required><label for=\"wpforms-3657-field_16-time\" class=\"wpforms-field-sublabel after \">Time<\/label><\/div><\/div><div class=\"wpforms-field-description\"><strong>NOTA:<\/strong> Generalmente se intentar\u00e1 entregar tu paquete <strong>al d\u00eda siguiente por la ma\u00f1ana<\/strong>, no obstante, comunicaremos tus preferencias al repartidor, pero no podemos garantizar la hora de entrega. <strong>Nos pondremos en contacto con usted para confirmarle la fecha y hora de entrega definitivas<\/strong><br\/><br\/>\r\nPor favor, aseg\u00farate de estar disponible 1h antes y despu\u00e9s de la hora que has indicado ya que por diversas razones ajenas a nosotros (como el tr\u00e1fico) pueden hacer que la hora de entrega de tu pedido var\u00ede. <\/div><\/div><div id=\"wpforms-3657-field_2-container\" class=\"wpforms-field wpforms-field-textarea wpforms-conditional-field wpforms-conditional-show wpforms-conditional-trigger\" data-field-id=\"2\" style=\"display:none;\"><label class=\"wpforms-field-label\" for=\"wpforms-3657-field_2\">Comentario o mensaje <span class=\"wpforms-required-label\">*<\/span><\/label><textarea id=\"wpforms-3657-field_2\" class=\"wpforms-field-medium wpforms-field-required\" name=\"wpforms[fields][2]\" required><\/textarea><div class=\"wpforms-field-description\">Describa detalladamente el motivo de su consulta.<\/div><\/div><div id=\"wpforms-3657-field_5-container\" class=\"wpforms-field wpforms-field-file-upload wpforms-conditional-field wpforms-conditional-show\" data-field-id=\"5\" style=\"display:none;\"><label class=\"wpforms-field-label\" for=\"wpforms-3657-field_5\">(Opcional) Subida de fotos y\/o archivos<\/label><div class=\"wpforms-uploader\"\n\tdata-field-id=\"5\"\n\tdata-form-id=\"3657\"\n\tdata-input-name=\"wpforms_3657_5\"\n\tdata-extensions=\"jpg,png,jpge,pdf,doc,docx,excl\"\n\tdata-max-size=\"134217728\"\n\tdata-max-file-number=\"3\"\n\tdata-post-max-size=\"134217728\">\n\t<div class=\"dz-message\">\n\t\t<svg viewBox=\"0 0 1024 1024\" focusable=\"false\" class=\"\" data-icon=\"inbox\" width=\"50px\" height=\"50px\" fill=\"#B1B1B1\" aria-hidden=\"true\"><path d=\"M885.2 446.3l-.2-.8-112.2-285.1c-5-16.1-19.9-27.2-36.8-27.2H281.2c-17 0-32.1 11.3-36.9 27.6L139.4 443l-.3.7-.2.8c-1.3 4.9-1.7 9.9-1 14.8-.1 1.6-.2 3.2-.2 4.8V830a60.9 60.9 0 0 0 60.8 60.8h627.2c33.5 0 60.8-27.3 60.9-60.8V464.1c0-1.3 0-2.6-.1-3.7.4-4.9 0-9.6-1.3-14.1zm-295.8-43l-.3 15.7c-.8 44.9-31.8 75.1-77.1 75.1-22.1 0-41.1-7.1-54.8-20.6S436 441.2 435.6 419l-.3-15.7H229.5L309 210h399.2l81.7 193.3H589.4zm-375 76.8h157.3c24.3 57.1 76 90.8 140.4 90.8 33.7 0 65-9.4 90.3-27.2 22.2-15.6 39.5-37.4 50.7-63.6h156.5V814H214.4V480.1z\"><\/path><\/svg>\n\t\t<span class=\"modern-title\">\n\t\t\tClick or drag files to this area to upload.\t\t<\/span>\n\n\t\t\t\t\t<span class=\"modern-hint\">\n\t\t\t\tYou can upload up to 3 files.\t\t\t<\/span>\n\t\t\t<\/div>\n<\/div>\n<input type=\"text\" class=\"dropzone-input\"\n\tstyle=\"position:absolute!important;clip:rect(0,0,0,0)!important;height:1px!important;width:1px!important;border:0!important;overflow:hidden!important;padding:0!important;margin:0!important;\"\n\tid=\"wpforms-3657-field_5\"\n\tname=\"wpforms_3657_5\" >\n<div class=\"wpforms-field-description\">Suba fotos o archivos que puedan apoyar su consulta<\/div><\/div><div id=\"wpforms-3657-field_24-container\" class=\"wpforms-field wpforms-field-divider\" data-field-id=\"24\"><\/div><div id=\"wpforms-3657-field_3-container\" class=\"wpforms-field wpforms-field-gdpr-checkbox\" data-field-id=\"3\"><label class=\"wpforms-field-label\" for=\"wpforms-3657-field_3\">Acuerdo RGPD  <span class=\"wpforms-required-label\">*<\/span><\/label><ul id=\"wpforms-3657-field_3\" class=\"wpforms-field-required\"><li class=\"choice-1\"><input type=\"checkbox\" id=\"wpforms-3657-field_3_1\" name=\"wpforms[fields][3][]\" value=\"Doy mi consentimiento para que esta web almacene la informaci\u00f3n que env\u00edo para que puedan responder a mi petici\u00f3n. \" required ><label class=\"wpforms-field-label-inline\" for=\"wpforms-3657-field_3_1\">Doy mi consentimiento para que esta web almacene la informaci\u00f3n que env\u00edo para que puedan responder a mi petici\u00f3n. <\/label><\/li><\/ul><\/div><div id=\"wpforms-3657-field_27-container\" class=\"wpforms-field wpforms-field-payment-checkbox\" data-field-id=\"27\"><label class=\"wpforms-field-label\" for=\"wpforms-3657-field_27\">Descuentos y promociones<\/label><ul id=\"wpforms-3657-field_27\"><li class=\"choice-1\"><input type=\"checkbox\" id=\"wpforms-3657-field_27_1\" class=\"wpforms-payment-price\" data-amount=\"0,00\" name=\"wpforms[fields][27][]\" value=\"1\"  ><label class=\"wpforms-field-label-inline\" for=\"wpforms-3657-field_27_1\">Deseo recibir cupones, descuentos, promociones, ofertas, actualizaciones de productos y material promocional, a trav\u00e9s de los datos que he facilitado.<\/label><\/li><\/ul><\/div><div id=\"wpforms-3657-field_7-container\" class=\"wpforms-field wpforms-field-hidden\" data-field-id=\"7\"><input type=\"hidden\" id=\"wpforms-3657-field_7\" name=\"wpforms[fields][7]\" value=\"09\/04\/2026\"><\/div><div id=\"wpforms-3657-field_23-container\" class=\"wpforms-field wpforms-field-pagebreak\" data-field-id=\"23\"><div class=\"wpforms-clear wpforms-pagebreak-left\"><button class=\"wpforms-page-button wpforms-page-prev\" data-action=\"prev\" data-page=\"3\" data-formid=\"3657\">Anterior<\/button><\/div><\/div><\/div><\/div><div class=\"wpforms-field wpforms-field-hp\"><label for=\"wpforms-3657-field-hp\" class=\"wpforms-field-label\">Email<\/label><input type=\"text\" name=\"wpforms[hp]\" id=\"wpforms-3657-field-hp\" class=\"wpforms-field-medium\"><\/div><div class=\"wpforms-submit-container\" style=\"display:none;\"><input type=\"hidden\" name=\"wpforms[id]\" value=\"3657\"><input type=\"hidden\" name=\"wpforms[author]\" value=\"1\"><button type=\"submit\" name=\"wpforms[submit]\" class=\"wpforms-submit \" id=\"wpforms-submit-3657\" value=\"wpforms-submit\" aria-live=\"assertive\" data-alt-text=\"Enviando...\" data-submit-text=\"Enviar\">Enviar<\/button><\/div><\/form><\/div>  <!-- .wpforms-container --><div><\/div>\n","protected":false},"excerpt":{"rendered":"<p>CONTACT INFORMATION Phone: 922 16 70 44 \/ 922 70 34 19 Las Chafiras &#8211; Tenerife<\/p>\n","protected":false},"author":1,"featured_media":0,"parent":0,"menu_order":0,"comment_status":"closed","ping_status":"closed","template":"","meta":{"footnotes":""},"yoast_head":"<!-- This site is optimized with the Yoast SEO Premium plugin v21.9 (Yoast SEO v21.9.1) - https:\/\/yoast.com\/wordpress\/plugins\/seo\/ -->\n<title>Contact Us - Prestigio &amp; Tradici&oacute;n<\/title>\n<meta name=\"robots\" content=\"index, follow, max-snippet:-1, max-image-preview:large, max-video-preview:-1\" \/>\n<link rel=\"canonical\" href=\"https:\/\/www.prestigioytradicion.com\/en\/contactar-con-nosotros\/\" \/>\n<meta property=\"og:locale\" content=\"en_US\" \/>\n<meta property=\"og:type\" content=\"article\" \/>\n<meta property=\"og:title\" content=\"Contact Us\" \/>\n<meta property=\"og:description\" content=\"CONTACT INFORMATION Phone: 922 16 70 44 \/ 922 70 34 19 Las Chafiras &#8211; Tenerife\" \/>\n<meta property=\"og:url\" content=\"https:\/\/www.prestigioytradicion.com\/en\/contactar-con-nosotros\/\" \/>\n<meta property=\"og:site_name\" content=\"Prestigio &amp; Tradici&oacute;n\" \/>\n<meta property=\"article:modified_time\" content=\"2020-04-08T18:07:48+00:00\" \/>\n<meta name=\"twitter:card\" content=\"summary_large_image\" \/>\n<script type=\"application\/ld+json\" class=\"yoast-schema-graph\">{\"@context\":\"https:\/\/schema.org\",\"@graph\":[{\"@type\":\"WebPage\",\"@id\":\"https:\/\/www.prestigioytradicion.com\/en\/contactar-con-nosotros\/\",\"url\":\"https:\/\/www.prestigioytradicion.com\/en\/contactar-con-nosotros\/\",\"name\":\"Contact Us - Prestigio &amp; Tradici&oacute;n\",\"isPartOf\":{\"@id\":\"https:\/\/www.prestigioytradicion.com\/#website\"},\"datePublished\":\"2015-03-09T13:31:48+00:00\",\"dateModified\":\"2020-04-08T18:07:48+00:00\",\"breadcrumb\":{\"@id\":\"https:\/\/www.prestigioytradicion.com\/en\/contactar-con-nosotros\/#breadcrumb\"},\"inLanguage\":\"en-US\",\"potentialAction\":[{\"@type\":\"ReadAction\",\"target\":[\"https:\/\/www.prestigioytradicion.com\/en\/contactar-con-nosotros\/\"]}]},{\"@type\":\"BreadcrumbList\",\"@id\":\"https:\/\/www.prestigioytradicion.com\/en\/contactar-con-nosotros\/#breadcrumb\",\"itemListElement\":[{\"@type\":\"ListItem\",\"position\":1,\"name\":\"Home\",\"item\":\"https:\/\/www.prestigioytradicion.com\/\"},{\"@type\":\"ListItem\",\"position\":2,\"name\":\"Contact Us\"}]},{\"@type\":\"WebSite\",\"@id\":\"https:\/\/www.prestigioytradicion.com\/#website\",\"url\":\"https:\/\/www.prestigioytradicion.com\/\",\"name\":\"Prestigio &amp; Tradici&oacute;n\",\"description\":\"Un extraordinario mundo gourmet de alta calidad para todos\",\"publisher\":{\"@id\":\"https:\/\/www.prestigioytradicion.com\/#organization\"},\"potentialAction\":[{\"@type\":\"SearchAction\",\"target\":{\"@type\":\"EntryPoint\",\"urlTemplate\":\"https:\/\/www.prestigioytradicion.com\/?s={search_term_string}\"},\"query-input\":\"required name=search_term_string\"}],\"inLanguage\":\"en-US\"},{\"@type\":\"Organization\",\"@id\":\"https:\/\/www.prestigioytradicion.com\/#organization\",\"name\":\"Prestigio & Tradici\u00f3n\",\"url\":\"https:\/\/www.prestigioytradicion.com\/\",\"logo\":{\"@type\":\"ImageObject\",\"inLanguage\":\"en-US\",\"@id\":\"https:\/\/www.prestigioytradicion.com\/#\/schema\/logo\/image\/\",\"url\":\"https:\/\/www.prestigioytradicion.com\/wp-content\/uploads\/LOGO-PyT-Facturas-WEB-150x150-SIN-FONDO.png\",\"contentUrl\":\"https:\/\/www.prestigioytradicion.com\/wp-content\/uploads\/LOGO-PyT-Facturas-WEB-150x150-SIN-FONDO.png\",\"width\":150,\"height\":150,\"caption\":\"Prestigio & Tradici\u00f3n\"},\"image\":{\"@id\":\"https:\/\/www.prestigioytradicion.com\/#\/schema\/logo\/image\/\"}}]}<\/script>\n<!-- \/ Yoast SEO Premium plugin. -->","yoast_head_json":{"title":"Contact Us - Prestigio &amp; Tradici&oacute;n","robots":{"index":"index","follow":"follow","max-snippet":"max-snippet:-1","max-image-preview":"max-image-preview:large","max-video-preview":"max-video-preview:-1"},"canonical":"https:\/\/www.prestigioytradicion.com\/en\/contactar-con-nosotros\/","og_locale":"en_US","og_type":"article","og_title":"Contact Us","og_description":"CONTACT INFORMATION Phone: 922 16 70 44 \/ 922 70 34 19 Las Chafiras &#8211; Tenerife","og_url":"https:\/\/www.prestigioytradicion.com\/en\/contactar-con-nosotros\/","og_site_name":"Prestigio &amp; Tradici&oacute;n","article_modified_time":"2020-04-08T18:07:48+00:00","twitter_card":"summary_large_image","schema":{"@context":"https:\/\/schema.org","@graph":[{"@type":"WebPage","@id":"https:\/\/www.prestigioytradicion.com\/en\/contactar-con-nosotros\/","url":"https:\/\/www.prestigioytradicion.com\/en\/contactar-con-nosotros\/","name":"Contact Us - Prestigio &amp; Tradici&oacute;n","isPartOf":{"@id":"https:\/\/www.prestigioytradicion.com\/#website"},"datePublished":"2015-03-09T13:31:48+00:00","dateModified":"2020-04-08T18:07:48+00:00","breadcrumb":{"@id":"https:\/\/www.prestigioytradicion.com\/en\/contactar-con-nosotros\/#breadcrumb"},"inLanguage":"en-US","potentialAction":[{"@type":"ReadAction","target":["https:\/\/www.prestigioytradicion.com\/en\/contactar-con-nosotros\/"]}]},{"@type":"BreadcrumbList","@id":"https:\/\/www.prestigioytradicion.com\/en\/contactar-con-nosotros\/#breadcrumb","itemListElement":[{"@type":"ListItem","position":1,"name":"Home","item":"https:\/\/www.prestigioytradicion.com\/"},{"@type":"ListItem","position":2,"name":"Contact Us"}]},{"@type":"WebSite","@id":"https:\/\/www.prestigioytradicion.com\/#website","url":"https:\/\/www.prestigioytradicion.com\/","name":"Prestigio &amp; Tradici&oacute;n","description":"Un extraordinario mundo gourmet de alta calidad para todos","publisher":{"@id":"https:\/\/www.prestigioytradicion.com\/#organization"},"potentialAction":[{"@type":"SearchAction","target":{"@type":"EntryPoint","urlTemplate":"https:\/\/www.prestigioytradicion.com\/?s={search_term_string}"},"query-input":"required name=search_term_string"}],"inLanguage":"en-US"},{"@type":"Organization","@id":"https:\/\/www.prestigioytradicion.com\/#organization","name":"Prestigio & Tradici\u00f3n","url":"https:\/\/www.prestigioytradicion.com\/","logo":{"@type":"ImageObject","inLanguage":"en-US","@id":"https:\/\/www.prestigioytradicion.com\/#\/schema\/logo\/image\/","url":"https:\/\/www.prestigioytradicion.com\/wp-content\/uploads\/LOGO-PyT-Facturas-WEB-150x150-SIN-FONDO.png","contentUrl":"https:\/\/www.prestigioytradicion.com\/wp-content\/uploads\/LOGO-PyT-Facturas-WEB-150x150-SIN-FONDO.png","width":150,"height":150,"caption":"Prestigio & Tradici\u00f3n"},"image":{"@id":"https:\/\/www.prestigioytradicion.com\/#\/schema\/logo\/image\/"}}]}},"_links":{"self":[{"href":"https:\/\/www.prestigioytradicion.com\/en\/wp-json\/wp\/v2\/pages\/776"}],"collection":[{"href":"https:\/\/www.prestigioytradicion.com\/en\/wp-json\/wp\/v2\/pages"}],"about":[{"href":"https:\/\/www.prestigioytradicion.com\/en\/wp-json\/wp\/v2\/types\/page"}],"author":[{"embeddable":true,"href":"https:\/\/www.prestigioytradicion.com\/en\/wp-json\/wp\/v2\/users\/1"}],"replies":[{"embeddable":true,"href":"https:\/\/www.prestigioytradicion.com\/en\/wp-json\/wp\/v2\/comments?post=776"}],"version-history":[{"count":0,"href":"https:\/\/www.prestigioytradicion.com\/en\/wp-json\/wp\/v2\/pages\/776\/revisions"}],"wp:attachment":[{"href":"https:\/\/www.prestigioytradicion.com\/en\/wp-json\/wp\/v2\/media?parent=776"}],"curies":[{"name":"wp","href":"https:\/\/api.w.org\/{rel}","templated":true}]}}