{"id":10163,"date":"2023-12-16T13:59:56","date_gmt":"2023-12-16T12:59:56","guid":{"rendered":"https:\/\/www.prestigioytradicion.com\/?post_type=product&#038;p=10163"},"modified":"2026-01-16T04:16:50","modified_gmt":"2026-01-16T03:16:50","slug":"mermeladas-de-higos-270g","status":"publish","type":"product","link":"https:\/\/www.prestigioytradicion.com\/en\/product\/mermeladas-de-higos-270g\/","title":{"rendered":"Mermeladas de Higos 270g"},"content":{"rendered":"","protected":false},"excerpt":{"rendered":"<p class=\"qtranxs-available-languages-message qtranxs-available-languages-message-en\">Sorry, this entry is only available in <a href=\"https:\/\/www.prestigioytradicion.com\/es\/wp-json\/wp\/v2\/product\/10163\" class=\"qtranxs-available-language-link qtranxs-available-language-link-es\" title=\"Espa\u00f1ol\">European Spanish<\/a>.<\/p>\n","protected":false},"featured_media":10160,"comment_status":"closed","ping_status":"closed","template":"","meta":[],"product_cat":[987,72,75,993],"product_tag":[886,989],"bundled_by":[],"bundle_stock_status":"instock","bundle_stock_quantity":null,"bundle_virtual":false,"bundle_layout":"","bundle_add_to_cart_form_location":"","bundle_editable_in_cart":false,"bundle_sold_individually_context":"","bundle_item_grouping":"","bundle_min_size":"","bundle_max_size":"","bundle_price":[],"bundled_items":[],"bundle_sell_ids":[],"yoast_head":"<!-- This site is optimized with the Yoast SEO Premium plugin v21.9 (Yoast SEO v21.9.1) - https:\/\/yoast.com\/wordpress\/plugins\/seo\/ -->\n<title>Mermeladas de Higos 270g  - Prestigio &amp; Tradici&oacute;n<\/title>\n<meta name=\"robots\" content=\"index, follow, max-snippet:-1, max-image-preview:large, max-video-preview:-1\" \/>\n<link rel=\"canonical\" href=\"https:\/\/www.prestigioytradicion.com\/product\/mermeladas-de-higos-270g\/\" \/>\n<meta property=\"og:locale\" content=\"en_US\" \/>\n<meta property=\"og:type\" content=\"article\" \/>\n<meta property=\"og:title\" content=\"[:es]Mermeladas de Higos 270g[:en]Mermeladas de Higos 270g [:]\" \/>\n<meta property=\"og:description\" content=\"[:es]Origen TENERIFE  Peso: 270g  PRESENTACI\u00d3N:  Los higos son los frutos de la higuera o Ficus carica, que es parte de la familia de las mor\u00e1ceas. Los higos tienen un sabor dulce y \u00fanico, una textura suave y gomosa, y est\u00e1n llenos de semillas crujientes y comestibles. Los higos son una buena fuente de az\u00facares naturales, minerales y fibra soluble. Entre los minerales est\u00e1n potasio, calcio, magnesio, hierro y cobre.  Adem\u00e1s, provee las vitaminas antioxidantes A, E y K, que contribuyen a la salud y el bienestar. Se recomienda comer higos para tonificar los intestinos, as\u00ed como para que act\u00faen como laxantes naturales, pues tienen un alto contenido de fibra.  Consejos de uso  Untado en tostadas, Rellenos para\u00a0 tartas y pasteles, Quesos y Pat\u00e9s[:]\" \/>\n<meta property=\"og:url\" content=\"https:\/\/www.prestigioytradicion.com\/product\/mermeladas-de-higos-270g\/\" \/>\n<meta property=\"og:site_name\" content=\"Prestigio &amp; Tradici&oacute;n\" \/>\n<meta property=\"article:modified_time\" content=\"2026-01-16T03:16:50+00:00\" \/>\n<meta property=\"og:image\" content=\"https:\/\/www.prestigioytradicion.com\/wp-content\/uploads\/higos-de-fasnia-bote-100g-1.jpeg\" \/>\n\t<meta property=\"og:image:width\" content=\"460\" \/>\n\t<meta property=\"og:image:height\" content=\"300\" \/>\n\t<meta property=\"og:image:type\" content=\"image\/jpeg\" \/>\n<meta name=\"twitter:card\" content=\"summary_large_image\" \/>\n<script type=\"application\/ld+json\" class=\"yoast-schema-graph\">{\"@context\":\"https:\/\/schema.org\",\"@graph\":[{\"@type\":\"WebPage\",\"@id\":\"https:\/\/www.prestigioytradicion.com\/product\/mermeladas-de-higos-270g\/\",\"url\":\"https:\/\/www.prestigioytradicion.com\/product\/mermeladas-de-higos-270g\/\",\"name\":\"[:es]Mermeladas de Higos 270g[:en]Mermeladas de Higos 270g [:] - Prestigio &amp; Tradici&oacute;n\",\"isPartOf\":{\"@id\":\"https:\/\/www.prestigioytradicion.com\/#website\"},\"datePublished\":\"2023-12-16T12:59:56+00:00\",\"dateModified\":\"2026-01-16T03:16:50+00:00\",\"breadcrumb\":{\"@id\":\"https:\/\/www.prestigioytradicion.com\/product\/mermeladas-de-higos-270g\/#breadcrumb\"},\"inLanguage\":\"en-US\",\"potentialAction\":[{\"@type\":\"ReadAction\",\"target\":[\"https:\/\/www.prestigioytradicion.com\/product\/mermeladas-de-higos-270g\/\"]}]},{\"@type\":\"BreadcrumbList\",\"@id\":\"https:\/\/www.prestigioytradicion.com\/product\/mermeladas-de-higos-270g\/#breadcrumb\",\"itemListElement\":[{\"@type\":\"ListItem\",\"position\":1,\"name\":\"Home\",\"item\":\"https:\/\/www.prestigioytradicion.com\/\"},{\"@type\":\"ListItem\",\"position\":2,\"name\":\"Tienda\",\"item\":\"https:\/\/www.prestigioytradicion.com\/shop\/\"},{\"@type\":\"ListItem\",\"position\":3,\"name\":\"Mermeladas de Higos 270g\"}]},{\"@type\":\"WebSite\",\"@id\":\"https:\/\/www.prestigioytradicion.com\/#website\",\"url\":\"https:\/\/www.prestigioytradicion.com\/\",\"name\":\"Prestigio &amp; Tradici&oacute;n\",\"description\":\"Un extraordinario mundo gourmet de alta calidad para todos\",\"publisher\":{\"@id\":\"https:\/\/www.prestigioytradicion.com\/#organization\"},\"potentialAction\":[{\"@type\":\"SearchAction\",\"target\":{\"@type\":\"EntryPoint\",\"urlTemplate\":\"https:\/\/www.prestigioytradicion.com\/?s={search_term_string}\"},\"query-input\":\"required name=search_term_string\"}],\"inLanguage\":\"en-US\"},{\"@type\":\"Organization\",\"@id\":\"https:\/\/www.prestigioytradicion.com\/#organization\",\"name\":\"Prestigio & Tradici\u00f3n\",\"url\":\"https:\/\/www.prestigioytradicion.com\/\",\"logo\":{\"@type\":\"ImageObject\",\"inLanguage\":\"en-US\",\"@id\":\"https:\/\/www.prestigioytradicion.com\/#\/schema\/logo\/image\/\",\"url\":\"https:\/\/www.prestigioytradicion.com\/wp-content\/uploads\/LOGO-PyT-Facturas-WEB-150x150-SIN-FONDO.png\",\"contentUrl\":\"https:\/\/www.prestigioytradicion.com\/wp-content\/uploads\/LOGO-PyT-Facturas-WEB-150x150-SIN-FONDO.png\",\"width\":150,\"height\":150,\"caption\":\"Prestigio & Tradici\u00f3n\"},\"image\":{\"@id\":\"https:\/\/www.prestigioytradicion.com\/#\/schema\/logo\/image\/\"}}]}<\/script>\n<!-- \/ Yoast SEO Premium plugin. -->","yoast_head_json":{"title":"[:es]Mermeladas de Higos 270g[:en]Mermeladas de Higos 270g [:] - Prestigio &amp; Tradici&oacute;n","robots":{"index":"index","follow":"follow","max-snippet":"max-snippet:-1","max-image-preview":"max-image-preview:large","max-video-preview":"max-video-preview:-1"},"canonical":"https:\/\/www.prestigioytradicion.com\/product\/mermeladas-de-higos-270g\/","og_locale":"en_US","og_type":"article","og_title":"[:es]Mermeladas de Higos 270g[:en]Mermeladas de Higos 270g [:]","og_description":"[:es]Origen TENERIFE  Peso: 270g  PRESENTACI\u00d3N:  Los higos son los frutos de la higuera o Ficus carica, que es parte de la familia de las mor\u00e1ceas. Los higos tienen un sabor dulce y \u00fanico, una textura suave y gomosa, y est\u00e1n llenos de semillas crujientes y comestibles. Los higos son una buena fuente de az\u00facares naturales, minerales y fibra soluble. Entre los minerales est\u00e1n potasio, calcio, magnesio, hierro y cobre.  Adem\u00e1s, provee las vitaminas antioxidantes A, E y K, que contribuyen a la salud y el bienestar. Se recomienda comer higos para tonificar los intestinos, as\u00ed como para que act\u00faen como laxantes naturales, pues tienen un alto contenido de fibra.  Consejos de uso  Untado en tostadas, Rellenos para\u00a0 tartas y pasteles, Quesos y Pat\u00e9s[:]","og_url":"https:\/\/www.prestigioytradicion.com\/product\/mermeladas-de-higos-270g\/","og_site_name":"Prestigio &amp; Tradici&oacute;n","article_modified_time":"2026-01-16T03:16:50+00:00","og_image":[{"width":460,"height":300,"url":"https:\/\/www.prestigioytradicion.com\/wp-content\/uploads\/higos-de-fasnia-bote-100g-1.jpeg","type":"image\/jpeg"}],"twitter_card":"summary_large_image","schema":{"@context":"https:\/\/schema.org","@graph":[{"@type":"WebPage","@id":"https:\/\/www.prestigioytradicion.com\/product\/mermeladas-de-higos-270g\/","url":"https:\/\/www.prestigioytradicion.com\/product\/mermeladas-de-higos-270g\/","name":"[:es]Mermeladas de Higos 270g[:en]Mermeladas de Higos 270g [:] - Prestigio &amp; Tradici&oacute;n","isPartOf":{"@id":"https:\/\/www.prestigioytradicion.com\/#website"},"datePublished":"2023-12-16T12:59:56+00:00","dateModified":"2026-01-16T03:16:50+00:00","breadcrumb":{"@id":"https:\/\/www.prestigioytradicion.com\/product\/mermeladas-de-higos-270g\/#breadcrumb"},"inLanguage":"en-US","potentialAction":[{"@type":"ReadAction","target":["https:\/\/www.prestigioytradicion.com\/product\/mermeladas-de-higos-270g\/"]}]},{"@type":"BreadcrumbList","@id":"https:\/\/www.prestigioytradicion.com\/product\/mermeladas-de-higos-270g\/#breadcrumb","itemListElement":[{"@type":"ListItem","position":1,"name":"Home","item":"https:\/\/www.prestigioytradicion.com\/"},{"@type":"ListItem","position":2,"name":"Tienda","item":"https:\/\/www.prestigioytradicion.com\/shop\/"},{"@type":"ListItem","position":3,"name":"Mermeladas de Higos 270g"}]},{"@type":"WebSite","@id":"https:\/\/www.prestigioytradicion.com\/#website","url":"https:\/\/www.prestigioytradicion.com\/","name":"Prestigio &amp; Tradici&oacute;n","description":"Un extraordinario mundo gourmet de alta calidad para todos","publisher":{"@id":"https:\/\/www.prestigioytradicion.com\/#organization"},"potentialAction":[{"@type":"SearchAction","target":{"@type":"EntryPoint","urlTemplate":"https:\/\/www.prestigioytradicion.com\/?s={search_term_string}"},"query-input":"required name=search_term_string"}],"inLanguage":"en-US"},{"@type":"Organization","@id":"https:\/\/www.prestigioytradicion.com\/#organization","name":"Prestigio & Tradici\u00f3n","url":"https:\/\/www.prestigioytradicion.com\/","logo":{"@type":"ImageObject","inLanguage":"en-US","@id":"https:\/\/www.prestigioytradicion.com\/#\/schema\/logo\/image\/","url":"https:\/\/www.prestigioytradicion.com\/wp-content\/uploads\/LOGO-PyT-Facturas-WEB-150x150-SIN-FONDO.png","contentUrl":"https:\/\/www.prestigioytradicion.com\/wp-content\/uploads\/LOGO-PyT-Facturas-WEB-150x150-SIN-FONDO.png","width":150,"height":150,"caption":"Prestigio & Tradici\u00f3n"},"image":{"@id":"https:\/\/www.prestigioytradicion.com\/#\/schema\/logo\/image\/"}}]}},"_links":{"self":[{"href":"https:\/\/www.prestigioytradicion.com\/en\/wp-json\/wp\/v2\/product\/10163"}],"collection":[{"href":"https:\/\/www.prestigioytradicion.com\/en\/wp-json\/wp\/v2\/product"}],"about":[{"href":"https:\/\/www.prestigioytradicion.com\/en\/wp-json\/wp\/v2\/types\/product"}],"replies":[{"embeddable":true,"href":"https:\/\/www.prestigioytradicion.com\/en\/wp-json\/wp\/v2\/comments?post=10163"}],"version-history":[{"count":1,"href":"https:\/\/www.prestigioytradicion.com\/en\/wp-json\/wp\/v2\/product\/10163\/revisions"}],"predecessor-version":[{"id":10164,"href":"https:\/\/www.prestigioytradicion.com\/en\/wp-json\/wp\/v2\/product\/10163\/revisions\/10164"}],"wp:featuredmedia":[{"embeddable":true,"href":"https:\/\/www.prestigioytradicion.com\/en\/wp-json\/wp\/v2\/media\/10160"}],"wp:attachment":[{"href":"https:\/\/www.prestigioytradicion.com\/en\/wp-json\/wp\/v2\/media?parent=10163"}],"wp:term":[{"taxonomy":"product_cat","embeddable":true,"href":"https:\/\/www.prestigioytradicion.com\/en\/wp-json\/wp\/v2\/product_cat?post=10163"},{"taxonomy":"product_tag","embeddable":true,"href":"https:\/\/www.prestigioytradicion.com\/en\/wp-json\/wp\/v2\/product_tag?post=10163"}],"curies":[{"name":"wp","href":"https:\/\/api.w.org\/{rel}","templated":true}]}}