{"id":1063,"date":"2015-11-30T13:02:12","date_gmt":"2015-11-30T12:02:12","guid":{"rendered":"https:\/\/www.prestigioytradicion.com\/?post_type=product&#038;p=1063"},"modified":"2023-06-27T08:44:36","modified_gmt":"2023-06-27T07:44:36","slug":"los-meleses-queso-cabra-pasta-blanda-500-gr","status":"publish","type":"product","link":"https:\/\/www.prestigioytradicion.com\/en\/product\/los-meleses-queso-cabra-pasta-blanda-500-gr\/","title":{"rendered":"Los Meleses Soft Goat Cheese"},"content":{"rendered":"","protected":false},"excerpt":{"rendered":"<p><strong>Origin:<\/strong> Huesca<\/p>\n<p><strong>Net Weight:<\/strong> 400g<\/p>\n<p><strong>Variety:<\/strong> Goat cheese soft paste with white mold.<\/p>\n<p><strong>Ingredients:<\/strong> Goat&#8217;s <span style=\"text-decoration: underline;\"><em>milk<\/em> <\/span>(pasteurized).<\/p>\n<p><strong>Contains<\/strong> <span style=\"text-decoration: underline;\"><em>milk.<\/em><\/span><\/p>\n<p><strong>Features:<\/strong> Goat milk with white mold.<\/p>\n<p><strong>Description:<\/strong><\/p>\n<p>Los Meleses is a soft paste goat cheese with white mold, it is made with pasteurized goat milk, the rennet used is of animal origin and lacks any type of preservatives, thus obtaining a fully natural product, containing 43% fat. It is a creamy cheese with intense flavors and velvety aromas, this makes it very pleasant on the palate. Its bark is edible and the mold that surrounds it is highly digestive. As the cheese matures, its texture changes, which becomes more and more creamy (from the outside to the inside), increasing its initial flavor and in turn making it more intense both on the palate and on the nose.<\/p>\n<p><strong>Recommendation:<\/strong> For salads, cheese boards, baked in the oven, grilled or in any type of bread or toast.<\/p>\n","protected":false},"featured_media":1064,"comment_status":"closed","ping_status":"closed","template":"","meta":[],"product_cat":[83],"product_tag":[379,378,377,380],"bundled_by":[],"bundle_stock_status":"outofstock","bundle_stock_quantity":null,"bundle_virtual":false,"bundle_layout":"","bundle_add_to_cart_form_location":"","bundle_editable_in_cart":false,"bundle_sold_individually_context":"","bundle_item_grouping":"","bundle_min_size":"","bundle_max_size":"","bundle_price":[],"bundled_items":[],"bundle_sell_ids":[],"yoast_head":"<!-- This site is optimized with the Yoast SEO Premium plugin v21.9 (Yoast SEO v21.9.1) - https:\/\/yoast.com\/wordpress\/plugins\/seo\/ -->\n<title>Los Meleses Soft Goat Cheese - Prestigio &amp; Tradici&oacute;n<\/title>\n<meta name=\"robots\" content=\"index, follow, max-snippet:-1, max-image-preview:large, max-video-preview:-1\" \/>\n<link rel=\"canonical\" href=\"https:\/\/www.prestigioytradicion.com\/product\/los-meleses-queso-cabra-pasta-blanda-500-gr\/\" \/>\n<meta property=\"og:locale\" content=\"en_US\" \/>\n<meta property=\"og:type\" content=\"article\" \/>\n<meta property=\"og:title\" content=\"[:es]Queso Cabra Pasta Blanda Los Meleses[:en]Los Meleses Soft Goat Cheese[:fr]Los Meleses - fromage de ch\u00e8vre Pasta Blanda 500 gr.[:]\" \/>\n<meta property=\"og:description\" content=\"[:es]Origen: Huesca  Peso Neto: 400g  Variedad: Queso de cabra pasta blanda con moho blanco.  Ingredientes: Leche de cabra (pasteurizado).  Contiene Leche.  Caracter\u00edsticas: Leche de cabra con moho blanco.  Descripci\u00f3n:  Los Meleses es un queso de cabra de pasta blanda con moho blanco, se elabora con leche pasteurizada de cabra, el cuajo utilizado es de origen animal y carece de cualquier tipo de conservantes obteniendo as\u00ed un producto plenamente natural, conteniendo un 43% de materia grasa. Es un queso cremoso con sabores intensos y aromas aterciopelados, esto lo hace muy agradable al paladar. Su corteza es comestible y el moho que lo rodea es muy digestivo. A medida que el queso va madurando va cambiando su textura, que se vuelve cada vez mas cremosa (del exterior al interior) aumentando su sabor inicial y a su vez haci\u00e9ndolo m\u00e1s intenso tanto en paladar como en nariz.  Recomendaci\u00f3n: Para ensaladas, tablas de queso, empanado al horno, a la plancha o en cualquier tipo de pan o tostada.[:en]Origin: Huesca  Net Weight: 400g  Variety: Goat cheese soft paste with white mold.  Ingredients: Goat&#039;s milk (pasteurized).  Contains milk.  Features: Goat milk with white mold.  Description:  Los Meleses is a soft paste goat cheese with white mold, it is made with pasteurized goat milk, the rennet used is of animal origin and lacks any type of preservatives, thus obtaining a fully natural product, containing 43% fat. It is a creamy cheese with intense flavors and velvety aromas, this makes it very pleasant on the palate. Its bark is edible and the mold that surrounds it is highly digestive. As the cheese matures, its texture changes, which becomes more and more creamy (from the outside to the inside), increasing its initial flavor and in turn making it more intense both on the palate and on the nose.  Recommendation: For salads, cheese boards, baked in the oven, grilled or in any type of bread or toast.[:fr]Origine: Huesca  500 gr.  Los Meleses  Il est un fromage de ch\u00e8vre est un fromage \u00e0 p\u00e2te molle \u00e0 cro\u00fbte blanche, est fait avec du lait de ch\u00e8vre pasteuris\u00e9, pr\u00e9sure utilis\u00e9e est d&#039;origine animale et manque de tout type de conservateurs obtenant ainsi un produit enti\u00e8rement naturel contenant 43% de mati\u00e8res grasses.  \u00c9laboration  Il subit un processus de maturation moins 30 jours \u00e0 huis clos et sa consommation est recommand\u00e9e dans les 90 jours.  Notes de d\u00e9gustation  Il est un fromage \u00e0 la cr\u00e8me avec des saveurs intenses et des ar\u00f4mes velout\u00e9s, rendre tr\u00e8s agr\u00e9able au go\u00fbt. Son \u00e9corce est comestible et moule autour d&#039;elle est tr\u00e8s digeste. Comme le fromage m\u00fbrit il change sa texture, qui devient de plus en plus cr\u00e9meuse (de l&#039;ext\u00e9rieur vers l&#039;int\u00e9rieur) en augmentant la saveur et \u00e0 son tour, ce qui rend plus intense \u00e0 la fois le palais et le nez. La consommation est recommand\u00e9e avant 4 mois.  Formats de fromage  Il est fabriqu\u00e9 dans un format rond de 500 gr. environ.  Analyse nutritionnelle (100 g): \u2022 \u00c9nergie: 340 Kcal. \u2022 Prot\u00e9ines: 18,44 g. (Nx6,38) \u2022 Lipides: 28,33% \u2022 Glucides: 1,86% \u2022 Calcium: 533 mg \/ kg  R\u00e9compenses \u2022 Prix Vivanco Gonz\u00e1lez 2010 \u2022 M\u00e9daille de bronze \u00e0 la Fira de Sant Ermengol \u00e0 Seu d&#039;Urgell 2014  &nbsp;[:]\" \/>\n<meta property=\"og:url\" content=\"https:\/\/www.prestigioytradicion.com\/product\/los-meleses-queso-cabra-pasta-blanda-500-gr\/\" \/>\n<meta property=\"og:site_name\" content=\"Prestigio &amp; Tradici&oacute;n\" \/>\n<meta property=\"article:modified_time\" content=\"2023-06-27T07:44:36+00:00\" \/>\n<meta property=\"og:image\" content=\"https:\/\/www.prestigioytradicion.com\/wp-content\/uploads\/los-meleses.png\" \/>\n\t<meta property=\"og:image:width\" content=\"372\" \/>\n\t<meta property=\"og:image:height\" content=\"350\" \/>\n\t<meta property=\"og:image:type\" content=\"image\/png\" \/>\n<meta name=\"twitter:card\" content=\"summary_large_image\" \/>\n<script type=\"application\/ld+json\" class=\"yoast-schema-graph\">{\"@context\":\"https:\/\/schema.org\",\"@graph\":[{\"@type\":\"WebPage\",\"@id\":\"https:\/\/www.prestigioytradicion.com\/product\/los-meleses-queso-cabra-pasta-blanda-500-gr\/\",\"url\":\"https:\/\/www.prestigioytradicion.com\/product\/los-meleses-queso-cabra-pasta-blanda-500-gr\/\",\"name\":\"[:es]Queso Cabra Pasta Blanda Los Meleses[:en]Los Meleses Soft Goat Cheese[:fr]Los Meleses - fromage de ch\u00e8vre Pasta Blanda 500 gr.[:] - Prestigio &amp; Tradici&oacute;n\",\"isPartOf\":{\"@id\":\"https:\/\/www.prestigioytradicion.com\/#website\"},\"datePublished\":\"2015-11-30T12:02:12+00:00\",\"dateModified\":\"2023-06-27T07:44:36+00:00\",\"breadcrumb\":{\"@id\":\"https:\/\/www.prestigioytradicion.com\/product\/los-meleses-queso-cabra-pasta-blanda-500-gr\/#breadcrumb\"},\"inLanguage\":\"en-US\",\"potentialAction\":[{\"@type\":\"ReadAction\",\"target\":[\"https:\/\/www.prestigioytradicion.com\/product\/los-meleses-queso-cabra-pasta-blanda-500-gr\/\"]}]},{\"@type\":\"BreadcrumbList\",\"@id\":\"https:\/\/www.prestigioytradicion.com\/product\/los-meleses-queso-cabra-pasta-blanda-500-gr\/#breadcrumb\",\"itemListElement\":[{\"@type\":\"ListItem\",\"position\":1,\"name\":\"Home\",\"item\":\"https:\/\/www.prestigioytradicion.com\/\"},{\"@type\":\"ListItem\",\"position\":2,\"name\":\"Tienda\",\"item\":\"https:\/\/www.prestigioytradicion.com\/shop\/\"},{\"@type\":\"ListItem\",\"position\":3,\"name\":\"Queso Cabra Pasta Blanda Los Meleses\"}]},{\"@type\":\"WebSite\",\"@id\":\"https:\/\/www.prestigioytradicion.com\/#website\",\"url\":\"https:\/\/www.prestigioytradicion.com\/\",\"name\":\"Prestigio &amp; Tradici&oacute;n\",\"description\":\"Un extraordinario mundo gourmet de alta calidad para todos\",\"publisher\":{\"@id\":\"https:\/\/www.prestigioytradicion.com\/#organization\"},\"potentialAction\":[{\"@type\":\"SearchAction\",\"target\":{\"@type\":\"EntryPoint\",\"urlTemplate\":\"https:\/\/www.prestigioytradicion.com\/?s={search_term_string}\"},\"query-input\":\"required name=search_term_string\"}],\"inLanguage\":\"en-US\"},{\"@type\":\"Organization\",\"@id\":\"https:\/\/www.prestigioytradicion.com\/#organization\",\"name\":\"Prestigio & Tradici\u00f3n\",\"url\":\"https:\/\/www.prestigioytradicion.com\/\",\"logo\":{\"@type\":\"ImageObject\",\"inLanguage\":\"en-US\",\"@id\":\"https:\/\/www.prestigioytradicion.com\/#\/schema\/logo\/image\/\",\"url\":\"https:\/\/www.prestigioytradicion.com\/wp-content\/uploads\/LOGO-PyT-Facturas-WEB-150x150-SIN-FONDO.png\",\"contentUrl\":\"https:\/\/www.prestigioytradicion.com\/wp-content\/uploads\/LOGO-PyT-Facturas-WEB-150x150-SIN-FONDO.png\",\"width\":150,\"height\":150,\"caption\":\"Prestigio & Tradici\u00f3n\"},\"image\":{\"@id\":\"https:\/\/www.prestigioytradicion.com\/#\/schema\/logo\/image\/\"}}]}<\/script>\n<!-- \/ Yoast SEO Premium plugin. -->","yoast_head_json":{"title":"[:es]Queso Cabra Pasta Blanda Los Meleses[:en]Los Meleses Soft Goat Cheese[:fr]Los Meleses - fromage de ch\u00e8vre Pasta Blanda 500 gr.[:] - Prestigio &amp; Tradici&oacute;n","robots":{"index":"index","follow":"follow","max-snippet":"max-snippet:-1","max-image-preview":"max-image-preview:large","max-video-preview":"max-video-preview:-1"},"canonical":"https:\/\/www.prestigioytradicion.com\/product\/los-meleses-queso-cabra-pasta-blanda-500-gr\/","og_locale":"en_US","og_type":"article","og_title":"[:es]Queso Cabra Pasta Blanda Los Meleses[:en]Los Meleses Soft Goat Cheese[:fr]Los Meleses - fromage de ch\u00e8vre Pasta Blanda 500 gr.[:]","og_description":"[:es]Origen: Huesca  Peso Neto: 400g  Variedad: Queso de cabra pasta blanda con moho blanco.  Ingredientes: Leche de cabra (pasteurizado).  Contiene Leche.  Caracter\u00edsticas: Leche de cabra con moho blanco.  Descripci\u00f3n:  Los Meleses es un queso de cabra de pasta blanda con moho blanco, se elabora con leche pasteurizada de cabra, el cuajo utilizado es de origen animal y carece de cualquier tipo de conservantes obteniendo as\u00ed un producto plenamente natural, conteniendo un 43% de materia grasa. Es un queso cremoso con sabores intensos y aromas aterciopelados, esto lo hace muy agradable al paladar. Su corteza es comestible y el moho que lo rodea es muy digestivo. A medida que el queso va madurando va cambiando su textura, que se vuelve cada vez mas cremosa (del exterior al interior) aumentando su sabor inicial y a su vez haci\u00e9ndolo m\u00e1s intenso tanto en paladar como en nariz.  Recomendaci\u00f3n: Para ensaladas, tablas de queso, empanado al horno, a la plancha o en cualquier tipo de pan o tostada.[:en]Origin: Huesca  Net Weight: 400g  Variety: Goat cheese soft paste with white mold.  Ingredients: Goat's milk (pasteurized).  Contains milk.  Features: Goat milk with white mold.  Description:  Los Meleses is a soft paste goat cheese with white mold, it is made with pasteurized goat milk, the rennet used is of animal origin and lacks any type of preservatives, thus obtaining a fully natural product, containing 43% fat. It is a creamy cheese with intense flavors and velvety aromas, this makes it very pleasant on the palate. Its bark is edible and the mold that surrounds it is highly digestive. As the cheese matures, its texture changes, which becomes more and more creamy (from the outside to the inside), increasing its initial flavor and in turn making it more intense both on the palate and on the nose.  Recommendation: For salads, cheese boards, baked in the oven, grilled or in any type of bread or toast.[:fr]Origine: Huesca  500 gr.  Los Meleses  Il est un fromage de ch\u00e8vre est un fromage \u00e0 p\u00e2te molle \u00e0 cro\u00fbte blanche, est fait avec du lait de ch\u00e8vre pasteuris\u00e9, pr\u00e9sure utilis\u00e9e est d'origine animale et manque de tout type de conservateurs obtenant ainsi un produit enti\u00e8rement naturel contenant 43% de mati\u00e8res grasses.  \u00c9laboration  Il subit un processus de maturation moins 30 jours \u00e0 huis clos et sa consommation est recommand\u00e9e dans les 90 jours.  Notes de d\u00e9gustation  Il est un fromage \u00e0 la cr\u00e8me avec des saveurs intenses et des ar\u00f4mes velout\u00e9s, rendre tr\u00e8s agr\u00e9able au go\u00fbt. Son \u00e9corce est comestible et moule autour d'elle est tr\u00e8s digeste. Comme le fromage m\u00fbrit il change sa texture, qui devient de plus en plus cr\u00e9meuse (de l'ext\u00e9rieur vers l'int\u00e9rieur) en augmentant la saveur et \u00e0 son tour, ce qui rend plus intense \u00e0 la fois le palais et le nez. La consommation est recommand\u00e9e avant 4 mois.  Formats de fromage  Il est fabriqu\u00e9 dans un format rond de 500 gr. environ.  Analyse nutritionnelle (100 g): \u2022 \u00c9nergie: 340 Kcal. \u2022 Prot\u00e9ines: 18,44 g. (Nx6,38) \u2022 Lipides: 28,33% \u2022 Glucides: 1,86% \u2022 Calcium: 533 mg \/ kg  R\u00e9compenses \u2022 Prix Vivanco Gonz\u00e1lez 2010 \u2022 M\u00e9daille de bronze \u00e0 la Fira de Sant Ermengol \u00e0 Seu d'Urgell 2014  &nbsp;[:]","og_url":"https:\/\/www.prestigioytradicion.com\/product\/los-meleses-queso-cabra-pasta-blanda-500-gr\/","og_site_name":"Prestigio &amp; Tradici&oacute;n","article_modified_time":"2023-06-27T07:44:36+00:00","og_image":[{"width":372,"height":350,"url":"https:\/\/www.prestigioytradicion.com\/wp-content\/uploads\/los-meleses.png","type":"image\/png"}],"twitter_card":"summary_large_image","schema":{"@context":"https:\/\/schema.org","@graph":[{"@type":"WebPage","@id":"https:\/\/www.prestigioytradicion.com\/product\/los-meleses-queso-cabra-pasta-blanda-500-gr\/","url":"https:\/\/www.prestigioytradicion.com\/product\/los-meleses-queso-cabra-pasta-blanda-500-gr\/","name":"[:es]Queso Cabra Pasta Blanda Los Meleses[:en]Los Meleses Soft Goat Cheese[:fr]Los Meleses - fromage de ch\u00e8vre Pasta Blanda 500 gr.[:] - Prestigio &amp; Tradici&oacute;n","isPartOf":{"@id":"https:\/\/www.prestigioytradicion.com\/#website"},"datePublished":"2015-11-30T12:02:12+00:00","dateModified":"2023-06-27T07:44:36+00:00","breadcrumb":{"@id":"https:\/\/www.prestigioytradicion.com\/product\/los-meleses-queso-cabra-pasta-blanda-500-gr\/#breadcrumb"},"inLanguage":"en-US","potentialAction":[{"@type":"ReadAction","target":["https:\/\/www.prestigioytradicion.com\/product\/los-meleses-queso-cabra-pasta-blanda-500-gr\/"]}]},{"@type":"BreadcrumbList","@id":"https:\/\/www.prestigioytradicion.com\/product\/los-meleses-queso-cabra-pasta-blanda-500-gr\/#breadcrumb","itemListElement":[{"@type":"ListItem","position":1,"name":"Home","item":"https:\/\/www.prestigioytradicion.com\/"},{"@type":"ListItem","position":2,"name":"Tienda","item":"https:\/\/www.prestigioytradicion.com\/shop\/"},{"@type":"ListItem","position":3,"name":"Queso Cabra Pasta Blanda Los Meleses"}]},{"@type":"WebSite","@id":"https:\/\/www.prestigioytradicion.com\/#website","url":"https:\/\/www.prestigioytradicion.com\/","name":"Prestigio &amp; Tradici&oacute;n","description":"Un extraordinario mundo gourmet de alta calidad para todos","publisher":{"@id":"https:\/\/www.prestigioytradicion.com\/#organization"},"potentialAction":[{"@type":"SearchAction","target":{"@type":"EntryPoint","urlTemplate":"https:\/\/www.prestigioytradicion.com\/?s={search_term_string}"},"query-input":"required name=search_term_string"}],"inLanguage":"en-US"},{"@type":"Organization","@id":"https:\/\/www.prestigioytradicion.com\/#organization","name":"Prestigio & Tradici\u00f3n","url":"https:\/\/www.prestigioytradicion.com\/","logo":{"@type":"ImageObject","inLanguage":"en-US","@id":"https:\/\/www.prestigioytradicion.com\/#\/schema\/logo\/image\/","url":"https:\/\/www.prestigioytradicion.com\/wp-content\/uploads\/LOGO-PyT-Facturas-WEB-150x150-SIN-FONDO.png","contentUrl":"https:\/\/www.prestigioytradicion.com\/wp-content\/uploads\/LOGO-PyT-Facturas-WEB-150x150-SIN-FONDO.png","width":150,"height":150,"caption":"Prestigio & Tradici\u00f3n"},"image":{"@id":"https:\/\/www.prestigioytradicion.com\/#\/schema\/logo\/image\/"}}]}},"_links":{"self":[{"href":"https:\/\/www.prestigioytradicion.com\/en\/wp-json\/wp\/v2\/product\/1063"}],"collection":[{"href":"https:\/\/www.prestigioytradicion.com\/en\/wp-json\/wp\/v2\/product"}],"about":[{"href":"https:\/\/www.prestigioytradicion.com\/en\/wp-json\/wp\/v2\/types\/product"}],"replies":[{"embeddable":true,"href":"https:\/\/www.prestigioytradicion.com\/en\/wp-json\/wp\/v2\/comments?post=1063"}],"version-history":[{"count":1,"href":"https:\/\/www.prestigioytradicion.com\/en\/wp-json\/wp\/v2\/product\/1063\/revisions"}],"predecessor-version":[{"id":9746,"href":"https:\/\/www.prestigioytradicion.com\/en\/wp-json\/wp\/v2\/product\/1063\/revisions\/9746"}],"wp:featuredmedia":[{"embeddable":true,"href":"https:\/\/www.prestigioytradicion.com\/en\/wp-json\/wp\/v2\/media\/1064"}],"wp:attachment":[{"href":"https:\/\/www.prestigioytradicion.com\/en\/wp-json\/wp\/v2\/media?parent=1063"}],"wp:term":[{"taxonomy":"product_cat","embeddable":true,"href":"https:\/\/www.prestigioytradicion.com\/en\/wp-json\/wp\/v2\/product_cat?post=1063"},{"taxonomy":"product_tag","embeddable":true,"href":"https:\/\/www.prestigioytradicion.com\/en\/wp-json\/wp\/v2\/product_tag?post=1063"}],"curies":[{"name":"wp","href":"https:\/\/api.w.org\/{rel}","templated":true}]}}