{"id":1237,"date":"2015-12-07T10:56:13","date_gmt":"2015-12-07T09:56:13","guid":{"rendered":"https:\/\/www.prestigioytradicion.com\/?post_type=product&#038;p=1237"},"modified":"2023-06-27T08:36:04","modified_gmt":"2023-06-27T07:36:04","slug":"mascaro-licor-de-cirera-50-cl","status":"publish","type":"product","link":"https:\/\/www.prestigioytradicion.com\/en\/product\/mascaro-licor-de-cirera-50-cl\/","title":{"rendered":"MASCAR\u00d3 CHERRY LIQUOR 50 cl."},"content":{"rendered":"<p><strong>Origin<\/strong>: Spain<\/p>\n<p><span style=\"color: #ff6600; font-family: 'Open Sans', Arial, Helvetica, 'Nimbus Sans L'; font-size: large;\">CHERRY LIQUOR<br \/>\nKaresia<\/span><\/p>\n<p>Pale cherry red.<br \/>\nDelicate and fruity scent with the freshness of ripe cherry.<br \/>\nTasty with a certain sweetness and pleasant finish.<\/p>\n<p><strong>SERVICE<\/strong><\/p>\n<p>It can be served both cold and at room temperature.<\/p>\n<p><strong>CONSUMPTION<\/strong><\/p>\n<p>Ideal for desserts and for the preparation of cocktails.<\/p>\n<p><strong>TECHNICAL DATA\u00a0<\/strong><br \/>\nPRODUCT: Cherry Liquor AGEING: No ageing ANALYSIS: <strong>Alcohol degree: 25%<\/strong> Additional sugar: 125 .\/l &#8211; <strong>50cl.<\/strong><\/p>","protected":false},"excerpt":{"rendered":"<p>Origin: Spain CHERRY LIQUOR Karesia Pale cherry red. Delicate and fruity scent with the freshness of ripe cherry. Tasty with a certain sweetness and pleasant finish. SERVICE It can be served both cold and at room temperature. CONSUMPTION Ideal for <a href=\"https:\/\/www.prestigioytradicion.com\/en\/product\/mascaro-licor-de-cirera-50-cl\/\"> Read more&#8230;<\/a><\/p>\n","protected":false},"featured_media":1608,"comment_status":"closed","ping_status":"closed","template":"","meta":[],"product_cat":[629],"product_tag":[650,651,649,648,631],"bundled_by":[],"bundle_stock_status":"instock","bundle_stock_quantity":null,"bundle_virtual":false,"bundle_layout":"","bundle_add_to_cart_form_location":"","bundle_editable_in_cart":false,"bundle_sold_individually_context":"","bundle_item_grouping":"","bundle_min_size":"","bundle_max_size":"","bundle_price":[],"bundled_items":[],"bundle_sell_ids":[],"yoast_head":"<!-- This site is optimized with the Yoast SEO Premium plugin v21.9 (Yoast SEO v21.9.1) - https:\/\/yoast.com\/wordpress\/plugins\/seo\/ -->\n<title>MASCAR\u00d3 CHERRY LIQUOR 50 cl. - Prestigio &amp; Tradici&oacute;n<\/title>\n<meta name=\"robots\" content=\"index, follow, max-snippet:-1, max-image-preview:large, max-video-preview:-1\" \/>\n<link rel=\"canonical\" href=\"https:\/\/www.prestigioytradicion.com\/product\/mascaro-licor-de-cirera-50-cl\/\" \/>\n<meta property=\"og:locale\" content=\"en_US\" \/>\n<meta property=\"og:type\" content=\"article\" \/>\n<meta property=\"og:title\" content=\"[:es]MASCAR\u00d3 LICOR DE CIRERA 50 cl.[:en]MASCAR\u00d3 CHERRY LIQUOR 50 cl.[:fr]MASCAR\u00d3 CHERRY LIQUEUR 50 cl.[:]\" \/>\n<meta property=\"og:description\" content=\"Origin: Spain CHERRY LIQUOR Karesia Pale cherry red. Delicate and fruity scent with the freshness of ripe cherry. Tasty with a certain sweetness and pleasant finish. SERVICE It can be served both cold and at room temperature. CONSUMPTION Ideal for Read more&#8230;\" \/>\n<meta property=\"og:url\" content=\"https:\/\/www.prestigioytradicion.com\/product\/mascaro-licor-de-cirera-50-cl\/\" \/>\n<meta property=\"og:site_name\" content=\"Prestigio &amp; Tradici&oacute;n\" \/>\n<meta property=\"article:modified_time\" content=\"2023-06-27T07:36:04+00:00\" \/>\n<meta property=\"og:image\" content=\"https:\/\/www.prestigioytradicion.com\/wp-content\/uploads\/MascaroCirera.jpg\" \/>\n\t<meta property=\"og:image:width\" content=\"400\" \/>\n\t<meta property=\"og:image:height\" content=\"500\" \/>\n\t<meta property=\"og:image:type\" content=\"image\/jpeg\" \/>\n<meta name=\"twitter:card\" content=\"summary_large_image\" \/>\n<meta name=\"twitter:label1\" content=\"Est. reading time\" \/>\n\t<meta name=\"twitter:data1\" content=\"1 minute\" \/>\n<script type=\"application\/ld+json\" class=\"yoast-schema-graph\">{\"@context\":\"https:\/\/schema.org\",\"@graph\":[{\"@type\":\"WebPage\",\"@id\":\"https:\/\/www.prestigioytradicion.com\/product\/mascaro-licor-de-cirera-50-cl\/\",\"url\":\"https:\/\/www.prestigioytradicion.com\/product\/mascaro-licor-de-cirera-50-cl\/\",\"name\":\"[:es]MASCAR\u00d3 LICOR DE CIRERA 50 cl.[:en]MASCAR\u00d3 CHERRY LIQUOR 50 cl.[:fr]MASCAR\u00d3 CHERRY LIQUEUR 50 cl.[:] - Prestigio &amp; Tradici&oacute;n\",\"isPartOf\":{\"@id\":\"https:\/\/www.prestigioytradicion.com\/#website\"},\"datePublished\":\"2015-12-07T09:56:13+00:00\",\"dateModified\":\"2023-06-27T07:36:04+00:00\",\"breadcrumb\":{\"@id\":\"https:\/\/www.prestigioytradicion.com\/product\/mascaro-licor-de-cirera-50-cl\/#breadcrumb\"},\"inLanguage\":\"en-US\",\"potentialAction\":[{\"@type\":\"ReadAction\",\"target\":[\"https:\/\/www.prestigioytradicion.com\/product\/mascaro-licor-de-cirera-50-cl\/\"]}]},{\"@type\":\"BreadcrumbList\",\"@id\":\"https:\/\/www.prestigioytradicion.com\/product\/mascaro-licor-de-cirera-50-cl\/#breadcrumb\",\"itemListElement\":[{\"@type\":\"ListItem\",\"position\":1,\"name\":\"Home\",\"item\":\"https:\/\/www.prestigioytradicion.com\/\"},{\"@type\":\"ListItem\",\"position\":2,\"name\":\"Tienda\",\"item\":\"https:\/\/www.prestigioytradicion.com\/shop\/\"},{\"@type\":\"ListItem\",\"position\":3,\"name\":\"MASCAR\u00d3 LICOR DE CIRERA 50 cl.\"}]},{\"@type\":\"WebSite\",\"@id\":\"https:\/\/www.prestigioytradicion.com\/#website\",\"url\":\"https:\/\/www.prestigioytradicion.com\/\",\"name\":\"Prestigio &amp; Tradici&oacute;n\",\"description\":\"Un extraordinario mundo gourmet de alta calidad para todos\",\"publisher\":{\"@id\":\"https:\/\/www.prestigioytradicion.com\/#organization\"},\"potentialAction\":[{\"@type\":\"SearchAction\",\"target\":{\"@type\":\"EntryPoint\",\"urlTemplate\":\"https:\/\/www.prestigioytradicion.com\/?s={search_term_string}\"},\"query-input\":\"required name=search_term_string\"}],\"inLanguage\":\"en-US\"},{\"@type\":\"Organization\",\"@id\":\"https:\/\/www.prestigioytradicion.com\/#organization\",\"name\":\"Prestigio & Tradici\u00f3n\",\"url\":\"https:\/\/www.prestigioytradicion.com\/\",\"logo\":{\"@type\":\"ImageObject\",\"inLanguage\":\"en-US\",\"@id\":\"https:\/\/www.prestigioytradicion.com\/#\/schema\/logo\/image\/\",\"url\":\"https:\/\/www.prestigioytradicion.com\/wp-content\/uploads\/LOGO-PyT-Facturas-WEB-150x150-SIN-FONDO.png\",\"contentUrl\":\"https:\/\/www.prestigioytradicion.com\/wp-content\/uploads\/LOGO-PyT-Facturas-WEB-150x150-SIN-FONDO.png\",\"width\":150,\"height\":150,\"caption\":\"Prestigio & Tradici\u00f3n\"},\"image\":{\"@id\":\"https:\/\/www.prestigioytradicion.com\/#\/schema\/logo\/image\/\"}}]}<\/script>\n<!-- \/ Yoast SEO Premium plugin. -->","yoast_head_json":{"title":"[:es]MASCAR\u00d3 LICOR DE CIRERA 50 cl.[:en]MASCAR\u00d3 CHERRY LIQUOR 50 cl.[:fr]MASCAR\u00d3 CHERRY LIQUEUR 50 cl.[:] - Prestigio &amp; Tradici&oacute;n","robots":{"index":"index","follow":"follow","max-snippet":"max-snippet:-1","max-image-preview":"max-image-preview:large","max-video-preview":"max-video-preview:-1"},"canonical":"https:\/\/www.prestigioytradicion.com\/product\/mascaro-licor-de-cirera-50-cl\/","og_locale":"en_US","og_type":"article","og_title":"[:es]MASCAR\u00d3 LICOR DE CIRERA 50 cl.[:en]MASCAR\u00d3 CHERRY LIQUOR 50 cl.[:fr]MASCAR\u00d3 CHERRY LIQUEUR 50 cl.[:]","og_description":"Origin: Spain CHERRY LIQUOR Karesia Pale cherry red. Delicate and fruity scent with the freshness of ripe cherry. Tasty with a certain sweetness and pleasant finish. SERVICE It can be served both cold and at room temperature. CONSUMPTION Ideal for Read more&#8230;","og_url":"https:\/\/www.prestigioytradicion.com\/product\/mascaro-licor-de-cirera-50-cl\/","og_site_name":"Prestigio &amp; Tradici&oacute;n","article_modified_time":"2023-06-27T07:36:04+00:00","og_image":[{"width":400,"height":500,"url":"https:\/\/www.prestigioytradicion.com\/wp-content\/uploads\/MascaroCirera.jpg","type":"image\/jpeg"}],"twitter_card":"summary_large_image","twitter_misc":{"Est. reading time":"1 minute"},"schema":{"@context":"https:\/\/schema.org","@graph":[{"@type":"WebPage","@id":"https:\/\/www.prestigioytradicion.com\/product\/mascaro-licor-de-cirera-50-cl\/","url":"https:\/\/www.prestigioytradicion.com\/product\/mascaro-licor-de-cirera-50-cl\/","name":"[:es]MASCAR\u00d3 LICOR DE CIRERA 50 cl.[:en]MASCAR\u00d3 CHERRY LIQUOR 50 cl.[:fr]MASCAR\u00d3 CHERRY LIQUEUR 50 cl.[:] - Prestigio &amp; Tradici&oacute;n","isPartOf":{"@id":"https:\/\/www.prestigioytradicion.com\/#website"},"datePublished":"2015-12-07T09:56:13+00:00","dateModified":"2023-06-27T07:36:04+00:00","breadcrumb":{"@id":"https:\/\/www.prestigioytradicion.com\/product\/mascaro-licor-de-cirera-50-cl\/#breadcrumb"},"inLanguage":"en-US","potentialAction":[{"@type":"ReadAction","target":["https:\/\/www.prestigioytradicion.com\/product\/mascaro-licor-de-cirera-50-cl\/"]}]},{"@type":"BreadcrumbList","@id":"https:\/\/www.prestigioytradicion.com\/product\/mascaro-licor-de-cirera-50-cl\/#breadcrumb","itemListElement":[{"@type":"ListItem","position":1,"name":"Home","item":"https:\/\/www.prestigioytradicion.com\/"},{"@type":"ListItem","position":2,"name":"Tienda","item":"https:\/\/www.prestigioytradicion.com\/shop\/"},{"@type":"ListItem","position":3,"name":"MASCAR\u00d3 LICOR DE CIRERA 50 cl."}]},{"@type":"WebSite","@id":"https:\/\/www.prestigioytradicion.com\/#website","url":"https:\/\/www.prestigioytradicion.com\/","name":"Prestigio &amp; Tradici&oacute;n","description":"Un extraordinario mundo gourmet de alta calidad para todos","publisher":{"@id":"https:\/\/www.prestigioytradicion.com\/#organization"},"potentialAction":[{"@type":"SearchAction","target":{"@type":"EntryPoint","urlTemplate":"https:\/\/www.prestigioytradicion.com\/?s={search_term_string}"},"query-input":"required name=search_term_string"}],"inLanguage":"en-US"},{"@type":"Organization","@id":"https:\/\/www.prestigioytradicion.com\/#organization","name":"Prestigio & Tradici\u00f3n","url":"https:\/\/www.prestigioytradicion.com\/","logo":{"@type":"ImageObject","inLanguage":"en-US","@id":"https:\/\/www.prestigioytradicion.com\/#\/schema\/logo\/image\/","url":"https:\/\/www.prestigioytradicion.com\/wp-content\/uploads\/LOGO-PyT-Facturas-WEB-150x150-SIN-FONDO.png","contentUrl":"https:\/\/www.prestigioytradicion.com\/wp-content\/uploads\/LOGO-PyT-Facturas-WEB-150x150-SIN-FONDO.png","width":150,"height":150,"caption":"Prestigio & Tradici\u00f3n"},"image":{"@id":"https:\/\/www.prestigioytradicion.com\/#\/schema\/logo\/image\/"}}]}},"_links":{"self":[{"href":"https:\/\/www.prestigioytradicion.com\/en\/wp-json\/wp\/v2\/product\/1237"}],"collection":[{"href":"https:\/\/www.prestigioytradicion.com\/en\/wp-json\/wp\/v2\/product"}],"about":[{"href":"https:\/\/www.prestigioytradicion.com\/en\/wp-json\/wp\/v2\/types\/product"}],"replies":[{"embeddable":true,"href":"https:\/\/www.prestigioytradicion.com\/en\/wp-json\/wp\/v2\/comments?post=1237"}],"version-history":[{"count":1,"href":"https:\/\/www.prestigioytradicion.com\/en\/wp-json\/wp\/v2\/product\/1237\/revisions"}],"predecessor-version":[{"id":9720,"href":"https:\/\/www.prestigioytradicion.com\/en\/wp-json\/wp\/v2\/product\/1237\/revisions\/9720"}],"wp:featuredmedia":[{"embeddable":true,"href":"https:\/\/www.prestigioytradicion.com\/en\/wp-json\/wp\/v2\/media\/1608"}],"wp:attachment":[{"href":"https:\/\/www.prestigioytradicion.com\/en\/wp-json\/wp\/v2\/media?parent=1237"}],"wp:term":[{"taxonomy":"product_cat","embeddable":true,"href":"https:\/\/www.prestigioytradicion.com\/en\/wp-json\/wp\/v2\/product_cat?post=1237"},{"taxonomy":"product_tag","embeddable":true,"href":"https:\/\/www.prestigioytradicion.com\/en\/wp-json\/wp\/v2\/product_tag?post=1237"}],"curies":[{"name":"wp","href":"https:\/\/api.w.org\/{rel}","templated":true}]}}