{"id":1423,"date":"2016-09-14T10:39:02","date_gmt":"2016-09-14T09:39:02","guid":{"rendered":"https:\/\/www.prestigioytradicion.com\/?post_type=product&#038;p=1423"},"modified":"2025-11-19T17:04:05","modified_gmt":"2025-11-19T16:04:05","slug":"terrai-ovg-14","status":"publish","type":"product","link":"https:\/\/www.prestigioytradicion.com\/en\/product\/terrai-ovg-14\/","title":{"rendered":"Terrai OVG"},"content":{"rendered":"<p><strong>D.O:<\/strong> <em>Cari\u00f1ena<\/em><\/p>\n<p><strong>Harvest:\u00a0<\/strong>2015<\/p>\n<p><strong>Aging:\u00a0<\/strong><span id=\"result_box\" class=\"short_text\" lang=\"en\">In barrels of French and American oak <span class=\"\">for 3 months<\/span><\/span><\/p>\n<p><strong>Variety:\u00a0<\/strong>100% Garnacha de vi\u00f1as viejas<\/p>\n<p><strong>Tasting Notes:<\/strong><br \/>\n<em><strong>Aroma:<\/strong><\/em> <span id=\"result_box\" class=\"\" lang=\"en\">Strawberry pink with blue trim, presents intensive fruit flavors like raspberry, strawberry, peach and a floral <span class=\"\">background.<\/span><\/span><br \/>\n<em><strong>Palate:<\/strong><\/em> <span id=\"result_box\" class=\"\" lang=\"en\"><span class=\"\">The palate is<\/span> <span class=\"\">soft<\/span>, fresh and fruity wine with balanced acidity.<\/span><\/p>\n<p><strong>Pairing:<\/strong> <span id=\"result_box\" class=\"\" lang=\"en\">To enjoy pasta, mushrooms, soft cheese and semi-cured, rice, fatty fish and white meats.<\/span><\/p>\n<p><strong>Awards:<\/strong><br \/>\n<em><span id=\"result_box\" class=\"short_text\" lang=\"en\"><span class=\"\">Bronze medal<\/span><\/span> al Terrai OVG 2014<\/em> &gt; Cathay Pacific Hong Kong Wine and Spirit Competition 2015<\/p>\n<p><em><span id=\"result_box\" class=\"short_text\" lang=\"en\"><span class=\"\">Bronze medal<\/span><\/span>\u00a0al Terrai OVG 2014<\/em> &gt; Decanter Asia 2015<\/p>\n<p><em>M<span id=\"result_box\" class=\"short_text\" lang=\"en\"><span class=\"\">edal<\/span><\/span>\u00a0Gran Zarcillo Gold al Terrai OVG 2014<\/em> &gt;\u00a0<span id=\"result_box\" class=\"short_text\" lang=\"en\"><span class=\"\">Awards<\/span><\/span> Zarcillo 2015<\/p>\n<p><em>Premio Gran Zarcillo Gold al Terrai OVG<\/em> &gt; Concurso internacional Zarcillo<\/p>\n<p><em><span id=\"result_box\" class=\"short_text\" lang=\"en\"><span class=\"\">Silver medal<\/span><\/span>\u00a0 Terrai OVG 2014<\/em> &gt; International Wine Challenge<\/p>\n<p><em>87\u00a0 <span id=\"result_box\" class=\"short_text\" lang=\"en\"><span class=\"\">points<\/span><\/span> y 5* a Terrai OVG 2013<\/em> &gt;\u00a0<span id=\"result_box\" class=\"short_text\" lang=\"en\"><span class=\"\">Guide<\/span><\/span> Pe\u00f1in 2015<\/p>","protected":false},"excerpt":{"rendered":"<p><strong>D.O:<\/strong> Cari\u00f1ena<\/p>\n<p><strong>Vintage:<\/strong> 2018<\/p>\n<p><strong>Aging:<\/strong> In French and American oak barrels for 3 months<\/p>\n<p><strong>Varietal:<\/strong> 100% Grenache from old vines<\/p>\n<p>Tasting notes:<br \/>\n<strong>Aroma:<\/strong> Strawberry pink color with blue edges, it presents great intensity of fruit aromas such as raspberry, strawberry, peach and a floral background.<br \/>\n<strong>Palate:<\/strong> In the mouth it is a smooth, fresh and fruity wine with a balanced acidity.<\/p>\n<p><strong>Pairing:<\/strong> To enjoy with pasta, mushrooms, soft and semi-cured cheeses, rice, fatty fish and white meat.<\/p>\n<p><strong>Awards:<\/strong><br \/>\nDecanter Bronze Medal 2015<\/p>\n<p>Great Golden Tendril 2015<\/p>\n<p>Gold Medal Mndus Vini90 Pe\u00f1in Guide 2018<\/p>\n","protected":false},"featured_media":3905,"comment_status":"closed","ping_status":"closed","template":"","meta":[],"product_cat":[54,56,741],"product_tag":[731,733,338,730,732],"bundled_by":[],"bundle_stock_status":"instock","bundle_stock_quantity":null,"bundle_virtual":false,"bundle_layout":"","bundle_add_to_cart_form_location":"","bundle_editable_in_cart":false,"bundle_sold_individually_context":"","bundle_item_grouping":"","bundle_min_size":"","bundle_max_size":"","bundle_price":[],"bundled_items":[],"bundle_sell_ids":[],"yoast_head":"<!-- This site is optimized with the Yoast SEO Premium plugin v21.9 (Yoast SEO v21.9.1) - https:\/\/yoast.com\/wordpress\/plugins\/seo\/ -->\n<title>Terrai OVG - Prestigio &amp; Tradici&oacute;n<\/title>\n<meta name=\"robots\" content=\"index, follow, max-snippet:-1, max-image-preview:large, max-video-preview:-1\" \/>\n<link rel=\"canonical\" href=\"https:\/\/www.prestigioytradicion.com\/product\/terrai-ovg-14\/\" \/>\n<meta property=\"og:locale\" content=\"en_US\" \/>\n<meta property=\"og:type\" content=\"article\" \/>\n<meta property=\"og:title\" content=\"[:es]Terrai OVG[:en]Terrai OVG[:fr]Terrai OVG 15[:]\" \/>\n<meta property=\"og:description\" content=\"[:es]D.O: Cari\u00f1ena  A\u00f1ada: 2015  Crianza: En barricas de roble franc\u00e9s y americano durante 3 meses  Varietal:\u00a0100% Garnacha de vi\u00f1as viejas  Notas de Cata: Aroma: Color rosa fresa con ribetes azules, presenta gran intensidad de aromas frutales como frambuesa, fresa, melocot\u00f3n y un fondo floral. Paladar: En boca es un vino suave, fresco y afrutado con una acidez equilibrada.  Maridaje: Para disfrutar con pasta, setas, quesos suaves y semicurados, arroces, pescados grasos y carnes blancas.  Premios: Medalla de Bronce Decanter 2015  Gran Zarcillo de Oro 2015  Medalla de Oro Mndus Vini  90 Gu\u00eda Pe\u00f1in 2018[:en]D.O: Cari\u00f1ena  Vintage: 2018  Aging: In French and American oak barrels for 3 months  Varietal: 100% Grenache from old vines  Tasting notes: Aroma: Strawberry pink color with blue edges, it presents great intensity of fruit aromas such as raspberry, strawberry, peach and a floral background. Palate: In the mouth it is a smooth, fresh and fruity wine with a balanced acidity.  Pairing: To enjoy with pasta, mushrooms, soft and semi-cured cheeses, rice, fatty fish and white meat.  Awards: Decanter Bronze Medal 2015  Great Golden Tendril 2015  Gold Medal Mndus Vini90 Pe\u00f1in Guide 2018[:]\" \/>\n<meta property=\"og:url\" content=\"https:\/\/www.prestigioytradicion.com\/product\/terrai-ovg-14\/\" \/>\n<meta property=\"og:site_name\" content=\"Prestigio &amp; Tradici&oacute;n\" \/>\n<meta property=\"article:modified_time\" content=\"2025-11-19T16:04:05+00:00\" \/>\n<meta property=\"og:image\" content=\"https:\/\/www.prestigioytradicion.com\/wp-content\/uploads\/terai-ovg.jpg\" \/>\n\t<meta property=\"og:image:width\" content=\"458\" \/>\n\t<meta property=\"og:image:height\" content=\"458\" \/>\n\t<meta property=\"og:image:type\" content=\"image\/jpeg\" \/>\n<meta name=\"twitter:card\" content=\"summary_large_image\" \/>\n<meta name=\"twitter:label1\" content=\"Est. reading time\" \/>\n\t<meta name=\"twitter:data1\" content=\"2 minutes\" \/>\n<script type=\"application\/ld+json\" class=\"yoast-schema-graph\">{\"@context\":\"https:\/\/schema.org\",\"@graph\":[{\"@type\":\"WebPage\",\"@id\":\"https:\/\/www.prestigioytradicion.com\/product\/terrai-ovg-14\/\",\"url\":\"https:\/\/www.prestigioytradicion.com\/product\/terrai-ovg-14\/\",\"name\":\"[:es]Terrai OVG[:en]Terrai OVG[:fr]Terrai OVG 15[:] - Prestigio &amp; Tradici&oacute;n\",\"isPartOf\":{\"@id\":\"https:\/\/www.prestigioytradicion.com\/#website\"},\"datePublished\":\"2016-09-14T09:39:02+00:00\",\"dateModified\":\"2025-11-19T16:04:05+00:00\",\"breadcrumb\":{\"@id\":\"https:\/\/www.prestigioytradicion.com\/product\/terrai-ovg-14\/#breadcrumb\"},\"inLanguage\":\"en-US\",\"potentialAction\":[{\"@type\":\"ReadAction\",\"target\":[\"https:\/\/www.prestigioytradicion.com\/product\/terrai-ovg-14\/\"]}]},{\"@type\":\"BreadcrumbList\",\"@id\":\"https:\/\/www.prestigioytradicion.com\/product\/terrai-ovg-14\/#breadcrumb\",\"itemListElement\":[{\"@type\":\"ListItem\",\"position\":1,\"name\":\"Home\",\"item\":\"https:\/\/www.prestigioytradicion.com\/\"},{\"@type\":\"ListItem\",\"position\":2,\"name\":\"Tienda\",\"item\":\"https:\/\/www.prestigioytradicion.com\/shop\/\"},{\"@type\":\"ListItem\",\"position\":3,\"name\":\"[:es]Terrai OVG[:en]Terrai OVG[:fr]Terrai OVG 15[:]\"}]},{\"@type\":\"WebSite\",\"@id\":\"https:\/\/www.prestigioytradicion.com\/#website\",\"url\":\"https:\/\/www.prestigioytradicion.com\/\",\"name\":\"Prestigio &amp; Tradici&oacute;n\",\"description\":\"Un extraordinario mundo gourmet de alta calidad para todos\",\"publisher\":{\"@id\":\"https:\/\/www.prestigioytradicion.com\/#organization\"},\"potentialAction\":[{\"@type\":\"SearchAction\",\"target\":{\"@type\":\"EntryPoint\",\"urlTemplate\":\"https:\/\/www.prestigioytradicion.com\/?s={search_term_string}\"},\"query-input\":\"required name=search_term_string\"}],\"inLanguage\":\"en-US\"},{\"@type\":\"Organization\",\"@id\":\"https:\/\/www.prestigioytradicion.com\/#organization\",\"name\":\"Prestigio & Tradici\u00f3n\",\"url\":\"https:\/\/www.prestigioytradicion.com\/\",\"logo\":{\"@type\":\"ImageObject\",\"inLanguage\":\"en-US\",\"@id\":\"https:\/\/www.prestigioytradicion.com\/#\/schema\/logo\/image\/\",\"url\":\"https:\/\/www.prestigioytradicion.com\/wp-content\/uploads\/LOGO-PyT-Facturas-WEB-150x150-SIN-FONDO.png\",\"contentUrl\":\"https:\/\/www.prestigioytradicion.com\/wp-content\/uploads\/LOGO-PyT-Facturas-WEB-150x150-SIN-FONDO.png\",\"width\":150,\"height\":150,\"caption\":\"Prestigio & Tradici\u00f3n\"},\"image\":{\"@id\":\"https:\/\/www.prestigioytradicion.com\/#\/schema\/logo\/image\/\"}}]}<\/script>\n<!-- \/ Yoast SEO Premium plugin. -->","yoast_head_json":{"title":"[:es]Terrai OVG[:en]Terrai OVG[:fr]Terrai OVG 15[:] - Prestigio &amp; Tradici&oacute;n","robots":{"index":"index","follow":"follow","max-snippet":"max-snippet:-1","max-image-preview":"max-image-preview:large","max-video-preview":"max-video-preview:-1"},"canonical":"https:\/\/www.prestigioytradicion.com\/product\/terrai-ovg-14\/","og_locale":"en_US","og_type":"article","og_title":"[:es]Terrai OVG[:en]Terrai OVG[:fr]Terrai OVG 15[:]","og_description":"[:es]D.O: Cari\u00f1ena  A\u00f1ada: 2015  Crianza: En barricas de roble franc\u00e9s y americano durante 3 meses  Varietal:\u00a0100% Garnacha de vi\u00f1as viejas  Notas de Cata: Aroma: Color rosa fresa con ribetes azules, presenta gran intensidad de aromas frutales como frambuesa, fresa, melocot\u00f3n y un fondo floral. Paladar: En boca es un vino suave, fresco y afrutado con una acidez equilibrada.  Maridaje: Para disfrutar con pasta, setas, quesos suaves y semicurados, arroces, pescados grasos y carnes blancas.  Premios: Medalla de Bronce Decanter 2015  Gran Zarcillo de Oro 2015  Medalla de Oro Mndus Vini  90 Gu\u00eda Pe\u00f1in 2018[:en]D.O: Cari\u00f1ena  Vintage: 2018  Aging: In French and American oak barrels for 3 months  Varietal: 100% Grenache from old vines  Tasting notes: Aroma: Strawberry pink color with blue edges, it presents great intensity of fruit aromas such as raspberry, strawberry, peach and a floral background. Palate: In the mouth it is a smooth, fresh and fruity wine with a balanced acidity.  Pairing: To enjoy with pasta, mushrooms, soft and semi-cured cheeses, rice, fatty fish and white meat.  Awards: Decanter Bronze Medal 2015  Great Golden Tendril 2015  Gold Medal Mndus Vini90 Pe\u00f1in Guide 2018[:]","og_url":"https:\/\/www.prestigioytradicion.com\/product\/terrai-ovg-14\/","og_site_name":"Prestigio &amp; Tradici&oacute;n","article_modified_time":"2025-11-19T16:04:05+00:00","og_image":[{"width":458,"height":458,"url":"https:\/\/www.prestigioytradicion.com\/wp-content\/uploads\/terai-ovg.jpg","type":"image\/jpeg"}],"twitter_card":"summary_large_image","twitter_misc":{"Est. reading time":"2 minutes"},"schema":{"@context":"https:\/\/schema.org","@graph":[{"@type":"WebPage","@id":"https:\/\/www.prestigioytradicion.com\/product\/terrai-ovg-14\/","url":"https:\/\/www.prestigioytradicion.com\/product\/terrai-ovg-14\/","name":"[:es]Terrai OVG[:en]Terrai OVG[:fr]Terrai OVG 15[:] - Prestigio &amp; Tradici&oacute;n","isPartOf":{"@id":"https:\/\/www.prestigioytradicion.com\/#website"},"datePublished":"2016-09-14T09:39:02+00:00","dateModified":"2025-11-19T16:04:05+00:00","breadcrumb":{"@id":"https:\/\/www.prestigioytradicion.com\/product\/terrai-ovg-14\/#breadcrumb"},"inLanguage":"en-US","potentialAction":[{"@type":"ReadAction","target":["https:\/\/www.prestigioytradicion.com\/product\/terrai-ovg-14\/"]}]},{"@type":"BreadcrumbList","@id":"https:\/\/www.prestigioytradicion.com\/product\/terrai-ovg-14\/#breadcrumb","itemListElement":[{"@type":"ListItem","position":1,"name":"Home","item":"https:\/\/www.prestigioytradicion.com\/"},{"@type":"ListItem","position":2,"name":"Tienda","item":"https:\/\/www.prestigioytradicion.com\/shop\/"},{"@type":"ListItem","position":3,"name":"[:es]Terrai OVG[:en]Terrai OVG[:fr]Terrai OVG 15[:]"}]},{"@type":"WebSite","@id":"https:\/\/www.prestigioytradicion.com\/#website","url":"https:\/\/www.prestigioytradicion.com\/","name":"Prestigio &amp; Tradici&oacute;n","description":"Un extraordinario mundo gourmet de alta calidad para todos","publisher":{"@id":"https:\/\/www.prestigioytradicion.com\/#organization"},"potentialAction":[{"@type":"SearchAction","target":{"@type":"EntryPoint","urlTemplate":"https:\/\/www.prestigioytradicion.com\/?s={search_term_string}"},"query-input":"required name=search_term_string"}],"inLanguage":"en-US"},{"@type":"Organization","@id":"https:\/\/www.prestigioytradicion.com\/#organization","name":"Prestigio & Tradici\u00f3n","url":"https:\/\/www.prestigioytradicion.com\/","logo":{"@type":"ImageObject","inLanguage":"en-US","@id":"https:\/\/www.prestigioytradicion.com\/#\/schema\/logo\/image\/","url":"https:\/\/www.prestigioytradicion.com\/wp-content\/uploads\/LOGO-PyT-Facturas-WEB-150x150-SIN-FONDO.png","contentUrl":"https:\/\/www.prestigioytradicion.com\/wp-content\/uploads\/LOGO-PyT-Facturas-WEB-150x150-SIN-FONDO.png","width":150,"height":150,"caption":"Prestigio & Tradici\u00f3n"},"image":{"@id":"https:\/\/www.prestigioytradicion.com\/#\/schema\/logo\/image\/"}}]}},"_links":{"self":[{"href":"https:\/\/www.prestigioytradicion.com\/en\/wp-json\/wp\/v2\/product\/1423"}],"collection":[{"href":"https:\/\/www.prestigioytradicion.com\/en\/wp-json\/wp\/v2\/product"}],"about":[{"href":"https:\/\/www.prestigioytradicion.com\/en\/wp-json\/wp\/v2\/types\/product"}],"replies":[{"embeddable":true,"href":"https:\/\/www.prestigioytradicion.com\/en\/wp-json\/wp\/v2\/comments?post=1423"}],"version-history":[{"count":1,"href":"https:\/\/www.prestigioytradicion.com\/en\/wp-json\/wp\/v2\/product\/1423\/revisions"}],"predecessor-version":[{"id":9716,"href":"https:\/\/www.prestigioytradicion.com\/en\/wp-json\/wp\/v2\/product\/1423\/revisions\/9716"}],"wp:featuredmedia":[{"embeddable":true,"href":"https:\/\/www.prestigioytradicion.com\/en\/wp-json\/wp\/v2\/media\/3905"}],"wp:attachment":[{"href":"https:\/\/www.prestigioytradicion.com\/en\/wp-json\/wp\/v2\/media?parent=1423"}],"wp:term":[{"taxonomy":"product_cat","embeddable":true,"href":"https:\/\/www.prestigioytradicion.com\/en\/wp-json\/wp\/v2\/product_cat?post=1423"},{"taxonomy":"product_tag","embeddable":true,"href":"https:\/\/www.prestigioytradicion.com\/en\/wp-json\/wp\/v2\/product_tag?post=1423"}],"curies":[{"name":"wp","href":"https:\/\/api.w.org\/{rel}","templated":true}]}}