{"id":1975,"date":"2020-03-22T20:54:46","date_gmt":"2020-03-22T20:54:46","guid":{"rendered":"https:\/\/www.prestigioytradicion.com\/?post_type=product&#038;p=1975"},"modified":"2023-07-20T18:39:28","modified_gmt":"2023-07-20T17:39:28","slug":"crema-de-cacao-con-frambuesa","status":"publish","type":"product","link":"https:\/\/www.prestigioytradicion.com\/en\/product\/crema-de-cacao-con-frambuesa\/","title":{"rendered":"Crema de Cacao con Frambuesa\u00a0"},"content":{"rendered":"","protected":false},"excerpt":{"rendered":"<p><strong>Origen:<\/strong> Girona<br \/>\n<strong>Peso Neto:<\/strong> 285 gramos<br \/>\n<strong>Ingredientes:<\/strong> Ingredientes: Frutas (frambuesa 20,45%, manzana 20,45%, cacao 14,31%), az\u00facar y zumo de lim\u00f3n<br \/>\n<strong>Caracteristicas:<\/strong> 100% Natural<br \/>\n<strong>Descripci\u00f3n:<\/strong> Deliciosa combinaci\u00f3n del \u00e1cido de la frambuesa con el cacao puro.<br \/>\nLa mermelada de frambuesas con cacao es perfecta para a\u00f1adir en creps, como cobertura en un pastel de chocolate, para combinar con<br \/>\nhelado y o elaborar un clafoutis de frambuesas<\/p>\n","protected":false},"featured_media":1976,"comment_status":"closed","ping_status":"closed","template":"","meta":[],"product_cat":[77],"product_tag":[],"bundled_by":[],"bundle_stock_status":"instock","bundle_stock_quantity":null,"bundle_virtual":false,"bundle_layout":"","bundle_add_to_cart_form_location":"","bundle_editable_in_cart":false,"bundle_sold_individually_context":"","bundle_item_grouping":"","bundle_min_size":"","bundle_max_size":"","bundle_price":[],"bundled_items":[],"bundle_sell_ids":[],"yoast_head":"<!-- This site is optimized with the Yoast SEO Premium plugin v21.9 (Yoast SEO v21.9.1) - https:\/\/yoast.com\/wordpress\/plugins\/seo\/ -->\n<title>Crema de Cacao con Frambuesa\u00a0 - Prestigio &amp; Tradici&oacute;n<\/title>\n<meta name=\"robots\" content=\"index, follow, max-snippet:-1, max-image-preview:large, max-video-preview:-1\" \/>\n<link rel=\"canonical\" href=\"https:\/\/www.prestigioytradicion.com\/product\/crema-de-cacao-con-frambuesa\/\" \/>\n<meta property=\"og:locale\" content=\"en_US\" \/>\n<meta property=\"og:type\" content=\"article\" \/>\n<meta property=\"og:title\" content=\"Crema de Cacao con Frambuesa\u00a0\" \/>\n<meta property=\"og:description\" content=\"Origen: Girona Peso Neto: 285 gramos Ingredientes: Ingredientes: Frutas (frambuesa 20,45%, manzana 20,45%, cacao 14,31%), az\u00facar y zumo de lim\u00f3n Caracteristicas: 100% Natural Descripci\u00f3n: Deliciosa combinaci\u00f3n del \u00e1cido de la frambuesa con el cacao puro. La mermelada de frambuesas con cacao es perfecta para a\u00f1adir en creps, como cobertura en un pastel de chocolate, para combinar con helado y o elaborar un clafoutis de frambuesas\" \/>\n<meta property=\"og:url\" content=\"https:\/\/www.prestigioytradicion.com\/product\/crema-de-cacao-con-frambuesa\/\" \/>\n<meta property=\"og:site_name\" content=\"Prestigio &amp; Tradici&oacute;n\" \/>\n<meta property=\"article:modified_time\" content=\"2023-07-20T17:39:28+00:00\" \/>\n<meta property=\"og:image\" content=\"https:\/\/www.prestigioytradicion.com\/wp-content\/uploads\/mermelada-de-frambuesa-con-cacao-ok.jpg\" \/>\n\t<meta property=\"og:image:width\" content=\"330\" \/>\n\t<meta property=\"og:image:height\" content=\"256\" \/>\n\t<meta property=\"og:image:type\" content=\"image\/jpeg\" \/>\n<meta name=\"twitter:card\" content=\"summary_large_image\" \/>\n<script type=\"application\/ld+json\" class=\"yoast-schema-graph\">{\"@context\":\"https:\/\/schema.org\",\"@graph\":[{\"@type\":\"WebPage\",\"@id\":\"https:\/\/www.prestigioytradicion.com\/product\/crema-de-cacao-con-frambuesa\/\",\"url\":\"https:\/\/www.prestigioytradicion.com\/product\/crema-de-cacao-con-frambuesa\/\",\"name\":\"Crema de Cacao con Frambuesa\u00a0 - Prestigio &amp; Tradici&oacute;n\",\"isPartOf\":{\"@id\":\"https:\/\/www.prestigioytradicion.com\/#website\"},\"datePublished\":\"2020-03-22T20:54:46+00:00\",\"dateModified\":\"2023-07-20T17:39:28+00:00\",\"breadcrumb\":{\"@id\":\"https:\/\/www.prestigioytradicion.com\/product\/crema-de-cacao-con-frambuesa\/#breadcrumb\"},\"inLanguage\":\"en-US\",\"potentialAction\":[{\"@type\":\"ReadAction\",\"target\":[\"https:\/\/www.prestigioytradicion.com\/product\/crema-de-cacao-con-frambuesa\/\"]}]},{\"@type\":\"BreadcrumbList\",\"@id\":\"https:\/\/www.prestigioytradicion.com\/product\/crema-de-cacao-con-frambuesa\/#breadcrumb\",\"itemListElement\":[{\"@type\":\"ListItem\",\"position\":1,\"name\":\"Home\",\"item\":\"https:\/\/www.prestigioytradicion.com\/\"},{\"@type\":\"ListItem\",\"position\":2,\"name\":\"Tienda\",\"item\":\"https:\/\/www.prestigioytradicion.com\/shop\/\"},{\"@type\":\"ListItem\",\"position\":3,\"name\":\"Crema de Cacao con Frambuesa\u00a0\"}]},{\"@type\":\"WebSite\",\"@id\":\"https:\/\/www.prestigioytradicion.com\/#website\",\"url\":\"https:\/\/www.prestigioytradicion.com\/\",\"name\":\"Prestigio &amp; Tradici&oacute;n\",\"description\":\"Un extraordinario mundo gourmet de alta calidad para todos\",\"publisher\":{\"@id\":\"https:\/\/www.prestigioytradicion.com\/#organization\"},\"potentialAction\":[{\"@type\":\"SearchAction\",\"target\":{\"@type\":\"EntryPoint\",\"urlTemplate\":\"https:\/\/www.prestigioytradicion.com\/?s={search_term_string}\"},\"query-input\":\"required name=search_term_string\"}],\"inLanguage\":\"en-US\"},{\"@type\":\"Organization\",\"@id\":\"https:\/\/www.prestigioytradicion.com\/#organization\",\"name\":\"Prestigio & Tradici\u00f3n\",\"url\":\"https:\/\/www.prestigioytradicion.com\/\",\"logo\":{\"@type\":\"ImageObject\",\"inLanguage\":\"en-US\",\"@id\":\"https:\/\/www.prestigioytradicion.com\/#\/schema\/logo\/image\/\",\"url\":\"https:\/\/www.prestigioytradicion.com\/wp-content\/uploads\/LOGO-PyT-Facturas-WEB-150x150-SIN-FONDO.png\",\"contentUrl\":\"https:\/\/www.prestigioytradicion.com\/wp-content\/uploads\/LOGO-PyT-Facturas-WEB-150x150-SIN-FONDO.png\",\"width\":150,\"height\":150,\"caption\":\"Prestigio & Tradici\u00f3n\"},\"image\":{\"@id\":\"https:\/\/www.prestigioytradicion.com\/#\/schema\/logo\/image\/\"}}]}<\/script>\n<!-- \/ Yoast SEO Premium plugin. -->","yoast_head_json":{"title":"Crema de Cacao con Frambuesa\u00a0 - Prestigio &amp; Tradici&oacute;n","robots":{"index":"index","follow":"follow","max-snippet":"max-snippet:-1","max-image-preview":"max-image-preview:large","max-video-preview":"max-video-preview:-1"},"canonical":"https:\/\/www.prestigioytradicion.com\/product\/crema-de-cacao-con-frambuesa\/","og_locale":"en_US","og_type":"article","og_title":"Crema de Cacao con Frambuesa\u00a0","og_description":"Origen: Girona Peso Neto: 285 gramos Ingredientes: Ingredientes: Frutas (frambuesa 20,45%, manzana 20,45%, cacao 14,31%), az\u00facar y zumo de lim\u00f3n Caracteristicas: 100% Natural Descripci\u00f3n: Deliciosa combinaci\u00f3n del \u00e1cido de la frambuesa con el cacao puro. La mermelada de frambuesas con cacao es perfecta para a\u00f1adir en creps, como cobertura en un pastel de chocolate, para combinar con helado y o elaborar un clafoutis de frambuesas","og_url":"https:\/\/www.prestigioytradicion.com\/product\/crema-de-cacao-con-frambuesa\/","og_site_name":"Prestigio &amp; Tradici&oacute;n","article_modified_time":"2023-07-20T17:39:28+00:00","og_image":[{"width":330,"height":256,"url":"https:\/\/www.prestigioytradicion.com\/wp-content\/uploads\/mermelada-de-frambuesa-con-cacao-ok.jpg","type":"image\/jpeg"}],"twitter_card":"summary_large_image","schema":{"@context":"https:\/\/schema.org","@graph":[{"@type":"WebPage","@id":"https:\/\/www.prestigioytradicion.com\/product\/crema-de-cacao-con-frambuesa\/","url":"https:\/\/www.prestigioytradicion.com\/product\/crema-de-cacao-con-frambuesa\/","name":"Crema de Cacao con Frambuesa\u00a0 - Prestigio &amp; Tradici&oacute;n","isPartOf":{"@id":"https:\/\/www.prestigioytradicion.com\/#website"},"datePublished":"2020-03-22T20:54:46+00:00","dateModified":"2023-07-20T17:39:28+00:00","breadcrumb":{"@id":"https:\/\/www.prestigioytradicion.com\/product\/crema-de-cacao-con-frambuesa\/#breadcrumb"},"inLanguage":"en-US","potentialAction":[{"@type":"ReadAction","target":["https:\/\/www.prestigioytradicion.com\/product\/crema-de-cacao-con-frambuesa\/"]}]},{"@type":"BreadcrumbList","@id":"https:\/\/www.prestigioytradicion.com\/product\/crema-de-cacao-con-frambuesa\/#breadcrumb","itemListElement":[{"@type":"ListItem","position":1,"name":"Home","item":"https:\/\/www.prestigioytradicion.com\/"},{"@type":"ListItem","position":2,"name":"Tienda","item":"https:\/\/www.prestigioytradicion.com\/shop\/"},{"@type":"ListItem","position":3,"name":"Crema de Cacao con Frambuesa\u00a0"}]},{"@type":"WebSite","@id":"https:\/\/www.prestigioytradicion.com\/#website","url":"https:\/\/www.prestigioytradicion.com\/","name":"Prestigio &amp; Tradici&oacute;n","description":"Un extraordinario mundo gourmet de alta calidad para todos","publisher":{"@id":"https:\/\/www.prestigioytradicion.com\/#organization"},"potentialAction":[{"@type":"SearchAction","target":{"@type":"EntryPoint","urlTemplate":"https:\/\/www.prestigioytradicion.com\/?s={search_term_string}"},"query-input":"required name=search_term_string"}],"inLanguage":"en-US"},{"@type":"Organization","@id":"https:\/\/www.prestigioytradicion.com\/#organization","name":"Prestigio & Tradici\u00f3n","url":"https:\/\/www.prestigioytradicion.com\/","logo":{"@type":"ImageObject","inLanguage":"en-US","@id":"https:\/\/www.prestigioytradicion.com\/#\/schema\/logo\/image\/","url":"https:\/\/www.prestigioytradicion.com\/wp-content\/uploads\/LOGO-PyT-Facturas-WEB-150x150-SIN-FONDO.png","contentUrl":"https:\/\/www.prestigioytradicion.com\/wp-content\/uploads\/LOGO-PyT-Facturas-WEB-150x150-SIN-FONDO.png","width":150,"height":150,"caption":"Prestigio & Tradici\u00f3n"},"image":{"@id":"https:\/\/www.prestigioytradicion.com\/#\/schema\/logo\/image\/"}}]}},"_links":{"self":[{"href":"https:\/\/www.prestigioytradicion.com\/en\/wp-json\/wp\/v2\/product\/1975"}],"collection":[{"href":"https:\/\/www.prestigioytradicion.com\/en\/wp-json\/wp\/v2\/product"}],"about":[{"href":"https:\/\/www.prestigioytradicion.com\/en\/wp-json\/wp\/v2\/types\/product"}],"replies":[{"embeddable":true,"href":"https:\/\/www.prestigioytradicion.com\/en\/wp-json\/wp\/v2\/comments?post=1975"}],"version-history":[{"count":1,"href":"https:\/\/www.prestigioytradicion.com\/en\/wp-json\/wp\/v2\/product\/1975\/revisions"}],"predecessor-version":[{"id":9846,"href":"https:\/\/www.prestigioytradicion.com\/en\/wp-json\/wp\/v2\/product\/1975\/revisions\/9846"}],"wp:featuredmedia":[{"embeddable":true,"href":"https:\/\/www.prestigioytradicion.com\/en\/wp-json\/wp\/v2\/media\/1976"}],"wp:attachment":[{"href":"https:\/\/www.prestigioytradicion.com\/en\/wp-json\/wp\/v2\/media?parent=1975"}],"wp:term":[{"taxonomy":"product_cat","embeddable":true,"href":"https:\/\/www.prestigioytradicion.com\/en\/wp-json\/wp\/v2\/product_cat?post=1975"},{"taxonomy":"product_tag","embeddable":true,"href":"https:\/\/www.prestigioytradicion.com\/en\/wp-json\/wp\/v2\/product_tag?post=1975"}],"curies":[{"name":"wp","href":"https:\/\/api.w.org\/{rel}","templated":true}]}}