{"id":1985,"date":"2020-03-22T21:23:03","date_gmt":"2020-03-22T21:23:03","guid":{"rendered":"https:\/\/www.prestigioytradicion.com\/?post_type=product&#038;p=1985"},"modified":"2023-07-20T18:39:28","modified_gmt":"2023-07-20T17:39:28","slug":"just-for-cheese-uvas-negra-y-almendra-73g","status":"publish","type":"product","link":"https:\/\/www.prestigioytradicion.com\/en\/product\/just-for-cheese-uvas-negra-y-almendra-73g\/","title":{"rendered":"Just for Cheese Uvas Negra y Almendra 73g"},"content":{"rendered":"","protected":false},"excerpt":{"rendered":"<p>Just for Cheese Uvas Negra y Almendra 73g<br \/>\n<strong>Origen:<\/strong> Girona<br \/>\n<strong>Peso Neto: 73 gramos<\/strong><br \/>\n<strong>Variedad:<\/strong><br \/>\n<strong>Ingredientes:<\/strong> Uva negra,69%,azucar,almendra laminada de Malloraca6,1%,zumo de limon y gelificante:pectinas.<br \/>\n<strong>Caracteristicas:<\/strong> 100% Natural<br \/>\n<strong>Descripci\u00f3n:<\/strong> Este tipo de quesos se caracterizan por un olor penetrante, aunque el sabor interior es suave y caracter\u00edstico.<br \/>\nPara maridarlos, hemos creado una salsa dulce que rompa sus particulares aromas l\u00e1cticos y fuertes con la uva negra, de textura acuosa y<br \/>\nsabor elegantemente dulce y que apacig\u00fce la sensaci\u00f3n ofensiva que puede tener su piel. La almendra laminada de Mallorca nos aportar\u00e1<br \/>\nun toque crujiente, una frescura gustativa y calmar\u00e1 el sabor de este tipo de quesos, ayudando a disfrutarlos a los paladares m\u00e1s sensibles<\/p>\n","protected":false},"featured_media":1968,"comment_status":"closed","ping_status":"closed","template":"","meta":[],"product_cat":[77],"product_tag":[],"bundled_by":[],"bundle_stock_status":"instock","bundle_stock_quantity":null,"bundle_virtual":false,"bundle_layout":"","bundle_add_to_cart_form_location":"","bundle_editable_in_cart":false,"bundle_sold_individually_context":"","bundle_item_grouping":"","bundle_min_size":"","bundle_max_size":"","bundle_price":[],"bundled_items":[],"bundle_sell_ids":[],"yoast_head":"<!-- This site is optimized with the Yoast SEO Premium plugin v21.9 (Yoast SEO v21.9.1) - https:\/\/yoast.com\/wordpress\/plugins\/seo\/ -->\n<title>Just for Cheese Uvas Negra y Almendra 73g - Prestigio &amp; Tradici&oacute;n<\/title>\n<meta name=\"robots\" content=\"index, follow, max-snippet:-1, max-image-preview:large, max-video-preview:-1\" \/>\n<link rel=\"canonical\" href=\"https:\/\/www.prestigioytradicion.com\/product\/just-for-cheese-uvas-negra-y-almendra-73g\/\" \/>\n<meta property=\"og:locale\" content=\"en_US\" \/>\n<meta property=\"og:type\" content=\"article\" \/>\n<meta property=\"og:title\" content=\"Just for Cheese Uvas Negra y Almendra 73g\" \/>\n<meta property=\"og:description\" content=\"Just for Cheese Uvas Negra y Almendra 73g Origen: Girona Peso Neto: 73 gramos Variedad: Ingredientes: Uva negra,69%,azucar,almendra laminada de Malloraca6,1%,zumo de limon y gelificante:pectinas. Caracteristicas: 100% Natural Descripci\u00f3n: Este tipo de quesos se caracterizan por un olor penetrante, aunque el sabor interior es suave y caracter\u00edstico. Para maridarlos, hemos creado una salsa dulce que rompa sus particulares aromas l\u00e1cticos y fuertes con la uva negra, de textura acuosa y sabor elegantemente dulce y que apacig\u00fce la sensaci\u00f3n ofensiva que puede tener su piel. La almendra laminada de Mallorca nos aportar\u00e1 un toque crujiente, una frescura gustativa y calmar\u00e1 el sabor de este tipo de quesos, ayudando a disfrutarlos a los paladares m\u00e1s sensibles\" \/>\n<meta property=\"og:url\" content=\"https:\/\/www.prestigioytradicion.com\/product\/just-for-cheese-uvas-negra-y-almendra-73g\/\" \/>\n<meta property=\"og:site_name\" content=\"Prestigio &amp; Tradici&oacute;n\" \/>\n<meta property=\"article:modified_time\" content=\"2023-07-20T17:39:28+00:00\" \/>\n<meta property=\"og:image\" content=\"https:\/\/www.prestigioytradicion.com\/wp-content\/uploads\/mini-JFC-uva-negra-ingredientes-ok_AWARD.jpg\" \/>\n\t<meta property=\"og:image:width\" content=\"674\" \/>\n\t<meta property=\"og:image:height\" content=\"412\" \/>\n\t<meta property=\"og:image:type\" content=\"image\/jpeg\" \/>\n<meta name=\"twitter:card\" content=\"summary_large_image\" \/>\n<script type=\"application\/ld+json\" class=\"yoast-schema-graph\">{\"@context\":\"https:\/\/schema.org\",\"@graph\":[{\"@type\":\"WebPage\",\"@id\":\"https:\/\/www.prestigioytradicion.com\/product\/just-for-cheese-uvas-negra-y-almendra-73g\/\",\"url\":\"https:\/\/www.prestigioytradicion.com\/product\/just-for-cheese-uvas-negra-y-almendra-73g\/\",\"name\":\"Just for Cheese Uvas Negra y Almendra 73g - Prestigio &amp; Tradici&oacute;n\",\"isPartOf\":{\"@id\":\"https:\/\/www.prestigioytradicion.com\/#website\"},\"datePublished\":\"2020-03-22T21:23:03+00:00\",\"dateModified\":\"2023-07-20T17:39:28+00:00\",\"breadcrumb\":{\"@id\":\"https:\/\/www.prestigioytradicion.com\/product\/just-for-cheese-uvas-negra-y-almendra-73g\/#breadcrumb\"},\"inLanguage\":\"en-US\",\"potentialAction\":[{\"@type\":\"ReadAction\",\"target\":[\"https:\/\/www.prestigioytradicion.com\/product\/just-for-cheese-uvas-negra-y-almendra-73g\/\"]}]},{\"@type\":\"BreadcrumbList\",\"@id\":\"https:\/\/www.prestigioytradicion.com\/product\/just-for-cheese-uvas-negra-y-almendra-73g\/#breadcrumb\",\"itemListElement\":[{\"@type\":\"ListItem\",\"position\":1,\"name\":\"Home\",\"item\":\"https:\/\/www.prestigioytradicion.com\/\"},{\"@type\":\"ListItem\",\"position\":2,\"name\":\"Tienda\",\"item\":\"https:\/\/www.prestigioytradicion.com\/shop\/\"},{\"@type\":\"ListItem\",\"position\":3,\"name\":\"Just for Cheese Uvas Negra y Almendra 73g\"}]},{\"@type\":\"WebSite\",\"@id\":\"https:\/\/www.prestigioytradicion.com\/#website\",\"url\":\"https:\/\/www.prestigioytradicion.com\/\",\"name\":\"Prestigio &amp; Tradici&oacute;n\",\"description\":\"Un extraordinario mundo gourmet de alta calidad para todos\",\"publisher\":{\"@id\":\"https:\/\/www.prestigioytradicion.com\/#organization\"},\"potentialAction\":[{\"@type\":\"SearchAction\",\"target\":{\"@type\":\"EntryPoint\",\"urlTemplate\":\"https:\/\/www.prestigioytradicion.com\/?s={search_term_string}\"},\"query-input\":\"required name=search_term_string\"}],\"inLanguage\":\"en-US\"},{\"@type\":\"Organization\",\"@id\":\"https:\/\/www.prestigioytradicion.com\/#organization\",\"name\":\"Prestigio & Tradici\u00f3n\",\"url\":\"https:\/\/www.prestigioytradicion.com\/\",\"logo\":{\"@type\":\"ImageObject\",\"inLanguage\":\"en-US\",\"@id\":\"https:\/\/www.prestigioytradicion.com\/#\/schema\/logo\/image\/\",\"url\":\"https:\/\/www.prestigioytradicion.com\/wp-content\/uploads\/LOGO-PyT-Facturas-WEB-150x150-SIN-FONDO.png\",\"contentUrl\":\"https:\/\/www.prestigioytradicion.com\/wp-content\/uploads\/LOGO-PyT-Facturas-WEB-150x150-SIN-FONDO.png\",\"width\":150,\"height\":150,\"caption\":\"Prestigio & Tradici\u00f3n\"},\"image\":{\"@id\":\"https:\/\/www.prestigioytradicion.com\/#\/schema\/logo\/image\/\"}}]}<\/script>\n<!-- \/ Yoast SEO Premium plugin. -->","yoast_head_json":{"title":"Just for Cheese Uvas Negra y Almendra 73g - Prestigio &amp; Tradici&oacute;n","robots":{"index":"index","follow":"follow","max-snippet":"max-snippet:-1","max-image-preview":"max-image-preview:large","max-video-preview":"max-video-preview:-1"},"canonical":"https:\/\/www.prestigioytradicion.com\/product\/just-for-cheese-uvas-negra-y-almendra-73g\/","og_locale":"en_US","og_type":"article","og_title":"Just for Cheese Uvas Negra y Almendra 73g","og_description":"Just for Cheese Uvas Negra y Almendra 73g Origen: Girona Peso Neto: 73 gramos Variedad: Ingredientes: Uva negra,69%,azucar,almendra laminada de Malloraca6,1%,zumo de limon y gelificante:pectinas. Caracteristicas: 100% Natural Descripci\u00f3n: Este tipo de quesos se caracterizan por un olor penetrante, aunque el sabor interior es suave y caracter\u00edstico. Para maridarlos, hemos creado una salsa dulce que rompa sus particulares aromas l\u00e1cticos y fuertes con la uva negra, de textura acuosa y sabor elegantemente dulce y que apacig\u00fce la sensaci\u00f3n ofensiva que puede tener su piel. La almendra laminada de Mallorca nos aportar\u00e1 un toque crujiente, una frescura gustativa y calmar\u00e1 el sabor de este tipo de quesos, ayudando a disfrutarlos a los paladares m\u00e1s sensibles","og_url":"https:\/\/www.prestigioytradicion.com\/product\/just-for-cheese-uvas-negra-y-almendra-73g\/","og_site_name":"Prestigio &amp; Tradici&oacute;n","article_modified_time":"2023-07-20T17:39:28+00:00","og_image":[{"width":674,"height":412,"url":"https:\/\/www.prestigioytradicion.com\/wp-content\/uploads\/mini-JFC-uva-negra-ingredientes-ok_AWARD.jpg","type":"image\/jpeg"}],"twitter_card":"summary_large_image","schema":{"@context":"https:\/\/schema.org","@graph":[{"@type":"WebPage","@id":"https:\/\/www.prestigioytradicion.com\/product\/just-for-cheese-uvas-negra-y-almendra-73g\/","url":"https:\/\/www.prestigioytradicion.com\/product\/just-for-cheese-uvas-negra-y-almendra-73g\/","name":"Just for Cheese Uvas Negra y Almendra 73g - Prestigio &amp; Tradici&oacute;n","isPartOf":{"@id":"https:\/\/www.prestigioytradicion.com\/#website"},"datePublished":"2020-03-22T21:23:03+00:00","dateModified":"2023-07-20T17:39:28+00:00","breadcrumb":{"@id":"https:\/\/www.prestigioytradicion.com\/product\/just-for-cheese-uvas-negra-y-almendra-73g\/#breadcrumb"},"inLanguage":"en-US","potentialAction":[{"@type":"ReadAction","target":["https:\/\/www.prestigioytradicion.com\/product\/just-for-cheese-uvas-negra-y-almendra-73g\/"]}]},{"@type":"BreadcrumbList","@id":"https:\/\/www.prestigioytradicion.com\/product\/just-for-cheese-uvas-negra-y-almendra-73g\/#breadcrumb","itemListElement":[{"@type":"ListItem","position":1,"name":"Home","item":"https:\/\/www.prestigioytradicion.com\/"},{"@type":"ListItem","position":2,"name":"Tienda","item":"https:\/\/www.prestigioytradicion.com\/shop\/"},{"@type":"ListItem","position":3,"name":"Just for Cheese Uvas Negra y Almendra 73g"}]},{"@type":"WebSite","@id":"https:\/\/www.prestigioytradicion.com\/#website","url":"https:\/\/www.prestigioytradicion.com\/","name":"Prestigio &amp; Tradici&oacute;n","description":"Un extraordinario mundo gourmet de alta calidad para todos","publisher":{"@id":"https:\/\/www.prestigioytradicion.com\/#organization"},"potentialAction":[{"@type":"SearchAction","target":{"@type":"EntryPoint","urlTemplate":"https:\/\/www.prestigioytradicion.com\/?s={search_term_string}"},"query-input":"required name=search_term_string"}],"inLanguage":"en-US"},{"@type":"Organization","@id":"https:\/\/www.prestigioytradicion.com\/#organization","name":"Prestigio & Tradici\u00f3n","url":"https:\/\/www.prestigioytradicion.com\/","logo":{"@type":"ImageObject","inLanguage":"en-US","@id":"https:\/\/www.prestigioytradicion.com\/#\/schema\/logo\/image\/","url":"https:\/\/www.prestigioytradicion.com\/wp-content\/uploads\/LOGO-PyT-Facturas-WEB-150x150-SIN-FONDO.png","contentUrl":"https:\/\/www.prestigioytradicion.com\/wp-content\/uploads\/LOGO-PyT-Facturas-WEB-150x150-SIN-FONDO.png","width":150,"height":150,"caption":"Prestigio & Tradici\u00f3n"},"image":{"@id":"https:\/\/www.prestigioytradicion.com\/#\/schema\/logo\/image\/"}}]}},"_links":{"self":[{"href":"https:\/\/www.prestigioytradicion.com\/en\/wp-json\/wp\/v2\/product\/1985"}],"collection":[{"href":"https:\/\/www.prestigioytradicion.com\/en\/wp-json\/wp\/v2\/product"}],"about":[{"href":"https:\/\/www.prestigioytradicion.com\/en\/wp-json\/wp\/v2\/types\/product"}],"replies":[{"embeddable":true,"href":"https:\/\/www.prestigioytradicion.com\/en\/wp-json\/wp\/v2\/comments?post=1985"}],"version-history":[{"count":1,"href":"https:\/\/www.prestigioytradicion.com\/en\/wp-json\/wp\/v2\/product\/1985\/revisions"}],"predecessor-version":[{"id":9839,"href":"https:\/\/www.prestigioytradicion.com\/en\/wp-json\/wp\/v2\/product\/1985\/revisions\/9839"}],"wp:featuredmedia":[{"embeddable":true,"href":"https:\/\/www.prestigioytradicion.com\/en\/wp-json\/wp\/v2\/media\/1968"}],"wp:attachment":[{"href":"https:\/\/www.prestigioytradicion.com\/en\/wp-json\/wp\/v2\/media?parent=1985"}],"wp:term":[{"taxonomy":"product_cat","embeddable":true,"href":"https:\/\/www.prestigioytradicion.com\/en\/wp-json\/wp\/v2\/product_cat?post=1985"},{"taxonomy":"product_tag","embeddable":true,"href":"https:\/\/www.prestigioytradicion.com\/en\/wp-json\/wp\/v2\/product_tag?post=1985"}],"curies":[{"name":"wp","href":"https:\/\/api.w.org\/{rel}","templated":true}]}}