{"id":2018,"date":"2020-03-22T22:29:56","date_gmt":"2020-03-22T22:29:56","guid":{"rendered":"https:\/\/www.prestigioytradicion.com\/?post_type=product&#038;p=2018"},"modified":"2023-07-20T18:39:27","modified_gmt":"2023-07-20T17:39:27","slug":"salsa-oliva-verde-arbequina","status":"publish","type":"product","link":"https:\/\/www.prestigioytradicion.com\/en\/product\/salsa-oliva-verde-arbequina\/","title":{"rendered":"Salsa Oliva Verde Arbequina\u00a0"},"content":{"rendered":"","protected":false},"excerpt":{"rendered":"<p><strong>Origen: <\/strong>Girona<br \/>\n<strong>Peso Neto: <\/strong>135 gramos<br \/>\n<strong>Ingredientes:<\/strong> Aceituna Arbequina triturada, aceite de oliva virgen extra 5%.<br \/>\n<strong>Caracteristicas:<\/strong> 100% Natural<br \/>\n<strong>Descripci\u00f3n:<\/strong> Olivada verde elaborada con aceitunas 100% arbequinas, una variedad muy apreciada de tama\u00f1o reducido y sabor intenso, con la que se<br \/>\nelaboran aceites de oliva de gran calidad.<br \/>\nIdeal como aperitivo para acompa\u00f1ar un canap\u00e9 o emulsionar con aceite de oliva arbequina para una buena ensalada. Tambi\u00e9n para<br \/>\nacompa\u00f1ar una pasta con tomate natural y or\u00e9gano<\/p>\n","protected":false},"featured_media":2019,"comment_status":"closed","ping_status":"closed","template":"","meta":[],"product_cat":[77],"product_tag":[],"bundled_by":[],"bundle_stock_status":"instock","bundle_stock_quantity":null,"bundle_virtual":false,"bundle_layout":"","bundle_add_to_cart_form_location":"","bundle_editable_in_cart":false,"bundle_sold_individually_context":"","bundle_item_grouping":"","bundle_min_size":"","bundle_max_size":"","bundle_price":[],"bundled_items":[],"bundle_sell_ids":[],"yoast_head":"<!-- This site is optimized with the Yoast SEO Premium plugin v21.9 (Yoast SEO v21.9.1) - https:\/\/yoast.com\/wordpress\/plugins\/seo\/ -->\n<title>Salsa Oliva Verde Arbequina\u00a0 - Prestigio &amp; Tradici&oacute;n<\/title>\n<meta name=\"robots\" content=\"index, follow, max-snippet:-1, max-image-preview:large, max-video-preview:-1\" \/>\n<link rel=\"canonical\" href=\"https:\/\/www.prestigioytradicion.com\/product\/salsa-oliva-verde-arbequina\/\" \/>\n<meta property=\"og:locale\" content=\"en_US\" \/>\n<meta property=\"og:type\" content=\"article\" \/>\n<meta property=\"og:title\" content=\"Salsa Oliva Verde Arbequina\u00a0\" \/>\n<meta property=\"og:description\" content=\"Origen: Girona Peso Neto: 135 gramos Ingredientes: Aceituna Arbequina triturada, aceite de oliva virgen extra 5%. Caracteristicas: 100% Natural Descripci\u00f3n: Olivada verde elaborada con aceitunas 100% arbequinas, una variedad muy apreciada de tama\u00f1o reducido y sabor intenso, con la que se elaboran aceites de oliva de gran calidad. Ideal como aperitivo para acompa\u00f1ar un canap\u00e9 o emulsionar con aceite de oliva arbequina para una buena ensalada. Tambi\u00e9n para acompa\u00f1ar una pasta con tomate natural y or\u00e9gano\" \/>\n<meta property=\"og:url\" content=\"https:\/\/www.prestigioytradicion.com\/product\/salsa-oliva-verde-arbequina\/\" \/>\n<meta property=\"og:site_name\" content=\"Prestigio &amp; Tradici&oacute;n\" \/>\n<meta property=\"article:modified_time\" content=\"2023-07-20T17:39:27+00:00\" \/>\n<meta property=\"og:image\" content=\"https:\/\/www.prestigioytradicion.com\/wp-content\/uploads\/olivada_verde-ok.jpg\" \/>\n\t<meta property=\"og:image:width\" content=\"618\" \/>\n\t<meta property=\"og:image:height\" content=\"293\" \/>\n\t<meta property=\"og:image:type\" content=\"image\/jpeg\" \/>\n<meta name=\"twitter:card\" content=\"summary_large_image\" \/>\n<script type=\"application\/ld+json\" class=\"yoast-schema-graph\">{\"@context\":\"https:\/\/schema.org\",\"@graph\":[{\"@type\":\"WebPage\",\"@id\":\"https:\/\/www.prestigioytradicion.com\/product\/salsa-oliva-verde-arbequina\/\",\"url\":\"https:\/\/www.prestigioytradicion.com\/product\/salsa-oliva-verde-arbequina\/\",\"name\":\"Salsa Oliva Verde Arbequina\u00a0 - Prestigio &amp; Tradici&oacute;n\",\"isPartOf\":{\"@id\":\"https:\/\/www.prestigioytradicion.com\/#website\"},\"datePublished\":\"2020-03-22T22:29:56+00:00\",\"dateModified\":\"2023-07-20T17:39:27+00:00\",\"breadcrumb\":{\"@id\":\"https:\/\/www.prestigioytradicion.com\/product\/salsa-oliva-verde-arbequina\/#breadcrumb\"},\"inLanguage\":\"en-US\",\"potentialAction\":[{\"@type\":\"ReadAction\",\"target\":[\"https:\/\/www.prestigioytradicion.com\/product\/salsa-oliva-verde-arbequina\/\"]}]},{\"@type\":\"BreadcrumbList\",\"@id\":\"https:\/\/www.prestigioytradicion.com\/product\/salsa-oliva-verde-arbequina\/#breadcrumb\",\"itemListElement\":[{\"@type\":\"ListItem\",\"position\":1,\"name\":\"Home\",\"item\":\"https:\/\/www.prestigioytradicion.com\/\"},{\"@type\":\"ListItem\",\"position\":2,\"name\":\"Tienda\",\"item\":\"https:\/\/www.prestigioytradicion.com\/shop\/\"},{\"@type\":\"ListItem\",\"position\":3,\"name\":\"Salsa Oliva Verde Arbequina\u00a0\"}]},{\"@type\":\"WebSite\",\"@id\":\"https:\/\/www.prestigioytradicion.com\/#website\",\"url\":\"https:\/\/www.prestigioytradicion.com\/\",\"name\":\"Prestigio &amp; Tradici&oacute;n\",\"description\":\"Un extraordinario mundo gourmet de alta calidad para todos\",\"publisher\":{\"@id\":\"https:\/\/www.prestigioytradicion.com\/#organization\"},\"potentialAction\":[{\"@type\":\"SearchAction\",\"target\":{\"@type\":\"EntryPoint\",\"urlTemplate\":\"https:\/\/www.prestigioytradicion.com\/?s={search_term_string}\"},\"query-input\":\"required name=search_term_string\"}],\"inLanguage\":\"en-US\"},{\"@type\":\"Organization\",\"@id\":\"https:\/\/www.prestigioytradicion.com\/#organization\",\"name\":\"Prestigio & Tradici\u00f3n\",\"url\":\"https:\/\/www.prestigioytradicion.com\/\",\"logo\":{\"@type\":\"ImageObject\",\"inLanguage\":\"en-US\",\"@id\":\"https:\/\/www.prestigioytradicion.com\/#\/schema\/logo\/image\/\",\"url\":\"https:\/\/www.prestigioytradicion.com\/wp-content\/uploads\/LOGO-PyT-Facturas-WEB-150x150-SIN-FONDO.png\",\"contentUrl\":\"https:\/\/www.prestigioytradicion.com\/wp-content\/uploads\/LOGO-PyT-Facturas-WEB-150x150-SIN-FONDO.png\",\"width\":150,\"height\":150,\"caption\":\"Prestigio & Tradici\u00f3n\"},\"image\":{\"@id\":\"https:\/\/www.prestigioytradicion.com\/#\/schema\/logo\/image\/\"}}]}<\/script>\n<!-- \/ Yoast SEO Premium plugin. -->","yoast_head_json":{"title":"Salsa Oliva Verde Arbequina\u00a0 - Prestigio &amp; Tradici&oacute;n","robots":{"index":"index","follow":"follow","max-snippet":"max-snippet:-1","max-image-preview":"max-image-preview:large","max-video-preview":"max-video-preview:-1"},"canonical":"https:\/\/www.prestigioytradicion.com\/product\/salsa-oliva-verde-arbequina\/","og_locale":"en_US","og_type":"article","og_title":"Salsa Oliva Verde Arbequina\u00a0","og_description":"Origen: Girona Peso Neto: 135 gramos Ingredientes: Aceituna Arbequina triturada, aceite de oliva virgen extra 5%. Caracteristicas: 100% Natural Descripci\u00f3n: Olivada verde elaborada con aceitunas 100% arbequinas, una variedad muy apreciada de tama\u00f1o reducido y sabor intenso, con la que se elaboran aceites de oliva de gran calidad. Ideal como aperitivo para acompa\u00f1ar un canap\u00e9 o emulsionar con aceite de oliva arbequina para una buena ensalada. Tambi\u00e9n para acompa\u00f1ar una pasta con tomate natural y or\u00e9gano","og_url":"https:\/\/www.prestigioytradicion.com\/product\/salsa-oliva-verde-arbequina\/","og_site_name":"Prestigio &amp; Tradici&oacute;n","article_modified_time":"2023-07-20T17:39:27+00:00","og_image":[{"width":618,"height":293,"url":"https:\/\/www.prestigioytradicion.com\/wp-content\/uploads\/olivada_verde-ok.jpg","type":"image\/jpeg"}],"twitter_card":"summary_large_image","schema":{"@context":"https:\/\/schema.org","@graph":[{"@type":"WebPage","@id":"https:\/\/www.prestigioytradicion.com\/product\/salsa-oliva-verde-arbequina\/","url":"https:\/\/www.prestigioytradicion.com\/product\/salsa-oliva-verde-arbequina\/","name":"Salsa Oliva Verde Arbequina\u00a0 - Prestigio &amp; Tradici&oacute;n","isPartOf":{"@id":"https:\/\/www.prestigioytradicion.com\/#website"},"datePublished":"2020-03-22T22:29:56+00:00","dateModified":"2023-07-20T17:39:27+00:00","breadcrumb":{"@id":"https:\/\/www.prestigioytradicion.com\/product\/salsa-oliva-verde-arbequina\/#breadcrumb"},"inLanguage":"en-US","potentialAction":[{"@type":"ReadAction","target":["https:\/\/www.prestigioytradicion.com\/product\/salsa-oliva-verde-arbequina\/"]}]},{"@type":"BreadcrumbList","@id":"https:\/\/www.prestigioytradicion.com\/product\/salsa-oliva-verde-arbequina\/#breadcrumb","itemListElement":[{"@type":"ListItem","position":1,"name":"Home","item":"https:\/\/www.prestigioytradicion.com\/"},{"@type":"ListItem","position":2,"name":"Tienda","item":"https:\/\/www.prestigioytradicion.com\/shop\/"},{"@type":"ListItem","position":3,"name":"Salsa Oliva Verde Arbequina\u00a0"}]},{"@type":"WebSite","@id":"https:\/\/www.prestigioytradicion.com\/#website","url":"https:\/\/www.prestigioytradicion.com\/","name":"Prestigio &amp; Tradici&oacute;n","description":"Un extraordinario mundo gourmet de alta calidad para todos","publisher":{"@id":"https:\/\/www.prestigioytradicion.com\/#organization"},"potentialAction":[{"@type":"SearchAction","target":{"@type":"EntryPoint","urlTemplate":"https:\/\/www.prestigioytradicion.com\/?s={search_term_string}"},"query-input":"required name=search_term_string"}],"inLanguage":"en-US"},{"@type":"Organization","@id":"https:\/\/www.prestigioytradicion.com\/#organization","name":"Prestigio & Tradici\u00f3n","url":"https:\/\/www.prestigioytradicion.com\/","logo":{"@type":"ImageObject","inLanguage":"en-US","@id":"https:\/\/www.prestigioytradicion.com\/#\/schema\/logo\/image\/","url":"https:\/\/www.prestigioytradicion.com\/wp-content\/uploads\/LOGO-PyT-Facturas-WEB-150x150-SIN-FONDO.png","contentUrl":"https:\/\/www.prestigioytradicion.com\/wp-content\/uploads\/LOGO-PyT-Facturas-WEB-150x150-SIN-FONDO.png","width":150,"height":150,"caption":"Prestigio & Tradici\u00f3n"},"image":{"@id":"https:\/\/www.prestigioytradicion.com\/#\/schema\/logo\/image\/"}}]}},"_links":{"self":[{"href":"https:\/\/www.prestigioytradicion.com\/en\/wp-json\/wp\/v2\/product\/2018"}],"collection":[{"href":"https:\/\/www.prestigioytradicion.com\/en\/wp-json\/wp\/v2\/product"}],"about":[{"href":"https:\/\/www.prestigioytradicion.com\/en\/wp-json\/wp\/v2\/types\/product"}],"replies":[{"embeddable":true,"href":"https:\/\/www.prestigioytradicion.com\/en\/wp-json\/wp\/v2\/comments?post=2018"}],"version-history":[{"count":1,"href":"https:\/\/www.prestigioytradicion.com\/en\/wp-json\/wp\/v2\/product\/2018\/revisions"}],"predecessor-version":[{"id":9828,"href":"https:\/\/www.prestigioytradicion.com\/en\/wp-json\/wp\/v2\/product\/2018\/revisions\/9828"}],"wp:featuredmedia":[{"embeddable":true,"href":"https:\/\/www.prestigioytradicion.com\/en\/wp-json\/wp\/v2\/media\/2019"}],"wp:attachment":[{"href":"https:\/\/www.prestigioytradicion.com\/en\/wp-json\/wp\/v2\/media?parent=2018"}],"wp:term":[{"taxonomy":"product_cat","embeddable":true,"href":"https:\/\/www.prestigioytradicion.com\/en\/wp-json\/wp\/v2\/product_cat?post=2018"},{"taxonomy":"product_tag","embeddable":true,"href":"https:\/\/www.prestigioytradicion.com\/en\/wp-json\/wp\/v2\/product_tag?post=2018"}],"curies":[{"name":"wp","href":"https:\/\/api.w.org\/{rel}","templated":true}]}}