{"id":2022,"date":"2020-03-22T22:35:15","date_gmt":"2020-03-22T22:35:15","guid":{"rendered":"https:\/\/www.prestigioytradicion.com\/?post_type=product&#038;p=2022"},"modified":"2023-07-20T18:39:27","modified_gmt":"2023-07-20T17:39:27","slug":"salsa-romesco","status":"publish","type":"product","link":"https:\/\/www.prestigioytradicion.com\/en\/product\/salsa-romesco\/","title":{"rendered":"Salsa Romesco\u00a0"},"content":{"rendered":"","protected":false},"excerpt":{"rendered":"<p><strong>Origen:<\/strong> Girona<br \/>\n<strong>Peso Neto: <\/strong>140 gramos<br \/>\n<strong>Ingredientes<\/strong>: Ingredientes: Aceite de oliva virgen, ajo, almendras, pan rallado (trigo), \u00f1ora, tomate, vinagre y pimienta<br \/>\nnegra.<br \/>\n<strong>Descripci\u00f3n:<\/strong> La salsa romesco es una salsa t\u00edpica de Catalu\u00f1a, concretamente de Cambrils (Tarragona). Se hace a base de tomates, cebollas, \u00f1oras,<br \/>\nguindillas, almendras y avellanas tostadas. Como suele pasar con los platos populares, existen casi tantas versiones como cocineros.<br \/>\nEl romesco tiene la espl\u00e9ndida capacidad de convertir en deliciosa cualquier ensalada o verdura. Ideal, sin duda, para acompa\u00f1ar los<br \/>\ncal\u00e7ots<\/p>\n","protected":false},"featured_media":2259,"comment_status":"closed","ping_status":"closed","template":"","meta":[],"product_cat":[77],"product_tag":[],"bundled_by":[],"bundle_stock_status":"outofstock","bundle_stock_quantity":null,"bundle_virtual":false,"bundle_layout":"","bundle_add_to_cart_form_location":"","bundle_editable_in_cart":false,"bundle_sold_individually_context":"","bundle_item_grouping":"","bundle_min_size":"","bundle_max_size":"","bundle_price":[],"bundled_items":[],"bundle_sell_ids":[],"yoast_head":"<!-- This site is optimized with the Yoast SEO Premium plugin v21.9 (Yoast SEO v21.9.1) - https:\/\/yoast.com\/wordpress\/plugins\/seo\/ -->\n<title>Salsa Romesco\u00a0 - Prestigio &amp; Tradici&oacute;n<\/title>\n<meta name=\"robots\" content=\"index, follow, max-snippet:-1, max-image-preview:large, max-video-preview:-1\" \/>\n<link rel=\"canonical\" href=\"https:\/\/www.prestigioytradicion.com\/en\/product\/salsa-romesco\/\" \/>\n<meta property=\"og:locale\" content=\"en_US\" \/>\n<meta property=\"og:type\" content=\"article\" \/>\n<meta property=\"og:title\" content=\"Salsa Romesco\u00a0\" \/>\n<meta property=\"og:description\" content=\"Origen: Girona Peso Neto: 140 gramos Ingredientes: Ingredientes: Aceite de oliva virgen, ajo, almendras, pan rallado (trigo), \u00f1ora, tomate, vinagre y pimienta negra. Descripci\u00f3n: La salsa romesco es una salsa t\u00edpica de Catalu\u00f1a, concretamente de Cambrils (Tarragona). Se hace a base de tomates, cebollas, \u00f1oras, guindillas, almendras y avellanas tostadas. Como suele pasar con los platos populares, existen casi tantas versiones como cocineros. El romesco tiene la espl\u00e9ndida capacidad de convertir en deliciosa cualquier ensalada o verdura. Ideal, sin duda, para acompa\u00f1ar los cal\u00e7ots\" \/>\n<meta property=\"og:url\" content=\"https:\/\/www.prestigioytradicion.com\/en\/product\/salsa-romesco\/\" \/>\n<meta property=\"og:site_name\" content=\"Prestigio &amp; Tradici&oacute;n\" \/>\n<meta property=\"article:modified_time\" content=\"2023-07-20T17:39:27+00:00\" \/>\n<meta property=\"og:image\" content=\"https:\/\/www.prestigioytradicion.com\/wp-content\/uploads\/romesco-sauce-484.png\" \/>\n\t<meta property=\"og:image:width\" content=\"341\" \/>\n\t<meta property=\"og:image:height\" content=\"328\" \/>\n\t<meta property=\"og:image:type\" content=\"image\/png\" \/>\n<meta name=\"twitter:card\" content=\"summary_large_image\" \/>\n<script type=\"application\/ld+json\" class=\"yoast-schema-graph\">{\"@context\":\"https:\/\/schema.org\",\"@graph\":[{\"@type\":\"WebPage\",\"@id\":\"https:\/\/www.prestigioytradicion.com\/en\/product\/salsa-romesco\/\",\"url\":\"https:\/\/www.prestigioytradicion.com\/en\/product\/salsa-romesco\/\",\"name\":\"Salsa Romesco\u00a0 - Prestigio &amp; Tradici&oacute;n\",\"isPartOf\":{\"@id\":\"https:\/\/www.prestigioytradicion.com\/#website\"},\"datePublished\":\"2020-03-22T22:35:15+00:00\",\"dateModified\":\"2023-07-20T17:39:27+00:00\",\"breadcrumb\":{\"@id\":\"https:\/\/www.prestigioytradicion.com\/en\/product\/salsa-romesco\/#breadcrumb\"},\"inLanguage\":\"en-US\",\"potentialAction\":[{\"@type\":\"ReadAction\",\"target\":[\"https:\/\/www.prestigioytradicion.com\/en\/product\/salsa-romesco\/\"]}]},{\"@type\":\"BreadcrumbList\",\"@id\":\"https:\/\/www.prestigioytradicion.com\/en\/product\/salsa-romesco\/#breadcrumb\",\"itemListElement\":[{\"@type\":\"ListItem\",\"position\":1,\"name\":\"Home\",\"item\":\"https:\/\/www.prestigioytradicion.com\/\"},{\"@type\":\"ListItem\",\"position\":2,\"name\":\"Tienda\",\"item\":\"https:\/\/www.prestigioytradicion.com\/shop\/\"},{\"@type\":\"ListItem\",\"position\":3,\"name\":\"Salsa Romesco\u00a0\"}]},{\"@type\":\"WebSite\",\"@id\":\"https:\/\/www.prestigioytradicion.com\/#website\",\"url\":\"https:\/\/www.prestigioytradicion.com\/\",\"name\":\"Prestigio &amp; Tradici&oacute;n\",\"description\":\"Un extraordinario mundo gourmet de alta calidad para todos\",\"publisher\":{\"@id\":\"https:\/\/www.prestigioytradicion.com\/#organization\"},\"potentialAction\":[{\"@type\":\"SearchAction\",\"target\":{\"@type\":\"EntryPoint\",\"urlTemplate\":\"https:\/\/www.prestigioytradicion.com\/?s={search_term_string}\"},\"query-input\":\"required name=search_term_string\"}],\"inLanguage\":\"en-US\"},{\"@type\":\"Organization\",\"@id\":\"https:\/\/www.prestigioytradicion.com\/#organization\",\"name\":\"Prestigio & Tradici\u00f3n\",\"url\":\"https:\/\/www.prestigioytradicion.com\/\",\"logo\":{\"@type\":\"ImageObject\",\"inLanguage\":\"en-US\",\"@id\":\"https:\/\/www.prestigioytradicion.com\/#\/schema\/logo\/image\/\",\"url\":\"https:\/\/www.prestigioytradicion.com\/wp-content\/uploads\/LOGO-PyT-Facturas-WEB-150x150-SIN-FONDO.png\",\"contentUrl\":\"https:\/\/www.prestigioytradicion.com\/wp-content\/uploads\/LOGO-PyT-Facturas-WEB-150x150-SIN-FONDO.png\",\"width\":150,\"height\":150,\"caption\":\"Prestigio & Tradici\u00f3n\"},\"image\":{\"@id\":\"https:\/\/www.prestigioytradicion.com\/#\/schema\/logo\/image\/\"}}]}<\/script>\n<!-- \/ Yoast SEO Premium plugin. -->","yoast_head_json":{"title":"Salsa Romesco\u00a0 - Prestigio &amp; Tradici&oacute;n","robots":{"index":"index","follow":"follow","max-snippet":"max-snippet:-1","max-image-preview":"max-image-preview:large","max-video-preview":"max-video-preview:-1"},"canonical":"https:\/\/www.prestigioytradicion.com\/en\/product\/salsa-romesco\/","og_locale":"en_US","og_type":"article","og_title":"Salsa Romesco\u00a0","og_description":"Origen: Girona Peso Neto: 140 gramos Ingredientes: Ingredientes: Aceite de oliva virgen, ajo, almendras, pan rallado (trigo), \u00f1ora, tomate, vinagre y pimienta negra. Descripci\u00f3n: La salsa romesco es una salsa t\u00edpica de Catalu\u00f1a, concretamente de Cambrils (Tarragona). Se hace a base de tomates, cebollas, \u00f1oras, guindillas, almendras y avellanas tostadas. Como suele pasar con los platos populares, existen casi tantas versiones como cocineros. El romesco tiene la espl\u00e9ndida capacidad de convertir en deliciosa cualquier ensalada o verdura. Ideal, sin duda, para acompa\u00f1ar los cal\u00e7ots","og_url":"https:\/\/www.prestigioytradicion.com\/en\/product\/salsa-romesco\/","og_site_name":"Prestigio &amp; Tradici&oacute;n","article_modified_time":"2023-07-20T17:39:27+00:00","og_image":[{"width":341,"height":328,"url":"https:\/\/www.prestigioytradicion.com\/wp-content\/uploads\/romesco-sauce-484.png","type":"image\/png"}],"twitter_card":"summary_large_image","schema":{"@context":"https:\/\/schema.org","@graph":[{"@type":"WebPage","@id":"https:\/\/www.prestigioytradicion.com\/en\/product\/salsa-romesco\/","url":"https:\/\/www.prestigioytradicion.com\/en\/product\/salsa-romesco\/","name":"Salsa Romesco\u00a0 - Prestigio &amp; Tradici&oacute;n","isPartOf":{"@id":"https:\/\/www.prestigioytradicion.com\/#website"},"datePublished":"2020-03-22T22:35:15+00:00","dateModified":"2023-07-20T17:39:27+00:00","breadcrumb":{"@id":"https:\/\/www.prestigioytradicion.com\/en\/product\/salsa-romesco\/#breadcrumb"},"inLanguage":"en-US","potentialAction":[{"@type":"ReadAction","target":["https:\/\/www.prestigioytradicion.com\/en\/product\/salsa-romesco\/"]}]},{"@type":"BreadcrumbList","@id":"https:\/\/www.prestigioytradicion.com\/en\/product\/salsa-romesco\/#breadcrumb","itemListElement":[{"@type":"ListItem","position":1,"name":"Home","item":"https:\/\/www.prestigioytradicion.com\/"},{"@type":"ListItem","position":2,"name":"Tienda","item":"https:\/\/www.prestigioytradicion.com\/shop\/"},{"@type":"ListItem","position":3,"name":"Salsa Romesco\u00a0"}]},{"@type":"WebSite","@id":"https:\/\/www.prestigioytradicion.com\/#website","url":"https:\/\/www.prestigioytradicion.com\/","name":"Prestigio &amp; Tradici&oacute;n","description":"Un extraordinario mundo gourmet de alta calidad para todos","publisher":{"@id":"https:\/\/www.prestigioytradicion.com\/#organization"},"potentialAction":[{"@type":"SearchAction","target":{"@type":"EntryPoint","urlTemplate":"https:\/\/www.prestigioytradicion.com\/?s={search_term_string}"},"query-input":"required name=search_term_string"}],"inLanguage":"en-US"},{"@type":"Organization","@id":"https:\/\/www.prestigioytradicion.com\/#organization","name":"Prestigio & Tradici\u00f3n","url":"https:\/\/www.prestigioytradicion.com\/","logo":{"@type":"ImageObject","inLanguage":"en-US","@id":"https:\/\/www.prestigioytradicion.com\/#\/schema\/logo\/image\/","url":"https:\/\/www.prestigioytradicion.com\/wp-content\/uploads\/LOGO-PyT-Facturas-WEB-150x150-SIN-FONDO.png","contentUrl":"https:\/\/www.prestigioytradicion.com\/wp-content\/uploads\/LOGO-PyT-Facturas-WEB-150x150-SIN-FONDO.png","width":150,"height":150,"caption":"Prestigio & Tradici\u00f3n"},"image":{"@id":"https:\/\/www.prestigioytradicion.com\/#\/schema\/logo\/image\/"}}]}},"_links":{"self":[{"href":"https:\/\/www.prestigioytradicion.com\/en\/wp-json\/wp\/v2\/product\/2022"}],"collection":[{"href":"https:\/\/www.prestigioytradicion.com\/en\/wp-json\/wp\/v2\/product"}],"about":[{"href":"https:\/\/www.prestigioytradicion.com\/en\/wp-json\/wp\/v2\/types\/product"}],"replies":[{"embeddable":true,"href":"https:\/\/www.prestigioytradicion.com\/en\/wp-json\/wp\/v2\/comments?post=2022"}],"version-history":[{"count":1,"href":"https:\/\/www.prestigioytradicion.com\/en\/wp-json\/wp\/v2\/product\/2022\/revisions"}],"predecessor-version":[{"id":9826,"href":"https:\/\/www.prestigioytradicion.com\/en\/wp-json\/wp\/v2\/product\/2022\/revisions\/9826"}],"wp:featuredmedia":[{"embeddable":true,"href":"https:\/\/www.prestigioytradicion.com\/en\/wp-json\/wp\/v2\/media\/2259"}],"wp:attachment":[{"href":"https:\/\/www.prestigioytradicion.com\/en\/wp-json\/wp\/v2\/media?parent=2022"}],"wp:term":[{"taxonomy":"product_cat","embeddable":true,"href":"https:\/\/www.prestigioytradicion.com\/en\/wp-json\/wp\/v2\/product_cat?post=2022"},{"taxonomy":"product_tag","embeddable":true,"href":"https:\/\/www.prestigioytradicion.com\/en\/wp-json\/wp\/v2\/product_tag?post=2022"}],"curies":[{"name":"wp","href":"https:\/\/api.w.org\/{rel}","templated":true}]}}