{"id":2056,"date":"2020-03-23T18:12:08","date_gmt":"2020-03-23T17:12:08","guid":{"rendered":"https:\/\/www.prestigioytradicion.com\/?post_type=product&#038;p=2056"},"modified":"2023-07-20T18:39:27","modified_gmt":"2023-07-20T17:39:27","slug":"crema-balsamica-trufa-negra","status":"publish","type":"product","link":"https:\/\/www.prestigioytradicion.com\/en\/product\/crema-balsamica-trufa-negra\/","title":{"rendered":"Crema Bals\u00e1mica Trufa Negra"},"content":{"rendered":"","protected":false},"excerpt":{"rendered":"<p>&nbsp;<\/p>\n<p>&nbsp;<\/p>\n<p><strong>Origen: <\/strong>Soria<\/p>\n<p><strong>Peso Neto:\u00a0<\/strong>250 ml<\/p>\n<p><strong>Variedad:<\/strong> Crema Balsamica Modena<br \/>\n<strong>Ingredientes:<\/strong> Vinagre Balsamico de modena, azuar, aromas de trufa negra<br \/>\n<strong>Caracteristicas:<\/strong> Trufa Negra<br \/>\n<strong>Descripci\u00f3n<\/strong>: Una sorprendente fusi\u00f3n de trufa con crema de vinagre bals\u00e1mico, dulce, cremosa, densa, oscura, que aporta un sabor extraordinario a tus<\/p>\n<p>platos.<br \/>\nEs el aderezo perfecto para acompa\u00f1ar y decorar tus ensaladas, gazpachos, carnes asadas, verduras y guarniciones, y tambi\u00e9n con postres<\/p>\n","protected":false},"featured_media":2057,"comment_status":"closed","ping_status":"closed","template":"","meta":[],"product_cat":[77],"product_tag":[],"bundled_by":[],"bundle_stock_status":"outofstock","bundle_stock_quantity":null,"bundle_virtual":false,"bundle_layout":"","bundle_add_to_cart_form_location":"","bundle_editable_in_cart":false,"bundle_sold_individually_context":"","bundle_item_grouping":"","bundle_min_size":"","bundle_max_size":"","bundle_price":[],"bundled_items":[],"bundle_sell_ids":[],"yoast_head":"<!-- This site is optimized with the Yoast SEO Premium plugin v21.9 (Yoast SEO v21.9.1) - https:\/\/yoast.com\/wordpress\/plugins\/seo\/ -->\n<title>Crema Bals\u00e1mica Trufa Negra - Prestigio &amp; Tradici&oacute;n<\/title>\n<meta name=\"robots\" content=\"index, follow, max-snippet:-1, max-image-preview:large, max-video-preview:-1\" \/>\n<link rel=\"canonical\" href=\"https:\/\/www.prestigioytradicion.com\/product\/crema-balsamica-trufa-negra\/\" \/>\n<meta property=\"og:locale\" content=\"en_US\" \/>\n<meta property=\"og:type\" content=\"article\" \/>\n<meta property=\"og:title\" content=\"Crema Bals\u00e1mica Trufa Negra\" \/>\n<meta property=\"og:description\" content=\"&nbsp;  &nbsp;  Origen: Soria  Peso Neto:\u00a0250 ml  Variedad: Crema Balsamica Modena Ingredientes: Vinagre Balsamico de modena, azuar, aromas de trufa negra Caracteristicas: Trufa Negra Descripci\u00f3n: Una sorprendente fusi\u00f3n de trufa con crema de vinagre bals\u00e1mico, dulce, cremosa, densa, oscura, que aporta un sabor extraordinario a tus  platos. Es el aderezo perfecto para acompa\u00f1ar y decorar tus ensaladas, gazpachos, carnes asadas, verduras y guarniciones, y tambi\u00e9n con postres\" \/>\n<meta property=\"og:url\" content=\"https:\/\/www.prestigioytradicion.com\/product\/crema-balsamica-trufa-negra\/\" \/>\n<meta property=\"og:site_name\" content=\"Prestigio &amp; Tradici&oacute;n\" \/>\n<meta property=\"article:modified_time\" content=\"2023-07-20T17:39:27+00:00\" \/>\n<meta property=\"og:image\" content=\"https:\/\/www.prestigioytradicion.com\/wp-content\/uploads\/descarga-3.jpg\" \/>\n\t<meta property=\"og:image:width\" content=\"200\" \/>\n\t<meta property=\"og:image:height\" content=\"252\" \/>\n\t<meta property=\"og:image:type\" content=\"image\/jpeg\" \/>\n<meta name=\"twitter:card\" content=\"summary_large_image\" \/>\n<script type=\"application\/ld+json\" class=\"yoast-schema-graph\">{\"@context\":\"https:\/\/schema.org\",\"@graph\":[{\"@type\":\"WebPage\",\"@id\":\"https:\/\/www.prestigioytradicion.com\/product\/crema-balsamica-trufa-negra\/\",\"url\":\"https:\/\/www.prestigioytradicion.com\/product\/crema-balsamica-trufa-negra\/\",\"name\":\"Crema Bals\u00e1mica Trufa Negra - Prestigio &amp; Tradici&oacute;n\",\"isPartOf\":{\"@id\":\"https:\/\/www.prestigioytradicion.com\/#website\"},\"datePublished\":\"2020-03-23T17:12:08+00:00\",\"dateModified\":\"2023-07-20T17:39:27+00:00\",\"breadcrumb\":{\"@id\":\"https:\/\/www.prestigioytradicion.com\/product\/crema-balsamica-trufa-negra\/#breadcrumb\"},\"inLanguage\":\"en-US\",\"potentialAction\":[{\"@type\":\"ReadAction\",\"target\":[\"https:\/\/www.prestigioytradicion.com\/product\/crema-balsamica-trufa-negra\/\"]}]},{\"@type\":\"BreadcrumbList\",\"@id\":\"https:\/\/www.prestigioytradicion.com\/product\/crema-balsamica-trufa-negra\/#breadcrumb\",\"itemListElement\":[{\"@type\":\"ListItem\",\"position\":1,\"name\":\"Home\",\"item\":\"https:\/\/www.prestigioytradicion.com\/\"},{\"@type\":\"ListItem\",\"position\":2,\"name\":\"Tienda\",\"item\":\"https:\/\/www.prestigioytradicion.com\/shop\/\"},{\"@type\":\"ListItem\",\"position\":3,\"name\":\"Crema Bals\u00e1mica Trufa Negra\"}]},{\"@type\":\"WebSite\",\"@id\":\"https:\/\/www.prestigioytradicion.com\/#website\",\"url\":\"https:\/\/www.prestigioytradicion.com\/\",\"name\":\"Prestigio &amp; Tradici&oacute;n\",\"description\":\"Un extraordinario mundo gourmet de alta calidad para todos\",\"publisher\":{\"@id\":\"https:\/\/www.prestigioytradicion.com\/#organization\"},\"potentialAction\":[{\"@type\":\"SearchAction\",\"target\":{\"@type\":\"EntryPoint\",\"urlTemplate\":\"https:\/\/www.prestigioytradicion.com\/?s={search_term_string}\"},\"query-input\":\"required name=search_term_string\"}],\"inLanguage\":\"en-US\"},{\"@type\":\"Organization\",\"@id\":\"https:\/\/www.prestigioytradicion.com\/#organization\",\"name\":\"Prestigio & Tradici\u00f3n\",\"url\":\"https:\/\/www.prestigioytradicion.com\/\",\"logo\":{\"@type\":\"ImageObject\",\"inLanguage\":\"en-US\",\"@id\":\"https:\/\/www.prestigioytradicion.com\/#\/schema\/logo\/image\/\",\"url\":\"https:\/\/www.prestigioytradicion.com\/wp-content\/uploads\/LOGO-PyT-Facturas-WEB-150x150-SIN-FONDO.png\",\"contentUrl\":\"https:\/\/www.prestigioytradicion.com\/wp-content\/uploads\/LOGO-PyT-Facturas-WEB-150x150-SIN-FONDO.png\",\"width\":150,\"height\":150,\"caption\":\"Prestigio & Tradici\u00f3n\"},\"image\":{\"@id\":\"https:\/\/www.prestigioytradicion.com\/#\/schema\/logo\/image\/\"}}]}<\/script>\n<!-- \/ Yoast SEO Premium plugin. -->","yoast_head_json":{"title":"Crema Bals\u00e1mica Trufa Negra - Prestigio &amp; Tradici&oacute;n","robots":{"index":"index","follow":"follow","max-snippet":"max-snippet:-1","max-image-preview":"max-image-preview:large","max-video-preview":"max-video-preview:-1"},"canonical":"https:\/\/www.prestigioytradicion.com\/product\/crema-balsamica-trufa-negra\/","og_locale":"en_US","og_type":"article","og_title":"Crema Bals\u00e1mica Trufa Negra","og_description":"&nbsp;  &nbsp;  Origen: Soria  Peso Neto:\u00a0250 ml  Variedad: Crema Balsamica Modena Ingredientes: Vinagre Balsamico de modena, azuar, aromas de trufa negra Caracteristicas: Trufa Negra Descripci\u00f3n: Una sorprendente fusi\u00f3n de trufa con crema de vinagre bals\u00e1mico, dulce, cremosa, densa, oscura, que aporta un sabor extraordinario a tus  platos. Es el aderezo perfecto para acompa\u00f1ar y decorar tus ensaladas, gazpachos, carnes asadas, verduras y guarniciones, y tambi\u00e9n con postres","og_url":"https:\/\/www.prestigioytradicion.com\/product\/crema-balsamica-trufa-negra\/","og_site_name":"Prestigio &amp; Tradici&oacute;n","article_modified_time":"2023-07-20T17:39:27+00:00","og_image":[{"width":200,"height":252,"url":"https:\/\/www.prestigioytradicion.com\/wp-content\/uploads\/descarga-3.jpg","type":"image\/jpeg"}],"twitter_card":"summary_large_image","schema":{"@context":"https:\/\/schema.org","@graph":[{"@type":"WebPage","@id":"https:\/\/www.prestigioytradicion.com\/product\/crema-balsamica-trufa-negra\/","url":"https:\/\/www.prestigioytradicion.com\/product\/crema-balsamica-trufa-negra\/","name":"Crema Bals\u00e1mica Trufa Negra - Prestigio &amp; Tradici&oacute;n","isPartOf":{"@id":"https:\/\/www.prestigioytradicion.com\/#website"},"datePublished":"2020-03-23T17:12:08+00:00","dateModified":"2023-07-20T17:39:27+00:00","breadcrumb":{"@id":"https:\/\/www.prestigioytradicion.com\/product\/crema-balsamica-trufa-negra\/#breadcrumb"},"inLanguage":"en-US","potentialAction":[{"@type":"ReadAction","target":["https:\/\/www.prestigioytradicion.com\/product\/crema-balsamica-trufa-negra\/"]}]},{"@type":"BreadcrumbList","@id":"https:\/\/www.prestigioytradicion.com\/product\/crema-balsamica-trufa-negra\/#breadcrumb","itemListElement":[{"@type":"ListItem","position":1,"name":"Home","item":"https:\/\/www.prestigioytradicion.com\/"},{"@type":"ListItem","position":2,"name":"Tienda","item":"https:\/\/www.prestigioytradicion.com\/shop\/"},{"@type":"ListItem","position":3,"name":"Crema Bals\u00e1mica Trufa Negra"}]},{"@type":"WebSite","@id":"https:\/\/www.prestigioytradicion.com\/#website","url":"https:\/\/www.prestigioytradicion.com\/","name":"Prestigio &amp; Tradici&oacute;n","description":"Un extraordinario mundo gourmet de alta calidad para todos","publisher":{"@id":"https:\/\/www.prestigioytradicion.com\/#organization"},"potentialAction":[{"@type":"SearchAction","target":{"@type":"EntryPoint","urlTemplate":"https:\/\/www.prestigioytradicion.com\/?s={search_term_string}"},"query-input":"required name=search_term_string"}],"inLanguage":"en-US"},{"@type":"Organization","@id":"https:\/\/www.prestigioytradicion.com\/#organization","name":"Prestigio & Tradici\u00f3n","url":"https:\/\/www.prestigioytradicion.com\/","logo":{"@type":"ImageObject","inLanguage":"en-US","@id":"https:\/\/www.prestigioytradicion.com\/#\/schema\/logo\/image\/","url":"https:\/\/www.prestigioytradicion.com\/wp-content\/uploads\/LOGO-PyT-Facturas-WEB-150x150-SIN-FONDO.png","contentUrl":"https:\/\/www.prestigioytradicion.com\/wp-content\/uploads\/LOGO-PyT-Facturas-WEB-150x150-SIN-FONDO.png","width":150,"height":150,"caption":"Prestigio & Tradici\u00f3n"},"image":{"@id":"https:\/\/www.prestigioytradicion.com\/#\/schema\/logo\/image\/"}}]}},"_links":{"self":[{"href":"https:\/\/www.prestigioytradicion.com\/en\/wp-json\/wp\/v2\/product\/2056"}],"collection":[{"href":"https:\/\/www.prestigioytradicion.com\/en\/wp-json\/wp\/v2\/product"}],"about":[{"href":"https:\/\/www.prestigioytradicion.com\/en\/wp-json\/wp\/v2\/types\/product"}],"replies":[{"embeddable":true,"href":"https:\/\/www.prestigioytradicion.com\/en\/wp-json\/wp\/v2\/comments?post=2056"}],"version-history":[{"count":1,"href":"https:\/\/www.prestigioytradicion.com\/en\/wp-json\/wp\/v2\/product\/2056\/revisions"}],"predecessor-version":[{"id":9668,"href":"https:\/\/www.prestigioytradicion.com\/en\/wp-json\/wp\/v2\/product\/2056\/revisions\/9668"}],"wp:featuredmedia":[{"embeddable":true,"href":"https:\/\/www.prestigioytradicion.com\/en\/wp-json\/wp\/v2\/media\/2057"}],"wp:attachment":[{"href":"https:\/\/www.prestigioytradicion.com\/en\/wp-json\/wp\/v2\/media?parent=2056"}],"wp:term":[{"taxonomy":"product_cat","embeddable":true,"href":"https:\/\/www.prestigioytradicion.com\/en\/wp-json\/wp\/v2\/product_cat?post=2056"},{"taxonomy":"product_tag","embeddable":true,"href":"https:\/\/www.prestigioytradicion.com\/en\/wp-json\/wp\/v2\/product_tag?post=2056"}],"curies":[{"name":"wp","href":"https:\/\/api.w.org\/{rel}","templated":true}]}}