{"id":2710,"date":"2020-04-02T18:10:52","date_gmt":"2020-04-02T17:10:52","guid":{"rendered":"https:\/\/www.prestigioytradicion.com\/product\/import-placeholder-for-245\/"},"modified":"2023-07-20T18:39:26","modified_gmt":"2023-07-20T17:39:26","slug":"foie-gras-mi-cuit-entero-250g","status":"publish","type":"product","link":"https:\/\/www.prestigioytradicion.com\/en\/product\/foie-gras-mi-cuit-entero-250g\/","title":{"rendered":"Foie-gras Mi-Cuit Entero 250g"},"content":{"rendered":"","protected":false},"excerpt":{"rendered":"<p><strong>Origen<\/strong>: Soria<\/p>\n<p><strong>Peso<\/strong>: 250g<\/p>\n<p><strong>Ingredientes<\/strong>: Higado de Pato Moulard, sal, az\u00facar, pimienta y licor<\/p>\n<p><span id=\"ctl00_ContenedorPrincipal_LabelDescripcion\"><strong>Foie gras MI CUIT<\/strong> es un trozo de h\u00edgado graso de pato \u00edntegro (sin triturar) \u00a0envasado al vac\u00edo y sometido a un ligero tratamiento de calor (pasteurizaci\u00f3n) que apenas altera la estructura f\u00edsica, la composici\u00f3n y las caracter\u00edsticas organol\u00e9pticas del foie gras.<\/span><\/p>\n<p><strong>Consejos de uso<\/strong><\/p>\n<p>El Foie Gras Mi Cuit corresponde a un trozo \u00edntegro de h\u00edgado graso de pato sin triturar, y por tanto, tiene una textura para cortar.<\/p>\n<p>C\u00f3mo servir foie gras; sacar el Foie Gras del frigor\u00edfico y mantenerlo a temperatura ambiente entre 5 y 20 minutos antes de degustarlo para poder apreciar todas sus cualidades.<\/p>\n<p>Una vez abierto, cortar en lonchas finas. Para ello utilizar un cuchillo bien afilado, previamente pasado por agua caliente,\u00a0y efectuar los cortes sobre el foi gras fr\u00edo.\u00a0Tambi\u00e9n se puede utilizar una lira de cortar queso o mantequilla.<\/p>\n<p>Si lo queremos consumir en fr\u00edo, deberemos mantenerlo 10 minutos a temperatura ambiente para que alcance las caracter\u00edsticas de aroma, textura y sabor del mejor foie gras.<\/p>\n<p>En caliente, tras lonchearlo, lo podremos dorar en una sart\u00e9n o plancha seca.<\/p>\n<p>Merece ser acompa\u00f1ado de un vino de calidad. Los vinos semidulces de uva moscatel o malvas\u00eda, los tintos, los rosados,\u2026 o un cava son algunas de las posibles elecciones.<\/p>\n","protected":false},"featured_media":3359,"comment_status":"closed","ping_status":"closed","template":"","meta":[],"product_cat":[770],"product_tag":[],"bundled_by":[],"bundle_stock_status":"instock","bundle_stock_quantity":null,"bundle_virtual":false,"bundle_layout":"","bundle_add_to_cart_form_location":"","bundle_editable_in_cart":false,"bundle_sold_individually_context":"","bundle_item_grouping":"","bundle_min_size":"","bundle_max_size":"","bundle_price":[],"bundled_items":[],"bundle_sell_ids":[],"yoast_head":"<!-- This site is optimized with the Yoast SEO Premium plugin v21.9 (Yoast SEO v21.9.1) - https:\/\/yoast.com\/wordpress\/plugins\/seo\/ -->\n<title>Foie-gras Mi-Cuit Entero 250g - Prestigio &amp; Tradici&oacute;n<\/title>\n<meta name=\"robots\" content=\"index, follow, max-snippet:-1, max-image-preview:large, max-video-preview:-1\" \/>\n<link rel=\"canonical\" href=\"https:\/\/www.prestigioytradicion.com\/product\/foie-gras-mi-cuit-entero-250g\/\" \/>\n<meta property=\"og:locale\" content=\"en_US\" \/>\n<meta property=\"og:type\" content=\"article\" \/>\n<meta property=\"og:title\" content=\"Foie-gras Mi-Cuit Entero 250g\" \/>\n<meta property=\"og:description\" content=\"Origen: Soria  Peso: 250g  Ingredientes: Higado de Pato Moulard, sal, az\u00facar, pimienta y licor  Foie gras MI CUIT es un trozo de h\u00edgado graso de pato \u00edntegro (sin triturar) \u00a0envasado al vac\u00edo y sometido a un ligero tratamiento de calor (pasteurizaci\u00f3n) que apenas altera la estructura f\u00edsica, la composici\u00f3n y las caracter\u00edsticas organol\u00e9pticas del foie gras.  Consejos de uso  El Foie Gras Mi Cuit corresponde a un trozo \u00edntegro de h\u00edgado graso de pato sin triturar, y por tanto, tiene una textura para cortar.  C\u00f3mo servir foie gras; sacar el Foie Gras del frigor\u00edfico y mantenerlo a temperatura ambiente entre 5 y 20 minutos antes de degustarlo para poder apreciar todas sus cualidades.  Una vez abierto, cortar en lonchas finas. Para ello utilizar un cuchillo bien afilado, previamente pasado por agua caliente,\u00a0y efectuar los cortes sobre el foi gras fr\u00edo.\u00a0Tambi\u00e9n se puede utilizar una lira de cortar queso o mantequilla.  Si lo queremos consumir en fr\u00edo, deberemos mantenerlo 10 minutos a temperatura ambiente para que alcance las caracter\u00edsticas de aroma, textura y sabor del mejor foie gras.  En caliente, tras lonchearlo, lo podremos dorar en una sart\u00e9n o plancha seca.  Merece ser acompa\u00f1ado de un vino de calidad. Los vinos semidulces de uva moscatel o malvas\u00eda, los tintos, los rosados,\u2026 o un cava son algunas de las posibles elecciones.\" \/>\n<meta property=\"og:url\" content=\"https:\/\/www.prestigioytradicion.com\/product\/foie-gras-mi-cuit-entero-250g\/\" \/>\n<meta property=\"og:site_name\" content=\"Prestigio &amp; Tradici&oacute;n\" \/>\n<meta property=\"article:modified_time\" content=\"2023-07-20T17:39:26+00:00\" \/>\n<meta property=\"og:image\" content=\"https:\/\/www.prestigioytradicion.com\/wp-content\/uploads\/foiepatocmFoie-de-Pato-Mi-Cuit-Artesano-sobre-Carpaccio-de-Jam\u00f3n-Ib\u00e9rico-de-Bellota-corral-de-la-moreria-1440x808-1-e1586164214553.jpg\" \/>\n\t<meta property=\"og:image:width\" content=\"813\" \/>\n\t<meta property=\"og:image:height\" content=\"806\" \/>\n\t<meta property=\"og:image:type\" content=\"image\/jpeg\" \/>\n<meta name=\"twitter:card\" content=\"summary_large_image\" \/>\n<script type=\"application\/ld+json\" class=\"yoast-schema-graph\">{\"@context\":\"https:\/\/schema.org\",\"@graph\":[{\"@type\":\"WebPage\",\"@id\":\"https:\/\/www.prestigioytradicion.com\/product\/foie-gras-mi-cuit-entero-250g\/\",\"url\":\"https:\/\/www.prestigioytradicion.com\/product\/foie-gras-mi-cuit-entero-250g\/\",\"name\":\"Foie-gras Mi-Cuit Entero 250g - Prestigio &amp; Tradici&oacute;n\",\"isPartOf\":{\"@id\":\"https:\/\/www.prestigioytradicion.com\/#website\"},\"datePublished\":\"2020-04-02T17:10:52+00:00\",\"dateModified\":\"2023-07-20T17:39:26+00:00\",\"breadcrumb\":{\"@id\":\"https:\/\/www.prestigioytradicion.com\/product\/foie-gras-mi-cuit-entero-250g\/#breadcrumb\"},\"inLanguage\":\"en-US\",\"potentialAction\":[{\"@type\":\"ReadAction\",\"target\":[\"https:\/\/www.prestigioytradicion.com\/product\/foie-gras-mi-cuit-entero-250g\/\"]}]},{\"@type\":\"BreadcrumbList\",\"@id\":\"https:\/\/www.prestigioytradicion.com\/product\/foie-gras-mi-cuit-entero-250g\/#breadcrumb\",\"itemListElement\":[{\"@type\":\"ListItem\",\"position\":1,\"name\":\"Home\",\"item\":\"https:\/\/www.prestigioytradicion.com\/\"},{\"@type\":\"ListItem\",\"position\":2,\"name\":\"Tienda\",\"item\":\"https:\/\/www.prestigioytradicion.com\/shop\/\"},{\"@type\":\"ListItem\",\"position\":3,\"name\":\"Foie-gras Mi-Cuit Entero 250g\"}]},{\"@type\":\"WebSite\",\"@id\":\"https:\/\/www.prestigioytradicion.com\/#website\",\"url\":\"https:\/\/www.prestigioytradicion.com\/\",\"name\":\"Prestigio &amp; Tradici&oacute;n\",\"description\":\"Un extraordinario mundo gourmet de alta calidad para todos\",\"publisher\":{\"@id\":\"https:\/\/www.prestigioytradicion.com\/#organization\"},\"potentialAction\":[{\"@type\":\"SearchAction\",\"target\":{\"@type\":\"EntryPoint\",\"urlTemplate\":\"https:\/\/www.prestigioytradicion.com\/?s={search_term_string}\"},\"query-input\":\"required name=search_term_string\"}],\"inLanguage\":\"en-US\"},{\"@type\":\"Organization\",\"@id\":\"https:\/\/www.prestigioytradicion.com\/#organization\",\"name\":\"Prestigio & Tradici\u00f3n\",\"url\":\"https:\/\/www.prestigioytradicion.com\/\",\"logo\":{\"@type\":\"ImageObject\",\"inLanguage\":\"en-US\",\"@id\":\"https:\/\/www.prestigioytradicion.com\/#\/schema\/logo\/image\/\",\"url\":\"https:\/\/www.prestigioytradicion.com\/wp-content\/uploads\/LOGO-PyT-Facturas-WEB-150x150-SIN-FONDO.png\",\"contentUrl\":\"https:\/\/www.prestigioytradicion.com\/wp-content\/uploads\/LOGO-PyT-Facturas-WEB-150x150-SIN-FONDO.png\",\"width\":150,\"height\":150,\"caption\":\"Prestigio & Tradici\u00f3n\"},\"image\":{\"@id\":\"https:\/\/www.prestigioytradicion.com\/#\/schema\/logo\/image\/\"}}]}<\/script>\n<!-- \/ Yoast SEO Premium plugin. -->","yoast_head_json":{"title":"Foie-gras Mi-Cuit Entero 250g - Prestigio &amp; Tradici&oacute;n","robots":{"index":"index","follow":"follow","max-snippet":"max-snippet:-1","max-image-preview":"max-image-preview:large","max-video-preview":"max-video-preview:-1"},"canonical":"https:\/\/www.prestigioytradicion.com\/product\/foie-gras-mi-cuit-entero-250g\/","og_locale":"en_US","og_type":"article","og_title":"Foie-gras Mi-Cuit Entero 250g","og_description":"Origen: Soria  Peso: 250g  Ingredientes: Higado de Pato Moulard, sal, az\u00facar, pimienta y licor  Foie gras MI CUIT es un trozo de h\u00edgado graso de pato \u00edntegro (sin triturar) \u00a0envasado al vac\u00edo y sometido a un ligero tratamiento de calor (pasteurizaci\u00f3n) que apenas altera la estructura f\u00edsica, la composici\u00f3n y las caracter\u00edsticas organol\u00e9pticas del foie gras.  Consejos de uso  El Foie Gras Mi Cuit corresponde a un trozo \u00edntegro de h\u00edgado graso de pato sin triturar, y por tanto, tiene una textura para cortar.  C\u00f3mo servir foie gras; sacar el Foie Gras del frigor\u00edfico y mantenerlo a temperatura ambiente entre 5 y 20 minutos antes de degustarlo para poder apreciar todas sus cualidades.  Una vez abierto, cortar en lonchas finas. Para ello utilizar un cuchillo bien afilado, previamente pasado por agua caliente,\u00a0y efectuar los cortes sobre el foi gras fr\u00edo.\u00a0Tambi\u00e9n se puede utilizar una lira de cortar queso o mantequilla.  Si lo queremos consumir en fr\u00edo, deberemos mantenerlo 10 minutos a temperatura ambiente para que alcance las caracter\u00edsticas de aroma, textura y sabor del mejor foie gras.  En caliente, tras lonchearlo, lo podremos dorar en una sart\u00e9n o plancha seca.  Merece ser acompa\u00f1ado de un vino de calidad. Los vinos semidulces de uva moscatel o malvas\u00eda, los tintos, los rosados,\u2026 o un cava son algunas de las posibles elecciones.","og_url":"https:\/\/www.prestigioytradicion.com\/product\/foie-gras-mi-cuit-entero-250g\/","og_site_name":"Prestigio &amp; Tradici&oacute;n","article_modified_time":"2023-07-20T17:39:26+00:00","og_image":[{"width":813,"height":806,"url":"https:\/\/www.prestigioytradicion.com\/wp-content\/uploads\/foiepatocmFoie-de-Pato-Mi-Cuit-Artesano-sobre-Carpaccio-de-Jam\u00f3n-Ib\u00e9rico-de-Bellota-corral-de-la-moreria-1440x808-1-e1586164214553.jpg","type":"image\/jpeg"}],"twitter_card":"summary_large_image","schema":{"@context":"https:\/\/schema.org","@graph":[{"@type":"WebPage","@id":"https:\/\/www.prestigioytradicion.com\/product\/foie-gras-mi-cuit-entero-250g\/","url":"https:\/\/www.prestigioytradicion.com\/product\/foie-gras-mi-cuit-entero-250g\/","name":"Foie-gras Mi-Cuit Entero 250g - Prestigio &amp; Tradici&oacute;n","isPartOf":{"@id":"https:\/\/www.prestigioytradicion.com\/#website"},"datePublished":"2020-04-02T17:10:52+00:00","dateModified":"2023-07-20T17:39:26+00:00","breadcrumb":{"@id":"https:\/\/www.prestigioytradicion.com\/product\/foie-gras-mi-cuit-entero-250g\/#breadcrumb"},"inLanguage":"en-US","potentialAction":[{"@type":"ReadAction","target":["https:\/\/www.prestigioytradicion.com\/product\/foie-gras-mi-cuit-entero-250g\/"]}]},{"@type":"BreadcrumbList","@id":"https:\/\/www.prestigioytradicion.com\/product\/foie-gras-mi-cuit-entero-250g\/#breadcrumb","itemListElement":[{"@type":"ListItem","position":1,"name":"Home","item":"https:\/\/www.prestigioytradicion.com\/"},{"@type":"ListItem","position":2,"name":"Tienda","item":"https:\/\/www.prestigioytradicion.com\/shop\/"},{"@type":"ListItem","position":3,"name":"Foie-gras Mi-Cuit Entero 250g"}]},{"@type":"WebSite","@id":"https:\/\/www.prestigioytradicion.com\/#website","url":"https:\/\/www.prestigioytradicion.com\/","name":"Prestigio &amp; Tradici&oacute;n","description":"Un extraordinario mundo gourmet de alta calidad para todos","publisher":{"@id":"https:\/\/www.prestigioytradicion.com\/#organization"},"potentialAction":[{"@type":"SearchAction","target":{"@type":"EntryPoint","urlTemplate":"https:\/\/www.prestigioytradicion.com\/?s={search_term_string}"},"query-input":"required name=search_term_string"}],"inLanguage":"en-US"},{"@type":"Organization","@id":"https:\/\/www.prestigioytradicion.com\/#organization","name":"Prestigio & Tradici\u00f3n","url":"https:\/\/www.prestigioytradicion.com\/","logo":{"@type":"ImageObject","inLanguage":"en-US","@id":"https:\/\/www.prestigioytradicion.com\/#\/schema\/logo\/image\/","url":"https:\/\/www.prestigioytradicion.com\/wp-content\/uploads\/LOGO-PyT-Facturas-WEB-150x150-SIN-FONDO.png","contentUrl":"https:\/\/www.prestigioytradicion.com\/wp-content\/uploads\/LOGO-PyT-Facturas-WEB-150x150-SIN-FONDO.png","width":150,"height":150,"caption":"Prestigio & Tradici\u00f3n"},"image":{"@id":"https:\/\/www.prestigioytradicion.com\/#\/schema\/logo\/image\/"}}]}},"_links":{"self":[{"href":"https:\/\/www.prestigioytradicion.com\/en\/wp-json\/wp\/v2\/product\/2710"}],"collection":[{"href":"https:\/\/www.prestigioytradicion.com\/en\/wp-json\/wp\/v2\/product"}],"about":[{"href":"https:\/\/www.prestigioytradicion.com\/en\/wp-json\/wp\/v2\/types\/product"}],"replies":[{"embeddable":true,"href":"https:\/\/www.prestigioytradicion.com\/en\/wp-json\/wp\/v2\/comments?post=2710"}],"version-history":[{"count":1,"href":"https:\/\/www.prestigioytradicion.com\/en\/wp-json\/wp\/v2\/product\/2710\/revisions"}],"predecessor-version":[{"id":9605,"href":"https:\/\/www.prestigioytradicion.com\/en\/wp-json\/wp\/v2\/product\/2710\/revisions\/9605"}],"wp:featuredmedia":[{"embeddable":true,"href":"https:\/\/www.prestigioytradicion.com\/en\/wp-json\/wp\/v2\/media\/3359"}],"wp:attachment":[{"href":"https:\/\/www.prestigioytradicion.com\/en\/wp-json\/wp\/v2\/media?parent=2710"}],"wp:term":[{"taxonomy":"product_cat","embeddable":true,"href":"https:\/\/www.prestigioytradicion.com\/en\/wp-json\/wp\/v2\/product_cat?post=2710"},{"taxonomy":"product_tag","embeddable":true,"href":"https:\/\/www.prestigioytradicion.com\/en\/wp-json\/wp\/v2\/product_tag?post=2710"}],"curies":[{"name":"wp","href":"https:\/\/api.w.org\/{rel}","templated":true}]}}