{"id":2715,"date":"2020-04-02T18:10:52","date_gmt":"2020-04-02T17:10:52","guid":{"rendered":"https:\/\/www.prestigioytradicion.com\/product\/import-placeholder-for-251\/"},"modified":"2023-07-20T18:39:26","modified_gmt":"2023-07-20T17:39:26","slug":"cordero-nacional-deshuesado","status":"publish","type":"product","link":"https:\/\/www.prestigioytradicion.com\/en\/product\/cordero-nacional-deshuesado\/","title":{"rendered":"Cordero Nacional deshuesado"},"content":{"rendered":"<p>Envase: Al Vac\u00edo \u2022 Producto: Congelado \u2022 Unidades por Caja: 16 \u2022 SinGluten: S\u00cd \u2022 BIO: NO<\/p>\n","protected":false},"excerpt":{"rendered":"<p><strong>Origen<\/strong>: Girona<\/p>\n<p><strong>Peso<\/strong>: 170g<\/p>\n<p><strong>Presentaci\u00f3n<\/strong>: Congelado y al vac\u00edo<\/p>\n<p><strong>Ingredientes<\/strong>: Cordero espa\u00f1ol deshuesado y sal<\/p>\n<p><b>Descripci\u00f3n<\/b>: Cordero nacional confitado en aceite de oliva a baja temperatura durante varias horas de cocci\u00f3n.<br \/>\nSeleccionamos solamente cordero nacional de alta cal<\/p>\n<p><b>Preparaci\u00f3n<\/b>: Descongelar y marcar a la plancha o sart\u00e9n por una cara<\/p>\n","protected":false},"featured_media":9486,"comment_status":"closed","ping_status":"closed","template":"","meta":[],"product_cat":[839],"product_tag":[],"bundled_by":[],"bundle_stock_status":"instock","bundle_stock_quantity":null,"bundle_virtual":false,"bundle_layout":"","bundle_add_to_cart_form_location":"","bundle_editable_in_cart":false,"bundle_sold_individually_context":"","bundle_item_grouping":"","bundle_min_size":"","bundle_max_size":"","bundle_price":[],"bundled_items":[],"bundle_sell_ids":[],"yoast_head":"<!-- This site is optimized with the Yoast SEO Premium plugin v21.9 (Yoast SEO v21.9.1) - https:\/\/yoast.com\/wordpress\/plugins\/seo\/ -->\n<title>Cordero Nacional deshuesado - Prestigio &amp; Tradici&oacute;n<\/title>\n<meta name=\"robots\" content=\"index, follow, max-snippet:-1, max-image-preview:large, max-video-preview:-1\" \/>\n<link rel=\"canonical\" href=\"https:\/\/www.prestigioytradicion.com\/product\/cordero-nacional-deshuesado\/\" \/>\n<meta property=\"og:locale\" content=\"en_US\" \/>\n<meta property=\"og:type\" content=\"article\" \/>\n<meta property=\"og:title\" content=\"Cordero Nacional deshuesado\" \/>\n<meta property=\"og:description\" content=\"Origen: Girona  Peso: 170g  Presentaci\u00f3n: Congelado y al vac\u00edo  Ingredientes: Cordero espa\u00f1ol deshuesado y sal  Descripci\u00f3n: Cordero nacional confitado en aceite de oliva a baja temperatura durante varias horas de cocci\u00f3n. Seleccionamos solamente cordero nacional de alta cal  Preparaci\u00f3n: Descongelar y marcar a la plancha o sart\u00e9n por una cara\" \/>\n<meta property=\"og:url\" content=\"https:\/\/www.prestigioytradicion.com\/product\/cordero-nacional-deshuesado\/\" \/>\n<meta property=\"og:site_name\" content=\"Prestigio &amp; Tradici&oacute;n\" \/>\n<meta property=\"article:modified_time\" content=\"2023-07-20T17:39:26+00:00\" \/>\n<meta property=\"og:image\" content=\"https:\/\/www.prestigioytradicion.com\/wp-content\/uploads\/Cordero-Nacional-Deshuesado-Cuadrado-1559x1037-1.png\" \/>\n\t<meta property=\"og:image:width\" content=\"1559\" \/>\n\t<meta property=\"og:image:height\" content=\"1037\" \/>\n\t<meta property=\"og:image:type\" content=\"image\/png\" \/>\n<meta name=\"twitter:card\" content=\"summary_large_image\" \/>\n<script type=\"application\/ld+json\" class=\"yoast-schema-graph\">{\"@context\":\"https:\/\/schema.org\",\"@graph\":[{\"@type\":\"WebPage\",\"@id\":\"https:\/\/www.prestigioytradicion.com\/product\/cordero-nacional-deshuesado\/\",\"url\":\"https:\/\/www.prestigioytradicion.com\/product\/cordero-nacional-deshuesado\/\",\"name\":\"Cordero Nacional deshuesado - Prestigio &amp; Tradici&oacute;n\",\"isPartOf\":{\"@id\":\"https:\/\/www.prestigioytradicion.com\/#website\"},\"datePublished\":\"2020-04-02T17:10:52+00:00\",\"dateModified\":\"2023-07-20T17:39:26+00:00\",\"breadcrumb\":{\"@id\":\"https:\/\/www.prestigioytradicion.com\/product\/cordero-nacional-deshuesado\/#breadcrumb\"},\"inLanguage\":\"en-US\",\"potentialAction\":[{\"@type\":\"ReadAction\",\"target\":[\"https:\/\/www.prestigioytradicion.com\/product\/cordero-nacional-deshuesado\/\"]}]},{\"@type\":\"BreadcrumbList\",\"@id\":\"https:\/\/www.prestigioytradicion.com\/product\/cordero-nacional-deshuesado\/#breadcrumb\",\"itemListElement\":[{\"@type\":\"ListItem\",\"position\":1,\"name\":\"Home\",\"item\":\"https:\/\/www.prestigioytradicion.com\/\"},{\"@type\":\"ListItem\",\"position\":2,\"name\":\"Tienda\",\"item\":\"https:\/\/www.prestigioytradicion.com\/shop\/\"},{\"@type\":\"ListItem\",\"position\":3,\"name\":\"Cordero Nacional deshuesado\"}]},{\"@type\":\"WebSite\",\"@id\":\"https:\/\/www.prestigioytradicion.com\/#website\",\"url\":\"https:\/\/www.prestigioytradicion.com\/\",\"name\":\"Prestigio &amp; Tradici&oacute;n\",\"description\":\"Un extraordinario mundo gourmet de alta calidad para todos\",\"publisher\":{\"@id\":\"https:\/\/www.prestigioytradicion.com\/#organization\"},\"potentialAction\":[{\"@type\":\"SearchAction\",\"target\":{\"@type\":\"EntryPoint\",\"urlTemplate\":\"https:\/\/www.prestigioytradicion.com\/?s={search_term_string}\"},\"query-input\":\"required name=search_term_string\"}],\"inLanguage\":\"en-US\"},{\"@type\":\"Organization\",\"@id\":\"https:\/\/www.prestigioytradicion.com\/#organization\",\"name\":\"Prestigio & Tradici\u00f3n\",\"url\":\"https:\/\/www.prestigioytradicion.com\/\",\"logo\":{\"@type\":\"ImageObject\",\"inLanguage\":\"en-US\",\"@id\":\"https:\/\/www.prestigioytradicion.com\/#\/schema\/logo\/image\/\",\"url\":\"https:\/\/www.prestigioytradicion.com\/wp-content\/uploads\/LOGO-PyT-Facturas-WEB-150x150-SIN-FONDO.png\",\"contentUrl\":\"https:\/\/www.prestigioytradicion.com\/wp-content\/uploads\/LOGO-PyT-Facturas-WEB-150x150-SIN-FONDO.png\",\"width\":150,\"height\":150,\"caption\":\"Prestigio & Tradici\u00f3n\"},\"image\":{\"@id\":\"https:\/\/www.prestigioytradicion.com\/#\/schema\/logo\/image\/\"}}]}<\/script>\n<!-- \/ Yoast SEO Premium plugin. -->","yoast_head_json":{"title":"Cordero Nacional deshuesado - Prestigio &amp; Tradici&oacute;n","robots":{"index":"index","follow":"follow","max-snippet":"max-snippet:-1","max-image-preview":"max-image-preview:large","max-video-preview":"max-video-preview:-1"},"canonical":"https:\/\/www.prestigioytradicion.com\/product\/cordero-nacional-deshuesado\/","og_locale":"en_US","og_type":"article","og_title":"Cordero Nacional deshuesado","og_description":"Origen: Girona  Peso: 170g  Presentaci\u00f3n: Congelado y al vac\u00edo  Ingredientes: Cordero espa\u00f1ol deshuesado y sal  Descripci\u00f3n: Cordero nacional confitado en aceite de oliva a baja temperatura durante varias horas de cocci\u00f3n. Seleccionamos solamente cordero nacional de alta cal  Preparaci\u00f3n: Descongelar y marcar a la plancha o sart\u00e9n por una cara","og_url":"https:\/\/www.prestigioytradicion.com\/product\/cordero-nacional-deshuesado\/","og_site_name":"Prestigio &amp; Tradici&oacute;n","article_modified_time":"2023-07-20T17:39:26+00:00","og_image":[{"width":1559,"height":1037,"url":"https:\/\/www.prestigioytradicion.com\/wp-content\/uploads\/Cordero-Nacional-Deshuesado-Cuadrado-1559x1037-1.png","type":"image\/png"}],"twitter_card":"summary_large_image","schema":{"@context":"https:\/\/schema.org","@graph":[{"@type":"WebPage","@id":"https:\/\/www.prestigioytradicion.com\/product\/cordero-nacional-deshuesado\/","url":"https:\/\/www.prestigioytradicion.com\/product\/cordero-nacional-deshuesado\/","name":"Cordero Nacional deshuesado - Prestigio &amp; Tradici&oacute;n","isPartOf":{"@id":"https:\/\/www.prestigioytradicion.com\/#website"},"datePublished":"2020-04-02T17:10:52+00:00","dateModified":"2023-07-20T17:39:26+00:00","breadcrumb":{"@id":"https:\/\/www.prestigioytradicion.com\/product\/cordero-nacional-deshuesado\/#breadcrumb"},"inLanguage":"en-US","potentialAction":[{"@type":"ReadAction","target":["https:\/\/www.prestigioytradicion.com\/product\/cordero-nacional-deshuesado\/"]}]},{"@type":"BreadcrumbList","@id":"https:\/\/www.prestigioytradicion.com\/product\/cordero-nacional-deshuesado\/#breadcrumb","itemListElement":[{"@type":"ListItem","position":1,"name":"Home","item":"https:\/\/www.prestigioytradicion.com\/"},{"@type":"ListItem","position":2,"name":"Tienda","item":"https:\/\/www.prestigioytradicion.com\/shop\/"},{"@type":"ListItem","position":3,"name":"Cordero Nacional deshuesado"}]},{"@type":"WebSite","@id":"https:\/\/www.prestigioytradicion.com\/#website","url":"https:\/\/www.prestigioytradicion.com\/","name":"Prestigio &amp; Tradici&oacute;n","description":"Un extraordinario mundo gourmet de alta calidad para todos","publisher":{"@id":"https:\/\/www.prestigioytradicion.com\/#organization"},"potentialAction":[{"@type":"SearchAction","target":{"@type":"EntryPoint","urlTemplate":"https:\/\/www.prestigioytradicion.com\/?s={search_term_string}"},"query-input":"required name=search_term_string"}],"inLanguage":"en-US"},{"@type":"Organization","@id":"https:\/\/www.prestigioytradicion.com\/#organization","name":"Prestigio & Tradici\u00f3n","url":"https:\/\/www.prestigioytradicion.com\/","logo":{"@type":"ImageObject","inLanguage":"en-US","@id":"https:\/\/www.prestigioytradicion.com\/#\/schema\/logo\/image\/","url":"https:\/\/www.prestigioytradicion.com\/wp-content\/uploads\/LOGO-PyT-Facturas-WEB-150x150-SIN-FONDO.png","contentUrl":"https:\/\/www.prestigioytradicion.com\/wp-content\/uploads\/LOGO-PyT-Facturas-WEB-150x150-SIN-FONDO.png","width":150,"height":150,"caption":"Prestigio & Tradici\u00f3n"},"image":{"@id":"https:\/\/www.prestigioytradicion.com\/#\/schema\/logo\/image\/"}}]}},"_links":{"self":[{"href":"https:\/\/www.prestigioytradicion.com\/en\/wp-json\/wp\/v2\/product\/2715"}],"collection":[{"href":"https:\/\/www.prestigioytradicion.com\/en\/wp-json\/wp\/v2\/product"}],"about":[{"href":"https:\/\/www.prestigioytradicion.com\/en\/wp-json\/wp\/v2\/types\/product"}],"replies":[{"embeddable":true,"href":"https:\/\/www.prestigioytradicion.com\/en\/wp-json\/wp\/v2\/comments?post=2715"}],"version-history":[{"count":4,"href":"https:\/\/www.prestigioytradicion.com\/en\/wp-json\/wp\/v2\/product\/2715\/revisions"}],"predecessor-version":[{"id":9490,"href":"https:\/\/www.prestigioytradicion.com\/en\/wp-json\/wp\/v2\/product\/2715\/revisions\/9490"}],"wp:featuredmedia":[{"embeddable":true,"href":"https:\/\/www.prestigioytradicion.com\/en\/wp-json\/wp\/v2\/media\/9486"}],"wp:attachment":[{"href":"https:\/\/www.prestigioytradicion.com\/en\/wp-json\/wp\/v2\/media?parent=2715"}],"wp:term":[{"taxonomy":"product_cat","embeddable":true,"href":"https:\/\/www.prestigioytradicion.com\/en\/wp-json\/wp\/v2\/product_cat?post=2715"},{"taxonomy":"product_tag","embeddable":true,"href":"https:\/\/www.prestigioytradicion.com\/en\/wp-json\/wp\/v2\/product_tag?post=2715"}],"curies":[{"name":"wp","href":"https:\/\/api.w.org\/{rel}","templated":true}]}}