{"id":3182,"date":"2023-04-04T11:17:09","date_gmt":"2023-04-04T10:17:09","guid":{"rendered":"https:\/\/www.prestigioytradicion.com\/?post_type=product&#038;p=3182"},"modified":"2023-07-20T18:39:24","modified_gmt":"2023-07-20T17:39:24","slug":"croquetas-de-jamon","status":"publish","type":"product","link":"https:\/\/www.prestigioytradicion.com\/en\/product\/croquetas-de-jamon\/","title":{"rendered":"Croquetas de Jam\u00f3n"},"content":{"rendered":"","protected":false},"excerpt":{"rendered":"<p><strong>Origen:\u00a0<\/strong>Guipuzkoa<\/p>\n<p><strong>Peso Neto:<\/strong> 1kg<\/p>\n<p><strong>Peso Unitario:<\/strong> 40g<\/p>\n<p><span style=\"text-decoration: underline;\">Producto\u00a0Congelado<\/span><\/p>\n<p><strong>Ingredientes:<\/strong><\/p>\n<p>Carne de pollo (34%), <span style=\"text-decoration: underline;\"><em>leche<\/em><\/span> entera pasteurizada de vaca (29%), pan rallado (harina de <span style=\"text-decoration: underline;\"><em>trigo<\/em><\/span>, agua, levadura biol\u00f3gica, colorantes curcumina y extracto de piment\u00f3n), harina de <span style=\"text-decoration: underline;\"><em>trigo<\/em><\/span> y almid\u00f3n de <span style=\"text-decoration: underline;\"><em>trigo<\/em><\/span>, jam\u00f3n serrano (5%) (carne de jam\u00f3n de cerdo, sal, conservante nitrito s\u00f3dico y nitrato pot\u00e1sico, antioxidante ascorbato s\u00f3dico), aceite de oliva, harina de trigo, mantequilla (<span style=\"text-decoration: underline;\"><em>derivado de leche<\/em><\/span>), caldo de pollo asado (<span style=\"text-decoration: underline;\"><em>gluten y apio<\/em><\/span>), ajo, gelificante metilcelulosa, pimienta negra y romero.<\/p>\n<p><strong>Contiene<\/strong> <em>Gluten, leche y derivados. <\/em>Puede contener trazas de crust\u00e1ceos, huevo, pescado, soja, frutos de c\u00e1scara, apio, sulfitos y moluscos.<\/p>\n<p><strong>Descripci\u00f3n:<\/strong><\/p>\n<p>Las\u00a0<strong>croquetas de Pollo asado y Jam\u00f3n<\/strong> est\u00e1n elaboradas de forma totalmente tradicional. Llevan una rica y cremosa bechamel cocinada de forma artesanal con el pollo asado y el jam\u00f3n serrano cortado en trocitos muy peque\u00f1itos. Se utiliza leche de caser\u00edo para mantener el mejor sabor. Por \u00faltimo, se cubre la croqueta con un pan rallado artesanal que las deja crujientes y sabrosas.<\/p>\n<p><strong>Modo de preparaci\u00f3n:<\/strong> Retirar el producto de la bolsa sin descongelar, fre\u00edr sumergi\u00e9ndolo en abundante aceite a 180\u00baC durante 4 minutos, sin sobrecargar de producto la freidora\/sart\u00e9n. Dejar reposar 90 segundos para que entre bien en calor.<\/p>\n","protected":false},"featured_media":3191,"comment_status":"closed","ping_status":"closed","template":"","meta":[],"product_cat":[798,799],"product_tag":[],"bundled_by":[],"bundle_stock_status":"instock","bundle_stock_quantity":null,"bundle_virtual":false,"bundle_layout":"","bundle_add_to_cart_form_location":"","bundle_editable_in_cart":false,"bundle_sold_individually_context":"","bundle_item_grouping":"","bundle_min_size":"","bundle_max_size":"","bundle_price":[],"bundled_items":[],"bundle_sell_ids":[],"yoast_head":"<!-- This site is optimized with the Yoast SEO Premium plugin v21.9 (Yoast SEO v21.9.1) - https:\/\/yoast.com\/wordpress\/plugins\/seo\/ -->\n<title>Croquetas de Jam\u00f3n - Prestigio &amp; Tradici&oacute;n<\/title>\n<meta name=\"robots\" content=\"index, follow, max-snippet:-1, max-image-preview:large, max-video-preview:-1\" \/>\n<link rel=\"canonical\" href=\"https:\/\/www.prestigioytradicion.com\/en\/product\/croquetas-de-jamon\/\" \/>\n<meta property=\"og:locale\" content=\"en_US\" \/>\n<meta property=\"og:type\" content=\"article\" \/>\n<meta property=\"og:title\" content=\"Croquetas de Jam\u00f3n\" \/>\n<meta property=\"og:description\" content=\"Origen:\u00a0Guipuzkoa  Peso Neto: 1kg  Peso Unitario: 40g  Producto\u00a0Congelado  Ingredientes:  Carne de pollo (34%), leche entera pasteurizada de vaca (29%), pan rallado (harina de trigo, agua, levadura biol\u00f3gica, colorantes curcumina y extracto de piment\u00f3n), harina de trigo y almid\u00f3n de trigo, jam\u00f3n serrano (5%) (carne de jam\u00f3n de cerdo, sal, conservante nitrito s\u00f3dico y nitrato pot\u00e1sico, antioxidante ascorbato s\u00f3dico), aceite de oliva, harina de trigo, mantequilla (derivado de leche), caldo de pollo asado (gluten y apio), ajo, gelificante metilcelulosa, pimienta negra y romero.  Contiene Gluten, leche y derivados. Puede contener trazas de crust\u00e1ceos, huevo, pescado, soja, frutos de c\u00e1scara, apio, sulfitos y moluscos.  Descripci\u00f3n:  Las\u00a0croquetas de Pollo asado y Jam\u00f3n est\u00e1n elaboradas de forma totalmente tradicional. Llevan una rica y cremosa bechamel cocinada de forma artesanal con el pollo asado y el jam\u00f3n serrano cortado en trocitos muy peque\u00f1itos. Se utiliza leche de caser\u00edo para mantener el mejor sabor. Por \u00faltimo, se cubre la croqueta con un pan rallado artesanal que las deja crujientes y sabrosas.  Modo de preparaci\u00f3n: Retirar el producto de la bolsa sin descongelar, fre\u00edr sumergi\u00e9ndolo en abundante aceite a 180\u00baC durante 4 minutos, sin sobrecargar de producto la freidora\/sart\u00e9n. Dejar reposar 90 segundos para que entre bien en calor.\" \/>\n<meta property=\"og:url\" content=\"https:\/\/www.prestigioytradicion.com\/en\/product\/croquetas-de-jamon\/\" \/>\n<meta property=\"og:site_name\" content=\"Prestigio &amp; Tradici&oacute;n\" \/>\n<meta property=\"article:modified_time\" content=\"2023-07-20T17:39:24+00:00\" \/>\n<meta property=\"og:image\" content=\"https:\/\/www.prestigioytradicion.com\/wp-content\/uploads\/croquetas_pollo-y-jamon.jpg\" \/>\n\t<meta property=\"og:image:width\" content=\"670\" \/>\n\t<meta property=\"og:image:height\" content=\"457\" \/>\n\t<meta property=\"og:image:type\" content=\"image\/jpeg\" \/>\n<meta name=\"twitter:card\" content=\"summary_large_image\" \/>\n<script type=\"application\/ld+json\" class=\"yoast-schema-graph\">{\"@context\":\"https:\/\/schema.org\",\"@graph\":[{\"@type\":\"WebPage\",\"@id\":\"https:\/\/www.prestigioytradicion.com\/en\/product\/croquetas-de-jamon\/\",\"url\":\"https:\/\/www.prestigioytradicion.com\/en\/product\/croquetas-de-jamon\/\",\"name\":\"Croquetas de Jam\u00f3n - Prestigio &amp; Tradici&oacute;n\",\"isPartOf\":{\"@id\":\"https:\/\/www.prestigioytradicion.com\/#website\"},\"datePublished\":\"2023-04-04T10:17:09+00:00\",\"dateModified\":\"2023-07-20T17:39:24+00:00\",\"breadcrumb\":{\"@id\":\"https:\/\/www.prestigioytradicion.com\/en\/product\/croquetas-de-jamon\/#breadcrumb\"},\"inLanguage\":\"en-US\",\"potentialAction\":[{\"@type\":\"ReadAction\",\"target\":[\"https:\/\/www.prestigioytradicion.com\/en\/product\/croquetas-de-jamon\/\"]}]},{\"@type\":\"BreadcrumbList\",\"@id\":\"https:\/\/www.prestigioytradicion.com\/en\/product\/croquetas-de-jamon\/#breadcrumb\",\"itemListElement\":[{\"@type\":\"ListItem\",\"position\":1,\"name\":\"Home\",\"item\":\"https:\/\/www.prestigioytradicion.com\/\"},{\"@type\":\"ListItem\",\"position\":2,\"name\":\"Tienda\",\"item\":\"https:\/\/www.prestigioytradicion.com\/shop\/\"},{\"@type\":\"ListItem\",\"position\":3,\"name\":\"Croquetas de Jam\u00f3n\"}]},{\"@type\":\"WebSite\",\"@id\":\"https:\/\/www.prestigioytradicion.com\/#website\",\"url\":\"https:\/\/www.prestigioytradicion.com\/\",\"name\":\"Prestigio &amp; Tradici&oacute;n\",\"description\":\"Un extraordinario mundo gourmet de alta calidad para todos\",\"publisher\":{\"@id\":\"https:\/\/www.prestigioytradicion.com\/#organization\"},\"potentialAction\":[{\"@type\":\"SearchAction\",\"target\":{\"@type\":\"EntryPoint\",\"urlTemplate\":\"https:\/\/www.prestigioytradicion.com\/?s={search_term_string}\"},\"query-input\":\"required name=search_term_string\"}],\"inLanguage\":\"en-US\"},{\"@type\":\"Organization\",\"@id\":\"https:\/\/www.prestigioytradicion.com\/#organization\",\"name\":\"Prestigio & Tradici\u00f3n\",\"url\":\"https:\/\/www.prestigioytradicion.com\/\",\"logo\":{\"@type\":\"ImageObject\",\"inLanguage\":\"en-US\",\"@id\":\"https:\/\/www.prestigioytradicion.com\/#\/schema\/logo\/image\/\",\"url\":\"https:\/\/www.prestigioytradicion.com\/wp-content\/uploads\/LOGO-PyT-Facturas-WEB-150x150-SIN-FONDO.png\",\"contentUrl\":\"https:\/\/www.prestigioytradicion.com\/wp-content\/uploads\/LOGO-PyT-Facturas-WEB-150x150-SIN-FONDO.png\",\"width\":150,\"height\":150,\"caption\":\"Prestigio & Tradici\u00f3n\"},\"image\":{\"@id\":\"https:\/\/www.prestigioytradicion.com\/#\/schema\/logo\/image\/\"}}]}<\/script>\n<!-- \/ Yoast SEO Premium plugin. -->","yoast_head_json":{"title":"Croquetas de Jam\u00f3n - Prestigio &amp; Tradici&oacute;n","robots":{"index":"index","follow":"follow","max-snippet":"max-snippet:-1","max-image-preview":"max-image-preview:large","max-video-preview":"max-video-preview:-1"},"canonical":"https:\/\/www.prestigioytradicion.com\/en\/product\/croquetas-de-jamon\/","og_locale":"en_US","og_type":"article","og_title":"Croquetas de Jam\u00f3n","og_description":"Origen:\u00a0Guipuzkoa  Peso Neto: 1kg  Peso Unitario: 40g  Producto\u00a0Congelado  Ingredientes:  Carne de pollo (34%), leche entera pasteurizada de vaca (29%), pan rallado (harina de trigo, agua, levadura biol\u00f3gica, colorantes curcumina y extracto de piment\u00f3n), harina de trigo y almid\u00f3n de trigo, jam\u00f3n serrano (5%) (carne de jam\u00f3n de cerdo, sal, conservante nitrito s\u00f3dico y nitrato pot\u00e1sico, antioxidante ascorbato s\u00f3dico), aceite de oliva, harina de trigo, mantequilla (derivado de leche), caldo de pollo asado (gluten y apio), ajo, gelificante metilcelulosa, pimienta negra y romero.  Contiene Gluten, leche y derivados. Puede contener trazas de crust\u00e1ceos, huevo, pescado, soja, frutos de c\u00e1scara, apio, sulfitos y moluscos.  Descripci\u00f3n:  Las\u00a0croquetas de Pollo asado y Jam\u00f3n est\u00e1n elaboradas de forma totalmente tradicional. Llevan una rica y cremosa bechamel cocinada de forma artesanal con el pollo asado y el jam\u00f3n serrano cortado en trocitos muy peque\u00f1itos. Se utiliza leche de caser\u00edo para mantener el mejor sabor. Por \u00faltimo, se cubre la croqueta con un pan rallado artesanal que las deja crujientes y sabrosas.  Modo de preparaci\u00f3n: Retirar el producto de la bolsa sin descongelar, fre\u00edr sumergi\u00e9ndolo en abundante aceite a 180\u00baC durante 4 minutos, sin sobrecargar de producto la freidora\/sart\u00e9n. Dejar reposar 90 segundos para que entre bien en calor.","og_url":"https:\/\/www.prestigioytradicion.com\/en\/product\/croquetas-de-jamon\/","og_site_name":"Prestigio &amp; Tradici&oacute;n","article_modified_time":"2023-07-20T17:39:24+00:00","og_image":[{"width":670,"height":457,"url":"https:\/\/www.prestigioytradicion.com\/wp-content\/uploads\/croquetas_pollo-y-jamon.jpg","type":"image\/jpeg"}],"twitter_card":"summary_large_image","schema":{"@context":"https:\/\/schema.org","@graph":[{"@type":"WebPage","@id":"https:\/\/www.prestigioytradicion.com\/en\/product\/croquetas-de-jamon\/","url":"https:\/\/www.prestigioytradicion.com\/en\/product\/croquetas-de-jamon\/","name":"Croquetas de Jam\u00f3n - Prestigio &amp; Tradici&oacute;n","isPartOf":{"@id":"https:\/\/www.prestigioytradicion.com\/#website"},"datePublished":"2023-04-04T10:17:09+00:00","dateModified":"2023-07-20T17:39:24+00:00","breadcrumb":{"@id":"https:\/\/www.prestigioytradicion.com\/en\/product\/croquetas-de-jamon\/#breadcrumb"},"inLanguage":"en-US","potentialAction":[{"@type":"ReadAction","target":["https:\/\/www.prestigioytradicion.com\/en\/product\/croquetas-de-jamon\/"]}]},{"@type":"BreadcrumbList","@id":"https:\/\/www.prestigioytradicion.com\/en\/product\/croquetas-de-jamon\/#breadcrumb","itemListElement":[{"@type":"ListItem","position":1,"name":"Home","item":"https:\/\/www.prestigioytradicion.com\/"},{"@type":"ListItem","position":2,"name":"Tienda","item":"https:\/\/www.prestigioytradicion.com\/shop\/"},{"@type":"ListItem","position":3,"name":"Croquetas de Jam\u00f3n"}]},{"@type":"WebSite","@id":"https:\/\/www.prestigioytradicion.com\/#website","url":"https:\/\/www.prestigioytradicion.com\/","name":"Prestigio &amp; Tradici&oacute;n","description":"Un extraordinario mundo gourmet de alta calidad para todos","publisher":{"@id":"https:\/\/www.prestigioytradicion.com\/#organization"},"potentialAction":[{"@type":"SearchAction","target":{"@type":"EntryPoint","urlTemplate":"https:\/\/www.prestigioytradicion.com\/?s={search_term_string}"},"query-input":"required name=search_term_string"}],"inLanguage":"en-US"},{"@type":"Organization","@id":"https:\/\/www.prestigioytradicion.com\/#organization","name":"Prestigio & Tradici\u00f3n","url":"https:\/\/www.prestigioytradicion.com\/","logo":{"@type":"ImageObject","inLanguage":"en-US","@id":"https:\/\/www.prestigioytradicion.com\/#\/schema\/logo\/image\/","url":"https:\/\/www.prestigioytradicion.com\/wp-content\/uploads\/LOGO-PyT-Facturas-WEB-150x150-SIN-FONDO.png","contentUrl":"https:\/\/www.prestigioytradicion.com\/wp-content\/uploads\/LOGO-PyT-Facturas-WEB-150x150-SIN-FONDO.png","width":150,"height":150,"caption":"Prestigio & Tradici\u00f3n"},"image":{"@id":"https:\/\/www.prestigioytradicion.com\/#\/schema\/logo\/image\/"}}]}},"_links":{"self":[{"href":"https:\/\/www.prestigioytradicion.com\/en\/wp-json\/wp\/v2\/product\/3182"}],"collection":[{"href":"https:\/\/www.prestigioytradicion.com\/en\/wp-json\/wp\/v2\/product"}],"about":[{"href":"https:\/\/www.prestigioytradicion.com\/en\/wp-json\/wp\/v2\/types\/product"}],"replies":[{"embeddable":true,"href":"https:\/\/www.prestigioytradicion.com\/en\/wp-json\/wp\/v2\/comments?post=3182"}],"version-history":[{"count":1,"href":"https:\/\/www.prestigioytradicion.com\/en\/wp-json\/wp\/v2\/product\/3182\/revisions"}],"predecessor-version":[{"id":9576,"href":"https:\/\/www.prestigioytradicion.com\/en\/wp-json\/wp\/v2\/product\/3182\/revisions\/9576"}],"wp:featuredmedia":[{"embeddable":true,"href":"https:\/\/www.prestigioytradicion.com\/en\/wp-json\/wp\/v2\/media\/3191"}],"wp:attachment":[{"href":"https:\/\/www.prestigioytradicion.com\/en\/wp-json\/wp\/v2\/media?parent=3182"}],"wp:term":[{"taxonomy":"product_cat","embeddable":true,"href":"https:\/\/www.prestigioytradicion.com\/en\/wp-json\/wp\/v2\/product_cat?post=3182"},{"taxonomy":"product_tag","embeddable":true,"href":"https:\/\/www.prestigioytradicion.com\/en\/wp-json\/wp\/v2\/product_tag?post=3182"}],"curies":[{"name":"wp","href":"https:\/\/api.w.org\/{rel}","templated":true}]}}