{"id":3192,"date":"2020-04-04T12:27:35","date_gmt":"2020-04-04T11:27:35","guid":{"rendered":"https:\/\/www.prestigioytradicion.com\/?post_type=product&#038;p=3192"},"modified":"2023-07-20T18:39:26","modified_gmt":"2023-07-20T17:39:26","slug":"croquetas-de-queso-azul","status":"publish","type":"product","link":"https:\/\/www.prestigioytradicion.com\/en\/product\/croquetas-de-queso-azul\/","title":{"rendered":"Croquetas de Queso Azul SIN GLUTEN"},"content":{"rendered":"","protected":false},"excerpt":{"rendered":"<p><strong>Origen:\u00a0<\/strong>Guipuzkoa<\/p>\n<p><strong>Peso Neto:<\/strong> 1kg<\/p>\n<p><strong>Peso Unitario:<\/strong> 25g<\/p>\n<p><span style=\"text-decoration: underline;\">Producto\u00a0Congelado<\/span><\/p>\n<p><strong>Ingredientes:<\/strong><\/p>\n<p><span style=\"text-decoration: underline;\"><em>Leche<\/em><\/span> entera pasteurizada de vaca (56%), pan rallado (harina de<span style=\"text-decoration: underline;\"><em> trigo<\/em><\/span>, agua, levadura biol\u00f3gica, colorantes curcumina y extracto de piment\u00f3n), queso azul (9%) (<span style=\"text-decoration: underline;\"><em>leche<\/em><\/span>), harina de <span style=\"text-decoration: underline;\"><em>trigo<\/em><\/span> y almid\u00f3n de <span style=\"text-decoration: underline;\"><em>trigo<\/em><\/span>, aceite de girasol, harina de <span style=\"text-decoration: underline;\"><em>trigo<\/em><\/span>, mantequilla (<span style=\"text-decoration: underline;\"><em>derivado de leche<\/em><\/span>), sal y gelificante metilcelulosa.<\/p>\n<p><strong>Contiene<\/strong> <em>Gluten, leche y derivados. <\/em>Puede contener trazas de crust\u00e1ceos, huevo, pescado, soja, frutos de c\u00e1scara, apio, sulfitos y moluscos.<\/p>\n<p><strong>Descripci\u00f3n:<\/strong><\/p>\n<p>Las\u00a0<strong>croquetas de Queso Azul<\/strong> se identifican por su espesa y suave masa de queso azul combinada con leche de caser\u00edo. se empanan con un pan rallado artesano que mantiene la textura crujiente de las croquetas, logrando un producto exquisito e inigualable para cualquier paladar.<\/p>\n<p><strong>Modo de preparaci\u00f3n:<\/strong> Retirar el producto de la bolsa sin descongelar, fre\u00edr sumergi\u00e9ndolo en abundante aceite a 180\u00baC durante 4 minutos, sin sobrecargar de producto la freidora\/sart\u00e9n. Dejar reposar 90 segundos para que entre bien en calor.<\/p>\n","protected":false},"featured_media":3198,"comment_status":"closed","ping_status":"closed","template":"","meta":[],"product_cat":[799],"product_tag":[],"bundled_by":[],"bundle_stock_status":"instock","bundle_stock_quantity":null,"bundle_virtual":false,"bundle_layout":"","bundle_add_to_cart_form_location":"","bundle_editable_in_cart":false,"bundle_sold_individually_context":"","bundle_item_grouping":"","bundle_min_size":"","bundle_max_size":"","bundle_price":[],"bundled_items":[],"bundle_sell_ids":[],"yoast_head":"<!-- This site is optimized with the Yoast SEO Premium plugin v21.9 (Yoast SEO v21.9.1) - https:\/\/yoast.com\/wordpress\/plugins\/seo\/ -->\n<title>Croquetas de Queso Azul SIN GLUTEN - Prestigio &amp; Tradici&oacute;n<\/title>\n<meta name=\"robots\" content=\"index, follow, max-snippet:-1, max-image-preview:large, max-video-preview:-1\" \/>\n<link rel=\"canonical\" href=\"https:\/\/www.prestigioytradicion.com\/product\/croquetas-de-queso-azul\/\" \/>\n<meta property=\"og:locale\" content=\"en_US\" \/>\n<meta property=\"og:type\" content=\"article\" \/>\n<meta property=\"og:title\" content=\"Croquetas de Queso Azul SIN GLUTEN\" \/>\n<meta property=\"og:description\" content=\"Origen:\u00a0Guipuzkoa  Peso Neto: 1kg  Peso Unitario: 25g  Producto\u00a0Congelado  Ingredientes:  Leche entera pasteurizada de vaca (56%), pan rallado (harina de trigo, agua, levadura biol\u00f3gica, colorantes curcumina y extracto de piment\u00f3n), queso azul (9%) (leche), harina de trigo y almid\u00f3n de trigo, aceite de girasol, harina de trigo, mantequilla (derivado de leche), sal y gelificante metilcelulosa.  Contiene Gluten, leche y derivados. Puede contener trazas de crust\u00e1ceos, huevo, pescado, soja, frutos de c\u00e1scara, apio, sulfitos y moluscos.  Descripci\u00f3n:  Las\u00a0croquetas de Queso Azul se identifican por su espesa y suave masa de queso azul combinada con leche de caser\u00edo. se empanan con un pan rallado artesano que mantiene la textura crujiente de las croquetas, logrando un producto exquisito e inigualable para cualquier paladar.  Modo de preparaci\u00f3n: Retirar el producto de la bolsa sin descongelar, fre\u00edr sumergi\u00e9ndolo en abundante aceite a 180\u00baC durante 4 minutos, sin sobrecargar de producto la freidora\/sart\u00e9n. Dejar reposar 90 segundos para que entre bien en calor.\" \/>\n<meta property=\"og:url\" content=\"https:\/\/www.prestigioytradicion.com\/product\/croquetas-de-queso-azul\/\" \/>\n<meta property=\"og:site_name\" content=\"Prestigio &amp; Tradici&oacute;n\" \/>\n<meta property=\"article:modified_time\" content=\"2023-07-20T17:39:26+00:00\" \/>\n<meta property=\"og:image\" content=\"https:\/\/www.prestigioytradicion.com\/wp-content\/uploads\/croquetas-queso-azul.jpg\" \/>\n\t<meta property=\"og:image:width\" content=\"2000\" \/>\n\t<meta property=\"og:image:height\" content=\"1333\" \/>\n\t<meta property=\"og:image:type\" content=\"image\/jpeg\" \/>\n<meta name=\"twitter:card\" content=\"summary_large_image\" \/>\n<script type=\"application\/ld+json\" class=\"yoast-schema-graph\">{\"@context\":\"https:\/\/schema.org\",\"@graph\":[{\"@type\":\"WebPage\",\"@id\":\"https:\/\/www.prestigioytradicion.com\/product\/croquetas-de-queso-azul\/\",\"url\":\"https:\/\/www.prestigioytradicion.com\/product\/croquetas-de-queso-azul\/\",\"name\":\"Croquetas de Queso Azul SIN GLUTEN - Prestigio &amp; Tradici&oacute;n\",\"isPartOf\":{\"@id\":\"https:\/\/www.prestigioytradicion.com\/#website\"},\"datePublished\":\"2020-04-04T11:27:35+00:00\",\"dateModified\":\"2023-07-20T17:39:26+00:00\",\"breadcrumb\":{\"@id\":\"https:\/\/www.prestigioytradicion.com\/product\/croquetas-de-queso-azul\/#breadcrumb\"},\"inLanguage\":\"en-US\",\"potentialAction\":[{\"@type\":\"ReadAction\",\"target\":[\"https:\/\/www.prestigioytradicion.com\/product\/croquetas-de-queso-azul\/\"]}]},{\"@type\":\"BreadcrumbList\",\"@id\":\"https:\/\/www.prestigioytradicion.com\/product\/croquetas-de-queso-azul\/#breadcrumb\",\"itemListElement\":[{\"@type\":\"ListItem\",\"position\":1,\"name\":\"Home\",\"item\":\"https:\/\/www.prestigioytradicion.com\/\"},{\"@type\":\"ListItem\",\"position\":2,\"name\":\"Tienda\",\"item\":\"https:\/\/www.prestigioytradicion.com\/shop\/\"},{\"@type\":\"ListItem\",\"position\":3,\"name\":\"Croquetas de Queso Azul SIN GLUTEN\"}]},{\"@type\":\"WebSite\",\"@id\":\"https:\/\/www.prestigioytradicion.com\/#website\",\"url\":\"https:\/\/www.prestigioytradicion.com\/\",\"name\":\"Prestigio &amp; Tradici&oacute;n\",\"description\":\"Un extraordinario mundo gourmet de alta calidad para todos\",\"publisher\":{\"@id\":\"https:\/\/www.prestigioytradicion.com\/#organization\"},\"potentialAction\":[{\"@type\":\"SearchAction\",\"target\":{\"@type\":\"EntryPoint\",\"urlTemplate\":\"https:\/\/www.prestigioytradicion.com\/?s={search_term_string}\"},\"query-input\":\"required name=search_term_string\"}],\"inLanguage\":\"en-US\"},{\"@type\":\"Organization\",\"@id\":\"https:\/\/www.prestigioytradicion.com\/#organization\",\"name\":\"Prestigio & Tradici\u00f3n\",\"url\":\"https:\/\/www.prestigioytradicion.com\/\",\"logo\":{\"@type\":\"ImageObject\",\"inLanguage\":\"en-US\",\"@id\":\"https:\/\/www.prestigioytradicion.com\/#\/schema\/logo\/image\/\",\"url\":\"https:\/\/www.prestigioytradicion.com\/wp-content\/uploads\/LOGO-PyT-Facturas-WEB-150x150-SIN-FONDO.png\",\"contentUrl\":\"https:\/\/www.prestigioytradicion.com\/wp-content\/uploads\/LOGO-PyT-Facturas-WEB-150x150-SIN-FONDO.png\",\"width\":150,\"height\":150,\"caption\":\"Prestigio & Tradici\u00f3n\"},\"image\":{\"@id\":\"https:\/\/www.prestigioytradicion.com\/#\/schema\/logo\/image\/\"}}]}<\/script>\n<!-- \/ Yoast SEO Premium plugin. -->","yoast_head_json":{"title":"Croquetas de Queso Azul SIN GLUTEN - Prestigio &amp; Tradici&oacute;n","robots":{"index":"index","follow":"follow","max-snippet":"max-snippet:-1","max-image-preview":"max-image-preview:large","max-video-preview":"max-video-preview:-1"},"canonical":"https:\/\/www.prestigioytradicion.com\/product\/croquetas-de-queso-azul\/","og_locale":"en_US","og_type":"article","og_title":"Croquetas de Queso Azul SIN GLUTEN","og_description":"Origen:\u00a0Guipuzkoa  Peso Neto: 1kg  Peso Unitario: 25g  Producto\u00a0Congelado  Ingredientes:  Leche entera pasteurizada de vaca (56%), pan rallado (harina de trigo, agua, levadura biol\u00f3gica, colorantes curcumina y extracto de piment\u00f3n), queso azul (9%) (leche), harina de trigo y almid\u00f3n de trigo, aceite de girasol, harina de trigo, mantequilla (derivado de leche), sal y gelificante metilcelulosa.  Contiene Gluten, leche y derivados. Puede contener trazas de crust\u00e1ceos, huevo, pescado, soja, frutos de c\u00e1scara, apio, sulfitos y moluscos.  Descripci\u00f3n:  Las\u00a0croquetas de Queso Azul se identifican por su espesa y suave masa de queso azul combinada con leche de caser\u00edo. se empanan con un pan rallado artesano que mantiene la textura crujiente de las croquetas, logrando un producto exquisito e inigualable para cualquier paladar.  Modo de preparaci\u00f3n: Retirar el producto de la bolsa sin descongelar, fre\u00edr sumergi\u00e9ndolo en abundante aceite a 180\u00baC durante 4 minutos, sin sobrecargar de producto la freidora\/sart\u00e9n. Dejar reposar 90 segundos para que entre bien en calor.","og_url":"https:\/\/www.prestigioytradicion.com\/product\/croquetas-de-queso-azul\/","og_site_name":"Prestigio &amp; Tradici&oacute;n","article_modified_time":"2023-07-20T17:39:26+00:00","og_image":[{"width":2000,"height":1333,"url":"https:\/\/www.prestigioytradicion.com\/wp-content\/uploads\/croquetas-queso-azul.jpg","type":"image\/jpeg"}],"twitter_card":"summary_large_image","schema":{"@context":"https:\/\/schema.org","@graph":[{"@type":"WebPage","@id":"https:\/\/www.prestigioytradicion.com\/product\/croquetas-de-queso-azul\/","url":"https:\/\/www.prestigioytradicion.com\/product\/croquetas-de-queso-azul\/","name":"Croquetas de Queso Azul SIN GLUTEN - Prestigio &amp; Tradici&oacute;n","isPartOf":{"@id":"https:\/\/www.prestigioytradicion.com\/#website"},"datePublished":"2020-04-04T11:27:35+00:00","dateModified":"2023-07-20T17:39:26+00:00","breadcrumb":{"@id":"https:\/\/www.prestigioytradicion.com\/product\/croquetas-de-queso-azul\/#breadcrumb"},"inLanguage":"en-US","potentialAction":[{"@type":"ReadAction","target":["https:\/\/www.prestigioytradicion.com\/product\/croquetas-de-queso-azul\/"]}]},{"@type":"BreadcrumbList","@id":"https:\/\/www.prestigioytradicion.com\/product\/croquetas-de-queso-azul\/#breadcrumb","itemListElement":[{"@type":"ListItem","position":1,"name":"Home","item":"https:\/\/www.prestigioytradicion.com\/"},{"@type":"ListItem","position":2,"name":"Tienda","item":"https:\/\/www.prestigioytradicion.com\/shop\/"},{"@type":"ListItem","position":3,"name":"Croquetas de Queso Azul SIN GLUTEN"}]},{"@type":"WebSite","@id":"https:\/\/www.prestigioytradicion.com\/#website","url":"https:\/\/www.prestigioytradicion.com\/","name":"Prestigio &amp; Tradici&oacute;n","description":"Un extraordinario mundo gourmet de alta calidad para todos","publisher":{"@id":"https:\/\/www.prestigioytradicion.com\/#organization"},"potentialAction":[{"@type":"SearchAction","target":{"@type":"EntryPoint","urlTemplate":"https:\/\/www.prestigioytradicion.com\/?s={search_term_string}"},"query-input":"required name=search_term_string"}],"inLanguage":"en-US"},{"@type":"Organization","@id":"https:\/\/www.prestigioytradicion.com\/#organization","name":"Prestigio & Tradici\u00f3n","url":"https:\/\/www.prestigioytradicion.com\/","logo":{"@type":"ImageObject","inLanguage":"en-US","@id":"https:\/\/www.prestigioytradicion.com\/#\/schema\/logo\/image\/","url":"https:\/\/www.prestigioytradicion.com\/wp-content\/uploads\/LOGO-PyT-Facturas-WEB-150x150-SIN-FONDO.png","contentUrl":"https:\/\/www.prestigioytradicion.com\/wp-content\/uploads\/LOGO-PyT-Facturas-WEB-150x150-SIN-FONDO.png","width":150,"height":150,"caption":"Prestigio & Tradici\u00f3n"},"image":{"@id":"https:\/\/www.prestigioytradicion.com\/#\/schema\/logo\/image\/"}}]}},"_links":{"self":[{"href":"https:\/\/www.prestigioytradicion.com\/en\/wp-json\/wp\/v2\/product\/3192"}],"collection":[{"href":"https:\/\/www.prestigioytradicion.com\/en\/wp-json\/wp\/v2\/product"}],"about":[{"href":"https:\/\/www.prestigioytradicion.com\/en\/wp-json\/wp\/v2\/types\/product"}],"replies":[{"embeddable":true,"href":"https:\/\/www.prestigioytradicion.com\/en\/wp-json\/wp\/v2\/comments?post=3192"}],"version-history":[{"count":1,"href":"https:\/\/www.prestigioytradicion.com\/en\/wp-json\/wp\/v2\/product\/3192\/revisions"}],"predecessor-version":[{"id":9575,"href":"https:\/\/www.prestigioytradicion.com\/en\/wp-json\/wp\/v2\/product\/3192\/revisions\/9575"}],"wp:featuredmedia":[{"embeddable":true,"href":"https:\/\/www.prestigioytradicion.com\/en\/wp-json\/wp\/v2\/media\/3198"}],"wp:attachment":[{"href":"https:\/\/www.prestigioytradicion.com\/en\/wp-json\/wp\/v2\/media?parent=3192"}],"wp:term":[{"taxonomy":"product_cat","embeddable":true,"href":"https:\/\/www.prestigioytradicion.com\/en\/wp-json\/wp\/v2\/product_cat?post=3192"},{"taxonomy":"product_tag","embeddable":true,"href":"https:\/\/www.prestigioytradicion.com\/en\/wp-json\/wp\/v2\/product_tag?post=3192"}],"curies":[{"name":"wp","href":"https:\/\/api.w.org\/{rel}","templated":true}]}}