{"id":3200,"date":"2023-06-04T13:09:53","date_gmt":"2023-06-04T12:09:53","guid":{"rendered":"https:\/\/www.prestigioytradicion.com\/?post_type=product&#038;p=3200"},"modified":"2023-07-20T18:39:24","modified_gmt":"2023-07-20T17:39:24","slug":"croquetas-de-setas","status":"publish","type":"product","link":"https:\/\/www.prestigioytradicion.com\/en\/product\/croquetas-de-setas\/","title":{"rendered":"Croquetas de Setas Sin Gluten"},"content":{"rendered":"","protected":false},"excerpt":{"rendered":"<p><strong>Origen:\u00a0<\/strong>Guipuzkoa<\/p>\n<p><strong>Peso Neto:<\/strong> 1kg<\/p>\n<p><strong>Peso Unitario:<\/strong> 25g<\/p>\n<p><span style=\"text-decoration: underline;\">Producto\u00a0Congelado<\/span><\/p>\n<p><strong>Ingredientes:<\/strong><\/p>\n<p><span style=\"text-decoration: underline;\"><em>Leche<\/em><\/span> entera pasteurizada de vaca (44%), setas (20%) (champi\u00f1\u00f3n, setas shitake, seta de cardo), pan rallado (harina de <span style=\"text-decoration: underline;\"><em>trigo<\/em><\/span>, agua, levadura biol\u00f3gica, colorantes curcumina y extracto de piment\u00f3n), harina de <span style=\"text-decoration: underline;\"><em>trigo<\/em><\/span> y almid\u00f3n de <span style=\"text-decoration: underline;\"><em>trigo<\/em><\/span>, aceite de girasol, harina de <span style=\"text-decoration: underline;\"><em>trigo<\/em><\/span>, chalota, mantequilla (<span style=\"text-decoration: underline;\"><em>derivado de leche<\/em><\/span>), sal, gelatina, gelificante metilcelulosa, ajo y perejil.<\/p>\n<p><strong>Contiene<\/strong> <em>Gluten, leche y derivados. <\/em>Puede contener trazas de crust\u00e1ceos, huevo, pescado, soja, frutos de c\u00e1scara, apio, sulfitos y moluscos.<\/p>\n<p><strong>Descripci\u00f3n:<\/strong><\/p>\n<p>Las\u00a0<strong>croquetas de setas<\/strong> se elaboran como se hac\u00eda antiguamente, preparando una cremosa masa de setas variadas muy melosa con leche de caser\u00edo. Envolviendo la croqueta con un empanado muy crujiente de pan rallado artesano se consigue una croqueta de hongos con una textura inigualable.<\/p>\n<p><strong>Modo de preparaci\u00f3n:<\/strong> Retirar el producto de la bolsa sin descongelar, fre\u00edr sumergi\u00e9ndolo en abundante aceite a 180\u00baC durante 4 minutos, sin sobrecargar de producto la freidora\/sart\u00e9n. Dejar reposar 90 segundos para que entre bien en calor.<\/p>\n","protected":false},"featured_media":3202,"comment_status":"closed","ping_status":"closed","template":"","meta":[],"product_cat":[798,799],"product_tag":[],"bundled_by":[],"bundle_stock_status":"instock","bundle_stock_quantity":null,"bundle_virtual":false,"bundle_layout":"","bundle_add_to_cart_form_location":"","bundle_editable_in_cart":false,"bundle_sold_individually_context":"","bundle_item_grouping":"","bundle_min_size":"","bundle_max_size":"","bundle_price":[],"bundled_items":[],"bundle_sell_ids":[],"yoast_head":"<!-- This site is optimized with the Yoast SEO Premium plugin v21.9 (Yoast SEO v21.9.1) - https:\/\/yoast.com\/wordpress\/plugins\/seo\/ -->\n<title>Croquetas de Setas Sin Gluten - Prestigio &amp; Tradici&oacute;n<\/title>\n<meta name=\"robots\" content=\"index, follow, max-snippet:-1, max-image-preview:large, max-video-preview:-1\" \/>\n<link rel=\"canonical\" href=\"https:\/\/www.prestigioytradicion.com\/en\/product\/croquetas-de-setas\/\" \/>\n<meta property=\"og:locale\" content=\"en_US\" \/>\n<meta property=\"og:type\" content=\"article\" \/>\n<meta property=\"og:title\" content=\"Croquetas de Setas Sin Gluten\" \/>\n<meta property=\"og:description\" content=\"Origen:\u00a0Guipuzkoa  Peso Neto: 1kg  Peso Unitario: 25g  Producto\u00a0Congelado  Ingredientes:  Leche entera pasteurizada de vaca (44%), setas (20%) (champi\u00f1\u00f3n, setas shitake, seta de cardo), pan rallado (harina de trigo, agua, levadura biol\u00f3gica, colorantes curcumina y extracto de piment\u00f3n), harina de trigo y almid\u00f3n de trigo, aceite de girasol, harina de trigo, chalota, mantequilla (derivado de leche), sal, gelatina, gelificante metilcelulosa, ajo y perejil.  Contiene Gluten, leche y derivados. Puede contener trazas de crust\u00e1ceos, huevo, pescado, soja, frutos de c\u00e1scara, apio, sulfitos y moluscos.  Descripci\u00f3n:  Las\u00a0croquetas de setas se elaboran como se hac\u00eda antiguamente, preparando una cremosa masa de setas variadas muy melosa con leche de caser\u00edo. Envolviendo la croqueta con un empanado muy crujiente de pan rallado artesano se consigue una croqueta de hongos con una textura inigualable.  Modo de preparaci\u00f3n: Retirar el producto de la bolsa sin descongelar, fre\u00edr sumergi\u00e9ndolo en abundante aceite a 180\u00baC durante 4 minutos, sin sobrecargar de producto la freidora\/sart\u00e9n. Dejar reposar 90 segundos para que entre bien en calor.\" \/>\n<meta property=\"og:url\" content=\"https:\/\/www.prestigioytradicion.com\/en\/product\/croquetas-de-setas\/\" \/>\n<meta property=\"og:site_name\" content=\"Prestigio &amp; Tradici&oacute;n\" \/>\n<meta property=\"article:modified_time\" content=\"2023-07-20T17:39:24+00:00\" \/>\n<meta property=\"og:image\" content=\"https:\/\/www.prestigioytradicion.com\/wp-content\/uploads\/croquetas-setas.jpg\" \/>\n\t<meta property=\"og:image:width\" content=\"400\" \/>\n\t<meta property=\"og:image:height\" content=\"419\" \/>\n\t<meta property=\"og:image:type\" content=\"image\/jpeg\" \/>\n<meta name=\"twitter:card\" content=\"summary_large_image\" \/>\n<script type=\"application\/ld+json\" class=\"yoast-schema-graph\">{\"@context\":\"https:\/\/schema.org\",\"@graph\":[{\"@type\":\"WebPage\",\"@id\":\"https:\/\/www.prestigioytradicion.com\/en\/product\/croquetas-de-setas\/\",\"url\":\"https:\/\/www.prestigioytradicion.com\/en\/product\/croquetas-de-setas\/\",\"name\":\"Croquetas de Setas Sin Gluten - Prestigio &amp; Tradici&oacute;n\",\"isPartOf\":{\"@id\":\"https:\/\/www.prestigioytradicion.com\/#website\"},\"datePublished\":\"2023-06-04T12:09:53+00:00\",\"dateModified\":\"2023-07-20T17:39:24+00:00\",\"breadcrumb\":{\"@id\":\"https:\/\/www.prestigioytradicion.com\/en\/product\/croquetas-de-setas\/#breadcrumb\"},\"inLanguage\":\"en-US\",\"potentialAction\":[{\"@type\":\"ReadAction\",\"target\":[\"https:\/\/www.prestigioytradicion.com\/en\/product\/croquetas-de-setas\/\"]}]},{\"@type\":\"BreadcrumbList\",\"@id\":\"https:\/\/www.prestigioytradicion.com\/en\/product\/croquetas-de-setas\/#breadcrumb\",\"itemListElement\":[{\"@type\":\"ListItem\",\"position\":1,\"name\":\"Home\",\"item\":\"https:\/\/www.prestigioytradicion.com\/\"},{\"@type\":\"ListItem\",\"position\":2,\"name\":\"Tienda\",\"item\":\"https:\/\/www.prestigioytradicion.com\/shop\/\"},{\"@type\":\"ListItem\",\"position\":3,\"name\":\"Croquetas de Setas Sin Gluten\"}]},{\"@type\":\"WebSite\",\"@id\":\"https:\/\/www.prestigioytradicion.com\/#website\",\"url\":\"https:\/\/www.prestigioytradicion.com\/\",\"name\":\"Prestigio &amp; Tradici&oacute;n\",\"description\":\"Un extraordinario mundo gourmet de alta calidad para todos\",\"publisher\":{\"@id\":\"https:\/\/www.prestigioytradicion.com\/#organization\"},\"potentialAction\":[{\"@type\":\"SearchAction\",\"target\":{\"@type\":\"EntryPoint\",\"urlTemplate\":\"https:\/\/www.prestigioytradicion.com\/?s={search_term_string}\"},\"query-input\":\"required name=search_term_string\"}],\"inLanguage\":\"en-US\"},{\"@type\":\"Organization\",\"@id\":\"https:\/\/www.prestigioytradicion.com\/#organization\",\"name\":\"Prestigio & Tradici\u00f3n\",\"url\":\"https:\/\/www.prestigioytradicion.com\/\",\"logo\":{\"@type\":\"ImageObject\",\"inLanguage\":\"en-US\",\"@id\":\"https:\/\/www.prestigioytradicion.com\/#\/schema\/logo\/image\/\",\"url\":\"https:\/\/www.prestigioytradicion.com\/wp-content\/uploads\/LOGO-PyT-Facturas-WEB-150x150-SIN-FONDO.png\",\"contentUrl\":\"https:\/\/www.prestigioytradicion.com\/wp-content\/uploads\/LOGO-PyT-Facturas-WEB-150x150-SIN-FONDO.png\",\"width\":150,\"height\":150,\"caption\":\"Prestigio & Tradici\u00f3n\"},\"image\":{\"@id\":\"https:\/\/www.prestigioytradicion.com\/#\/schema\/logo\/image\/\"}}]}<\/script>\n<!-- \/ Yoast SEO Premium plugin. -->","yoast_head_json":{"title":"Croquetas de Setas Sin Gluten - Prestigio &amp; Tradici&oacute;n","robots":{"index":"index","follow":"follow","max-snippet":"max-snippet:-1","max-image-preview":"max-image-preview:large","max-video-preview":"max-video-preview:-1"},"canonical":"https:\/\/www.prestigioytradicion.com\/en\/product\/croquetas-de-setas\/","og_locale":"en_US","og_type":"article","og_title":"Croquetas de Setas Sin Gluten","og_description":"Origen:\u00a0Guipuzkoa  Peso Neto: 1kg  Peso Unitario: 25g  Producto\u00a0Congelado  Ingredientes:  Leche entera pasteurizada de vaca (44%), setas (20%) (champi\u00f1\u00f3n, setas shitake, seta de cardo), pan rallado (harina de trigo, agua, levadura biol\u00f3gica, colorantes curcumina y extracto de piment\u00f3n), harina de trigo y almid\u00f3n de trigo, aceite de girasol, harina de trigo, chalota, mantequilla (derivado de leche), sal, gelatina, gelificante metilcelulosa, ajo y perejil.  Contiene Gluten, leche y derivados. Puede contener trazas de crust\u00e1ceos, huevo, pescado, soja, frutos de c\u00e1scara, apio, sulfitos y moluscos.  Descripci\u00f3n:  Las\u00a0croquetas de setas se elaboran como se hac\u00eda antiguamente, preparando una cremosa masa de setas variadas muy melosa con leche de caser\u00edo. Envolviendo la croqueta con un empanado muy crujiente de pan rallado artesano se consigue una croqueta de hongos con una textura inigualable.  Modo de preparaci\u00f3n: Retirar el producto de la bolsa sin descongelar, fre\u00edr sumergi\u00e9ndolo en abundante aceite a 180\u00baC durante 4 minutos, sin sobrecargar de producto la freidora\/sart\u00e9n. Dejar reposar 90 segundos para que entre bien en calor.","og_url":"https:\/\/www.prestigioytradicion.com\/en\/product\/croquetas-de-setas\/","og_site_name":"Prestigio &amp; Tradici&oacute;n","article_modified_time":"2023-07-20T17:39:24+00:00","og_image":[{"width":400,"height":419,"url":"https:\/\/www.prestigioytradicion.com\/wp-content\/uploads\/croquetas-setas.jpg","type":"image\/jpeg"}],"twitter_card":"summary_large_image","schema":{"@context":"https:\/\/schema.org","@graph":[{"@type":"WebPage","@id":"https:\/\/www.prestigioytradicion.com\/en\/product\/croquetas-de-setas\/","url":"https:\/\/www.prestigioytradicion.com\/en\/product\/croquetas-de-setas\/","name":"Croquetas de Setas Sin Gluten - Prestigio &amp; Tradici&oacute;n","isPartOf":{"@id":"https:\/\/www.prestigioytradicion.com\/#website"},"datePublished":"2023-06-04T12:09:53+00:00","dateModified":"2023-07-20T17:39:24+00:00","breadcrumb":{"@id":"https:\/\/www.prestigioytradicion.com\/en\/product\/croquetas-de-setas\/#breadcrumb"},"inLanguage":"en-US","potentialAction":[{"@type":"ReadAction","target":["https:\/\/www.prestigioytradicion.com\/en\/product\/croquetas-de-setas\/"]}]},{"@type":"BreadcrumbList","@id":"https:\/\/www.prestigioytradicion.com\/en\/product\/croquetas-de-setas\/#breadcrumb","itemListElement":[{"@type":"ListItem","position":1,"name":"Home","item":"https:\/\/www.prestigioytradicion.com\/"},{"@type":"ListItem","position":2,"name":"Tienda","item":"https:\/\/www.prestigioytradicion.com\/shop\/"},{"@type":"ListItem","position":3,"name":"Croquetas de Setas Sin Gluten"}]},{"@type":"WebSite","@id":"https:\/\/www.prestigioytradicion.com\/#website","url":"https:\/\/www.prestigioytradicion.com\/","name":"Prestigio &amp; Tradici&oacute;n","description":"Un extraordinario mundo gourmet de alta calidad para todos","publisher":{"@id":"https:\/\/www.prestigioytradicion.com\/#organization"},"potentialAction":[{"@type":"SearchAction","target":{"@type":"EntryPoint","urlTemplate":"https:\/\/www.prestigioytradicion.com\/?s={search_term_string}"},"query-input":"required name=search_term_string"}],"inLanguage":"en-US"},{"@type":"Organization","@id":"https:\/\/www.prestigioytradicion.com\/#organization","name":"Prestigio & Tradici\u00f3n","url":"https:\/\/www.prestigioytradicion.com\/","logo":{"@type":"ImageObject","inLanguage":"en-US","@id":"https:\/\/www.prestigioytradicion.com\/#\/schema\/logo\/image\/","url":"https:\/\/www.prestigioytradicion.com\/wp-content\/uploads\/LOGO-PyT-Facturas-WEB-150x150-SIN-FONDO.png","contentUrl":"https:\/\/www.prestigioytradicion.com\/wp-content\/uploads\/LOGO-PyT-Facturas-WEB-150x150-SIN-FONDO.png","width":150,"height":150,"caption":"Prestigio & Tradici\u00f3n"},"image":{"@id":"https:\/\/www.prestigioytradicion.com\/#\/schema\/logo\/image\/"}}]}},"_links":{"self":[{"href":"https:\/\/www.prestigioytradicion.com\/en\/wp-json\/wp\/v2\/product\/3200"}],"collection":[{"href":"https:\/\/www.prestigioytradicion.com\/en\/wp-json\/wp\/v2\/product"}],"about":[{"href":"https:\/\/www.prestigioytradicion.com\/en\/wp-json\/wp\/v2\/types\/product"}],"replies":[{"embeddable":true,"href":"https:\/\/www.prestigioytradicion.com\/en\/wp-json\/wp\/v2\/comments?post=3200"}],"version-history":[{"count":1,"href":"https:\/\/www.prestigioytradicion.com\/en\/wp-json\/wp\/v2\/product\/3200\/revisions"}],"predecessor-version":[{"id":9574,"href":"https:\/\/www.prestigioytradicion.com\/en\/wp-json\/wp\/v2\/product\/3200\/revisions\/9574"}],"wp:featuredmedia":[{"embeddable":true,"href":"https:\/\/www.prestigioytradicion.com\/en\/wp-json\/wp\/v2\/media\/3202"}],"wp:attachment":[{"href":"https:\/\/www.prestigioytradicion.com\/en\/wp-json\/wp\/v2\/media?parent=3200"}],"wp:term":[{"taxonomy":"product_cat","embeddable":true,"href":"https:\/\/www.prestigioytradicion.com\/en\/wp-json\/wp\/v2\/product_cat?post=3200"},{"taxonomy":"product_tag","embeddable":true,"href":"https:\/\/www.prestigioytradicion.com\/en\/wp-json\/wp\/v2\/product_tag?post=3200"}],"curies":[{"name":"wp","href":"https:\/\/api.w.org\/{rel}","templated":true}]}}