{"id":3554,"date":"2020-04-07T19:13:19","date_gmt":"2020-04-07T18:13:19","guid":{"rendered":"https:\/\/www.prestigioytradicion.com\/?post_type=product&#038;p=3554"},"modified":"2023-12-06T09:51:20","modified_gmt":"2023-12-06T08:51:20","slug":"magret-de-pato-pechuga","status":"publish","type":"product","link":"https:\/\/www.prestigioytradicion.com\/en\/product\/magret-de-pato-pechuga\/","title":{"rendered":"Magret de Pato (Pechuga)"},"content":{"rendered":"","protected":false},"excerpt":{"rendered":"<p><strong>Origen<\/strong> Soria<\/p>\n<p><strong>Peso<\/strong>: 400g-450g<\/p>\n<p><strong>Presentacion<\/strong>: Producto congelado y al vacio<\/p>\n<p><strong>Descripcion<\/strong>: Nuestros patos de raza Mulard se cr\u00edan seg\u00fan criterios tradicionales: alimentaci\u00f3n con ma\u00edz, estancia en parques <em><strong>al aire libre<\/strong><\/em>, apostando por una producci\u00f3n que prima la calidad por encima de la cantidad.<\/p>\n<p><strong>Consejos de uso<\/strong><\/p>\n<p>La carne de pato es roja y magra, debido a esto tiene un sabor tan peculiar que la diferencia del resto de carnes. Tiene un alto contenido en \u00e1cido oleico lo que la hace una carne muy saludable. Adem\u00e1s de ser buen fuente de hierro hemo de f\u00e1cil absorci\u00f3n, f\u00f3sforo, zinc y contener importantes vitaminas como la tiamina, riboflavina, niacina y B12.<\/p>\n<p>La mejor manera de consumir la carne de pato es respetando su propia jugosidad, y sea cual sea la receta, el interior de la carne debe mantener un color rosado.<\/p>\n","protected":false},"featured_media":3797,"comment_status":"closed","ping_status":"closed","template":"","meta":[],"product_cat":[797],"product_tag":[879],"bundled_by":["4349"],"bundle_stock_status":"instock","bundle_stock_quantity":null,"bundle_virtual":false,"bundle_layout":"","bundle_add_to_cart_form_location":"","bundle_editable_in_cart":false,"bundle_sold_individually_context":"","bundle_item_grouping":"","bundle_min_size":"","bundle_max_size":"","bundle_price":[],"bundled_items":[],"bundle_sell_ids":[],"yoast_head":"<!-- This site is optimized with the Yoast SEO Premium plugin v21.9 (Yoast SEO v21.9.1) - https:\/\/yoast.com\/wordpress\/plugins\/seo\/ -->\n<title>Magret de Pato (Pechuga) - Prestigio &amp; Tradici&oacute;n<\/title>\n<meta name=\"robots\" content=\"index, follow, max-snippet:-1, max-image-preview:large, max-video-preview:-1\" \/>\n<link rel=\"canonical\" href=\"https:\/\/www.prestigioytradicion.com\/product\/magret-de-pato-pechuga\/\" \/>\n<meta property=\"og:locale\" content=\"en_US\" \/>\n<meta property=\"og:type\" content=\"article\" \/>\n<meta property=\"og:title\" content=\"Magret de Pato (Pechuga)\" \/>\n<meta property=\"og:description\" content=\"Origen Soria  Peso: 400g-450g  Presentacion: Producto congelado y al vacio  Descripcion: Nuestros patos de raza Mulard se cr\u00edan seg\u00fan criterios tradicionales: alimentaci\u00f3n con ma\u00edz, estancia en parques al aire libre, apostando por una producci\u00f3n que prima la calidad por encima de la cantidad.  Consejos de uso  La carne de pato es roja y magra, debido a esto tiene un sabor tan peculiar que la diferencia del resto de carnes. Tiene un alto contenido en \u00e1cido oleico lo que la hace una carne muy saludable. Adem\u00e1s de ser buen fuente de hierro hemo de f\u00e1cil absorci\u00f3n, f\u00f3sforo, zinc y contener importantes vitaminas como la tiamina, riboflavina, niacina y B12.  La mejor manera de consumir la carne de pato es respetando su propia jugosidad, y sea cual sea la receta, el interior de la carne debe mantener un color rosado.\" \/>\n<meta property=\"og:url\" content=\"https:\/\/www.prestigioytradicion.com\/product\/magret-de-pato-pechuga\/\" \/>\n<meta property=\"og:site_name\" content=\"Prestigio &amp; Tradici&oacute;n\" \/>\n<meta property=\"article:modified_time\" content=\"2023-12-06T08:51:20+00:00\" \/>\n<meta property=\"og:image\" content=\"https:\/\/www.prestigioytradicion.com\/wp-content\/uploads\/canard_ardoise_2.jpg\" \/>\n\t<meta property=\"og:image:width\" content=\"460\" \/>\n\t<meta property=\"og:image:height\" content=\"460\" \/>\n\t<meta property=\"og:image:type\" content=\"image\/jpeg\" \/>\n<meta name=\"twitter:card\" content=\"summary_large_image\" \/>\n<script type=\"application\/ld+json\" class=\"yoast-schema-graph\">{\"@context\":\"https:\/\/schema.org\",\"@graph\":[{\"@type\":\"WebPage\",\"@id\":\"https:\/\/www.prestigioytradicion.com\/product\/magret-de-pato-pechuga\/\",\"url\":\"https:\/\/www.prestigioytradicion.com\/product\/magret-de-pato-pechuga\/\",\"name\":\"Magret de Pato (Pechuga) - Prestigio &amp; Tradici&oacute;n\",\"isPartOf\":{\"@id\":\"https:\/\/www.prestigioytradicion.com\/#website\"},\"datePublished\":\"2020-04-07T18:13:19+00:00\",\"dateModified\":\"2023-12-06T08:51:20+00:00\",\"breadcrumb\":{\"@id\":\"https:\/\/www.prestigioytradicion.com\/product\/magret-de-pato-pechuga\/#breadcrumb\"},\"inLanguage\":\"en-US\",\"potentialAction\":[{\"@type\":\"ReadAction\",\"target\":[\"https:\/\/www.prestigioytradicion.com\/product\/magret-de-pato-pechuga\/\"]}]},{\"@type\":\"BreadcrumbList\",\"@id\":\"https:\/\/www.prestigioytradicion.com\/product\/magret-de-pato-pechuga\/#breadcrumb\",\"itemListElement\":[{\"@type\":\"ListItem\",\"position\":1,\"name\":\"Home\",\"item\":\"https:\/\/www.prestigioytradicion.com\/\"},{\"@type\":\"ListItem\",\"position\":2,\"name\":\"Tienda\",\"item\":\"https:\/\/www.prestigioytradicion.com\/shop\/\"},{\"@type\":\"ListItem\",\"position\":3,\"name\":\"Magret de Pato (Pechuga)\"}]},{\"@type\":\"WebSite\",\"@id\":\"https:\/\/www.prestigioytradicion.com\/#website\",\"url\":\"https:\/\/www.prestigioytradicion.com\/\",\"name\":\"Prestigio &amp; Tradici&oacute;n\",\"description\":\"Un extraordinario mundo gourmet de alta calidad para todos\",\"publisher\":{\"@id\":\"https:\/\/www.prestigioytradicion.com\/#organization\"},\"potentialAction\":[{\"@type\":\"SearchAction\",\"target\":{\"@type\":\"EntryPoint\",\"urlTemplate\":\"https:\/\/www.prestigioytradicion.com\/?s={search_term_string}\"},\"query-input\":\"required name=search_term_string\"}],\"inLanguage\":\"en-US\"},{\"@type\":\"Organization\",\"@id\":\"https:\/\/www.prestigioytradicion.com\/#organization\",\"name\":\"Prestigio & Tradici\u00f3n\",\"url\":\"https:\/\/www.prestigioytradicion.com\/\",\"logo\":{\"@type\":\"ImageObject\",\"inLanguage\":\"en-US\",\"@id\":\"https:\/\/www.prestigioytradicion.com\/#\/schema\/logo\/image\/\",\"url\":\"https:\/\/www.prestigioytradicion.com\/wp-content\/uploads\/LOGO-PyT-Facturas-WEB-150x150-SIN-FONDO.png\",\"contentUrl\":\"https:\/\/www.prestigioytradicion.com\/wp-content\/uploads\/LOGO-PyT-Facturas-WEB-150x150-SIN-FONDO.png\",\"width\":150,\"height\":150,\"caption\":\"Prestigio & Tradici\u00f3n\"},\"image\":{\"@id\":\"https:\/\/www.prestigioytradicion.com\/#\/schema\/logo\/image\/\"}}]}<\/script>\n<!-- \/ Yoast SEO Premium plugin. -->","yoast_head_json":{"title":"Magret de Pato (Pechuga) - Prestigio &amp; Tradici&oacute;n","robots":{"index":"index","follow":"follow","max-snippet":"max-snippet:-1","max-image-preview":"max-image-preview:large","max-video-preview":"max-video-preview:-1"},"canonical":"https:\/\/www.prestigioytradicion.com\/product\/magret-de-pato-pechuga\/","og_locale":"en_US","og_type":"article","og_title":"Magret de Pato (Pechuga)","og_description":"Origen Soria  Peso: 400g-450g  Presentacion: Producto congelado y al vacio  Descripcion: Nuestros patos de raza Mulard se cr\u00edan seg\u00fan criterios tradicionales: alimentaci\u00f3n con ma\u00edz, estancia en parques al aire libre, apostando por una producci\u00f3n que prima la calidad por encima de la cantidad.  Consejos de uso  La carne de pato es roja y magra, debido a esto tiene un sabor tan peculiar que la diferencia del resto de carnes. Tiene un alto contenido en \u00e1cido oleico lo que la hace una carne muy saludable. Adem\u00e1s de ser buen fuente de hierro hemo de f\u00e1cil absorci\u00f3n, f\u00f3sforo, zinc y contener importantes vitaminas como la tiamina, riboflavina, niacina y B12.  La mejor manera de consumir la carne de pato es respetando su propia jugosidad, y sea cual sea la receta, el interior de la carne debe mantener un color rosado.","og_url":"https:\/\/www.prestigioytradicion.com\/product\/magret-de-pato-pechuga\/","og_site_name":"Prestigio &amp; Tradici&oacute;n","article_modified_time":"2023-12-06T08:51:20+00:00","og_image":[{"width":460,"height":460,"url":"https:\/\/www.prestigioytradicion.com\/wp-content\/uploads\/canard_ardoise_2.jpg","type":"image\/jpeg"}],"twitter_card":"summary_large_image","schema":{"@context":"https:\/\/schema.org","@graph":[{"@type":"WebPage","@id":"https:\/\/www.prestigioytradicion.com\/product\/magret-de-pato-pechuga\/","url":"https:\/\/www.prestigioytradicion.com\/product\/magret-de-pato-pechuga\/","name":"Magret de Pato (Pechuga) - Prestigio &amp; Tradici&oacute;n","isPartOf":{"@id":"https:\/\/www.prestigioytradicion.com\/#website"},"datePublished":"2020-04-07T18:13:19+00:00","dateModified":"2023-12-06T08:51:20+00:00","breadcrumb":{"@id":"https:\/\/www.prestigioytradicion.com\/product\/magret-de-pato-pechuga\/#breadcrumb"},"inLanguage":"en-US","potentialAction":[{"@type":"ReadAction","target":["https:\/\/www.prestigioytradicion.com\/product\/magret-de-pato-pechuga\/"]}]},{"@type":"BreadcrumbList","@id":"https:\/\/www.prestigioytradicion.com\/product\/magret-de-pato-pechuga\/#breadcrumb","itemListElement":[{"@type":"ListItem","position":1,"name":"Home","item":"https:\/\/www.prestigioytradicion.com\/"},{"@type":"ListItem","position":2,"name":"Tienda","item":"https:\/\/www.prestigioytradicion.com\/shop\/"},{"@type":"ListItem","position":3,"name":"Magret de Pato (Pechuga)"}]},{"@type":"WebSite","@id":"https:\/\/www.prestigioytradicion.com\/#website","url":"https:\/\/www.prestigioytradicion.com\/","name":"Prestigio &amp; Tradici&oacute;n","description":"Un extraordinario mundo gourmet de alta calidad para todos","publisher":{"@id":"https:\/\/www.prestigioytradicion.com\/#organization"},"potentialAction":[{"@type":"SearchAction","target":{"@type":"EntryPoint","urlTemplate":"https:\/\/www.prestigioytradicion.com\/?s={search_term_string}"},"query-input":"required name=search_term_string"}],"inLanguage":"en-US"},{"@type":"Organization","@id":"https:\/\/www.prestigioytradicion.com\/#organization","name":"Prestigio & Tradici\u00f3n","url":"https:\/\/www.prestigioytradicion.com\/","logo":{"@type":"ImageObject","inLanguage":"en-US","@id":"https:\/\/www.prestigioytradicion.com\/#\/schema\/logo\/image\/","url":"https:\/\/www.prestigioytradicion.com\/wp-content\/uploads\/LOGO-PyT-Facturas-WEB-150x150-SIN-FONDO.png","contentUrl":"https:\/\/www.prestigioytradicion.com\/wp-content\/uploads\/LOGO-PyT-Facturas-WEB-150x150-SIN-FONDO.png","width":150,"height":150,"caption":"Prestigio & Tradici\u00f3n"},"image":{"@id":"https:\/\/www.prestigioytradicion.com\/#\/schema\/logo\/image\/"}}]}},"_links":{"self":[{"href":"https:\/\/www.prestigioytradicion.com\/en\/wp-json\/wp\/v2\/product\/3554"}],"collection":[{"href":"https:\/\/www.prestigioytradicion.com\/en\/wp-json\/wp\/v2\/product"}],"about":[{"href":"https:\/\/www.prestigioytradicion.com\/en\/wp-json\/wp\/v2\/types\/product"}],"replies":[{"embeddable":true,"href":"https:\/\/www.prestigioytradicion.com\/en\/wp-json\/wp\/v2\/comments?post=3554"}],"version-history":[{"count":1,"href":"https:\/\/www.prestigioytradicion.com\/en\/wp-json\/wp\/v2\/product\/3554\/revisions"}],"predecessor-version":[{"id":9548,"href":"https:\/\/www.prestigioytradicion.com\/en\/wp-json\/wp\/v2\/product\/3554\/revisions\/9548"}],"wp:featuredmedia":[{"embeddable":true,"href":"https:\/\/www.prestigioytradicion.com\/en\/wp-json\/wp\/v2\/media\/3797"}],"wp:attachment":[{"href":"https:\/\/www.prestigioytradicion.com\/en\/wp-json\/wp\/v2\/media?parent=3554"}],"wp:term":[{"taxonomy":"product_cat","embeddable":true,"href":"https:\/\/www.prestigioytradicion.com\/en\/wp-json\/wp\/v2\/product_cat?post=3554"},{"taxonomy":"product_tag","embeddable":true,"href":"https:\/\/www.prestigioytradicion.com\/en\/wp-json\/wp\/v2\/product_tag?post=3554"}],"curies":[{"name":"wp","href":"https:\/\/api.w.org\/{rel}","templated":true}]}}