{"id":36,"date":"2015-03-03T17:29:07","date_gmt":"2015-03-03T16:29:07","guid":{"rendered":"https:\/\/www.prestigioytradicion.com\/?product=blas-munoz"},"modified":"2025-11-19T16:46:47","modified_gmt":"2025-11-19T15:46:47","slug":"blas-munoz","status":"publish","type":"product","link":"https:\/\/www.prestigioytradicion.com\/en\/product\/blas-munoz\/","title":{"rendered":"Blas Mu\u00f1oz"},"content":{"rendered":"","protected":false},"excerpt":{"rendered":"<p><strong>D.O:<\/strong> La Mancha<\/p>\n<p><strong>Cosecha:<\/strong> 2018<\/p>\n<p><strong>Varietal: <\/strong>100% Chardonnay<\/p>\n<p class=\"fusion-responsive-typography-calculated\" data-fontsize=\"16.8\" data-lineheight=\"20.1667px\"><strong>Crianza: <\/strong>La crianza suele durar unos 6 meses, siempre en <em><strong>barrica nueva<\/strong><\/em>, controlando este proceso para obtener el adecuado equilibrio entre fruta y roble.<\/p>\n<p><strong>Notas de Cata:<\/strong><br \/>\n<strong><em>Aroma:<\/em><\/strong> Aroma muy agradable, con recuerdos de pi\u00f1a y melocot\u00f3n combinado con notas de coco y tostados procedentes del roble.<\/p>\n<p><strong><em>Paladar:<\/em><\/strong> Resulta c\u00e1lido y graso, ancho y tostado, envolviendo el paladar, percibi\u00e9ndose un final de buena crianza. Su persistencia en boca es prolongada.<\/p>\n<p><strong>Maridaje:<\/strong> Pat\u00e9s de Caceria, Quesos Semicurados, Embutidos Cocidos, Aves.<\/p>\n<p><b>Maridaje<\/b>: Platos elaborados de pescados de todo tipo y mariscos. Arroces. Perfecto incluso con carnes asadas, como cordero, cabrito\u2026etc\u2026<\/p>\n<p><strong>Premios:<\/strong><br \/>\nConcurso Chardonnay du Monde 2017: Medalla de Oro<br \/>\nConcurso La Mancha: Medalla de Oro<br \/>\nGuia Pe\u00f1\u00edn: 92 puntos<\/p>\n","protected":false},"featured_media":3901,"comment_status":"closed","ping_status":"closed","template":"","meta":[],"product_cat":[54,55,741],"product_tag":[],"bundled_by":[],"bundle_stock_status":"instock","bundle_stock_quantity":null,"bundle_virtual":false,"bundle_layout":"","bundle_add_to_cart_form_location":"","bundle_editable_in_cart":false,"bundle_sold_individually_context":"","bundle_item_grouping":"","bundle_min_size":"","bundle_max_size":"","bundle_price":[],"bundled_items":[],"bundle_sell_ids":[],"yoast_head":"<!-- This site is optimized with the Yoast SEO Premium plugin v21.9 (Yoast SEO v21.9.1) - https:\/\/yoast.com\/wordpress\/plugins\/seo\/ -->\n<title>Blas Mu\u00f1oz - Prestigio &amp; Tradici&oacute;n<\/title>\n<meta name=\"robots\" content=\"index, follow, max-snippet:-1, max-image-preview:large, max-video-preview:-1\" \/>\n<link rel=\"canonical\" href=\"https:\/\/www.prestigioytradicion.com\/product\/blas-munoz\/\" \/>\n<meta property=\"og:locale\" content=\"en_US\" \/>\n<meta property=\"og:type\" content=\"article\" \/>\n<meta property=\"og:title\" content=\"Blas Mu\u00f1oz\" \/>\n<meta property=\"og:description\" content=\"D.O: La Mancha  Cosecha: 2018  Varietal: 100% Chardonnay Crianza: La crianza suele durar unos 6 meses, siempre en barrica nueva, controlando este proceso para obtener el adecuado equilibrio entre fruta y roble. Notas de Cata: Aroma: Aroma muy agradable, con recuerdos de pi\u00f1a y melocot\u00f3n combinado con notas de coco y tostados procedentes del roble.  Paladar: Resulta c\u00e1lido y graso, ancho y tostado, envolviendo el paladar, percibi\u00e9ndose un final de buena crianza. Su persistencia en boca es prolongada.  Maridaje: Pat\u00e9s de Caceria, Quesos Semicurados, Embutidos Cocidos, Aves.  Maridaje: Platos elaborados de pescados de todo tipo y mariscos. Arroces. Perfecto incluso con carnes asadas, como cordero, cabrito\u2026etc\u2026  Premios: Concurso Chardonnay du Monde 2017: Medalla de Oro Concurso La Mancha: Medalla de Oro Guia Pe\u00f1\u00edn: 92 puntos\" \/>\n<meta property=\"og:url\" content=\"https:\/\/www.prestigioytradicion.com\/product\/blas-munoz\/\" \/>\n<meta property=\"og:site_name\" content=\"Prestigio &amp; Tradici&oacute;n\" \/>\n<meta property=\"article:modified_time\" content=\"2025-11-19T15:46:47+00:00\" \/>\n<meta property=\"og:image\" content=\"https:\/\/www.prestigioytradicion.com\/wp-content\/uploads\/Blas-Munoz-1.jpg\" \/>\n\t<meta property=\"og:image:width\" content=\"450\" \/>\n\t<meta property=\"og:image:height\" content=\"500\" \/>\n\t<meta property=\"og:image:type\" content=\"image\/jpeg\" \/>\n<meta name=\"twitter:card\" content=\"summary_large_image\" \/>\n<script type=\"application\/ld+json\" class=\"yoast-schema-graph\">{\"@context\":\"https:\/\/schema.org\",\"@graph\":[{\"@type\":\"WebPage\",\"@id\":\"https:\/\/www.prestigioytradicion.com\/product\/blas-munoz\/\",\"url\":\"https:\/\/www.prestigioytradicion.com\/product\/blas-munoz\/\",\"name\":\"Blas Mu\u00f1oz - Prestigio &amp; Tradici&oacute;n\",\"isPartOf\":{\"@id\":\"https:\/\/www.prestigioytradicion.com\/#website\"},\"datePublished\":\"2015-03-03T16:29:07+00:00\",\"dateModified\":\"2025-11-19T15:46:47+00:00\",\"breadcrumb\":{\"@id\":\"https:\/\/www.prestigioytradicion.com\/product\/blas-munoz\/#breadcrumb\"},\"inLanguage\":\"en-US\",\"potentialAction\":[{\"@type\":\"ReadAction\",\"target\":[\"https:\/\/www.prestigioytradicion.com\/product\/blas-munoz\/\"]}]},{\"@type\":\"BreadcrumbList\",\"@id\":\"https:\/\/www.prestigioytradicion.com\/product\/blas-munoz\/#breadcrumb\",\"itemListElement\":[{\"@type\":\"ListItem\",\"position\":1,\"name\":\"Home\",\"item\":\"https:\/\/www.prestigioytradicion.com\/\"},{\"@type\":\"ListItem\",\"position\":2,\"name\":\"Tienda\",\"item\":\"https:\/\/www.prestigioytradicion.com\/shop\/\"},{\"@type\":\"ListItem\",\"position\":3,\"name\":\"Blas Mu\u00f1oz\"}]},{\"@type\":\"WebSite\",\"@id\":\"https:\/\/www.prestigioytradicion.com\/#website\",\"url\":\"https:\/\/www.prestigioytradicion.com\/\",\"name\":\"Prestigio &amp; Tradici&oacute;n\",\"description\":\"Un extraordinario mundo gourmet de alta calidad para todos\",\"publisher\":{\"@id\":\"https:\/\/www.prestigioytradicion.com\/#organization\"},\"potentialAction\":[{\"@type\":\"SearchAction\",\"target\":{\"@type\":\"EntryPoint\",\"urlTemplate\":\"https:\/\/www.prestigioytradicion.com\/?s={search_term_string}\"},\"query-input\":\"required name=search_term_string\"}],\"inLanguage\":\"en-US\"},{\"@type\":\"Organization\",\"@id\":\"https:\/\/www.prestigioytradicion.com\/#organization\",\"name\":\"Prestigio & Tradici\u00f3n\",\"url\":\"https:\/\/www.prestigioytradicion.com\/\",\"logo\":{\"@type\":\"ImageObject\",\"inLanguage\":\"en-US\",\"@id\":\"https:\/\/www.prestigioytradicion.com\/#\/schema\/logo\/image\/\",\"url\":\"https:\/\/www.prestigioytradicion.com\/wp-content\/uploads\/LOGO-PyT-Facturas-WEB-150x150-SIN-FONDO.png\",\"contentUrl\":\"https:\/\/www.prestigioytradicion.com\/wp-content\/uploads\/LOGO-PyT-Facturas-WEB-150x150-SIN-FONDO.png\",\"width\":150,\"height\":150,\"caption\":\"Prestigio & Tradici\u00f3n\"},\"image\":{\"@id\":\"https:\/\/www.prestigioytradicion.com\/#\/schema\/logo\/image\/\"}}]}<\/script>\n<!-- \/ Yoast SEO Premium plugin. -->","yoast_head_json":{"title":"Blas Mu\u00f1oz - Prestigio &amp; Tradici&oacute;n","robots":{"index":"index","follow":"follow","max-snippet":"max-snippet:-1","max-image-preview":"max-image-preview:large","max-video-preview":"max-video-preview:-1"},"canonical":"https:\/\/www.prestigioytradicion.com\/product\/blas-munoz\/","og_locale":"en_US","og_type":"article","og_title":"Blas Mu\u00f1oz","og_description":"D.O: La Mancha  Cosecha: 2018  Varietal: 100% Chardonnay Crianza: La crianza suele durar unos 6 meses, siempre en barrica nueva, controlando este proceso para obtener el adecuado equilibrio entre fruta y roble. Notas de Cata: Aroma: Aroma muy agradable, con recuerdos de pi\u00f1a y melocot\u00f3n combinado con notas de coco y tostados procedentes del roble.  Paladar: Resulta c\u00e1lido y graso, ancho y tostado, envolviendo el paladar, percibi\u00e9ndose un final de buena crianza. Su persistencia en boca es prolongada.  Maridaje: Pat\u00e9s de Caceria, Quesos Semicurados, Embutidos Cocidos, Aves.  Maridaje: Platos elaborados de pescados de todo tipo y mariscos. Arroces. Perfecto incluso con carnes asadas, como cordero, cabrito\u2026etc\u2026  Premios: Concurso Chardonnay du Monde 2017: Medalla de Oro Concurso La Mancha: Medalla de Oro Guia Pe\u00f1\u00edn: 92 puntos","og_url":"https:\/\/www.prestigioytradicion.com\/product\/blas-munoz\/","og_site_name":"Prestigio &amp; Tradici&oacute;n","article_modified_time":"2025-11-19T15:46:47+00:00","og_image":[{"width":450,"height":500,"url":"https:\/\/www.prestigioytradicion.com\/wp-content\/uploads\/Blas-Munoz-1.jpg","type":"image\/jpeg"}],"twitter_card":"summary_large_image","schema":{"@context":"https:\/\/schema.org","@graph":[{"@type":"WebPage","@id":"https:\/\/www.prestigioytradicion.com\/product\/blas-munoz\/","url":"https:\/\/www.prestigioytradicion.com\/product\/blas-munoz\/","name":"Blas Mu\u00f1oz - Prestigio &amp; Tradici&oacute;n","isPartOf":{"@id":"https:\/\/www.prestigioytradicion.com\/#website"},"datePublished":"2015-03-03T16:29:07+00:00","dateModified":"2025-11-19T15:46:47+00:00","breadcrumb":{"@id":"https:\/\/www.prestigioytradicion.com\/product\/blas-munoz\/#breadcrumb"},"inLanguage":"en-US","potentialAction":[{"@type":"ReadAction","target":["https:\/\/www.prestigioytradicion.com\/product\/blas-munoz\/"]}]},{"@type":"BreadcrumbList","@id":"https:\/\/www.prestigioytradicion.com\/product\/blas-munoz\/#breadcrumb","itemListElement":[{"@type":"ListItem","position":1,"name":"Home","item":"https:\/\/www.prestigioytradicion.com\/"},{"@type":"ListItem","position":2,"name":"Tienda","item":"https:\/\/www.prestigioytradicion.com\/shop\/"},{"@type":"ListItem","position":3,"name":"Blas Mu\u00f1oz"}]},{"@type":"WebSite","@id":"https:\/\/www.prestigioytradicion.com\/#website","url":"https:\/\/www.prestigioytradicion.com\/","name":"Prestigio &amp; Tradici&oacute;n","description":"Un extraordinario mundo gourmet de alta calidad para todos","publisher":{"@id":"https:\/\/www.prestigioytradicion.com\/#organization"},"potentialAction":[{"@type":"SearchAction","target":{"@type":"EntryPoint","urlTemplate":"https:\/\/www.prestigioytradicion.com\/?s={search_term_string}"},"query-input":"required name=search_term_string"}],"inLanguage":"en-US"},{"@type":"Organization","@id":"https:\/\/www.prestigioytradicion.com\/#organization","name":"Prestigio & Tradici\u00f3n","url":"https:\/\/www.prestigioytradicion.com\/","logo":{"@type":"ImageObject","inLanguage":"en-US","@id":"https:\/\/www.prestigioytradicion.com\/#\/schema\/logo\/image\/","url":"https:\/\/www.prestigioytradicion.com\/wp-content\/uploads\/LOGO-PyT-Facturas-WEB-150x150-SIN-FONDO.png","contentUrl":"https:\/\/www.prestigioytradicion.com\/wp-content\/uploads\/LOGO-PyT-Facturas-WEB-150x150-SIN-FONDO.png","width":150,"height":150,"caption":"Prestigio & Tradici\u00f3n"},"image":{"@id":"https:\/\/www.prestigioytradicion.com\/#\/schema\/logo\/image\/"}}]}},"_links":{"self":[{"href":"https:\/\/www.prestigioytradicion.com\/en\/wp-json\/wp\/v2\/product\/36"}],"collection":[{"href":"https:\/\/www.prestigioytradicion.com\/en\/wp-json\/wp\/v2\/product"}],"about":[{"href":"https:\/\/www.prestigioytradicion.com\/en\/wp-json\/wp\/v2\/types\/product"}],"replies":[{"embeddable":true,"href":"https:\/\/www.prestigioytradicion.com\/en\/wp-json\/wp\/v2\/comments?post=36"}],"version-history":[{"count":2,"href":"https:\/\/www.prestigioytradicion.com\/en\/wp-json\/wp\/v2\/product\/36\/revisions"}],"predecessor-version":[{"id":10889,"href":"https:\/\/www.prestigioytradicion.com\/en\/wp-json\/wp\/v2\/product\/36\/revisions\/10889"}],"wp:featuredmedia":[{"embeddable":true,"href":"https:\/\/www.prestigioytradicion.com\/en\/wp-json\/wp\/v2\/media\/3901"}],"wp:attachment":[{"href":"https:\/\/www.prestigioytradicion.com\/en\/wp-json\/wp\/v2\/media?parent=36"}],"wp:term":[{"taxonomy":"product_cat","embeddable":true,"href":"https:\/\/www.prestigioytradicion.com\/en\/wp-json\/wp\/v2\/product_cat?post=36"},{"taxonomy":"product_tag","embeddable":true,"href":"https:\/\/www.prestigioytradicion.com\/en\/wp-json\/wp\/v2\/product_tag?post=36"}],"curies":[{"name":"wp","href":"https:\/\/api.w.org\/{rel}","templated":true}]}}