{"id":3604,"date":"2020-04-07T23:08:28","date_gmt":"2020-04-07T22:08:28","guid":{"rendered":"https:\/\/www.prestigioytradicion.com\/?post_type=product&#038;p=3604"},"modified":"2023-07-20T18:39:26","modified_gmt":"2023-07-20T17:39:26","slug":"higado-de-pato-crudo","status":"publish","type":"product","link":"https:\/\/www.prestigioytradicion.com\/en\/product\/higado-de-pato-crudo\/","title":{"rendered":"Higado de Pato Crudo"},"content":{"rendered":"","protected":false},"excerpt":{"rendered":"<p><strong>Origen<\/strong>: Soria<\/p>\n<p><strong>Peso: <\/strong>entre 550 y 600 gramos. Este peso es el ideal para conseguir un buen rendimiento en plancha y apreciar su sabor intenso de un foie gras de alta calidad.<\/p>\n<p><strong>Presentacion<\/strong>: Producto crudo congelado y al vacio<\/p>\n<p>El Foie Gras de pato es el h\u00edgado graso fresco de pato que ha sido cebado.<br \/>\nEs un alimento exquisito, resultado de una tradici\u00f3n milenaria que se obtiene mediante el <strong>cebado artesanal <\/strong>de palm\u00edpedas grasas.<br \/>\nSus caracter\u00edsticas organol\u00e9pticas son:<\/p>\n<p>* Aspecto compacto y brillante<br \/>\n* Color amarillo, uniforme<br \/>\n* Sabor y aroma intenso, caracter\u00edstico a foie gras<br \/>\n* Textura flexible y mantecosa<\/p>\n<p><strong>Consejos de uso<\/strong><\/p>\n<p>Recomendamos <strong>cocinar el foie gras fresco<\/strong> a la plancha. Hacer filetes de 1,5 cm de grosor, calentar una sart\u00e9n a temperatura alta y cocinar los filetes 15 segundos por cada lado. A\u00f1adir sal gorda y pimienta blanca y servir sobre pan tostado.<\/p>\n<p>Un buen foie gras merece ser acompa\u00f1ado de un vino de calidad. Los vinos semidulces de uva moscatel o malvas\u00eda, los tintos, los rosados,\u2026 o un cava son algunas de las posibles elecciones.<\/p>\n","protected":false},"featured_media":3608,"comment_status":"closed","ping_status":"closed","template":"","meta":[],"product_cat":[797],"product_tag":[],"bundled_by":[],"bundle_stock_status":"onbackorder","bundle_stock_quantity":null,"bundle_virtual":false,"bundle_layout":"","bundle_add_to_cart_form_location":"","bundle_editable_in_cart":false,"bundle_sold_individually_context":"","bundle_item_grouping":"","bundle_min_size":"","bundle_max_size":"","bundle_price":[],"bundled_items":[],"bundle_sell_ids":[],"yoast_head":"<!-- This site is optimized with the Yoast SEO Premium plugin v21.9 (Yoast SEO v21.9.1) - https:\/\/yoast.com\/wordpress\/plugins\/seo\/ -->\n<title>Higado de Pato Crudo - Prestigio &amp; Tradici&oacute;n<\/title>\n<meta name=\"robots\" content=\"index, follow, max-snippet:-1, max-image-preview:large, max-video-preview:-1\" \/>\n<link rel=\"canonical\" href=\"https:\/\/www.prestigioytradicion.com\/product\/higado-de-pato-crudo\/\" \/>\n<meta property=\"og:locale\" content=\"en_US\" \/>\n<meta property=\"og:type\" content=\"article\" \/>\n<meta property=\"og:title\" content=\"Higado de Pato Crudo\" \/>\n<meta property=\"og:description\" content=\"Origen: Soria  Peso: entre 550 y 600 gramos. Este peso es el ideal para conseguir un buen rendimiento en plancha y apreciar su sabor intenso de un foie gras de alta calidad.  Presentacion: Producto crudo congelado y al vacio  El Foie Gras de pato es el h\u00edgado graso fresco de pato que ha sido cebado. Es un alimento exquisito, resultado de una tradici\u00f3n milenaria que se obtiene mediante el cebado artesanal de palm\u00edpedas grasas. Sus caracter\u00edsticas organol\u00e9pticas son:  * Aspecto compacto y brillante * Color amarillo, uniforme * Sabor y aroma intenso, caracter\u00edstico a foie gras * Textura flexible y mantecosa  Consejos de uso  Recomendamos cocinar el foie gras fresco a la plancha. Hacer filetes de 1,5 cm de grosor, calentar una sart\u00e9n a temperatura alta y cocinar los filetes 15 segundos por cada lado. A\u00f1adir sal gorda y pimienta blanca y servir sobre pan tostado.  Un buen foie gras merece ser acompa\u00f1ado de un vino de calidad. Los vinos semidulces de uva moscatel o malvas\u00eda, los tintos, los rosados,\u2026 o un cava son algunas de las posibles elecciones.\" \/>\n<meta property=\"og:url\" content=\"https:\/\/www.prestigioytradicion.com\/product\/higado-de-pato-crudo\/\" \/>\n<meta property=\"og:site_name\" content=\"Prestigio &amp; Tradici&oacute;n\" \/>\n<meta property=\"article:modified_time\" content=\"2023-07-20T17:39:26+00:00\" \/>\n<meta property=\"og:image\" content=\"https:\/\/www.prestigioytradicion.com\/wp-content\/uploads\/foie-gras-fresco-extra-e1586299553317.jpg\" \/>\n\t<meta property=\"og:image:width\" content=\"397\" \/>\n\t<meta property=\"og:image:height\" content=\"364\" \/>\n\t<meta property=\"og:image:type\" content=\"image\/jpeg\" \/>\n<meta name=\"twitter:card\" content=\"summary_large_image\" \/>\n<script type=\"application\/ld+json\" class=\"yoast-schema-graph\">{\"@context\":\"https:\/\/schema.org\",\"@graph\":[{\"@type\":\"WebPage\",\"@id\":\"https:\/\/www.prestigioytradicion.com\/product\/higado-de-pato-crudo\/\",\"url\":\"https:\/\/www.prestigioytradicion.com\/product\/higado-de-pato-crudo\/\",\"name\":\"Higado de Pato Crudo - Prestigio &amp; Tradici&oacute;n\",\"isPartOf\":{\"@id\":\"https:\/\/www.prestigioytradicion.com\/#website\"},\"datePublished\":\"2020-04-07T22:08:28+00:00\",\"dateModified\":\"2023-07-20T17:39:26+00:00\",\"breadcrumb\":{\"@id\":\"https:\/\/www.prestigioytradicion.com\/product\/higado-de-pato-crudo\/#breadcrumb\"},\"inLanguage\":\"en-US\",\"potentialAction\":[{\"@type\":\"ReadAction\",\"target\":[\"https:\/\/www.prestigioytradicion.com\/product\/higado-de-pato-crudo\/\"]}]},{\"@type\":\"BreadcrumbList\",\"@id\":\"https:\/\/www.prestigioytradicion.com\/product\/higado-de-pato-crudo\/#breadcrumb\",\"itemListElement\":[{\"@type\":\"ListItem\",\"position\":1,\"name\":\"Home\",\"item\":\"https:\/\/www.prestigioytradicion.com\/\"},{\"@type\":\"ListItem\",\"position\":2,\"name\":\"Tienda\",\"item\":\"https:\/\/www.prestigioytradicion.com\/shop\/\"},{\"@type\":\"ListItem\",\"position\":3,\"name\":\"Higado de Pato Crudo\"}]},{\"@type\":\"WebSite\",\"@id\":\"https:\/\/www.prestigioytradicion.com\/#website\",\"url\":\"https:\/\/www.prestigioytradicion.com\/\",\"name\":\"Prestigio &amp; Tradici&oacute;n\",\"description\":\"Un extraordinario mundo gourmet de alta calidad para todos\",\"publisher\":{\"@id\":\"https:\/\/www.prestigioytradicion.com\/#organization\"},\"potentialAction\":[{\"@type\":\"SearchAction\",\"target\":{\"@type\":\"EntryPoint\",\"urlTemplate\":\"https:\/\/www.prestigioytradicion.com\/?s={search_term_string}\"},\"query-input\":\"required name=search_term_string\"}],\"inLanguage\":\"en-US\"},{\"@type\":\"Organization\",\"@id\":\"https:\/\/www.prestigioytradicion.com\/#organization\",\"name\":\"Prestigio & Tradici\u00f3n\",\"url\":\"https:\/\/www.prestigioytradicion.com\/\",\"logo\":{\"@type\":\"ImageObject\",\"inLanguage\":\"en-US\",\"@id\":\"https:\/\/www.prestigioytradicion.com\/#\/schema\/logo\/image\/\",\"url\":\"https:\/\/www.prestigioytradicion.com\/wp-content\/uploads\/LOGO-PyT-Facturas-WEB-150x150-SIN-FONDO.png\",\"contentUrl\":\"https:\/\/www.prestigioytradicion.com\/wp-content\/uploads\/LOGO-PyT-Facturas-WEB-150x150-SIN-FONDO.png\",\"width\":150,\"height\":150,\"caption\":\"Prestigio & Tradici\u00f3n\"},\"image\":{\"@id\":\"https:\/\/www.prestigioytradicion.com\/#\/schema\/logo\/image\/\"}}]}<\/script>\n<!-- \/ Yoast SEO Premium plugin. -->","yoast_head_json":{"title":"Higado de Pato Crudo - Prestigio &amp; Tradici&oacute;n","robots":{"index":"index","follow":"follow","max-snippet":"max-snippet:-1","max-image-preview":"max-image-preview:large","max-video-preview":"max-video-preview:-1"},"canonical":"https:\/\/www.prestigioytradicion.com\/product\/higado-de-pato-crudo\/","og_locale":"en_US","og_type":"article","og_title":"Higado de Pato Crudo","og_description":"Origen: Soria  Peso: entre 550 y 600 gramos. Este peso es el ideal para conseguir un buen rendimiento en plancha y apreciar su sabor intenso de un foie gras de alta calidad.  Presentacion: Producto crudo congelado y al vacio  El Foie Gras de pato es el h\u00edgado graso fresco de pato que ha sido cebado. Es un alimento exquisito, resultado de una tradici\u00f3n milenaria que se obtiene mediante el cebado artesanal de palm\u00edpedas grasas. Sus caracter\u00edsticas organol\u00e9pticas son:  * Aspecto compacto y brillante * Color amarillo, uniforme * Sabor y aroma intenso, caracter\u00edstico a foie gras * Textura flexible y mantecosa  Consejos de uso  Recomendamos cocinar el foie gras fresco a la plancha. Hacer filetes de 1,5 cm de grosor, calentar una sart\u00e9n a temperatura alta y cocinar los filetes 15 segundos por cada lado. A\u00f1adir sal gorda y pimienta blanca y servir sobre pan tostado.  Un buen foie gras merece ser acompa\u00f1ado de un vino de calidad. Los vinos semidulces de uva moscatel o malvas\u00eda, los tintos, los rosados,\u2026 o un cava son algunas de las posibles elecciones.","og_url":"https:\/\/www.prestigioytradicion.com\/product\/higado-de-pato-crudo\/","og_site_name":"Prestigio &amp; Tradici&oacute;n","article_modified_time":"2023-07-20T17:39:26+00:00","og_image":[{"width":397,"height":364,"url":"https:\/\/www.prestigioytradicion.com\/wp-content\/uploads\/foie-gras-fresco-extra-e1586299553317.jpg","type":"image\/jpeg"}],"twitter_card":"summary_large_image","schema":{"@context":"https:\/\/schema.org","@graph":[{"@type":"WebPage","@id":"https:\/\/www.prestigioytradicion.com\/product\/higado-de-pato-crudo\/","url":"https:\/\/www.prestigioytradicion.com\/product\/higado-de-pato-crudo\/","name":"Higado de Pato Crudo - Prestigio &amp; Tradici&oacute;n","isPartOf":{"@id":"https:\/\/www.prestigioytradicion.com\/#website"},"datePublished":"2020-04-07T22:08:28+00:00","dateModified":"2023-07-20T17:39:26+00:00","breadcrumb":{"@id":"https:\/\/www.prestigioytradicion.com\/product\/higado-de-pato-crudo\/#breadcrumb"},"inLanguage":"en-US","potentialAction":[{"@type":"ReadAction","target":["https:\/\/www.prestigioytradicion.com\/product\/higado-de-pato-crudo\/"]}]},{"@type":"BreadcrumbList","@id":"https:\/\/www.prestigioytradicion.com\/product\/higado-de-pato-crudo\/#breadcrumb","itemListElement":[{"@type":"ListItem","position":1,"name":"Home","item":"https:\/\/www.prestigioytradicion.com\/"},{"@type":"ListItem","position":2,"name":"Tienda","item":"https:\/\/www.prestigioytradicion.com\/shop\/"},{"@type":"ListItem","position":3,"name":"Higado de Pato Crudo"}]},{"@type":"WebSite","@id":"https:\/\/www.prestigioytradicion.com\/#website","url":"https:\/\/www.prestigioytradicion.com\/","name":"Prestigio &amp; Tradici&oacute;n","description":"Un extraordinario mundo gourmet de alta calidad para todos","publisher":{"@id":"https:\/\/www.prestigioytradicion.com\/#organization"},"potentialAction":[{"@type":"SearchAction","target":{"@type":"EntryPoint","urlTemplate":"https:\/\/www.prestigioytradicion.com\/?s={search_term_string}"},"query-input":"required name=search_term_string"}],"inLanguage":"en-US"},{"@type":"Organization","@id":"https:\/\/www.prestigioytradicion.com\/#organization","name":"Prestigio & Tradici\u00f3n","url":"https:\/\/www.prestigioytradicion.com\/","logo":{"@type":"ImageObject","inLanguage":"en-US","@id":"https:\/\/www.prestigioytradicion.com\/#\/schema\/logo\/image\/","url":"https:\/\/www.prestigioytradicion.com\/wp-content\/uploads\/LOGO-PyT-Facturas-WEB-150x150-SIN-FONDO.png","contentUrl":"https:\/\/www.prestigioytradicion.com\/wp-content\/uploads\/LOGO-PyT-Facturas-WEB-150x150-SIN-FONDO.png","width":150,"height":150,"caption":"Prestigio & Tradici\u00f3n"},"image":{"@id":"https:\/\/www.prestigioytradicion.com\/#\/schema\/logo\/image\/"}}]}},"_links":{"self":[{"href":"https:\/\/www.prestigioytradicion.com\/en\/wp-json\/wp\/v2\/product\/3604"}],"collection":[{"href":"https:\/\/www.prestigioytradicion.com\/en\/wp-json\/wp\/v2\/product"}],"about":[{"href":"https:\/\/www.prestigioytradicion.com\/en\/wp-json\/wp\/v2\/types\/product"}],"replies":[{"embeddable":true,"href":"https:\/\/www.prestigioytradicion.com\/en\/wp-json\/wp\/v2\/comments?post=3604"}],"version-history":[{"count":1,"href":"https:\/\/www.prestigioytradicion.com\/en\/wp-json\/wp\/v2\/product\/3604\/revisions"}],"predecessor-version":[{"id":9543,"href":"https:\/\/www.prestigioytradicion.com\/en\/wp-json\/wp\/v2\/product\/3604\/revisions\/9543"}],"wp:featuredmedia":[{"embeddable":true,"href":"https:\/\/www.prestigioytradicion.com\/en\/wp-json\/wp\/v2\/media\/3608"}],"wp:attachment":[{"href":"https:\/\/www.prestigioytradicion.com\/en\/wp-json\/wp\/v2\/media?parent=3604"}],"wp:term":[{"taxonomy":"product_cat","embeddable":true,"href":"https:\/\/www.prestigioytradicion.com\/en\/wp-json\/wp\/v2\/product_cat?post=3604"},{"taxonomy":"product_tag","embeddable":true,"href":"https:\/\/www.prestigioytradicion.com\/en\/wp-json\/wp\/v2\/product_tag?post=3604"}],"curies":[{"name":"wp","href":"https:\/\/api.w.org\/{rel}","templated":true}]}}