{"id":3894,"date":"2020-04-15T22:18:20","date_gmt":"2020-04-15T21:18:20","guid":{"rendered":"https:\/\/www.prestigioytradicion.com\/?post_type=product&#038;p=3894"},"modified":"2025-11-19T16:53:03","modified_gmt":"2025-11-19T15:53:03","slug":"roquesan-crianza","status":"publish","type":"product","link":"https:\/\/www.prestigioytradicion.com\/en\/product\/roquesan-crianza\/","title":{"rendered":"Roquesan Crianza"},"content":{"rendered":"","protected":false},"excerpt":{"rendered":"<p>La Bodega fue fundada 1964. El <strong><em>60% de su vi\u00f1edo es centenario<\/em> <\/strong>y el 40% restante, m\u00e1s joven, por lo que podemos afirmar que BODEGAS ROQUES\u00c1N posee unos de los <em><strong>vi\u00f1edos m\u00e1s viejos de toda la Ribera del Duero.<\/strong><\/em><\/p>\n<p>Tratan de forma excepcional sus cepas, y eso se nota en sus vinos.<\/p>\n<p><strong>D.O: <\/strong>Ribera del Duero<\/p>\n<p><strong>A\u00f1ada:<\/strong> 2018<\/p>\n<p><strong>Crianza: <\/strong>12 meses Roble Americano<\/p>\n<p><strong><u>Datos de Producci\u00f3n<\/u><\/strong><\/p>\n<p><strong>Vendimia:<\/strong> Manual<\/p>\n<p><strong>Altitud del Vi\u00f1edo:<\/strong> 850 Metros sobre el nivel del mar<\/p>\n<p><strong><u>Notas de Cata:<\/u><\/strong><\/p>\n<p><strong>Vista: <\/strong>Color picota intenso, con ribete amoratado.<\/p>\n<p><strong>Nariz<\/strong>: En nariz presenta una compleja y armoniosa variedad arom\u00e1tica, que va de frutas rojas y negras maduras a vainilla, pasando por tabaco y cacao.<\/p>\n<p><strong>Boca:<\/strong> En boca permanece elegante y con una finura densa y persistente. Vuelven los tostados en la retronasal y recuerdos a chocolate.<\/p>\n<p><strong><u>MARIDAJE:<\/u><\/strong><\/p>\n<p>Carne blancas y rojas, sazonadas, asada o en guisos.<\/p>\n<p><strong>Premios:<\/strong><br \/>\nMedalla de ORO en Bruselas 2015<\/p>\n","protected":false},"featured_media":3896,"comment_status":"closed","ping_status":"closed","template":"","meta":[],"product_cat":[54,56,741],"product_tag":[142],"bundled_by":[],"bundle_stock_status":"instock","bundle_stock_quantity":null,"bundle_virtual":false,"bundle_layout":"","bundle_add_to_cart_form_location":"","bundle_editable_in_cart":false,"bundle_sold_individually_context":"","bundle_item_grouping":"","bundle_min_size":"","bundle_max_size":"","bundle_price":[],"bundled_items":[],"bundle_sell_ids":[],"yoast_head":"<!-- This site is optimized with the Yoast SEO Premium plugin v21.9 (Yoast SEO v21.9.1) - https:\/\/yoast.com\/wordpress\/plugins\/seo\/ -->\n<title>Roquesan Crianza - Prestigio &amp; Tradici&oacute;n<\/title>\n<meta name=\"robots\" content=\"index, follow, max-snippet:-1, max-image-preview:large, max-video-preview:-1\" \/>\n<link rel=\"canonical\" href=\"https:\/\/www.prestigioytradicion.com\/product\/roquesan-crianza\/\" \/>\n<meta property=\"og:locale\" content=\"en_US\" \/>\n<meta property=\"og:type\" content=\"article\" \/>\n<meta property=\"og:title\" content=\"Roquesan Crianza\" \/>\n<meta property=\"og:description\" content=\"La Bodega fue fundada 1964. El 60% de su vi\u00f1edo es centenario y el 40% restante, m\u00e1s joven, por lo que podemos afirmar que BODEGAS ROQUES\u00c1N posee unos de los vi\u00f1edos m\u00e1s viejos de toda la Ribera del Duero.  Tratan de forma excepcional sus cepas, y eso se nota en sus vinos.  D.O: Ribera del Duero  A\u00f1ada: 2018  Crianza: 12 meses Roble Americano  Datos de Producci\u00f3n  Vendimia: Manual  Altitud del Vi\u00f1edo: 850 Metros sobre el nivel del mar  Notas de Cata:  Vista: Color picota intenso, con ribete amoratado.  Nariz: En nariz presenta una compleja y armoniosa variedad arom\u00e1tica, que va de frutas rojas y negras maduras a vainilla, pasando por tabaco y cacao.  Boca: En boca permanece elegante y con una finura densa y persistente. Vuelven los tostados en la retronasal y recuerdos a chocolate.  MARIDAJE:  Carne blancas y rojas, sazonadas, asada o en guisos.  Premios: Medalla de ORO en Bruselas 2015\" \/>\n<meta property=\"og:url\" content=\"https:\/\/www.prestigioytradicion.com\/product\/roquesan-crianza\/\" \/>\n<meta property=\"og:site_name\" content=\"Prestigio &amp; Tradici&oacute;n\" \/>\n<meta property=\"article:modified_time\" content=\"2025-11-19T15:53:03+00:00\" \/>\n<meta property=\"og:image\" content=\"https:\/\/www.prestigioytradicion.com\/wp-content\/uploads\/Roquesan-Crianza-Medalla.jpg\" \/>\n\t<meta property=\"og:image:width\" content=\"400\" \/>\n\t<meta property=\"og:image:height\" content=\"500\" \/>\n\t<meta property=\"og:image:type\" content=\"image\/jpeg\" \/>\n<meta name=\"twitter:card\" content=\"summary_large_image\" \/>\n<script type=\"application\/ld+json\" class=\"yoast-schema-graph\">{\"@context\":\"https:\/\/schema.org\",\"@graph\":[{\"@type\":\"WebPage\",\"@id\":\"https:\/\/www.prestigioytradicion.com\/product\/roquesan-crianza\/\",\"url\":\"https:\/\/www.prestigioytradicion.com\/product\/roquesan-crianza\/\",\"name\":\"Roquesan Crianza - Prestigio &amp; Tradici&oacute;n\",\"isPartOf\":{\"@id\":\"https:\/\/www.prestigioytradicion.com\/#website\"},\"datePublished\":\"2020-04-15T21:18:20+00:00\",\"dateModified\":\"2025-11-19T15:53:03+00:00\",\"breadcrumb\":{\"@id\":\"https:\/\/www.prestigioytradicion.com\/product\/roquesan-crianza\/#breadcrumb\"},\"inLanguage\":\"en-US\",\"potentialAction\":[{\"@type\":\"ReadAction\",\"target\":[\"https:\/\/www.prestigioytradicion.com\/product\/roquesan-crianza\/\"]}]},{\"@type\":\"BreadcrumbList\",\"@id\":\"https:\/\/www.prestigioytradicion.com\/product\/roquesan-crianza\/#breadcrumb\",\"itemListElement\":[{\"@type\":\"ListItem\",\"position\":1,\"name\":\"Home\",\"item\":\"https:\/\/www.prestigioytradicion.com\/\"},{\"@type\":\"ListItem\",\"position\":2,\"name\":\"Tienda\",\"item\":\"https:\/\/www.prestigioytradicion.com\/shop\/\"},{\"@type\":\"ListItem\",\"position\":3,\"name\":\"Roquesan Crianza\"}]},{\"@type\":\"WebSite\",\"@id\":\"https:\/\/www.prestigioytradicion.com\/#website\",\"url\":\"https:\/\/www.prestigioytradicion.com\/\",\"name\":\"Prestigio &amp; Tradici&oacute;n\",\"description\":\"Un extraordinario mundo gourmet de alta calidad para todos\",\"publisher\":{\"@id\":\"https:\/\/www.prestigioytradicion.com\/#organization\"},\"potentialAction\":[{\"@type\":\"SearchAction\",\"target\":{\"@type\":\"EntryPoint\",\"urlTemplate\":\"https:\/\/www.prestigioytradicion.com\/?s={search_term_string}\"},\"query-input\":\"required name=search_term_string\"}],\"inLanguage\":\"en-US\"},{\"@type\":\"Organization\",\"@id\":\"https:\/\/www.prestigioytradicion.com\/#organization\",\"name\":\"Prestigio & Tradici\u00f3n\",\"url\":\"https:\/\/www.prestigioytradicion.com\/\",\"logo\":{\"@type\":\"ImageObject\",\"inLanguage\":\"en-US\",\"@id\":\"https:\/\/www.prestigioytradicion.com\/#\/schema\/logo\/image\/\",\"url\":\"https:\/\/www.prestigioytradicion.com\/wp-content\/uploads\/LOGO-PyT-Facturas-WEB-150x150-SIN-FONDO.png\",\"contentUrl\":\"https:\/\/www.prestigioytradicion.com\/wp-content\/uploads\/LOGO-PyT-Facturas-WEB-150x150-SIN-FONDO.png\",\"width\":150,\"height\":150,\"caption\":\"Prestigio & Tradici\u00f3n\"},\"image\":{\"@id\":\"https:\/\/www.prestigioytradicion.com\/#\/schema\/logo\/image\/\"}}]}<\/script>\n<!-- \/ Yoast SEO Premium plugin. -->","yoast_head_json":{"title":"Roquesan Crianza - Prestigio &amp; Tradici&oacute;n","robots":{"index":"index","follow":"follow","max-snippet":"max-snippet:-1","max-image-preview":"max-image-preview:large","max-video-preview":"max-video-preview:-1"},"canonical":"https:\/\/www.prestigioytradicion.com\/product\/roquesan-crianza\/","og_locale":"en_US","og_type":"article","og_title":"Roquesan Crianza","og_description":"La Bodega fue fundada 1964. El 60% de su vi\u00f1edo es centenario y el 40% restante, m\u00e1s joven, por lo que podemos afirmar que BODEGAS ROQUES\u00c1N posee unos de los vi\u00f1edos m\u00e1s viejos de toda la Ribera del Duero.  Tratan de forma excepcional sus cepas, y eso se nota en sus vinos.  D.O: Ribera del Duero  A\u00f1ada: 2018  Crianza: 12 meses Roble Americano  Datos de Producci\u00f3n  Vendimia: Manual  Altitud del Vi\u00f1edo: 850 Metros sobre el nivel del mar  Notas de Cata:  Vista: Color picota intenso, con ribete amoratado.  Nariz: En nariz presenta una compleja y armoniosa variedad arom\u00e1tica, que va de frutas rojas y negras maduras a vainilla, pasando por tabaco y cacao.  Boca: En boca permanece elegante y con una finura densa y persistente. Vuelven los tostados en la retronasal y recuerdos a chocolate.  MARIDAJE:  Carne blancas y rojas, sazonadas, asada o en guisos.  Premios: Medalla de ORO en Bruselas 2015","og_url":"https:\/\/www.prestigioytradicion.com\/product\/roquesan-crianza\/","og_site_name":"Prestigio &amp; Tradici&oacute;n","article_modified_time":"2025-11-19T15:53:03+00:00","og_image":[{"width":400,"height":500,"url":"https:\/\/www.prestigioytradicion.com\/wp-content\/uploads\/Roquesan-Crianza-Medalla.jpg","type":"image\/jpeg"}],"twitter_card":"summary_large_image","schema":{"@context":"https:\/\/schema.org","@graph":[{"@type":"WebPage","@id":"https:\/\/www.prestigioytradicion.com\/product\/roquesan-crianza\/","url":"https:\/\/www.prestigioytradicion.com\/product\/roquesan-crianza\/","name":"Roquesan Crianza - Prestigio &amp; Tradici&oacute;n","isPartOf":{"@id":"https:\/\/www.prestigioytradicion.com\/#website"},"datePublished":"2020-04-15T21:18:20+00:00","dateModified":"2025-11-19T15:53:03+00:00","breadcrumb":{"@id":"https:\/\/www.prestigioytradicion.com\/product\/roquesan-crianza\/#breadcrumb"},"inLanguage":"en-US","potentialAction":[{"@type":"ReadAction","target":["https:\/\/www.prestigioytradicion.com\/product\/roquesan-crianza\/"]}]},{"@type":"BreadcrumbList","@id":"https:\/\/www.prestigioytradicion.com\/product\/roquesan-crianza\/#breadcrumb","itemListElement":[{"@type":"ListItem","position":1,"name":"Home","item":"https:\/\/www.prestigioytradicion.com\/"},{"@type":"ListItem","position":2,"name":"Tienda","item":"https:\/\/www.prestigioytradicion.com\/shop\/"},{"@type":"ListItem","position":3,"name":"Roquesan Crianza"}]},{"@type":"WebSite","@id":"https:\/\/www.prestigioytradicion.com\/#website","url":"https:\/\/www.prestigioytradicion.com\/","name":"Prestigio &amp; Tradici&oacute;n","description":"Un extraordinario mundo gourmet de alta calidad para todos","publisher":{"@id":"https:\/\/www.prestigioytradicion.com\/#organization"},"potentialAction":[{"@type":"SearchAction","target":{"@type":"EntryPoint","urlTemplate":"https:\/\/www.prestigioytradicion.com\/?s={search_term_string}"},"query-input":"required name=search_term_string"}],"inLanguage":"en-US"},{"@type":"Organization","@id":"https:\/\/www.prestigioytradicion.com\/#organization","name":"Prestigio & Tradici\u00f3n","url":"https:\/\/www.prestigioytradicion.com\/","logo":{"@type":"ImageObject","inLanguage":"en-US","@id":"https:\/\/www.prestigioytradicion.com\/#\/schema\/logo\/image\/","url":"https:\/\/www.prestigioytradicion.com\/wp-content\/uploads\/LOGO-PyT-Facturas-WEB-150x150-SIN-FONDO.png","contentUrl":"https:\/\/www.prestigioytradicion.com\/wp-content\/uploads\/LOGO-PyT-Facturas-WEB-150x150-SIN-FONDO.png","width":150,"height":150,"caption":"Prestigio & Tradici\u00f3n"},"image":{"@id":"https:\/\/www.prestigioytradicion.com\/#\/schema\/logo\/image\/"}}]}},"_links":{"self":[{"href":"https:\/\/www.prestigioytradicion.com\/en\/wp-json\/wp\/v2\/product\/3894"}],"collection":[{"href":"https:\/\/www.prestigioytradicion.com\/en\/wp-json\/wp\/v2\/product"}],"about":[{"href":"https:\/\/www.prestigioytradicion.com\/en\/wp-json\/wp\/v2\/types\/product"}],"replies":[{"embeddable":true,"href":"https:\/\/www.prestigioytradicion.com\/en\/wp-json\/wp\/v2\/comments?post=3894"}],"version-history":[{"count":1,"href":"https:\/\/www.prestigioytradicion.com\/en\/wp-json\/wp\/v2\/product\/3894\/revisions"}],"predecessor-version":[{"id":9527,"href":"https:\/\/www.prestigioytradicion.com\/en\/wp-json\/wp\/v2\/product\/3894\/revisions\/9527"}],"wp:featuredmedia":[{"embeddable":true,"href":"https:\/\/www.prestigioytradicion.com\/en\/wp-json\/wp\/v2\/media\/3896"}],"wp:attachment":[{"href":"https:\/\/www.prestigioytradicion.com\/en\/wp-json\/wp\/v2\/media?parent=3894"}],"wp:term":[{"taxonomy":"product_cat","embeddable":true,"href":"https:\/\/www.prestigioytradicion.com\/en\/wp-json\/wp\/v2\/product_cat?post=3894"},{"taxonomy":"product_tag","embeddable":true,"href":"https:\/\/www.prestigioytradicion.com\/en\/wp-json\/wp\/v2\/product_tag?post=3894"}],"curies":[{"name":"wp","href":"https:\/\/api.w.org\/{rel}","templated":true}]}}