{"id":3992,"date":"2020-04-22T00:45:04","date_gmt":"2020-04-21T23:45:04","guid":{"rendered":"https:\/\/www.prestigioytradicion.com\/?post_type=product&#038;p=3992"},"modified":"2023-07-20T18:39:26","modified_gmt":"2023-07-20T17:39:26","slug":"oferta-roquesan-roble","status":"publish","type":"product","link":"https:\/\/www.prestigioytradicion.com\/en\/product\/oferta-roquesan-roble\/","title":{"rendered":"OFERTA  Roquesan Roble (1 Caja con 12 Botellas)"},"content":{"rendered":"","protected":false},"excerpt":{"rendered":"<h3><span style=\"color: #ff0000;\"><strong>30% de descuento<br \/>\n<\/strong><\/span><span style=\"color: #ff0000;\"><strong><span style=\"color: #000000;\">Cantidad: 12 Botellas<br \/>\n<\/span><\/strong><\/span><span style=\"color: #ff0000;\"><strong><span style=\"color: #000000;\">la botella sale a 6.65\u20ac<\/span><\/strong><\/span><\/h3>\n<h3><span style=\"color: #ff0000;\"><strong>ENTREGA EN 48 HORAS M\u00c1XIMO GARANTIZADA\u00a0<\/strong><\/span><\/h3>\n<p><em><span style=\"color: #ff0000;\"><strong>(Para pedidos realizados entre el Domingo y el Mi\u00e9rcoles)<\/strong><\/span><\/em><\/p>\n<p><strong><em>*** V\u00e1lido solo hasta el 30\/06\/2020. ***<\/em><\/strong><\/p>\n<p>La Bodega fue fundada 1964. El <strong><em>60% de su vi\u00f1edo es centenario<\/em> <\/strong>y el 40% restante, m\u00e1s joven, por lo que podemos afirmar que BODEGAS ROQUES\u00c1N posee unos de los <em><strong>vi\u00f1edos m\u00e1s viejos de toda la Ribera del Duero.<\/strong><\/em><\/p>\n<p>Tratan de forma excepcional sus cepas, y eso se nota en sus vinos.<\/p>\n<p><strong>D.O: <\/strong>Ribera del Duero<\/p>\n<p><strong>A\u00f1ada:<\/strong> 2018<\/p>\n<p><strong>Crianza:<\/strong> Mas de 4 meses en barrica de roble Americano<\/p>\n<p><strong><u>Datos de Producci\u00f3n<\/u><\/strong><\/p>\n<p><strong>Vendimia:<\/strong> Manual<\/p>\n<p><strong>Altitud del Vi\u00f1edo:<\/strong> 850 Metros sobre el nivel del mar<\/p>\n<p><strong><u>Notas de Cata:<\/u><\/strong><\/p>\n<p><strong>Vista: <\/strong>Color Rojo\u00a0cereza de ribete amoratado, bien cubierto y brillante.<\/p>\n<p><strong>Nariz<\/strong>: De Intensidad media-alta. Destacan los Aromas a frutos rojos y negros maduros, mermelada y alguna nota elegante que recuerda a la vainilla.<\/p>\n<p><strong>Boca:<\/strong> En boca sigue sabroso, amplio, potente y equilibrado. Gran expresi\u00f3n de fruta madura, complementada con agradables notas tostadas. Perfecto ejemplo de conjunci\u00f3n fruta\/madera, sin excesos.<\/p>\n<p><strong>Maridaje:<\/strong> Carnes rojas, asados carne rojo o blanca,\u00a0 pastas y arroces, quesos semi curados y curados<\/p>\n<p><strong>Premios:<\/strong><br \/>\nZarcillo de PLATA en Espa\u00f1a 2016<\/p>\n","protected":false},"featured_media":4005,"comment_status":"closed","ping_status":"closed","template":"","meta":[],"product_cat":[56],"product_tag":[142],"bundled_by":[],"bundle_stock_status":"outofstock","bundle_stock_quantity":null,"bundle_virtual":false,"bundle_layout":"","bundle_add_to_cart_form_location":"","bundle_editable_in_cart":false,"bundle_sold_individually_context":"","bundle_item_grouping":"","bundle_min_size":"","bundle_max_size":"","bundle_price":[],"bundled_items":[],"bundle_sell_ids":[],"yoast_head":"<!-- This site is optimized with the Yoast SEO Premium plugin v21.9 (Yoast SEO v21.9.1) - https:\/\/yoast.com\/wordpress\/plugins\/seo\/ -->\n<title>OFERTA Roquesan Roble (1 Caja con 12 Botellas) - Prestigio &amp; Tradici&oacute;n<\/title>\n<meta name=\"robots\" content=\"index, follow, max-snippet:-1, max-image-preview:large, max-video-preview:-1\" \/>\n<link rel=\"canonical\" href=\"https:\/\/www.prestigioytradicion.com\/en\/product\/oferta-roquesan-roble\/\" \/>\n<meta property=\"og:locale\" content=\"en_US\" \/>\n<meta property=\"og:type\" content=\"article\" \/>\n<meta property=\"og:title\" content=\"OFERTA Roquesan Roble (1 Caja con 12 Botellas)\" \/>\n<meta property=\"og:description\" content=\"30% de descuento Cantidad: 12 Botellas la botella sale a 6.65\u20ac ENTREGA EN 48 HORAS M\u00c1XIMO GARANTIZADA\u00a0 (Para pedidos realizados entre el Domingo y el Mi\u00e9rcoles)  *** V\u00e1lido solo hasta el 30\/06\/2020. ***  La Bodega fue fundada 1964. El 60% de su vi\u00f1edo es centenario y el 40% restante, m\u00e1s joven, por lo que podemos afirmar que BODEGAS ROQUES\u00c1N posee unos de los vi\u00f1edos m\u00e1s viejos de toda la Ribera del Duero.  Tratan de forma excepcional sus cepas, y eso se nota en sus vinos.  D.O: Ribera del Duero  A\u00f1ada: 2018  Crianza: Mas de 4 meses en barrica de roble Americano  Datos de Producci\u00f3n  Vendimia: Manual  Altitud del Vi\u00f1edo: 850 Metros sobre el nivel del mar  Notas de Cata:  Vista: Color Rojo\u00a0cereza de ribete amoratado, bien cubierto y brillante.  Nariz: De Intensidad media-alta. Destacan los Aromas a frutos rojos y negros maduros, mermelada y alguna nota elegante que recuerda a la vainilla.  Boca: En boca sigue sabroso, amplio, potente y equilibrado. Gran expresi\u00f3n de fruta madura, complementada con agradables notas tostadas. Perfecto ejemplo de conjunci\u00f3n fruta\/madera, sin excesos.  Maridaje: Carnes rojas, asados carne rojo o blanca,\u00a0 pastas y arroces, quesos semi curados y curados  Premios: Zarcillo de PLATA en Espa\u00f1a 2016\" \/>\n<meta property=\"og:url\" content=\"https:\/\/www.prestigioytradicion.com\/en\/product\/oferta-roquesan-roble\/\" \/>\n<meta property=\"og:site_name\" content=\"Prestigio &amp; Tradici&oacute;n\" \/>\n<meta property=\"article:modified_time\" content=\"2023-07-20T17:39:26+00:00\" \/>\n<meta property=\"og:image\" content=\"https:\/\/www.prestigioytradicion.com\/wp-content\/uploads\/OFERTA-2.png\" \/>\n\t<meta property=\"og:image:width\" content=\"400\" \/>\n\t<meta property=\"og:image:height\" content=\"500\" \/>\n\t<meta property=\"og:image:type\" content=\"image\/png\" \/>\n<meta name=\"twitter:card\" content=\"summary_large_image\" \/>\n<script type=\"application\/ld+json\" class=\"yoast-schema-graph\">{\"@context\":\"https:\/\/schema.org\",\"@graph\":[{\"@type\":\"WebPage\",\"@id\":\"https:\/\/www.prestigioytradicion.com\/en\/product\/oferta-roquesan-roble\/\",\"url\":\"https:\/\/www.prestigioytradicion.com\/en\/product\/oferta-roquesan-roble\/\",\"name\":\"OFERTA Roquesan Roble (1 Caja con 12 Botellas) - Prestigio &amp; Tradici&oacute;n\",\"isPartOf\":{\"@id\":\"https:\/\/www.prestigioytradicion.com\/#website\"},\"datePublished\":\"2020-04-21T23:45:04+00:00\",\"dateModified\":\"2023-07-20T17:39:26+00:00\",\"breadcrumb\":{\"@id\":\"https:\/\/www.prestigioytradicion.com\/en\/product\/oferta-roquesan-roble\/#breadcrumb\"},\"inLanguage\":\"en-US\",\"potentialAction\":[{\"@type\":\"ReadAction\",\"target\":[\"https:\/\/www.prestigioytradicion.com\/en\/product\/oferta-roquesan-roble\/\"]}]},{\"@type\":\"BreadcrumbList\",\"@id\":\"https:\/\/www.prestigioytradicion.com\/en\/product\/oferta-roquesan-roble\/#breadcrumb\",\"itemListElement\":[{\"@type\":\"ListItem\",\"position\":1,\"name\":\"Home\",\"item\":\"https:\/\/www.prestigioytradicion.com\/\"},{\"@type\":\"ListItem\",\"position\":2,\"name\":\"Tienda\",\"item\":\"https:\/\/www.prestigioytradicion.com\/shop\/\"},{\"@type\":\"ListItem\",\"position\":3,\"name\":\"OFERTA Roquesan Roble (1 Caja con 12 Botellas)\"}]},{\"@type\":\"WebSite\",\"@id\":\"https:\/\/www.prestigioytradicion.com\/#website\",\"url\":\"https:\/\/www.prestigioytradicion.com\/\",\"name\":\"Prestigio &amp; Tradici&oacute;n\",\"description\":\"Un extraordinario mundo gourmet de alta calidad para todos\",\"publisher\":{\"@id\":\"https:\/\/www.prestigioytradicion.com\/#organization\"},\"potentialAction\":[{\"@type\":\"SearchAction\",\"target\":{\"@type\":\"EntryPoint\",\"urlTemplate\":\"https:\/\/www.prestigioytradicion.com\/?s={search_term_string}\"},\"query-input\":\"required name=search_term_string\"}],\"inLanguage\":\"en-US\"},{\"@type\":\"Organization\",\"@id\":\"https:\/\/www.prestigioytradicion.com\/#organization\",\"name\":\"Prestigio & Tradici\u00f3n\",\"url\":\"https:\/\/www.prestigioytradicion.com\/\",\"logo\":{\"@type\":\"ImageObject\",\"inLanguage\":\"en-US\",\"@id\":\"https:\/\/www.prestigioytradicion.com\/#\/schema\/logo\/image\/\",\"url\":\"https:\/\/www.prestigioytradicion.com\/wp-content\/uploads\/LOGO-PyT-Facturas-WEB-150x150-SIN-FONDO.png\",\"contentUrl\":\"https:\/\/www.prestigioytradicion.com\/wp-content\/uploads\/LOGO-PyT-Facturas-WEB-150x150-SIN-FONDO.png\",\"width\":150,\"height\":150,\"caption\":\"Prestigio & Tradici\u00f3n\"},\"image\":{\"@id\":\"https:\/\/www.prestigioytradicion.com\/#\/schema\/logo\/image\/\"}}]}<\/script>\n<!-- \/ Yoast SEO Premium plugin. -->","yoast_head_json":{"title":"OFERTA Roquesan Roble (1 Caja con 12 Botellas) - Prestigio &amp; Tradici&oacute;n","robots":{"index":"index","follow":"follow","max-snippet":"max-snippet:-1","max-image-preview":"max-image-preview:large","max-video-preview":"max-video-preview:-1"},"canonical":"https:\/\/www.prestigioytradicion.com\/en\/product\/oferta-roquesan-roble\/","og_locale":"en_US","og_type":"article","og_title":"OFERTA Roquesan Roble (1 Caja con 12 Botellas)","og_description":"30% de descuento Cantidad: 12 Botellas la botella sale a 6.65\u20ac ENTREGA EN 48 HORAS M\u00c1XIMO GARANTIZADA\u00a0 (Para pedidos realizados entre el Domingo y el Mi\u00e9rcoles)  *** V\u00e1lido solo hasta el 30\/06\/2020. ***  La Bodega fue fundada 1964. El 60% de su vi\u00f1edo es centenario y el 40% restante, m\u00e1s joven, por lo que podemos afirmar que BODEGAS ROQUES\u00c1N posee unos de los vi\u00f1edos m\u00e1s viejos de toda la Ribera del Duero.  Tratan de forma excepcional sus cepas, y eso se nota en sus vinos.  D.O: Ribera del Duero  A\u00f1ada: 2018  Crianza: Mas de 4 meses en barrica de roble Americano  Datos de Producci\u00f3n  Vendimia: Manual  Altitud del Vi\u00f1edo: 850 Metros sobre el nivel del mar  Notas de Cata:  Vista: Color Rojo\u00a0cereza de ribete amoratado, bien cubierto y brillante.  Nariz: De Intensidad media-alta. Destacan los Aromas a frutos rojos y negros maduros, mermelada y alguna nota elegante que recuerda a la vainilla.  Boca: En boca sigue sabroso, amplio, potente y equilibrado. Gran expresi\u00f3n de fruta madura, complementada con agradables notas tostadas. Perfecto ejemplo de conjunci\u00f3n fruta\/madera, sin excesos.  Maridaje: Carnes rojas, asados carne rojo o blanca,\u00a0 pastas y arroces, quesos semi curados y curados  Premios: Zarcillo de PLATA en Espa\u00f1a 2016","og_url":"https:\/\/www.prestigioytradicion.com\/en\/product\/oferta-roquesan-roble\/","og_site_name":"Prestigio &amp; Tradici&oacute;n","article_modified_time":"2023-07-20T17:39:26+00:00","og_image":[{"width":400,"height":500,"url":"https:\/\/www.prestigioytradicion.com\/wp-content\/uploads\/OFERTA-2.png","type":"image\/png"}],"twitter_card":"summary_large_image","schema":{"@context":"https:\/\/schema.org","@graph":[{"@type":"WebPage","@id":"https:\/\/www.prestigioytradicion.com\/en\/product\/oferta-roquesan-roble\/","url":"https:\/\/www.prestigioytradicion.com\/en\/product\/oferta-roquesan-roble\/","name":"OFERTA Roquesan Roble (1 Caja con 12 Botellas) - Prestigio &amp; Tradici&oacute;n","isPartOf":{"@id":"https:\/\/www.prestigioytradicion.com\/#website"},"datePublished":"2020-04-21T23:45:04+00:00","dateModified":"2023-07-20T17:39:26+00:00","breadcrumb":{"@id":"https:\/\/www.prestigioytradicion.com\/en\/product\/oferta-roquesan-roble\/#breadcrumb"},"inLanguage":"en-US","potentialAction":[{"@type":"ReadAction","target":["https:\/\/www.prestigioytradicion.com\/en\/product\/oferta-roquesan-roble\/"]}]},{"@type":"BreadcrumbList","@id":"https:\/\/www.prestigioytradicion.com\/en\/product\/oferta-roquesan-roble\/#breadcrumb","itemListElement":[{"@type":"ListItem","position":1,"name":"Home","item":"https:\/\/www.prestigioytradicion.com\/"},{"@type":"ListItem","position":2,"name":"Tienda","item":"https:\/\/www.prestigioytradicion.com\/shop\/"},{"@type":"ListItem","position":3,"name":"OFERTA Roquesan Roble (1 Caja con 12 Botellas)"}]},{"@type":"WebSite","@id":"https:\/\/www.prestigioytradicion.com\/#website","url":"https:\/\/www.prestigioytradicion.com\/","name":"Prestigio &amp; Tradici&oacute;n","description":"Un extraordinario mundo gourmet de alta calidad para todos","publisher":{"@id":"https:\/\/www.prestigioytradicion.com\/#organization"},"potentialAction":[{"@type":"SearchAction","target":{"@type":"EntryPoint","urlTemplate":"https:\/\/www.prestigioytradicion.com\/?s={search_term_string}"},"query-input":"required name=search_term_string"}],"inLanguage":"en-US"},{"@type":"Organization","@id":"https:\/\/www.prestigioytradicion.com\/#organization","name":"Prestigio & Tradici\u00f3n","url":"https:\/\/www.prestigioytradicion.com\/","logo":{"@type":"ImageObject","inLanguage":"en-US","@id":"https:\/\/www.prestigioytradicion.com\/#\/schema\/logo\/image\/","url":"https:\/\/www.prestigioytradicion.com\/wp-content\/uploads\/LOGO-PyT-Facturas-WEB-150x150-SIN-FONDO.png","contentUrl":"https:\/\/www.prestigioytradicion.com\/wp-content\/uploads\/LOGO-PyT-Facturas-WEB-150x150-SIN-FONDO.png","width":150,"height":150,"caption":"Prestigio & Tradici\u00f3n"},"image":{"@id":"https:\/\/www.prestigioytradicion.com\/#\/schema\/logo\/image\/"}}]}},"_links":{"self":[{"href":"https:\/\/www.prestigioytradicion.com\/en\/wp-json\/wp\/v2\/product\/3992"}],"collection":[{"href":"https:\/\/www.prestigioytradicion.com\/en\/wp-json\/wp\/v2\/product"}],"about":[{"href":"https:\/\/www.prestigioytradicion.com\/en\/wp-json\/wp\/v2\/types\/product"}],"replies":[{"embeddable":true,"href":"https:\/\/www.prestigioytradicion.com\/en\/wp-json\/wp\/v2\/comments?post=3992"}],"version-history":[{"count":1,"href":"https:\/\/www.prestigioytradicion.com\/en\/wp-json\/wp\/v2\/product\/3992\/revisions"}],"predecessor-version":[{"id":8748,"href":"https:\/\/www.prestigioytradicion.com\/en\/wp-json\/wp\/v2\/product\/3992\/revisions\/8748"}],"wp:featuredmedia":[{"embeddable":true,"href":"https:\/\/www.prestigioytradicion.com\/en\/wp-json\/wp\/v2\/media\/4005"}],"wp:attachment":[{"href":"https:\/\/www.prestigioytradicion.com\/en\/wp-json\/wp\/v2\/media?parent=3992"}],"wp:term":[{"taxonomy":"product_cat","embeddable":true,"href":"https:\/\/www.prestigioytradicion.com\/en\/wp-json\/wp\/v2\/product_cat?post=3992"},{"taxonomy":"product_tag","embeddable":true,"href":"https:\/\/www.prestigioytradicion.com\/en\/wp-json\/wp\/v2\/product_tag?post=3992"}],"curies":[{"name":"wp","href":"https:\/\/api.w.org\/{rel}","templated":true}]}}