{"id":4076,"date":"2020-04-29T23:51:49","date_gmt":"2020-04-29T22:51:49","guid":{"rendered":"https:\/\/www.prestigioytradicion.com\/?post_type=product&#038;p=4076"},"modified":"2023-07-20T18:39:25","modified_gmt":"2023-07-20T17:39:25","slug":"carrillera-de-cerdo-enteras","status":"publish","type":"product","link":"https:\/\/www.prestigioytradicion.com\/en\/product\/carrillera-de-cerdo-enteras\/","title":{"rendered":"Carrillera de Cerdo Enteras"},"content":{"rendered":"","protected":false},"excerpt":{"rendered":"<p><strong>Origen:<\/strong> Valencia<\/p>\n<p><strong>Tipo Producto:<\/strong> Congelado, sin gluten, sin lactosa.<\/p>\n<p><strong>Peso: <\/strong>240g Aprox<\/p>\n<p><strong>Ingredientes: <\/strong>Carrillera de Cerdo , sal y pimienta.<\/p>\n<p><b>Caracter\u00edsticas<\/b><strong>: <\/strong>Sin aditivos, ni conservantes, sin gluten, ni lactosa.<\/p>\n<p><b>Descripci\u00f3n<\/b><strong>:\u00a0<\/strong>Carrillera de cerdo en su jugo cocinadas lentamente a baja temperatura.<\/p>\n<p><strong>Preparaci\u00f3n:<\/strong> Descongelar totalmente, pre-calentar con la bolsa al ba\u00f1o mar\u00eda o microondas, abrir la bolsa y marcar en la sart\u00e9n o plancha por lado o ambos seg\u00fan gusto.<\/p>\n<blockquote>\n<p style=\"text-align: center;\"><strong><span style=\"text-decoration: underline;\">NOTA<\/span>: Se vende en\u00a0grupos de <span style=\"text-decoration: underline;\">2 unidades<\/span><\/strong><\/p>\n<\/blockquote>\n","protected":false},"featured_media":4077,"comment_status":"closed","ping_status":"closed","template":"","meta":[],"product_cat":[839,877],"product_tag":[],"bundled_by":[],"bundle_stock_status":"instock","bundle_stock_quantity":null,"bundle_virtual":false,"bundle_layout":"","bundle_add_to_cart_form_location":"","bundle_editable_in_cart":false,"bundle_sold_individually_context":"","bundle_item_grouping":"","bundle_min_size":"","bundle_max_size":"","bundle_price":[],"bundled_items":[],"bundle_sell_ids":[],"yoast_head":"<!-- This site is optimized with the Yoast SEO Premium plugin v21.9 (Yoast SEO v21.9.1) - https:\/\/yoast.com\/wordpress\/plugins\/seo\/ -->\n<title>Carrillera de Cerdo Enteras - Prestigio &amp; Tradici&oacute;n<\/title>\n<meta name=\"robots\" content=\"index, follow, max-snippet:-1, max-image-preview:large, max-video-preview:-1\" \/>\n<link rel=\"canonical\" href=\"https:\/\/www.prestigioytradicion.com\/product\/carrillera-de-cerdo-enteras\/\" \/>\n<meta property=\"og:locale\" content=\"en_US\" \/>\n<meta property=\"og:type\" content=\"article\" \/>\n<meta property=\"og:title\" content=\"Carrillera de Cerdo Enteras\" \/>\n<meta property=\"og:description\" content=\"Origen: Valencia  Tipo Producto: Congelado, sin gluten, sin lactosa.  Peso: 240g Aprox  Ingredientes: Carrillera de Cerdo , sal y pimienta.  Caracter\u00edsticas: Sin aditivos, ni conservantes, sin gluten, ni lactosa.  Descripci\u00f3n:\u00a0Carrillera de cerdo en su jugo cocinadas lentamente a baja temperatura.  Preparaci\u00f3n: Descongelar totalmente, pre-calentar con la bolsa al ba\u00f1o mar\u00eda o microondas, abrir la bolsa y marcar en la sart\u00e9n o plancha por lado o ambos seg\u00fan gusto.  NOTA: Se vende en\u00a0grupos de 2 unidades\" \/>\n<meta property=\"og:url\" content=\"https:\/\/www.prestigioytradicion.com\/product\/carrillera-de-cerdo-enteras\/\" \/>\n<meta property=\"og:site_name\" content=\"Prestigio &amp; Tradici&oacute;n\" \/>\n<meta property=\"article:modified_time\" content=\"2023-07-20T17:39:25+00:00\" \/>\n<meta property=\"og:image\" content=\"https:\/\/www.prestigioytradicion.com\/wp-content\/uploads\/Carrillera-Cerdo.jpg\" \/>\n\t<meta property=\"og:image:width\" content=\"1024\" \/>\n\t<meta property=\"og:image:height\" content=\"682\" \/>\n\t<meta property=\"og:image:type\" content=\"image\/jpeg\" \/>\n<meta name=\"twitter:card\" content=\"summary_large_image\" \/>\n<script type=\"application\/ld+json\" class=\"yoast-schema-graph\">{\"@context\":\"https:\/\/schema.org\",\"@graph\":[{\"@type\":\"WebPage\",\"@id\":\"https:\/\/www.prestigioytradicion.com\/product\/carrillera-de-cerdo-enteras\/\",\"url\":\"https:\/\/www.prestigioytradicion.com\/product\/carrillera-de-cerdo-enteras\/\",\"name\":\"Carrillera de Cerdo Enteras - Prestigio &amp; Tradici&oacute;n\",\"isPartOf\":{\"@id\":\"https:\/\/www.prestigioytradicion.com\/#website\"},\"datePublished\":\"2020-04-29T22:51:49+00:00\",\"dateModified\":\"2023-07-20T17:39:25+00:00\",\"breadcrumb\":{\"@id\":\"https:\/\/www.prestigioytradicion.com\/product\/carrillera-de-cerdo-enteras\/#breadcrumb\"},\"inLanguage\":\"en-US\",\"potentialAction\":[{\"@type\":\"ReadAction\",\"target\":[\"https:\/\/www.prestigioytradicion.com\/product\/carrillera-de-cerdo-enteras\/\"]}]},{\"@type\":\"BreadcrumbList\",\"@id\":\"https:\/\/www.prestigioytradicion.com\/product\/carrillera-de-cerdo-enteras\/#breadcrumb\",\"itemListElement\":[{\"@type\":\"ListItem\",\"position\":1,\"name\":\"Home\",\"item\":\"https:\/\/www.prestigioytradicion.com\/\"},{\"@type\":\"ListItem\",\"position\":2,\"name\":\"Tienda\",\"item\":\"https:\/\/www.prestigioytradicion.com\/shop\/\"},{\"@type\":\"ListItem\",\"position\":3,\"name\":\"Carrillera de Cerdo Enteras\"}]},{\"@type\":\"WebSite\",\"@id\":\"https:\/\/www.prestigioytradicion.com\/#website\",\"url\":\"https:\/\/www.prestigioytradicion.com\/\",\"name\":\"Prestigio &amp; Tradici&oacute;n\",\"description\":\"Un extraordinario mundo gourmet de alta calidad para todos\",\"publisher\":{\"@id\":\"https:\/\/www.prestigioytradicion.com\/#organization\"},\"potentialAction\":[{\"@type\":\"SearchAction\",\"target\":{\"@type\":\"EntryPoint\",\"urlTemplate\":\"https:\/\/www.prestigioytradicion.com\/?s={search_term_string}\"},\"query-input\":\"required name=search_term_string\"}],\"inLanguage\":\"en-US\"},{\"@type\":\"Organization\",\"@id\":\"https:\/\/www.prestigioytradicion.com\/#organization\",\"name\":\"Prestigio & Tradici\u00f3n\",\"url\":\"https:\/\/www.prestigioytradicion.com\/\",\"logo\":{\"@type\":\"ImageObject\",\"inLanguage\":\"en-US\",\"@id\":\"https:\/\/www.prestigioytradicion.com\/#\/schema\/logo\/image\/\",\"url\":\"https:\/\/www.prestigioytradicion.com\/wp-content\/uploads\/LOGO-PyT-Facturas-WEB-150x150-SIN-FONDO.png\",\"contentUrl\":\"https:\/\/www.prestigioytradicion.com\/wp-content\/uploads\/LOGO-PyT-Facturas-WEB-150x150-SIN-FONDO.png\",\"width\":150,\"height\":150,\"caption\":\"Prestigio & Tradici\u00f3n\"},\"image\":{\"@id\":\"https:\/\/www.prestigioytradicion.com\/#\/schema\/logo\/image\/\"}}]}<\/script>\n<!-- \/ Yoast SEO Premium plugin. -->","yoast_head_json":{"title":"Carrillera de Cerdo Enteras - Prestigio &amp; Tradici&oacute;n","robots":{"index":"index","follow":"follow","max-snippet":"max-snippet:-1","max-image-preview":"max-image-preview:large","max-video-preview":"max-video-preview:-1"},"canonical":"https:\/\/www.prestigioytradicion.com\/product\/carrillera-de-cerdo-enteras\/","og_locale":"en_US","og_type":"article","og_title":"Carrillera de Cerdo Enteras","og_description":"Origen: Valencia  Tipo Producto: Congelado, sin gluten, sin lactosa.  Peso: 240g Aprox  Ingredientes: Carrillera de Cerdo , sal y pimienta.  Caracter\u00edsticas: Sin aditivos, ni conservantes, sin gluten, ni lactosa.  Descripci\u00f3n:\u00a0Carrillera de cerdo en su jugo cocinadas lentamente a baja temperatura.  Preparaci\u00f3n: Descongelar totalmente, pre-calentar con la bolsa al ba\u00f1o mar\u00eda o microondas, abrir la bolsa y marcar en la sart\u00e9n o plancha por lado o ambos seg\u00fan gusto.  NOTA: Se vende en\u00a0grupos de 2 unidades","og_url":"https:\/\/www.prestigioytradicion.com\/product\/carrillera-de-cerdo-enteras\/","og_site_name":"Prestigio &amp; Tradici&oacute;n","article_modified_time":"2023-07-20T17:39:25+00:00","og_image":[{"width":1024,"height":682,"url":"https:\/\/www.prestigioytradicion.com\/wp-content\/uploads\/Carrillera-Cerdo.jpg","type":"image\/jpeg"}],"twitter_card":"summary_large_image","schema":{"@context":"https:\/\/schema.org","@graph":[{"@type":"WebPage","@id":"https:\/\/www.prestigioytradicion.com\/product\/carrillera-de-cerdo-enteras\/","url":"https:\/\/www.prestigioytradicion.com\/product\/carrillera-de-cerdo-enteras\/","name":"Carrillera de Cerdo Enteras - Prestigio &amp; Tradici&oacute;n","isPartOf":{"@id":"https:\/\/www.prestigioytradicion.com\/#website"},"datePublished":"2020-04-29T22:51:49+00:00","dateModified":"2023-07-20T17:39:25+00:00","breadcrumb":{"@id":"https:\/\/www.prestigioytradicion.com\/product\/carrillera-de-cerdo-enteras\/#breadcrumb"},"inLanguage":"en-US","potentialAction":[{"@type":"ReadAction","target":["https:\/\/www.prestigioytradicion.com\/product\/carrillera-de-cerdo-enteras\/"]}]},{"@type":"BreadcrumbList","@id":"https:\/\/www.prestigioytradicion.com\/product\/carrillera-de-cerdo-enteras\/#breadcrumb","itemListElement":[{"@type":"ListItem","position":1,"name":"Home","item":"https:\/\/www.prestigioytradicion.com\/"},{"@type":"ListItem","position":2,"name":"Tienda","item":"https:\/\/www.prestigioytradicion.com\/shop\/"},{"@type":"ListItem","position":3,"name":"Carrillera de Cerdo Enteras"}]},{"@type":"WebSite","@id":"https:\/\/www.prestigioytradicion.com\/#website","url":"https:\/\/www.prestigioytradicion.com\/","name":"Prestigio &amp; Tradici&oacute;n","description":"Un extraordinario mundo gourmet de alta calidad para todos","publisher":{"@id":"https:\/\/www.prestigioytradicion.com\/#organization"},"potentialAction":[{"@type":"SearchAction","target":{"@type":"EntryPoint","urlTemplate":"https:\/\/www.prestigioytradicion.com\/?s={search_term_string}"},"query-input":"required name=search_term_string"}],"inLanguage":"en-US"},{"@type":"Organization","@id":"https:\/\/www.prestigioytradicion.com\/#organization","name":"Prestigio & Tradici\u00f3n","url":"https:\/\/www.prestigioytradicion.com\/","logo":{"@type":"ImageObject","inLanguage":"en-US","@id":"https:\/\/www.prestigioytradicion.com\/#\/schema\/logo\/image\/","url":"https:\/\/www.prestigioytradicion.com\/wp-content\/uploads\/LOGO-PyT-Facturas-WEB-150x150-SIN-FONDO.png","contentUrl":"https:\/\/www.prestigioytradicion.com\/wp-content\/uploads\/LOGO-PyT-Facturas-WEB-150x150-SIN-FONDO.png","width":150,"height":150,"caption":"Prestigio & Tradici\u00f3n"},"image":{"@id":"https:\/\/www.prestigioytradicion.com\/#\/schema\/logo\/image\/"}}]}},"_links":{"self":[{"href":"https:\/\/www.prestigioytradicion.com\/en\/wp-json\/wp\/v2\/product\/4076"}],"collection":[{"href":"https:\/\/www.prestigioytradicion.com\/en\/wp-json\/wp\/v2\/product"}],"about":[{"href":"https:\/\/www.prestigioytradicion.com\/en\/wp-json\/wp\/v2\/types\/product"}],"replies":[{"embeddable":true,"href":"https:\/\/www.prestigioytradicion.com\/en\/wp-json\/wp\/v2\/comments?post=4076"}],"version-history":[{"count":1,"href":"https:\/\/www.prestigioytradicion.com\/en\/wp-json\/wp\/v2\/product\/4076\/revisions"}],"predecessor-version":[{"id":9520,"href":"https:\/\/www.prestigioytradicion.com\/en\/wp-json\/wp\/v2\/product\/4076\/revisions\/9520"}],"wp:featuredmedia":[{"embeddable":true,"href":"https:\/\/www.prestigioytradicion.com\/en\/wp-json\/wp\/v2\/media\/4077"}],"wp:attachment":[{"href":"https:\/\/www.prestigioytradicion.com\/en\/wp-json\/wp\/v2\/media?parent=4076"}],"wp:term":[{"taxonomy":"product_cat","embeddable":true,"href":"https:\/\/www.prestigioytradicion.com\/en\/wp-json\/wp\/v2\/product_cat?post=4076"},{"taxonomy":"product_tag","embeddable":true,"href":"https:\/\/www.prestigioytradicion.com\/en\/wp-json\/wp\/v2\/product_tag?post=4076"}],"curies":[{"name":"wp","href":"https:\/\/api.w.org\/{rel}","templated":true}]}}