{"id":4103,"date":"2020-05-01T22:20:32","date_gmt":"2020-05-01T21:20:32","guid":{"rendered":"https:\/\/www.prestigioytradicion.com\/?post_type=product&#038;p=4103"},"modified":"2023-07-20T18:39:25","modified_gmt":"2023-07-20T17:39:25","slug":"carpacho-de-pulpo","status":"publish","type":"product","link":"https:\/\/www.prestigioytradicion.com\/en\/product\/carpacho-de-pulpo\/","title":{"rendered":"Carpacho de Pulpo"},"content":{"rendered":"","protected":false},"excerpt":{"rendered":"<p><strong>Origen:\u00a0<\/strong>Girona<\/p>\n<p><strong>Peso Neto:<\/strong> 80g<\/p>\n<p><strong>Tipo Producto:<\/strong> Congelado<\/p>\n<p><strong>Ingredientes:<\/strong> Pulpo cocido.<\/p>\n<p>Puede <strong>contener<\/strong> trazas de <i><u>Pescados <\/u><\/i>y <span style=\"text-decoration: underline;\"><em>Crustaceos<\/em><\/span>.<\/p>\n<p><strong>Descripci\u00f3n:<\/strong><\/p>\n<p>Patas de pulpo cocido y moldeado con su propia gelatina. Se presenta cortado en finas l\u00e1minas y racionado en sobres de porci\u00f3n individual.<\/p>\n<p><strong>Modo de preparaci\u00f3n:<\/strong> Retirar el producto de la bolsa y emplatar congelado, atemperar 10 minutos y consumir.<br \/>\nAli\u00f1ar al gusto.<\/p>\n","protected":false},"featured_media":4104,"comment_status":"closed","ping_status":"closed","template":"","meta":[],"product_cat":[890],"product_tag":[],"bundled_by":[],"bundle_stock_status":"instock","bundle_stock_quantity":null,"bundle_virtual":false,"bundle_layout":"","bundle_add_to_cart_form_location":"","bundle_editable_in_cart":false,"bundle_sold_individually_context":"","bundle_item_grouping":"","bundle_min_size":"","bundle_max_size":"","bundle_price":[],"bundled_items":[],"bundle_sell_ids":[],"yoast_head":"<!-- This site is optimized with the Yoast SEO Premium plugin v21.9 (Yoast SEO v21.9.1) - https:\/\/yoast.com\/wordpress\/plugins\/seo\/ -->\n<title>Carpacho de Pulpo - Prestigio &amp; Tradici&oacute;n<\/title>\n<meta name=\"robots\" content=\"index, follow, max-snippet:-1, max-image-preview:large, max-video-preview:-1\" \/>\n<link rel=\"canonical\" href=\"https:\/\/www.prestigioytradicion.com\/product\/carpacho-de-pulpo\/\" \/>\n<meta property=\"og:locale\" content=\"en_US\" \/>\n<meta property=\"og:type\" content=\"article\" \/>\n<meta property=\"og:title\" content=\"Carpacho de Pulpo\" \/>\n<meta property=\"og:description\" content=\"Origen:\u00a0Girona  Peso Neto: 80g  Tipo Producto: Congelado  Ingredientes: Pulpo cocido.  Puede contener trazas de Pescados y Crustaceos.  Descripci\u00f3n:  Patas de pulpo cocido y moldeado con su propia gelatina. Se presenta cortado en finas l\u00e1minas y racionado en sobres de porci\u00f3n individual.  Modo de preparaci\u00f3n: Retirar el producto de la bolsa y emplatar congelado, atemperar 10 minutos y consumir. Ali\u00f1ar al gusto.\" \/>\n<meta property=\"og:url\" content=\"https:\/\/www.prestigioytradicion.com\/product\/carpacho-de-pulpo\/\" \/>\n<meta property=\"og:site_name\" content=\"Prestigio &amp; Tradici&oacute;n\" \/>\n<meta property=\"article:modified_time\" content=\"2023-07-20T17:39:25+00:00\" \/>\n<meta property=\"og:image\" content=\"https:\/\/www.prestigioytradicion.com\/wp-content\/uploads\/carpaccio-pulpo-ok.jpg\" \/>\n\t<meta property=\"og:image:width\" content=\"600\" \/>\n\t<meta property=\"og:image:height\" content=\"360\" \/>\n\t<meta property=\"og:image:type\" content=\"image\/jpeg\" \/>\n<meta name=\"twitter:card\" content=\"summary_large_image\" \/>\n<script type=\"application\/ld+json\" class=\"yoast-schema-graph\">{\"@context\":\"https:\/\/schema.org\",\"@graph\":[{\"@type\":\"WebPage\",\"@id\":\"https:\/\/www.prestigioytradicion.com\/product\/carpacho-de-pulpo\/\",\"url\":\"https:\/\/www.prestigioytradicion.com\/product\/carpacho-de-pulpo\/\",\"name\":\"Carpacho de Pulpo - Prestigio &amp; Tradici&oacute;n\",\"isPartOf\":{\"@id\":\"https:\/\/www.prestigioytradicion.com\/#website\"},\"datePublished\":\"2020-05-01T21:20:32+00:00\",\"dateModified\":\"2023-07-20T17:39:25+00:00\",\"breadcrumb\":{\"@id\":\"https:\/\/www.prestigioytradicion.com\/product\/carpacho-de-pulpo\/#breadcrumb\"},\"inLanguage\":\"en-US\",\"potentialAction\":[{\"@type\":\"ReadAction\",\"target\":[\"https:\/\/www.prestigioytradicion.com\/product\/carpacho-de-pulpo\/\"]}]},{\"@type\":\"BreadcrumbList\",\"@id\":\"https:\/\/www.prestigioytradicion.com\/product\/carpacho-de-pulpo\/#breadcrumb\",\"itemListElement\":[{\"@type\":\"ListItem\",\"position\":1,\"name\":\"Home\",\"item\":\"https:\/\/www.prestigioytradicion.com\/\"},{\"@type\":\"ListItem\",\"position\":2,\"name\":\"Tienda\",\"item\":\"https:\/\/www.prestigioytradicion.com\/shop\/\"},{\"@type\":\"ListItem\",\"position\":3,\"name\":\"Carpacho de Pulpo\"}]},{\"@type\":\"WebSite\",\"@id\":\"https:\/\/www.prestigioytradicion.com\/#website\",\"url\":\"https:\/\/www.prestigioytradicion.com\/\",\"name\":\"Prestigio &amp; Tradici&oacute;n\",\"description\":\"Un extraordinario mundo gourmet de alta calidad para todos\",\"publisher\":{\"@id\":\"https:\/\/www.prestigioytradicion.com\/#organization\"},\"potentialAction\":[{\"@type\":\"SearchAction\",\"target\":{\"@type\":\"EntryPoint\",\"urlTemplate\":\"https:\/\/www.prestigioytradicion.com\/?s={search_term_string}\"},\"query-input\":\"required name=search_term_string\"}],\"inLanguage\":\"en-US\"},{\"@type\":\"Organization\",\"@id\":\"https:\/\/www.prestigioytradicion.com\/#organization\",\"name\":\"Prestigio & Tradici\u00f3n\",\"url\":\"https:\/\/www.prestigioytradicion.com\/\",\"logo\":{\"@type\":\"ImageObject\",\"inLanguage\":\"en-US\",\"@id\":\"https:\/\/www.prestigioytradicion.com\/#\/schema\/logo\/image\/\",\"url\":\"https:\/\/www.prestigioytradicion.com\/wp-content\/uploads\/LOGO-PyT-Facturas-WEB-150x150-SIN-FONDO.png\",\"contentUrl\":\"https:\/\/www.prestigioytradicion.com\/wp-content\/uploads\/LOGO-PyT-Facturas-WEB-150x150-SIN-FONDO.png\",\"width\":150,\"height\":150,\"caption\":\"Prestigio & Tradici\u00f3n\"},\"image\":{\"@id\":\"https:\/\/www.prestigioytradicion.com\/#\/schema\/logo\/image\/\"}}]}<\/script>\n<!-- \/ Yoast SEO Premium plugin. -->","yoast_head_json":{"title":"Carpacho de Pulpo - Prestigio &amp; Tradici&oacute;n","robots":{"index":"index","follow":"follow","max-snippet":"max-snippet:-1","max-image-preview":"max-image-preview:large","max-video-preview":"max-video-preview:-1"},"canonical":"https:\/\/www.prestigioytradicion.com\/product\/carpacho-de-pulpo\/","og_locale":"en_US","og_type":"article","og_title":"Carpacho de Pulpo","og_description":"Origen:\u00a0Girona  Peso Neto: 80g  Tipo Producto: Congelado  Ingredientes: Pulpo cocido.  Puede contener trazas de Pescados y Crustaceos.  Descripci\u00f3n:  Patas de pulpo cocido y moldeado con su propia gelatina. Se presenta cortado en finas l\u00e1minas y racionado en sobres de porci\u00f3n individual.  Modo de preparaci\u00f3n: Retirar el producto de la bolsa y emplatar congelado, atemperar 10 minutos y consumir. Ali\u00f1ar al gusto.","og_url":"https:\/\/www.prestigioytradicion.com\/product\/carpacho-de-pulpo\/","og_site_name":"Prestigio &amp; Tradici&oacute;n","article_modified_time":"2023-07-20T17:39:25+00:00","og_image":[{"width":600,"height":360,"url":"https:\/\/www.prestigioytradicion.com\/wp-content\/uploads\/carpaccio-pulpo-ok.jpg","type":"image\/jpeg"}],"twitter_card":"summary_large_image","schema":{"@context":"https:\/\/schema.org","@graph":[{"@type":"WebPage","@id":"https:\/\/www.prestigioytradicion.com\/product\/carpacho-de-pulpo\/","url":"https:\/\/www.prestigioytradicion.com\/product\/carpacho-de-pulpo\/","name":"Carpacho de Pulpo - Prestigio &amp; Tradici&oacute;n","isPartOf":{"@id":"https:\/\/www.prestigioytradicion.com\/#website"},"datePublished":"2020-05-01T21:20:32+00:00","dateModified":"2023-07-20T17:39:25+00:00","breadcrumb":{"@id":"https:\/\/www.prestigioytradicion.com\/product\/carpacho-de-pulpo\/#breadcrumb"},"inLanguage":"en-US","potentialAction":[{"@type":"ReadAction","target":["https:\/\/www.prestigioytradicion.com\/product\/carpacho-de-pulpo\/"]}]},{"@type":"BreadcrumbList","@id":"https:\/\/www.prestigioytradicion.com\/product\/carpacho-de-pulpo\/#breadcrumb","itemListElement":[{"@type":"ListItem","position":1,"name":"Home","item":"https:\/\/www.prestigioytradicion.com\/"},{"@type":"ListItem","position":2,"name":"Tienda","item":"https:\/\/www.prestigioytradicion.com\/shop\/"},{"@type":"ListItem","position":3,"name":"Carpacho de Pulpo"}]},{"@type":"WebSite","@id":"https:\/\/www.prestigioytradicion.com\/#website","url":"https:\/\/www.prestigioytradicion.com\/","name":"Prestigio &amp; Tradici&oacute;n","description":"Un extraordinario mundo gourmet de alta calidad para todos","publisher":{"@id":"https:\/\/www.prestigioytradicion.com\/#organization"},"potentialAction":[{"@type":"SearchAction","target":{"@type":"EntryPoint","urlTemplate":"https:\/\/www.prestigioytradicion.com\/?s={search_term_string}"},"query-input":"required name=search_term_string"}],"inLanguage":"en-US"},{"@type":"Organization","@id":"https:\/\/www.prestigioytradicion.com\/#organization","name":"Prestigio & Tradici\u00f3n","url":"https:\/\/www.prestigioytradicion.com\/","logo":{"@type":"ImageObject","inLanguage":"en-US","@id":"https:\/\/www.prestigioytradicion.com\/#\/schema\/logo\/image\/","url":"https:\/\/www.prestigioytradicion.com\/wp-content\/uploads\/LOGO-PyT-Facturas-WEB-150x150-SIN-FONDO.png","contentUrl":"https:\/\/www.prestigioytradicion.com\/wp-content\/uploads\/LOGO-PyT-Facturas-WEB-150x150-SIN-FONDO.png","width":150,"height":150,"caption":"Prestigio & Tradici\u00f3n"},"image":{"@id":"https:\/\/www.prestigioytradicion.com\/#\/schema\/logo\/image\/"}}]}},"_links":{"self":[{"href":"https:\/\/www.prestigioytradicion.com\/en\/wp-json\/wp\/v2\/product\/4103"}],"collection":[{"href":"https:\/\/www.prestigioytradicion.com\/en\/wp-json\/wp\/v2\/product"}],"about":[{"href":"https:\/\/www.prestigioytradicion.com\/en\/wp-json\/wp\/v2\/types\/product"}],"replies":[{"embeddable":true,"href":"https:\/\/www.prestigioytradicion.com\/en\/wp-json\/wp\/v2\/comments?post=4103"}],"version-history":[{"count":1,"href":"https:\/\/www.prestigioytradicion.com\/en\/wp-json\/wp\/v2\/product\/4103\/revisions"}],"predecessor-version":[{"id":9518,"href":"https:\/\/www.prestigioytradicion.com\/en\/wp-json\/wp\/v2\/product\/4103\/revisions\/9518"}],"wp:featuredmedia":[{"embeddable":true,"href":"https:\/\/www.prestigioytradicion.com\/en\/wp-json\/wp\/v2\/media\/4104"}],"wp:attachment":[{"href":"https:\/\/www.prestigioytradicion.com\/en\/wp-json\/wp\/v2\/media?parent=4103"}],"wp:term":[{"taxonomy":"product_cat","embeddable":true,"href":"https:\/\/www.prestigioytradicion.com\/en\/wp-json\/wp\/v2\/product_cat?post=4103"},{"taxonomy":"product_tag","embeddable":true,"href":"https:\/\/www.prestigioytradicion.com\/en\/wp-json\/wp\/v2\/product_tag?post=4103"}],"curies":[{"name":"wp","href":"https:\/\/api.w.org\/{rel}","templated":true}]}}