{"id":4106,"date":"2020-05-01T22:39:31","date_gmt":"2020-05-01T21:39:31","guid":{"rendered":"https:\/\/www.prestigioytradicion.com\/?post_type=product&#038;p=4106"},"modified":"2023-07-20T18:39:25","modified_gmt":"2023-07-20T17:39:25","slug":"carpacho-de-gambon","status":"publish","type":"product","link":"https:\/\/www.prestigioytradicion.com\/en\/product\/carpacho-de-gambon\/","title":{"rendered":"Carpacho de Gamb\u00f3n"},"content":{"rendered":"","protected":false},"excerpt":{"rendered":"<p><strong>Origen:\u00a0<\/strong>Girona<\/p>\n<p><strong>Peso Neto:<\/strong> 70g<\/p>\n<p><strong>Tipo Producto:<\/strong> Congelado<\/p>\n<p><strong>Ingredientes:<\/strong> Gamb\u00f3n, conservador, corrector de acidez y sacarosa.<\/p>\n<p><strong>Contiene<\/strong> <span style=\"text-decoration: underline;\"><em>Sulfitos<\/em><\/span>. Puede contener trazas de <span style=\"text-decoration: underline;\"><em>Soja,<\/em><\/span> <span style=\"text-decoration: underline;\"><em>S\u00e9samo<\/em><\/span><em>, <\/em><span style=\"text-decoration: underline;\"><em>Apio<\/em><\/span><em>, <\/em><span style=\"text-decoration: underline;\"><em>Mostaza<\/em><\/span><em>, <\/em><span style=\"text-decoration: underline;\"><em>Leche<\/em><\/span><em>, <\/em><span style=\"text-decoration: underline;\"><em>Pescado<\/em><\/span><em>, <\/em><span style=\"text-decoration: underline;\"><em>Cacahuete<\/em><\/span><em>, <\/em><span style=\"text-decoration: underline;\"><em>Huevo<\/em><\/span><em>, <\/em><span style=\"text-decoration: underline;\"><em>Fruto seco<\/em><\/span><em> y <\/em><span style=\"text-decoration: underline;\"><em>Molusco<\/em><\/span>.<\/p>\n<p><strong>Descripci\u00f3n:<\/strong><\/p>\n<p>Gamb\u00f3n del Mediterr\u00e1neo de sabor intenso, cortado y colocado en finas l\u00e1minas y presentada en sobre de raci\u00f3n individual.<br \/>\nProducto pr\u00e1ctico y de regeneraci\u00f3n r\u00e1pida (en 10 minutos), pues se presenta congelado y listo para emplatar, ali\u00f1ar al gusto y servir.<\/p>\n<p><strong>Modo de preparaci\u00f3n:<\/strong> Retirar el producto de la bolsa y emplatar congelado, atemperar 10 minutos y consumir.<br \/>\nSe recomienda servir el producto ali\u00f1ado con unas escamas de sal y aceite de oliva arbequina virgen extra.<\/p>\n","protected":false},"featured_media":4107,"comment_status":"closed","ping_status":"closed","template":"","meta":[],"product_cat":[890],"product_tag":[],"bundled_by":[],"bundle_stock_status":"instock","bundle_stock_quantity":null,"bundle_virtual":false,"bundle_layout":"","bundle_add_to_cart_form_location":"","bundle_editable_in_cart":false,"bundle_sold_individually_context":"","bundle_item_grouping":"","bundle_min_size":"","bundle_max_size":"","bundle_price":[],"bundled_items":[],"bundle_sell_ids":[],"yoast_head":"<!-- This site is optimized with the Yoast SEO Premium plugin v21.9 (Yoast SEO v21.9.1) - https:\/\/yoast.com\/wordpress\/plugins\/seo\/ -->\n<title>Carpacho de Gamb\u00f3n - Prestigio &amp; Tradici&oacute;n<\/title>\n<meta name=\"robots\" content=\"index, follow, max-snippet:-1, max-image-preview:large, max-video-preview:-1\" \/>\n<link rel=\"canonical\" href=\"https:\/\/www.prestigioytradicion.com\/product\/carpacho-de-gambon\/\" \/>\n<meta property=\"og:locale\" content=\"en_US\" \/>\n<meta property=\"og:type\" content=\"article\" \/>\n<meta property=\"og:title\" content=\"Carpacho de Gamb\u00f3n\" \/>\n<meta property=\"og:description\" content=\"Origen:\u00a0Girona  Peso Neto: 70g  Tipo Producto: Congelado  Ingredientes: Gamb\u00f3n, conservador, corrector de acidez y sacarosa.  Contiene Sulfitos. Puede contener trazas de Soja, S\u00e9samo, Apio, Mostaza, Leche, Pescado, Cacahuete, Huevo, Fruto seco y Molusco.  Descripci\u00f3n:  Gamb\u00f3n del Mediterr\u00e1neo de sabor intenso, cortado y colocado en finas l\u00e1minas y presentada en sobre de raci\u00f3n individual. Producto pr\u00e1ctico y de regeneraci\u00f3n r\u00e1pida (en 10 minutos), pues se presenta congelado y listo para emplatar, ali\u00f1ar al gusto y servir.  Modo de preparaci\u00f3n: Retirar el producto de la bolsa y emplatar congelado, atemperar 10 minutos y consumir. Se recomienda servir el producto ali\u00f1ado con unas escamas de sal y aceite de oliva arbequina virgen extra.\" \/>\n<meta property=\"og:url\" content=\"https:\/\/www.prestigioytradicion.com\/product\/carpacho-de-gambon\/\" \/>\n<meta property=\"og:site_name\" content=\"Prestigio &amp; Tradici&oacute;n\" \/>\n<meta property=\"article:modified_time\" content=\"2023-07-20T17:39:25+00:00\" \/>\n<meta property=\"og:image\" content=\"https:\/\/www.prestigioytradicion.com\/wp-content\/uploads\/carpaccio-gamba-ok.jpg\" \/>\n\t<meta property=\"og:image:width\" content=\"600\" \/>\n\t<meta property=\"og:image:height\" content=\"360\" \/>\n\t<meta property=\"og:image:type\" content=\"image\/jpeg\" \/>\n<meta name=\"twitter:card\" content=\"summary_large_image\" \/>\n<script type=\"application\/ld+json\" class=\"yoast-schema-graph\">{\"@context\":\"https:\/\/schema.org\",\"@graph\":[{\"@type\":\"WebPage\",\"@id\":\"https:\/\/www.prestigioytradicion.com\/product\/carpacho-de-gambon\/\",\"url\":\"https:\/\/www.prestigioytradicion.com\/product\/carpacho-de-gambon\/\",\"name\":\"Carpacho de Gamb\u00f3n - Prestigio &amp; Tradici&oacute;n\",\"isPartOf\":{\"@id\":\"https:\/\/www.prestigioytradicion.com\/#website\"},\"datePublished\":\"2020-05-01T21:39:31+00:00\",\"dateModified\":\"2023-07-20T17:39:25+00:00\",\"breadcrumb\":{\"@id\":\"https:\/\/www.prestigioytradicion.com\/product\/carpacho-de-gambon\/#breadcrumb\"},\"inLanguage\":\"en-US\",\"potentialAction\":[{\"@type\":\"ReadAction\",\"target\":[\"https:\/\/www.prestigioytradicion.com\/product\/carpacho-de-gambon\/\"]}]},{\"@type\":\"BreadcrumbList\",\"@id\":\"https:\/\/www.prestigioytradicion.com\/product\/carpacho-de-gambon\/#breadcrumb\",\"itemListElement\":[{\"@type\":\"ListItem\",\"position\":1,\"name\":\"Home\",\"item\":\"https:\/\/www.prestigioytradicion.com\/\"},{\"@type\":\"ListItem\",\"position\":2,\"name\":\"Tienda\",\"item\":\"https:\/\/www.prestigioytradicion.com\/shop\/\"},{\"@type\":\"ListItem\",\"position\":3,\"name\":\"Carpacho de Gamb\u00f3n\"}]},{\"@type\":\"WebSite\",\"@id\":\"https:\/\/www.prestigioytradicion.com\/#website\",\"url\":\"https:\/\/www.prestigioytradicion.com\/\",\"name\":\"Prestigio &amp; Tradici&oacute;n\",\"description\":\"Un extraordinario mundo gourmet de alta calidad para todos\",\"publisher\":{\"@id\":\"https:\/\/www.prestigioytradicion.com\/#organization\"},\"potentialAction\":[{\"@type\":\"SearchAction\",\"target\":{\"@type\":\"EntryPoint\",\"urlTemplate\":\"https:\/\/www.prestigioytradicion.com\/?s={search_term_string}\"},\"query-input\":\"required name=search_term_string\"}],\"inLanguage\":\"en-US\"},{\"@type\":\"Organization\",\"@id\":\"https:\/\/www.prestigioytradicion.com\/#organization\",\"name\":\"Prestigio & Tradici\u00f3n\",\"url\":\"https:\/\/www.prestigioytradicion.com\/\",\"logo\":{\"@type\":\"ImageObject\",\"inLanguage\":\"en-US\",\"@id\":\"https:\/\/www.prestigioytradicion.com\/#\/schema\/logo\/image\/\",\"url\":\"https:\/\/www.prestigioytradicion.com\/wp-content\/uploads\/LOGO-PyT-Facturas-WEB-150x150-SIN-FONDO.png\",\"contentUrl\":\"https:\/\/www.prestigioytradicion.com\/wp-content\/uploads\/LOGO-PyT-Facturas-WEB-150x150-SIN-FONDO.png\",\"width\":150,\"height\":150,\"caption\":\"Prestigio & Tradici\u00f3n\"},\"image\":{\"@id\":\"https:\/\/www.prestigioytradicion.com\/#\/schema\/logo\/image\/\"}}]}<\/script>\n<!-- \/ Yoast SEO Premium plugin. -->","yoast_head_json":{"title":"Carpacho de Gamb\u00f3n - Prestigio &amp; Tradici&oacute;n","robots":{"index":"index","follow":"follow","max-snippet":"max-snippet:-1","max-image-preview":"max-image-preview:large","max-video-preview":"max-video-preview:-1"},"canonical":"https:\/\/www.prestigioytradicion.com\/product\/carpacho-de-gambon\/","og_locale":"en_US","og_type":"article","og_title":"Carpacho de Gamb\u00f3n","og_description":"Origen:\u00a0Girona  Peso Neto: 70g  Tipo Producto: Congelado  Ingredientes: Gamb\u00f3n, conservador, corrector de acidez y sacarosa.  Contiene Sulfitos. Puede contener trazas de Soja, S\u00e9samo, Apio, Mostaza, Leche, Pescado, Cacahuete, Huevo, Fruto seco y Molusco.  Descripci\u00f3n:  Gamb\u00f3n del Mediterr\u00e1neo de sabor intenso, cortado y colocado en finas l\u00e1minas y presentada en sobre de raci\u00f3n individual. Producto pr\u00e1ctico y de regeneraci\u00f3n r\u00e1pida (en 10 minutos), pues se presenta congelado y listo para emplatar, ali\u00f1ar al gusto y servir.  Modo de preparaci\u00f3n: Retirar el producto de la bolsa y emplatar congelado, atemperar 10 minutos y consumir. Se recomienda servir el producto ali\u00f1ado con unas escamas de sal y aceite de oliva arbequina virgen extra.","og_url":"https:\/\/www.prestigioytradicion.com\/product\/carpacho-de-gambon\/","og_site_name":"Prestigio &amp; Tradici&oacute;n","article_modified_time":"2023-07-20T17:39:25+00:00","og_image":[{"width":600,"height":360,"url":"https:\/\/www.prestigioytradicion.com\/wp-content\/uploads\/carpaccio-gamba-ok.jpg","type":"image\/jpeg"}],"twitter_card":"summary_large_image","schema":{"@context":"https:\/\/schema.org","@graph":[{"@type":"WebPage","@id":"https:\/\/www.prestigioytradicion.com\/product\/carpacho-de-gambon\/","url":"https:\/\/www.prestigioytradicion.com\/product\/carpacho-de-gambon\/","name":"Carpacho de Gamb\u00f3n - Prestigio &amp; Tradici&oacute;n","isPartOf":{"@id":"https:\/\/www.prestigioytradicion.com\/#website"},"datePublished":"2020-05-01T21:39:31+00:00","dateModified":"2023-07-20T17:39:25+00:00","breadcrumb":{"@id":"https:\/\/www.prestigioytradicion.com\/product\/carpacho-de-gambon\/#breadcrumb"},"inLanguage":"en-US","potentialAction":[{"@type":"ReadAction","target":["https:\/\/www.prestigioytradicion.com\/product\/carpacho-de-gambon\/"]}]},{"@type":"BreadcrumbList","@id":"https:\/\/www.prestigioytradicion.com\/product\/carpacho-de-gambon\/#breadcrumb","itemListElement":[{"@type":"ListItem","position":1,"name":"Home","item":"https:\/\/www.prestigioytradicion.com\/"},{"@type":"ListItem","position":2,"name":"Tienda","item":"https:\/\/www.prestigioytradicion.com\/shop\/"},{"@type":"ListItem","position":3,"name":"Carpacho de Gamb\u00f3n"}]},{"@type":"WebSite","@id":"https:\/\/www.prestigioytradicion.com\/#website","url":"https:\/\/www.prestigioytradicion.com\/","name":"Prestigio &amp; Tradici&oacute;n","description":"Un extraordinario mundo gourmet de alta calidad para todos","publisher":{"@id":"https:\/\/www.prestigioytradicion.com\/#organization"},"potentialAction":[{"@type":"SearchAction","target":{"@type":"EntryPoint","urlTemplate":"https:\/\/www.prestigioytradicion.com\/?s={search_term_string}"},"query-input":"required name=search_term_string"}],"inLanguage":"en-US"},{"@type":"Organization","@id":"https:\/\/www.prestigioytradicion.com\/#organization","name":"Prestigio & Tradici\u00f3n","url":"https:\/\/www.prestigioytradicion.com\/","logo":{"@type":"ImageObject","inLanguage":"en-US","@id":"https:\/\/www.prestigioytradicion.com\/#\/schema\/logo\/image\/","url":"https:\/\/www.prestigioytradicion.com\/wp-content\/uploads\/LOGO-PyT-Facturas-WEB-150x150-SIN-FONDO.png","contentUrl":"https:\/\/www.prestigioytradicion.com\/wp-content\/uploads\/LOGO-PyT-Facturas-WEB-150x150-SIN-FONDO.png","width":150,"height":150,"caption":"Prestigio & Tradici\u00f3n"},"image":{"@id":"https:\/\/www.prestigioytradicion.com\/#\/schema\/logo\/image\/"}}]}},"_links":{"self":[{"href":"https:\/\/www.prestigioytradicion.com\/en\/wp-json\/wp\/v2\/product\/4106"}],"collection":[{"href":"https:\/\/www.prestigioytradicion.com\/en\/wp-json\/wp\/v2\/product"}],"about":[{"href":"https:\/\/www.prestigioytradicion.com\/en\/wp-json\/wp\/v2\/types\/product"}],"replies":[{"embeddable":true,"href":"https:\/\/www.prestigioytradicion.com\/en\/wp-json\/wp\/v2\/comments?post=4106"}],"version-history":[{"count":1,"href":"https:\/\/www.prestigioytradicion.com\/en\/wp-json\/wp\/v2\/product\/4106\/revisions"}],"predecessor-version":[{"id":9517,"href":"https:\/\/www.prestigioytradicion.com\/en\/wp-json\/wp\/v2\/product\/4106\/revisions\/9517"}],"wp:featuredmedia":[{"embeddable":true,"href":"https:\/\/www.prestigioytradicion.com\/en\/wp-json\/wp\/v2\/media\/4107"}],"wp:attachment":[{"href":"https:\/\/www.prestigioytradicion.com\/en\/wp-json\/wp\/v2\/media?parent=4106"}],"wp:term":[{"taxonomy":"product_cat","embeddable":true,"href":"https:\/\/www.prestigioytradicion.com\/en\/wp-json\/wp\/v2\/product_cat?post=4106"},{"taxonomy":"product_tag","embeddable":true,"href":"https:\/\/www.prestigioytradicion.com\/en\/wp-json\/wp\/v2\/product_tag?post=4106"}],"curies":[{"name":"wp","href":"https:\/\/api.w.org\/{rel}","templated":true}]}}