{"id":4132,"date":"2020-05-02T23:13:27","date_gmt":"2020-05-02T22:13:27","guid":{"rendered":"https:\/\/www.prestigioytradicion.com\/?post_type=product&#038;p=4132"},"modified":"2023-07-20T18:39:25","modified_gmt":"2023-07-20T17:39:25","slug":"rigatoni-no-50-rummo","status":"publish","type":"product","link":"https:\/\/www.prestigioytradicion.com\/en\/product\/rigatoni-no-50-rummo\/","title":{"rendered":"Rigatoni n\u00ba 50 Rummo"},"content":{"rendered":"","protected":false},"excerpt":{"rendered":"<p><strong>Origen:<\/strong>\u00a0Italia<\/p>\n<p><strong>Peso Neto:<\/strong> 500g<\/p>\n<p><strong>Tipo Producto:<\/strong> pasta seca<\/p>\n<p><strong>Ingredientes:<\/strong> s\u00e9mola de <span style=\"text-decoration: underline;\"><em>trigo<\/em><\/span> duro<\/p>\n<p><strong>Contiene<\/strong> gluten (<span style=\"text-decoration: underline;\"><em>trigo<\/em><\/span>).<\/p>\n<p><strong>Descripci\u00f3n:<\/strong><\/p>\n<p>La familia Rummo son maestros fabricantes de pasta de Benevento (Italia) desde 1846. Utilizan un metodo de elavoracion lenta con trigo duro extruido con troquel de bronce.<br \/>\nEl <strong>Rigatoni<\/strong> naci\u00f3 en Roma y pertenece a una tradici\u00f3n completamente italiana. Son ideales con la cl\u00e1sica salsa de carne y tambi\u00e9n son perfectos para preparaciones al horno, como los timbales de berenjena. Se cocina en 14 minutos y es la \u00fanica pasta certificada para permanecer al dente y mantener su forma durante la cocci\u00f3n. Incluso cuando lo cocinas por mucho tiempo.<\/p>\n<p><strong>Modo de preparaci\u00f3n:<\/strong> cocer en abundante agua y sal durnte 14 minutos para estar al dente.<\/p>\n","protected":false},"featured_media":4123,"comment_status":"closed","ping_status":"closed","template":"","meta":[],"product_cat":[891,956],"product_tag":[],"bundled_by":[],"bundle_stock_status":"instock","bundle_stock_quantity":null,"bundle_virtual":false,"bundle_layout":"","bundle_add_to_cart_form_location":"","bundle_editable_in_cart":false,"bundle_sold_individually_context":"","bundle_item_grouping":"","bundle_min_size":"","bundle_max_size":"","bundle_price":[],"bundled_items":[],"bundle_sell_ids":[],"yoast_head":"<!-- This site is optimized with the Yoast SEO Premium plugin v21.9 (Yoast SEO v21.9.1) - https:\/\/yoast.com\/wordpress\/plugins\/seo\/ -->\n<title>Rigatoni n\u00ba 50 Rummo - Prestigio &amp; Tradici&oacute;n<\/title>\n<meta name=\"robots\" content=\"index, follow, max-snippet:-1, max-image-preview:large, max-video-preview:-1\" \/>\n<link rel=\"canonical\" href=\"https:\/\/www.prestigioytradicion.com\/en\/product\/rigatoni-no-50-rummo\/\" \/>\n<meta property=\"og:locale\" content=\"en_US\" \/>\n<meta property=\"og:type\" content=\"article\" \/>\n<meta property=\"og:title\" content=\"Rigatoni n\u00ba 50 Rummo\" \/>\n<meta property=\"og:description\" content=\"Origen:\u00a0Italia  Peso Neto: 500g  Tipo Producto: pasta seca  Ingredientes: s\u00e9mola de trigo duro  Contiene gluten (trigo).  Descripci\u00f3n:  La familia Rummo son maestros fabricantes de pasta de Benevento (Italia) desde 1846. Utilizan un metodo de elavoracion lenta con trigo duro extruido con troquel de bronce. El Rigatoni naci\u00f3 en Roma y pertenece a una tradici\u00f3n completamente italiana. Son ideales con la cl\u00e1sica salsa de carne y tambi\u00e9n son perfectos para preparaciones al horno, como los timbales de berenjena. Se cocina en 14 minutos y es la \u00fanica pasta certificada para permanecer al dente y mantener su forma durante la cocci\u00f3n. Incluso cuando lo cocinas por mucho tiempo.  Modo de preparaci\u00f3n: cocer en abundante agua y sal durnte 14 minutos para estar al dente.\" \/>\n<meta property=\"og:url\" content=\"https:\/\/www.prestigioytradicion.com\/en\/product\/rigatoni-no-50-rummo\/\" \/>\n<meta property=\"og:site_name\" content=\"Prestigio &amp; Tradici&oacute;n\" \/>\n<meta property=\"article:modified_time\" content=\"2023-07-20T17:39:25+00:00\" \/>\n<meta property=\"og:image\" content=\"https:\/\/www.prestigioytradicion.com\/wp-content\/uploads\/81CwJu9tn-L._SL1500_.jpg\" \/>\n\t<meta property=\"og:image:width\" content=\"1500\" \/>\n\t<meta property=\"og:image:height\" content=\"1500\" \/>\n\t<meta property=\"og:image:type\" content=\"image\/jpeg\" \/>\n<meta name=\"twitter:card\" content=\"summary_large_image\" \/>\n<script type=\"application\/ld+json\" class=\"yoast-schema-graph\">{\"@context\":\"https:\/\/schema.org\",\"@graph\":[{\"@type\":\"WebPage\",\"@id\":\"https:\/\/www.prestigioytradicion.com\/en\/product\/rigatoni-no-50-rummo\/\",\"url\":\"https:\/\/www.prestigioytradicion.com\/en\/product\/rigatoni-no-50-rummo\/\",\"name\":\"Rigatoni n\u00ba 50 Rummo - Prestigio &amp; Tradici&oacute;n\",\"isPartOf\":{\"@id\":\"https:\/\/www.prestigioytradicion.com\/#website\"},\"datePublished\":\"2020-05-02T22:13:27+00:00\",\"dateModified\":\"2023-07-20T17:39:25+00:00\",\"breadcrumb\":{\"@id\":\"https:\/\/www.prestigioytradicion.com\/en\/product\/rigatoni-no-50-rummo\/#breadcrumb\"},\"inLanguage\":\"en-US\",\"potentialAction\":[{\"@type\":\"ReadAction\",\"target\":[\"https:\/\/www.prestigioytradicion.com\/en\/product\/rigatoni-no-50-rummo\/\"]}]},{\"@type\":\"BreadcrumbList\",\"@id\":\"https:\/\/www.prestigioytradicion.com\/en\/product\/rigatoni-no-50-rummo\/#breadcrumb\",\"itemListElement\":[{\"@type\":\"ListItem\",\"position\":1,\"name\":\"Home\",\"item\":\"https:\/\/www.prestigioytradicion.com\/\"},{\"@type\":\"ListItem\",\"position\":2,\"name\":\"Tienda\",\"item\":\"https:\/\/www.prestigioytradicion.com\/shop\/\"},{\"@type\":\"ListItem\",\"position\":3,\"name\":\"Rigatoni n\u00ba 50 Rummo\"}]},{\"@type\":\"WebSite\",\"@id\":\"https:\/\/www.prestigioytradicion.com\/#website\",\"url\":\"https:\/\/www.prestigioytradicion.com\/\",\"name\":\"Prestigio &amp; Tradici&oacute;n\",\"description\":\"Un extraordinario mundo gourmet de alta calidad para todos\",\"publisher\":{\"@id\":\"https:\/\/www.prestigioytradicion.com\/#organization\"},\"potentialAction\":[{\"@type\":\"SearchAction\",\"target\":{\"@type\":\"EntryPoint\",\"urlTemplate\":\"https:\/\/www.prestigioytradicion.com\/?s={search_term_string}\"},\"query-input\":\"required name=search_term_string\"}],\"inLanguage\":\"en-US\"},{\"@type\":\"Organization\",\"@id\":\"https:\/\/www.prestigioytradicion.com\/#organization\",\"name\":\"Prestigio & Tradici\u00f3n\",\"url\":\"https:\/\/www.prestigioytradicion.com\/\",\"logo\":{\"@type\":\"ImageObject\",\"inLanguage\":\"en-US\",\"@id\":\"https:\/\/www.prestigioytradicion.com\/#\/schema\/logo\/image\/\",\"url\":\"https:\/\/www.prestigioytradicion.com\/wp-content\/uploads\/LOGO-PyT-Facturas-WEB-150x150-SIN-FONDO.png\",\"contentUrl\":\"https:\/\/www.prestigioytradicion.com\/wp-content\/uploads\/LOGO-PyT-Facturas-WEB-150x150-SIN-FONDO.png\",\"width\":150,\"height\":150,\"caption\":\"Prestigio & Tradici\u00f3n\"},\"image\":{\"@id\":\"https:\/\/www.prestigioytradicion.com\/#\/schema\/logo\/image\/\"}}]}<\/script>\n<!-- \/ Yoast SEO Premium plugin. -->","yoast_head_json":{"title":"Rigatoni n\u00ba 50 Rummo - Prestigio &amp; Tradici&oacute;n","robots":{"index":"index","follow":"follow","max-snippet":"max-snippet:-1","max-image-preview":"max-image-preview:large","max-video-preview":"max-video-preview:-1"},"canonical":"https:\/\/www.prestigioytradicion.com\/en\/product\/rigatoni-no-50-rummo\/","og_locale":"en_US","og_type":"article","og_title":"Rigatoni n\u00ba 50 Rummo","og_description":"Origen:\u00a0Italia  Peso Neto: 500g  Tipo Producto: pasta seca  Ingredientes: s\u00e9mola de trigo duro  Contiene gluten (trigo).  Descripci\u00f3n:  La familia Rummo son maestros fabricantes de pasta de Benevento (Italia) desde 1846. Utilizan un metodo de elavoracion lenta con trigo duro extruido con troquel de bronce. El Rigatoni naci\u00f3 en Roma y pertenece a una tradici\u00f3n completamente italiana. Son ideales con la cl\u00e1sica salsa de carne y tambi\u00e9n son perfectos para preparaciones al horno, como los timbales de berenjena. Se cocina en 14 minutos y es la \u00fanica pasta certificada para permanecer al dente y mantener su forma durante la cocci\u00f3n. Incluso cuando lo cocinas por mucho tiempo.  Modo de preparaci\u00f3n: cocer en abundante agua y sal durnte 14 minutos para estar al dente.","og_url":"https:\/\/www.prestigioytradicion.com\/en\/product\/rigatoni-no-50-rummo\/","og_site_name":"Prestigio &amp; Tradici&oacute;n","article_modified_time":"2023-07-20T17:39:25+00:00","og_image":[{"width":1500,"height":1500,"url":"https:\/\/www.prestigioytradicion.com\/wp-content\/uploads\/81CwJu9tn-L._SL1500_.jpg","type":"image\/jpeg"}],"twitter_card":"summary_large_image","schema":{"@context":"https:\/\/schema.org","@graph":[{"@type":"WebPage","@id":"https:\/\/www.prestigioytradicion.com\/en\/product\/rigatoni-no-50-rummo\/","url":"https:\/\/www.prestigioytradicion.com\/en\/product\/rigatoni-no-50-rummo\/","name":"Rigatoni n\u00ba 50 Rummo - Prestigio &amp; Tradici&oacute;n","isPartOf":{"@id":"https:\/\/www.prestigioytradicion.com\/#website"},"datePublished":"2020-05-02T22:13:27+00:00","dateModified":"2023-07-20T17:39:25+00:00","breadcrumb":{"@id":"https:\/\/www.prestigioytradicion.com\/en\/product\/rigatoni-no-50-rummo\/#breadcrumb"},"inLanguage":"en-US","potentialAction":[{"@type":"ReadAction","target":["https:\/\/www.prestigioytradicion.com\/en\/product\/rigatoni-no-50-rummo\/"]}]},{"@type":"BreadcrumbList","@id":"https:\/\/www.prestigioytradicion.com\/en\/product\/rigatoni-no-50-rummo\/#breadcrumb","itemListElement":[{"@type":"ListItem","position":1,"name":"Home","item":"https:\/\/www.prestigioytradicion.com\/"},{"@type":"ListItem","position":2,"name":"Tienda","item":"https:\/\/www.prestigioytradicion.com\/shop\/"},{"@type":"ListItem","position":3,"name":"Rigatoni n\u00ba 50 Rummo"}]},{"@type":"WebSite","@id":"https:\/\/www.prestigioytradicion.com\/#website","url":"https:\/\/www.prestigioytradicion.com\/","name":"Prestigio &amp; Tradici&oacute;n","description":"Un extraordinario mundo gourmet de alta calidad para todos","publisher":{"@id":"https:\/\/www.prestigioytradicion.com\/#organization"},"potentialAction":[{"@type":"SearchAction","target":{"@type":"EntryPoint","urlTemplate":"https:\/\/www.prestigioytradicion.com\/?s={search_term_string}"},"query-input":"required name=search_term_string"}],"inLanguage":"en-US"},{"@type":"Organization","@id":"https:\/\/www.prestigioytradicion.com\/#organization","name":"Prestigio & Tradici\u00f3n","url":"https:\/\/www.prestigioytradicion.com\/","logo":{"@type":"ImageObject","inLanguage":"en-US","@id":"https:\/\/www.prestigioytradicion.com\/#\/schema\/logo\/image\/","url":"https:\/\/www.prestigioytradicion.com\/wp-content\/uploads\/LOGO-PyT-Facturas-WEB-150x150-SIN-FONDO.png","contentUrl":"https:\/\/www.prestigioytradicion.com\/wp-content\/uploads\/LOGO-PyT-Facturas-WEB-150x150-SIN-FONDO.png","width":150,"height":150,"caption":"Prestigio & Tradici\u00f3n"},"image":{"@id":"https:\/\/www.prestigioytradicion.com\/#\/schema\/logo\/image\/"}}]}},"_links":{"self":[{"href":"https:\/\/www.prestigioytradicion.com\/en\/wp-json\/wp\/v2\/product\/4132"}],"collection":[{"href":"https:\/\/www.prestigioytradicion.com\/en\/wp-json\/wp\/v2\/product"}],"about":[{"href":"https:\/\/www.prestigioytradicion.com\/en\/wp-json\/wp\/v2\/types\/product"}],"replies":[{"embeddable":true,"href":"https:\/\/www.prestigioytradicion.com\/en\/wp-json\/wp\/v2\/comments?post=4132"}],"version-history":[{"count":1,"href":"https:\/\/www.prestigioytradicion.com\/en\/wp-json\/wp\/v2\/product\/4132\/revisions"}],"predecessor-version":[{"id":9800,"href":"https:\/\/www.prestigioytradicion.com\/en\/wp-json\/wp\/v2\/product\/4132\/revisions\/9800"}],"wp:featuredmedia":[{"embeddable":true,"href":"https:\/\/www.prestigioytradicion.com\/en\/wp-json\/wp\/v2\/media\/4123"}],"wp:attachment":[{"href":"https:\/\/www.prestigioytradicion.com\/en\/wp-json\/wp\/v2\/media?parent=4132"}],"wp:term":[{"taxonomy":"product_cat","embeddable":true,"href":"https:\/\/www.prestigioytradicion.com\/en\/wp-json\/wp\/v2\/product_cat?post=4132"},{"taxonomy":"product_tag","embeddable":true,"href":"https:\/\/www.prestigioytradicion.com\/en\/wp-json\/wp\/v2\/product_tag?post=4132"}],"curies":[{"name":"wp","href":"https:\/\/api.w.org\/{rel}","templated":true}]}}