{"id":4138,"date":"2020-05-03T10:43:11","date_gmt":"2020-05-03T09:43:11","guid":{"rendered":"https:\/\/www.prestigioytradicion.com\/?post_type=product&#038;p=4138"},"modified":"2023-07-20T18:39:25","modified_gmt":"2023-07-20T17:39:25","slug":"arroz-carnaroli","status":"publish","type":"product","link":"https:\/\/www.prestigioytradicion.com\/en\/product\/arroz-carnaroli\/","title":{"rendered":"Arroz Carnaroli"},"content":{"rendered":"","protected":false},"excerpt":{"rendered":"<p><strong>Origen:<\/strong>\u00a0Italia<\/p>\n<p><strong>Peso Neto:<\/strong> 1 Kg<\/p>\n<p><strong>Tipo Producto:<\/strong> arroz grano medio<\/p>\n<p><strong>Ingredientes:<\/strong> arroz variedad jap\u00f3nica<\/p>\n<p><strong>No<\/strong> <strong>contiene<\/strong> gluten.<\/p>\n<p><strong>Descripci\u00f3n:<\/strong><\/p>\n<p>El\u00a0<strong>arroz Carnaroli<\/strong> originario de Vercelli y Novara, en la regi\u00f3n del Piamonte (Italia), es un arroz de grano medio, redondo y blanco, considerado el rey de los arroces.<\/p>\n<p>Clasificado como un arroz superfino y de m\u00e1xima calidad; pertenece a la variedad jap\u00f3nica, e igual que el arroz arborio y el vialone nano, es uno de los tipos de arroz m\u00e1s utilizados en la elaboraci\u00f3n del risotto por su alto contenido en amilosa (mol\u00e9cula del almid\u00f3n), esta cualidad hace que sea el tipo de arroz elegido en la alta cocina para garantizar buenos resultados en la elaboraci\u00f3n de risotto porque conserva su forma despu\u00e9s de la lenta cocci\u00f3n, absorbe los sabores, ofrece una textura firme, esponjosa y con el n\u00facleo al dente.<\/p>\n","protected":false},"featured_media":4125,"comment_status":"closed","ping_status":"closed","template":"","meta":[],"product_cat":[891,877],"product_tag":[],"bundled_by":[],"bundle_stock_status":"outofstock","bundle_stock_quantity":null,"bundle_virtual":false,"bundle_layout":"","bundle_add_to_cart_form_location":"","bundle_editable_in_cart":false,"bundle_sold_individually_context":"","bundle_item_grouping":"","bundle_min_size":"","bundle_max_size":"","bundle_price":[],"bundled_items":[],"bundle_sell_ids":[],"yoast_head":"<!-- This site is optimized with the Yoast SEO Premium plugin v21.9 (Yoast SEO v21.9.1) - https:\/\/yoast.com\/wordpress\/plugins\/seo\/ -->\n<title>Arroz Carnaroli - Prestigio &amp; Tradici&oacute;n<\/title>\n<meta name=\"robots\" content=\"index, follow, max-snippet:-1, max-image-preview:large, max-video-preview:-1\" \/>\n<link rel=\"canonical\" href=\"https:\/\/www.prestigioytradicion.com\/product\/arroz-carnaroli\/\" \/>\n<meta property=\"og:locale\" content=\"en_US\" \/>\n<meta property=\"og:type\" content=\"article\" \/>\n<meta property=\"og:title\" content=\"Arroz Carnaroli\" \/>\n<meta property=\"og:description\" content=\"Origen:\u00a0Italia  Peso Neto: 1 Kg  Tipo Producto: arroz grano medio  Ingredientes: arroz variedad jap\u00f3nica  No contiene gluten.  Descripci\u00f3n:  El\u00a0arroz Carnaroli originario de Vercelli y Novara, en la regi\u00f3n del Piamonte (Italia), es un arroz de grano medio, redondo y blanco, considerado el rey de los arroces.  Clasificado como un arroz superfino y de m\u00e1xima calidad; pertenece a la variedad jap\u00f3nica, e igual que el arroz arborio y el vialone nano, es uno de los tipos de arroz m\u00e1s utilizados en la elaboraci\u00f3n del risotto por su alto contenido en amilosa (mol\u00e9cula del almid\u00f3n), esta cualidad hace que sea el tipo de arroz elegido en la alta cocina para garantizar buenos resultados en la elaboraci\u00f3n de risotto porque conserva su forma despu\u00e9s de la lenta cocci\u00f3n, absorbe los sabores, ofrece una textura firme, esponjosa y con el n\u00facleo al dente.\" \/>\n<meta property=\"og:url\" content=\"https:\/\/www.prestigioytradicion.com\/product\/arroz-carnaroli\/\" \/>\n<meta property=\"og:site_name\" content=\"Prestigio &amp; Tradici&oacute;n\" \/>\n<meta property=\"article:modified_time\" content=\"2023-07-20T17:39:25+00:00\" \/>\n<meta property=\"og:image\" content=\"https:\/\/www.prestigioytradicion.com\/wp-content\/uploads\/riso.jpg\" \/>\n\t<meta property=\"og:image:width\" content=\"340\" \/>\n\t<meta property=\"og:image:height\" content=\"340\" \/>\n\t<meta property=\"og:image:type\" content=\"image\/jpeg\" \/>\n<meta name=\"twitter:card\" content=\"summary_large_image\" \/>\n<script type=\"application\/ld+json\" class=\"yoast-schema-graph\">{\"@context\":\"https:\/\/schema.org\",\"@graph\":[{\"@type\":\"WebPage\",\"@id\":\"https:\/\/www.prestigioytradicion.com\/product\/arroz-carnaroli\/\",\"url\":\"https:\/\/www.prestigioytradicion.com\/product\/arroz-carnaroli\/\",\"name\":\"Arroz Carnaroli - Prestigio &amp; Tradici&oacute;n\",\"isPartOf\":{\"@id\":\"https:\/\/www.prestigioytradicion.com\/#website\"},\"datePublished\":\"2020-05-03T09:43:11+00:00\",\"dateModified\":\"2023-07-20T17:39:25+00:00\",\"breadcrumb\":{\"@id\":\"https:\/\/www.prestigioytradicion.com\/product\/arroz-carnaroli\/#breadcrumb\"},\"inLanguage\":\"en-US\",\"potentialAction\":[{\"@type\":\"ReadAction\",\"target\":[\"https:\/\/www.prestigioytradicion.com\/product\/arroz-carnaroli\/\"]}]},{\"@type\":\"BreadcrumbList\",\"@id\":\"https:\/\/www.prestigioytradicion.com\/product\/arroz-carnaroli\/#breadcrumb\",\"itemListElement\":[{\"@type\":\"ListItem\",\"position\":1,\"name\":\"Home\",\"item\":\"https:\/\/www.prestigioytradicion.com\/\"},{\"@type\":\"ListItem\",\"position\":2,\"name\":\"Tienda\",\"item\":\"https:\/\/www.prestigioytradicion.com\/shop\/\"},{\"@type\":\"ListItem\",\"position\":3,\"name\":\"Arroz Carnaroli\"}]},{\"@type\":\"WebSite\",\"@id\":\"https:\/\/www.prestigioytradicion.com\/#website\",\"url\":\"https:\/\/www.prestigioytradicion.com\/\",\"name\":\"Prestigio &amp; Tradici&oacute;n\",\"description\":\"Un extraordinario mundo gourmet de alta calidad para todos\",\"publisher\":{\"@id\":\"https:\/\/www.prestigioytradicion.com\/#organization\"},\"potentialAction\":[{\"@type\":\"SearchAction\",\"target\":{\"@type\":\"EntryPoint\",\"urlTemplate\":\"https:\/\/www.prestigioytradicion.com\/?s={search_term_string}\"},\"query-input\":\"required name=search_term_string\"}],\"inLanguage\":\"en-US\"},{\"@type\":\"Organization\",\"@id\":\"https:\/\/www.prestigioytradicion.com\/#organization\",\"name\":\"Prestigio & Tradici\u00f3n\",\"url\":\"https:\/\/www.prestigioytradicion.com\/\",\"logo\":{\"@type\":\"ImageObject\",\"inLanguage\":\"en-US\",\"@id\":\"https:\/\/www.prestigioytradicion.com\/#\/schema\/logo\/image\/\",\"url\":\"https:\/\/www.prestigioytradicion.com\/wp-content\/uploads\/LOGO-PyT-Facturas-WEB-150x150-SIN-FONDO.png\",\"contentUrl\":\"https:\/\/www.prestigioytradicion.com\/wp-content\/uploads\/LOGO-PyT-Facturas-WEB-150x150-SIN-FONDO.png\",\"width\":150,\"height\":150,\"caption\":\"Prestigio & Tradici\u00f3n\"},\"image\":{\"@id\":\"https:\/\/www.prestigioytradicion.com\/#\/schema\/logo\/image\/\"}}]}<\/script>\n<!-- \/ Yoast SEO Premium plugin. -->","yoast_head_json":{"title":"Arroz Carnaroli - Prestigio &amp; Tradici&oacute;n","robots":{"index":"index","follow":"follow","max-snippet":"max-snippet:-1","max-image-preview":"max-image-preview:large","max-video-preview":"max-video-preview:-1"},"canonical":"https:\/\/www.prestigioytradicion.com\/product\/arroz-carnaroli\/","og_locale":"en_US","og_type":"article","og_title":"Arroz Carnaroli","og_description":"Origen:\u00a0Italia  Peso Neto: 1 Kg  Tipo Producto: arroz grano medio  Ingredientes: arroz variedad jap\u00f3nica  No contiene gluten.  Descripci\u00f3n:  El\u00a0arroz Carnaroli originario de Vercelli y Novara, en la regi\u00f3n del Piamonte (Italia), es un arroz de grano medio, redondo y blanco, considerado el rey de los arroces.  Clasificado como un arroz superfino y de m\u00e1xima calidad; pertenece a la variedad jap\u00f3nica, e igual que el arroz arborio y el vialone nano, es uno de los tipos de arroz m\u00e1s utilizados en la elaboraci\u00f3n del risotto por su alto contenido en amilosa (mol\u00e9cula del almid\u00f3n), esta cualidad hace que sea el tipo de arroz elegido en la alta cocina para garantizar buenos resultados en la elaboraci\u00f3n de risotto porque conserva su forma despu\u00e9s de la lenta cocci\u00f3n, absorbe los sabores, ofrece una textura firme, esponjosa y con el n\u00facleo al dente.","og_url":"https:\/\/www.prestigioytradicion.com\/product\/arroz-carnaroli\/","og_site_name":"Prestigio &amp; Tradici&oacute;n","article_modified_time":"2023-07-20T17:39:25+00:00","og_image":[{"width":340,"height":340,"url":"https:\/\/www.prestigioytradicion.com\/wp-content\/uploads\/riso.jpg","type":"image\/jpeg"}],"twitter_card":"summary_large_image","schema":{"@context":"https:\/\/schema.org","@graph":[{"@type":"WebPage","@id":"https:\/\/www.prestigioytradicion.com\/product\/arroz-carnaroli\/","url":"https:\/\/www.prestigioytradicion.com\/product\/arroz-carnaroli\/","name":"Arroz Carnaroli - Prestigio &amp; Tradici&oacute;n","isPartOf":{"@id":"https:\/\/www.prestigioytradicion.com\/#website"},"datePublished":"2020-05-03T09:43:11+00:00","dateModified":"2023-07-20T17:39:25+00:00","breadcrumb":{"@id":"https:\/\/www.prestigioytradicion.com\/product\/arroz-carnaroli\/#breadcrumb"},"inLanguage":"en-US","potentialAction":[{"@type":"ReadAction","target":["https:\/\/www.prestigioytradicion.com\/product\/arroz-carnaroli\/"]}]},{"@type":"BreadcrumbList","@id":"https:\/\/www.prestigioytradicion.com\/product\/arroz-carnaroli\/#breadcrumb","itemListElement":[{"@type":"ListItem","position":1,"name":"Home","item":"https:\/\/www.prestigioytradicion.com\/"},{"@type":"ListItem","position":2,"name":"Tienda","item":"https:\/\/www.prestigioytradicion.com\/shop\/"},{"@type":"ListItem","position":3,"name":"Arroz Carnaroli"}]},{"@type":"WebSite","@id":"https:\/\/www.prestigioytradicion.com\/#website","url":"https:\/\/www.prestigioytradicion.com\/","name":"Prestigio &amp; Tradici&oacute;n","description":"Un extraordinario mundo gourmet de alta calidad para todos","publisher":{"@id":"https:\/\/www.prestigioytradicion.com\/#organization"},"potentialAction":[{"@type":"SearchAction","target":{"@type":"EntryPoint","urlTemplate":"https:\/\/www.prestigioytradicion.com\/?s={search_term_string}"},"query-input":"required name=search_term_string"}],"inLanguage":"en-US"},{"@type":"Organization","@id":"https:\/\/www.prestigioytradicion.com\/#organization","name":"Prestigio & Tradici\u00f3n","url":"https:\/\/www.prestigioytradicion.com\/","logo":{"@type":"ImageObject","inLanguage":"en-US","@id":"https:\/\/www.prestigioytradicion.com\/#\/schema\/logo\/image\/","url":"https:\/\/www.prestigioytradicion.com\/wp-content\/uploads\/LOGO-PyT-Facturas-WEB-150x150-SIN-FONDO.png","contentUrl":"https:\/\/www.prestigioytradicion.com\/wp-content\/uploads\/LOGO-PyT-Facturas-WEB-150x150-SIN-FONDO.png","width":150,"height":150,"caption":"Prestigio & Tradici\u00f3n"},"image":{"@id":"https:\/\/www.prestigioytradicion.com\/#\/schema\/logo\/image\/"}}]}},"_links":{"self":[{"href":"https:\/\/www.prestigioytradicion.com\/en\/wp-json\/wp\/v2\/product\/4138"}],"collection":[{"href":"https:\/\/www.prestigioytradicion.com\/en\/wp-json\/wp\/v2\/product"}],"about":[{"href":"https:\/\/www.prestigioytradicion.com\/en\/wp-json\/wp\/v2\/types\/product"}],"replies":[{"embeddable":true,"href":"https:\/\/www.prestigioytradicion.com\/en\/wp-json\/wp\/v2\/comments?post=4138"}],"version-history":[{"count":1,"href":"https:\/\/www.prestigioytradicion.com\/en\/wp-json\/wp\/v2\/product\/4138\/revisions"}],"predecessor-version":[{"id":9513,"href":"https:\/\/www.prestigioytradicion.com\/en\/wp-json\/wp\/v2\/product\/4138\/revisions\/9513"}],"wp:featuredmedia":[{"embeddable":true,"href":"https:\/\/www.prestigioytradicion.com\/en\/wp-json\/wp\/v2\/media\/4125"}],"wp:attachment":[{"href":"https:\/\/www.prestigioytradicion.com\/en\/wp-json\/wp\/v2\/media?parent=4138"}],"wp:term":[{"taxonomy":"product_cat","embeddable":true,"href":"https:\/\/www.prestigioytradicion.com\/en\/wp-json\/wp\/v2\/product_cat?post=4138"},{"taxonomy":"product_tag","embeddable":true,"href":"https:\/\/www.prestigioytradicion.com\/en\/wp-json\/wp\/v2\/product_tag?post=4138"}],"curies":[{"name":"wp","href":"https:\/\/api.w.org\/{rel}","templated":true}]}}