{"id":4219,"date":"2020-05-11T00:23:16","date_gmt":"2020-05-10T23:23:16","guid":{"rendered":"https:\/\/www.prestigioytradicion.com\/?post_type=product&#038;p=4219"},"modified":"2023-07-20T18:39:25","modified_gmt":"2023-07-20T17:39:25","slug":"pimientos-triturados-en-aceite-condimentado","status":"publish","type":"product","link":"https:\/\/www.prestigioytradicion.com\/en\/product\/pimientos-triturados-en-aceite-condimentado\/","title":{"rendered":"Pimientos triturados en Aceite Condimentado"},"content":{"rendered":"","protected":false},"excerpt":{"rendered":"<p><strong>Origen<\/strong>: Tenerife<\/p>\n<p>M\u00e9todo de conservaci\u00f3n que no necesita otros estabilizantes o colorantes qu\u00edmicos en su proceso, los producto\u00a0es naturale y saludable.<\/p>\n<p><strong>Ingredientes: <\/strong>Pimientos Deshidratados, Aceite, Ajo, Vinagre, Laurel, Especias, Sal y Azucar.<\/p>\n<p><strong>Peso: 220 gr.<\/strong><\/p>\n","protected":false},"featured_media":4220,"comment_status":"closed","ping_status":"closed","template":"","meta":[],"product_cat":[767],"product_tag":[355,360,361,373,342,339,375,376,374,372,341],"bundled_by":[],"bundle_stock_status":"instock","bundle_stock_quantity":null,"bundle_virtual":false,"bundle_layout":"","bundle_add_to_cart_form_location":"","bundle_editable_in_cart":false,"bundle_sold_individually_context":"","bundle_item_grouping":"","bundle_min_size":"","bundle_max_size":"","bundle_price":[],"bundled_items":[],"bundle_sell_ids":[],"yoast_head":"<!-- This site is optimized with the Yoast SEO Premium plugin v21.9 (Yoast SEO v21.9.1) - https:\/\/yoast.com\/wordpress\/plugins\/seo\/ -->\n<title>Pimientos triturados en Aceite Condimentado - Prestigio &amp; Tradici&oacute;n<\/title>\n<meta name=\"robots\" content=\"index, follow, max-snippet:-1, max-image-preview:large, max-video-preview:-1\" \/>\n<link rel=\"canonical\" href=\"https:\/\/www.prestigioytradicion.com\/product\/pimientos-triturados-en-aceite-condimentado\/\" \/>\n<meta property=\"og:locale\" content=\"en_US\" \/>\n<meta property=\"og:type\" content=\"article\" \/>\n<meta property=\"og:title\" content=\"Pimientos triturados en Aceite Condimentado\" \/>\n<meta property=\"og:description\" content=\"Origen: Tenerife  M\u00e9todo de conservaci\u00f3n que no necesita otros estabilizantes o colorantes qu\u00edmicos en su proceso, los producto\u00a0es naturale y saludable.  Ingredientes: Pimientos Deshidratados, Aceite, Ajo, Vinagre, Laurel, Especias, Sal y Azucar.  Peso: 220 gr.\" \/>\n<meta property=\"og:url\" content=\"https:\/\/www.prestigioytradicion.com\/product\/pimientos-triturados-en-aceite-condimentado\/\" \/>\n<meta property=\"og:site_name\" content=\"Prestigio &amp; Tradici&oacute;n\" \/>\n<meta property=\"article:modified_time\" content=\"2023-07-20T17:39:25+00:00\" \/>\n<meta property=\"og:image\" content=\"https:\/\/www.prestigioytradicion.com\/wp-content\/uploads\/teaserbox_2452425510-e1589153440761.jpg\" \/>\n\t<meta property=\"og:image:width\" content=\"585\" \/>\n\t<meta property=\"og:image:height\" content=\"657\" \/>\n\t<meta property=\"og:image:type\" content=\"image\/jpeg\" \/>\n<meta name=\"twitter:card\" content=\"summary_large_image\" \/>\n<script type=\"application\/ld+json\" class=\"yoast-schema-graph\">{\"@context\":\"https:\/\/schema.org\",\"@graph\":[{\"@type\":\"WebPage\",\"@id\":\"https:\/\/www.prestigioytradicion.com\/product\/pimientos-triturados-en-aceite-condimentado\/\",\"url\":\"https:\/\/www.prestigioytradicion.com\/product\/pimientos-triturados-en-aceite-condimentado\/\",\"name\":\"Pimientos triturados en Aceite Condimentado - Prestigio &amp; Tradici&oacute;n\",\"isPartOf\":{\"@id\":\"https:\/\/www.prestigioytradicion.com\/#website\"},\"datePublished\":\"2020-05-10T23:23:16+00:00\",\"dateModified\":\"2023-07-20T17:39:25+00:00\",\"breadcrumb\":{\"@id\":\"https:\/\/www.prestigioytradicion.com\/product\/pimientos-triturados-en-aceite-condimentado\/#breadcrumb\"},\"inLanguage\":\"en-US\",\"potentialAction\":[{\"@type\":\"ReadAction\",\"target\":[\"https:\/\/www.prestigioytradicion.com\/product\/pimientos-triturados-en-aceite-condimentado\/\"]}]},{\"@type\":\"BreadcrumbList\",\"@id\":\"https:\/\/www.prestigioytradicion.com\/product\/pimientos-triturados-en-aceite-condimentado\/#breadcrumb\",\"itemListElement\":[{\"@type\":\"ListItem\",\"position\":1,\"name\":\"Home\",\"item\":\"https:\/\/www.prestigioytradicion.com\/\"},{\"@type\":\"ListItem\",\"position\":2,\"name\":\"Tienda\",\"item\":\"https:\/\/www.prestigioytradicion.com\/shop\/\"},{\"@type\":\"ListItem\",\"position\":3,\"name\":\"Pimientos triturados en Aceite Condimentado\"}]},{\"@type\":\"WebSite\",\"@id\":\"https:\/\/www.prestigioytradicion.com\/#website\",\"url\":\"https:\/\/www.prestigioytradicion.com\/\",\"name\":\"Prestigio &amp; Tradici&oacute;n\",\"description\":\"Un extraordinario mundo gourmet de alta calidad para todos\",\"publisher\":{\"@id\":\"https:\/\/www.prestigioytradicion.com\/#organization\"},\"potentialAction\":[{\"@type\":\"SearchAction\",\"target\":{\"@type\":\"EntryPoint\",\"urlTemplate\":\"https:\/\/www.prestigioytradicion.com\/?s={search_term_string}\"},\"query-input\":\"required name=search_term_string\"}],\"inLanguage\":\"en-US\"},{\"@type\":\"Organization\",\"@id\":\"https:\/\/www.prestigioytradicion.com\/#organization\",\"name\":\"Prestigio & Tradici\u00f3n\",\"url\":\"https:\/\/www.prestigioytradicion.com\/\",\"logo\":{\"@type\":\"ImageObject\",\"inLanguage\":\"en-US\",\"@id\":\"https:\/\/www.prestigioytradicion.com\/#\/schema\/logo\/image\/\",\"url\":\"https:\/\/www.prestigioytradicion.com\/wp-content\/uploads\/LOGO-PyT-Facturas-WEB-150x150-SIN-FONDO.png\",\"contentUrl\":\"https:\/\/www.prestigioytradicion.com\/wp-content\/uploads\/LOGO-PyT-Facturas-WEB-150x150-SIN-FONDO.png\",\"width\":150,\"height\":150,\"caption\":\"Prestigio & Tradici\u00f3n\"},\"image\":{\"@id\":\"https:\/\/www.prestigioytradicion.com\/#\/schema\/logo\/image\/\"}}]}<\/script>\n<!-- \/ Yoast SEO Premium plugin. -->","yoast_head_json":{"title":"Pimientos triturados en Aceite Condimentado - Prestigio &amp; Tradici&oacute;n","robots":{"index":"index","follow":"follow","max-snippet":"max-snippet:-1","max-image-preview":"max-image-preview:large","max-video-preview":"max-video-preview:-1"},"canonical":"https:\/\/www.prestigioytradicion.com\/product\/pimientos-triturados-en-aceite-condimentado\/","og_locale":"en_US","og_type":"article","og_title":"Pimientos triturados en Aceite Condimentado","og_description":"Origen: Tenerife  M\u00e9todo de conservaci\u00f3n que no necesita otros estabilizantes o colorantes qu\u00edmicos en su proceso, los producto\u00a0es naturale y saludable.  Ingredientes: Pimientos Deshidratados, Aceite, Ajo, Vinagre, Laurel, Especias, Sal y Azucar.  Peso: 220 gr.","og_url":"https:\/\/www.prestigioytradicion.com\/product\/pimientos-triturados-en-aceite-condimentado\/","og_site_name":"Prestigio &amp; Tradici&oacute;n","article_modified_time":"2023-07-20T17:39:25+00:00","og_image":[{"width":585,"height":657,"url":"https:\/\/www.prestigioytradicion.com\/wp-content\/uploads\/teaserbox_2452425510-e1589153440761.jpg","type":"image\/jpeg"}],"twitter_card":"summary_large_image","schema":{"@context":"https:\/\/schema.org","@graph":[{"@type":"WebPage","@id":"https:\/\/www.prestigioytradicion.com\/product\/pimientos-triturados-en-aceite-condimentado\/","url":"https:\/\/www.prestigioytradicion.com\/product\/pimientos-triturados-en-aceite-condimentado\/","name":"Pimientos triturados en Aceite Condimentado - Prestigio &amp; Tradici&oacute;n","isPartOf":{"@id":"https:\/\/www.prestigioytradicion.com\/#website"},"datePublished":"2020-05-10T23:23:16+00:00","dateModified":"2023-07-20T17:39:25+00:00","breadcrumb":{"@id":"https:\/\/www.prestigioytradicion.com\/product\/pimientos-triturados-en-aceite-condimentado\/#breadcrumb"},"inLanguage":"en-US","potentialAction":[{"@type":"ReadAction","target":["https:\/\/www.prestigioytradicion.com\/product\/pimientos-triturados-en-aceite-condimentado\/"]}]},{"@type":"BreadcrumbList","@id":"https:\/\/www.prestigioytradicion.com\/product\/pimientos-triturados-en-aceite-condimentado\/#breadcrumb","itemListElement":[{"@type":"ListItem","position":1,"name":"Home","item":"https:\/\/www.prestigioytradicion.com\/"},{"@type":"ListItem","position":2,"name":"Tienda","item":"https:\/\/www.prestigioytradicion.com\/shop\/"},{"@type":"ListItem","position":3,"name":"Pimientos triturados en Aceite Condimentado"}]},{"@type":"WebSite","@id":"https:\/\/www.prestigioytradicion.com\/#website","url":"https:\/\/www.prestigioytradicion.com\/","name":"Prestigio &amp; Tradici&oacute;n","description":"Un extraordinario mundo gourmet de alta calidad para todos","publisher":{"@id":"https:\/\/www.prestigioytradicion.com\/#organization"},"potentialAction":[{"@type":"SearchAction","target":{"@type":"EntryPoint","urlTemplate":"https:\/\/www.prestigioytradicion.com\/?s={search_term_string}"},"query-input":"required name=search_term_string"}],"inLanguage":"en-US"},{"@type":"Organization","@id":"https:\/\/www.prestigioytradicion.com\/#organization","name":"Prestigio & Tradici\u00f3n","url":"https:\/\/www.prestigioytradicion.com\/","logo":{"@type":"ImageObject","inLanguage":"en-US","@id":"https:\/\/www.prestigioytradicion.com\/#\/schema\/logo\/image\/","url":"https:\/\/www.prestigioytradicion.com\/wp-content\/uploads\/LOGO-PyT-Facturas-WEB-150x150-SIN-FONDO.png","contentUrl":"https:\/\/www.prestigioytradicion.com\/wp-content\/uploads\/LOGO-PyT-Facturas-WEB-150x150-SIN-FONDO.png","width":150,"height":150,"caption":"Prestigio & Tradici\u00f3n"},"image":{"@id":"https:\/\/www.prestigioytradicion.com\/#\/schema\/logo\/image\/"}}]}},"_links":{"self":[{"href":"https:\/\/www.prestigioytradicion.com\/en\/wp-json\/wp\/v2\/product\/4219"}],"collection":[{"href":"https:\/\/www.prestigioytradicion.com\/en\/wp-json\/wp\/v2\/product"}],"about":[{"href":"https:\/\/www.prestigioytradicion.com\/en\/wp-json\/wp\/v2\/types\/product"}],"replies":[{"embeddable":true,"href":"https:\/\/www.prestigioytradicion.com\/en\/wp-json\/wp\/v2\/comments?post=4219"}],"version-history":[{"count":1,"href":"https:\/\/www.prestigioytradicion.com\/en\/wp-json\/wp\/v2\/product\/4219\/revisions"}],"predecessor-version":[{"id":9503,"href":"https:\/\/www.prestigioytradicion.com\/en\/wp-json\/wp\/v2\/product\/4219\/revisions\/9503"}],"wp:featuredmedia":[{"embeddable":true,"href":"https:\/\/www.prestigioytradicion.com\/en\/wp-json\/wp\/v2\/media\/4220"}],"wp:attachment":[{"href":"https:\/\/www.prestigioytradicion.com\/en\/wp-json\/wp\/v2\/media?parent=4219"}],"wp:term":[{"taxonomy":"product_cat","embeddable":true,"href":"https:\/\/www.prestigioytradicion.com\/en\/wp-json\/wp\/v2\/product_cat?post=4219"},{"taxonomy":"product_tag","embeddable":true,"href":"https:\/\/www.prestigioytradicion.com\/en\/wp-json\/wp\/v2\/product_tag?post=4219"}],"curies":[{"name":"wp","href":"https:\/\/api.w.org\/{rel}","templated":true}]}}