{"id":6110,"date":"2020-06-24T17:37:17","date_gmt":"2020-06-24T16:37:17","guid":{"rendered":"https:\/\/www.prestigioytradicion.com\/en\/?post_type=product&#038;p=6110"},"modified":"2020-07-21T22:49:40","modified_gmt":"2020-07-21T21:49:40","slug":"noquis-artesanales","status":"publish","type":"product","link":"https:\/\/www.prestigioytradicion.com\/en\/product\/noquis-artesanales\/","title":{"rendered":"Gnocchi de papas Artesanos"},"content":{"rendered":"<pre style=\"max-height: 999999px;line-height: 28px;border: none;padding: 10px 0.14em 10px 0px;margin-top: 0px;margin-bottom: 0px;font-family: inherit;width: 364.19px\"><span style=\"max-height: 999999px\">Parece que las primeras recetas de \u00f1oquis fueron publicadas por primera vez en la segunda mitad del siglo XVI por Cristoforo Messisbugo y Bartolomeo Scappi, dos de los mejores chefs del Renacimiento. Los \"macarrones llamados \u00f1oquis\" se amasan con harina, pan rallado, agua hirviendo y huevos, luego se pasan \"en el reverso de la gratugia\", tal como se hace con los \u00f1oquis de papa de hoy. Servido en seco, el aderezo es t\u00edpico de todas las pastas renacentistas que consisten en mantequilla, queso y especias (y un poco de az\u00facar, al gusto).<\/span><\/pre>\n","protected":false},"excerpt":{"rendered":"<p><strong>Origen:<\/strong> Tenerife<\/p>\n<p><strong>Peso<\/strong> 500g<\/p>\n<p><strong>Presentacion<\/strong> : Productos congelados en bolsas de 500g<\/p>\n<p><strong>Masa<\/strong> : Papas, Harina, Huevo y Sal<\/p>\n<p><strong>Descripci\u00f2n<\/strong> : Producto realizado con el antiguo metodo artesanale a mano con mucha pasi\u00f3n y real amor por el trabajo.<\/p>\n<p><strong>Consejos de uso<\/strong> : Poner los noquis directamente en agua cuando esta erviendo. Quando suven cocherlos con la espumarola I ponerlos en la salsa en el sart\u00e9n para algunos minuto hasta quee estan listos.<\/p>\n<p>Disfrutar\u00e0s de un plato unico en su tipo.<\/p>\n<p>Una autentica prelibateza<\/p>\n","protected":false},"featured_media":6138,"comment_status":"closed","ping_status":"closed","template":"","meta":[],"product_cat":[891,954],"product_tag":[],"bundled_by":[],"bundle_stock_status":"instock","bundle_stock_quantity":null,"bundle_virtual":false,"bundle_layout":"","bundle_add_to_cart_form_location":"","bundle_editable_in_cart":false,"bundle_sold_individually_context":"","bundle_item_grouping":"","bundle_min_size":"","bundle_max_size":"","bundle_price":[],"bundled_items":[],"bundle_sell_ids":[],"yoast_head":"<!-- This site is optimized with the Yoast SEO Premium plugin v21.9 (Yoast SEO v21.9.1) - https:\/\/yoast.com\/wordpress\/plugins\/seo\/ -->\n<title>Gnocchi de papas Artesanos - Prestigio &amp; Tradici&oacute;n<\/title>\n<meta name=\"robots\" content=\"index, follow, max-snippet:-1, max-image-preview:large, max-video-preview:-1\" \/>\n<link rel=\"canonical\" href=\"https:\/\/www.prestigioytradicion.com\/product\/noquis-artesanales\/\" \/>\n<meta property=\"og:locale\" content=\"en_US\" \/>\n<meta property=\"og:type\" content=\"article\" \/>\n<meta property=\"og:title\" content=\"Gnocchi de papas Artesanos\" \/>\n<meta property=\"og:description\" content=\"Origen: Tenerife  Peso 500g  Presentacion : Productos congelados en bolsas de 500g  Masa : Papas, Harina, Huevo y Sal  Descripci\u00f2n : Producto realizado con el antiguo metodo artesanale a mano con mucha pasi\u00f3n y real amor por el trabajo.  Consejos de uso : Poner los noquis directamente en agua cuando esta erviendo. Quando suven cocherlos con la espumarola I ponerlos en la salsa en el sart\u00e9n para algunos minuto hasta quee estan listos.  Disfrutar\u00e0s de un plato unico en su tipo.  Una autentica prelibateza\" \/>\n<meta property=\"og:url\" content=\"https:\/\/www.prestigioytradicion.com\/product\/noquis-artesanales\/\" \/>\n<meta property=\"og:site_name\" content=\"Prestigio &amp; Tradici&oacute;n\" \/>\n<meta property=\"article:modified_time\" content=\"2020-07-21T21:49:40+00:00\" \/>\n<meta property=\"og:image\" content=\"https:\/\/www.prestigioytradicion.com\/wp-content\/uploads\/IMG_20200624_230815.jpg\" \/>\n\t<meta property=\"og:image:width\" content=\"983\" \/>\n\t<meta property=\"og:image:height\" content=\"714\" \/>\n\t<meta property=\"og:image:type\" content=\"image\/jpeg\" \/>\n<meta name=\"twitter:card\" content=\"summary_large_image\" \/>\n<script type=\"application\/ld+json\" class=\"yoast-schema-graph\">{\"@context\":\"https:\/\/schema.org\",\"@graph\":[{\"@type\":\"WebPage\",\"@id\":\"https:\/\/www.prestigioytradicion.com\/product\/noquis-artesanales\/\",\"url\":\"https:\/\/www.prestigioytradicion.com\/product\/noquis-artesanales\/\",\"name\":\"Gnocchi de papas Artesanos - Prestigio &amp; Tradici&oacute;n\",\"isPartOf\":{\"@id\":\"https:\/\/www.prestigioytradicion.com\/#website\"},\"datePublished\":\"2020-06-24T16:37:17+00:00\",\"dateModified\":\"2020-07-21T21:49:40+00:00\",\"breadcrumb\":{\"@id\":\"https:\/\/www.prestigioytradicion.com\/product\/noquis-artesanales\/#breadcrumb\"},\"inLanguage\":\"en-US\",\"potentialAction\":[{\"@type\":\"ReadAction\",\"target\":[\"https:\/\/www.prestigioytradicion.com\/product\/noquis-artesanales\/\"]}]},{\"@type\":\"BreadcrumbList\",\"@id\":\"https:\/\/www.prestigioytradicion.com\/product\/noquis-artesanales\/#breadcrumb\",\"itemListElement\":[{\"@type\":\"ListItem\",\"position\":1,\"name\":\"Home\",\"item\":\"https:\/\/www.prestigioytradicion.com\/\"},{\"@type\":\"ListItem\",\"position\":2,\"name\":\"Tienda\",\"item\":\"https:\/\/www.prestigioytradicion.com\/shop\/\"},{\"@type\":\"ListItem\",\"position\":3,\"name\":\"Gnocchi de papas Artesanos\"}]},{\"@type\":\"WebSite\",\"@id\":\"https:\/\/www.prestigioytradicion.com\/#website\",\"url\":\"https:\/\/www.prestigioytradicion.com\/\",\"name\":\"Prestigio &amp; Tradici&oacute;n\",\"description\":\"Un extraordinario mundo gourmet de alta calidad para todos\",\"publisher\":{\"@id\":\"https:\/\/www.prestigioytradicion.com\/#organization\"},\"potentialAction\":[{\"@type\":\"SearchAction\",\"target\":{\"@type\":\"EntryPoint\",\"urlTemplate\":\"https:\/\/www.prestigioytradicion.com\/?s={search_term_string}\"},\"query-input\":\"required name=search_term_string\"}],\"inLanguage\":\"en-US\"},{\"@type\":\"Organization\",\"@id\":\"https:\/\/www.prestigioytradicion.com\/#organization\",\"name\":\"Prestigio & Tradici\u00f3n\",\"url\":\"https:\/\/www.prestigioytradicion.com\/\",\"logo\":{\"@type\":\"ImageObject\",\"inLanguage\":\"en-US\",\"@id\":\"https:\/\/www.prestigioytradicion.com\/#\/schema\/logo\/image\/\",\"url\":\"https:\/\/www.prestigioytradicion.com\/wp-content\/uploads\/LOGO-PyT-Facturas-WEB-150x150-SIN-FONDO.png\",\"contentUrl\":\"https:\/\/www.prestigioytradicion.com\/wp-content\/uploads\/LOGO-PyT-Facturas-WEB-150x150-SIN-FONDO.png\",\"width\":150,\"height\":150,\"caption\":\"Prestigio & Tradici\u00f3n\"},\"image\":{\"@id\":\"https:\/\/www.prestigioytradicion.com\/#\/schema\/logo\/image\/\"}}]}<\/script>\n<!-- \/ Yoast SEO Premium plugin. -->","yoast_head_json":{"title":"Gnocchi de papas Artesanos - Prestigio &amp; Tradici&oacute;n","robots":{"index":"index","follow":"follow","max-snippet":"max-snippet:-1","max-image-preview":"max-image-preview:large","max-video-preview":"max-video-preview:-1"},"canonical":"https:\/\/www.prestigioytradicion.com\/product\/noquis-artesanales\/","og_locale":"en_US","og_type":"article","og_title":"Gnocchi de papas Artesanos","og_description":"Origen: Tenerife  Peso 500g  Presentacion : Productos congelados en bolsas de 500g  Masa : Papas, Harina, Huevo y Sal  Descripci\u00f2n : Producto realizado con el antiguo metodo artesanale a mano con mucha pasi\u00f3n y real amor por el trabajo.  Consejos de uso : Poner los noquis directamente en agua cuando esta erviendo. Quando suven cocherlos con la espumarola I ponerlos en la salsa en el sart\u00e9n para algunos minuto hasta quee estan listos.  Disfrutar\u00e0s de un plato unico en su tipo.  Una autentica prelibateza","og_url":"https:\/\/www.prestigioytradicion.com\/product\/noquis-artesanales\/","og_site_name":"Prestigio &amp; Tradici&oacute;n","article_modified_time":"2020-07-21T21:49:40+00:00","og_image":[{"width":983,"height":714,"url":"https:\/\/www.prestigioytradicion.com\/wp-content\/uploads\/IMG_20200624_230815.jpg","type":"image\/jpeg"}],"twitter_card":"summary_large_image","schema":{"@context":"https:\/\/schema.org","@graph":[{"@type":"WebPage","@id":"https:\/\/www.prestigioytradicion.com\/product\/noquis-artesanales\/","url":"https:\/\/www.prestigioytradicion.com\/product\/noquis-artesanales\/","name":"Gnocchi de papas Artesanos - Prestigio &amp; Tradici&oacute;n","isPartOf":{"@id":"https:\/\/www.prestigioytradicion.com\/#website"},"datePublished":"2020-06-24T16:37:17+00:00","dateModified":"2020-07-21T21:49:40+00:00","breadcrumb":{"@id":"https:\/\/www.prestigioytradicion.com\/product\/noquis-artesanales\/#breadcrumb"},"inLanguage":"en-US","potentialAction":[{"@type":"ReadAction","target":["https:\/\/www.prestigioytradicion.com\/product\/noquis-artesanales\/"]}]},{"@type":"BreadcrumbList","@id":"https:\/\/www.prestigioytradicion.com\/product\/noquis-artesanales\/#breadcrumb","itemListElement":[{"@type":"ListItem","position":1,"name":"Home","item":"https:\/\/www.prestigioytradicion.com\/"},{"@type":"ListItem","position":2,"name":"Tienda","item":"https:\/\/www.prestigioytradicion.com\/shop\/"},{"@type":"ListItem","position":3,"name":"Gnocchi de papas Artesanos"}]},{"@type":"WebSite","@id":"https:\/\/www.prestigioytradicion.com\/#website","url":"https:\/\/www.prestigioytradicion.com\/","name":"Prestigio &amp; Tradici&oacute;n","description":"Un extraordinario mundo gourmet de alta calidad para todos","publisher":{"@id":"https:\/\/www.prestigioytradicion.com\/#organization"},"potentialAction":[{"@type":"SearchAction","target":{"@type":"EntryPoint","urlTemplate":"https:\/\/www.prestigioytradicion.com\/?s={search_term_string}"},"query-input":"required name=search_term_string"}],"inLanguage":"en-US"},{"@type":"Organization","@id":"https:\/\/www.prestigioytradicion.com\/#organization","name":"Prestigio & Tradici\u00f3n","url":"https:\/\/www.prestigioytradicion.com\/","logo":{"@type":"ImageObject","inLanguage":"en-US","@id":"https:\/\/www.prestigioytradicion.com\/#\/schema\/logo\/image\/","url":"https:\/\/www.prestigioytradicion.com\/wp-content\/uploads\/LOGO-PyT-Facturas-WEB-150x150-SIN-FONDO.png","contentUrl":"https:\/\/www.prestigioytradicion.com\/wp-content\/uploads\/LOGO-PyT-Facturas-WEB-150x150-SIN-FONDO.png","width":150,"height":150,"caption":"Prestigio & Tradici\u00f3n"},"image":{"@id":"https:\/\/www.prestigioytradicion.com\/#\/schema\/logo\/image\/"}}]}},"_links":{"self":[{"href":"https:\/\/www.prestigioytradicion.com\/en\/wp-json\/wp\/v2\/product\/6110"}],"collection":[{"href":"https:\/\/www.prestigioytradicion.com\/en\/wp-json\/wp\/v2\/product"}],"about":[{"href":"https:\/\/www.prestigioytradicion.com\/en\/wp-json\/wp\/v2\/types\/product"}],"replies":[{"embeddable":true,"href":"https:\/\/www.prestigioytradicion.com\/en\/wp-json\/wp\/v2\/comments?post=6110"}],"version-history":[{"count":1,"href":"https:\/\/www.prestigioytradicion.com\/en\/wp-json\/wp\/v2\/product\/6110\/revisions"}],"predecessor-version":[{"id":7247,"href":"https:\/\/www.prestigioytradicion.com\/en\/wp-json\/wp\/v2\/product\/6110\/revisions\/7247"}],"wp:featuredmedia":[{"embeddable":true,"href":"https:\/\/www.prestigioytradicion.com\/en\/wp-json\/wp\/v2\/media\/6138"}],"wp:attachment":[{"href":"https:\/\/www.prestigioytradicion.com\/en\/wp-json\/wp\/v2\/media?parent=6110"}],"wp:term":[{"taxonomy":"product_cat","embeddable":true,"href":"https:\/\/www.prestigioytradicion.com\/en\/wp-json\/wp\/v2\/product_cat?post=6110"},{"taxonomy":"product_tag","embeddable":true,"href":"https:\/\/www.prestigioytradicion.com\/en\/wp-json\/wp\/v2\/product_tag?post=6110"}],"curies":[{"name":"wp","href":"https:\/\/api.w.org\/{rel}","templated":true}]}}