{"id":6134,"date":"2020-06-24T21:52:06","date_gmt":"2020-06-24T20:52:06","guid":{"rendered":"https:\/\/www.prestigioytradicion.com\/?post_type=product&#038;p=6134"},"modified":"2020-06-25T22:02:04","modified_gmt":"2020-06-25T21:02:04","slug":"mozzarella-ahumada","status":"publish","type":"product","link":"https:\/\/www.prestigioytradicion.com\/en\/product\/mozzarella-ahumada\/","title":{"rendered":"Mozzarella Ahumada"},"content":{"rendered":"","protected":false},"excerpt":{"rendered":"<p><strong>Origen:<\/strong> Tenerife<\/p>\n<p><strong>Peso:<\/strong> 250g<\/p>\n<p><strong>Variedad:<\/strong> Queso de Vaca<\/p>\n<p><strong>Ingredientes:<\/strong> Leche Vaca y cuajo natural<\/p>\n<p><strong>Contiene<\/strong>: leche<\/p>\n<p><strong>Caracter\u00edsticas:<\/strong> Queso de Vaca Fresco<\/p>\n<p><strong>Descripci\u00f3n: <\/strong>Ahumad subtilmente de forma natural con una mezcla de madera. Tiene un olor l\u00e1ctico con toque de humo y una textura ligeramente viscosa y el\u00e1stica, con una corteza delicada y la pasta es prensada y fresca con un gusto suave y cremoso.<\/p>\n<p><strong>Recomendaci\u00f3n: <\/strong>En frio para ensaladas, bocadillos y entremeses. En caliente deretido sobre lapizza o como napado sobre verduras o carnes<\/p>\n<p>&nbsp;<\/p>\n","protected":false},"featured_media":6137,"comment_status":"closed","ping_status":"closed","template":"","meta":[],"product_cat":[83],"product_tag":[],"bundled_by":[],"bundle_stock_status":"instock","bundle_stock_quantity":null,"bundle_virtual":false,"bundle_layout":"","bundle_add_to_cart_form_location":"","bundle_editable_in_cart":false,"bundle_sold_individually_context":"","bundle_item_grouping":"","bundle_min_size":"","bundle_max_size":"","bundle_price":[],"bundled_items":[],"bundle_sell_ids":[],"yoast_head":"<!-- This site is optimized with the Yoast SEO Premium plugin v21.9 (Yoast SEO v21.9.1) - https:\/\/yoast.com\/wordpress\/plugins\/seo\/ -->\n<title>Mozzarella Ahumada - Prestigio &amp; Tradici&oacute;n<\/title>\n<meta name=\"robots\" content=\"index, follow, max-snippet:-1, max-image-preview:large, max-video-preview:-1\" \/>\n<link rel=\"canonical\" href=\"https:\/\/www.prestigioytradicion.com\/product\/mozzarella-ahumada\/\" \/>\n<meta property=\"og:locale\" content=\"en_US\" \/>\n<meta property=\"og:type\" content=\"article\" \/>\n<meta property=\"og:title\" content=\"Mozzarella Ahumada\" \/>\n<meta property=\"og:description\" content=\"Origen: Tenerife  Peso: 250g  Variedad: Queso de Vaca  Ingredientes: Leche Vaca y cuajo natural  Contiene: leche  Caracter\u00edsticas: Queso de Vaca Fresco  Descripci\u00f3n: Ahumad subtilmente de forma natural con una mezcla de madera. Tiene un olor l\u00e1ctico con toque de humo y una textura ligeramente viscosa y el\u00e1stica, con una corteza delicada y la pasta es prensada y fresca con un gusto suave y cremoso.  Recomendaci\u00f3n: En frio para ensaladas, bocadillos y entremeses. En caliente deretido sobre lapizza o como napado sobre verduras o carnes  &nbsp;\" \/>\n<meta property=\"og:url\" content=\"https:\/\/www.prestigioytradicion.com\/product\/mozzarella-ahumada\/\" \/>\n<meta property=\"og:site_name\" content=\"Prestigio &amp; Tradici&oacute;n\" \/>\n<meta property=\"article:modified_time\" content=\"2020-06-25T21:02:04+00:00\" \/>\n<meta property=\"og:image\" content=\"https:\/\/www.prestigioytradicion.com\/wp-content\/uploads\/6420_1_.jpg\" \/>\n\t<meta property=\"og:image:width\" content=\"504\" \/>\n\t<meta property=\"og:image:height\" content=\"504\" \/>\n\t<meta property=\"og:image:type\" content=\"image\/jpeg\" \/>\n<meta name=\"twitter:card\" content=\"summary_large_image\" \/>\n<script type=\"application\/ld+json\" class=\"yoast-schema-graph\">{\"@context\":\"https:\/\/schema.org\",\"@graph\":[{\"@type\":\"WebPage\",\"@id\":\"https:\/\/www.prestigioytradicion.com\/product\/mozzarella-ahumada\/\",\"url\":\"https:\/\/www.prestigioytradicion.com\/product\/mozzarella-ahumada\/\",\"name\":\"Mozzarella Ahumada - Prestigio &amp; Tradici&oacute;n\",\"isPartOf\":{\"@id\":\"https:\/\/www.prestigioytradicion.com\/#website\"},\"datePublished\":\"2020-06-24T20:52:06+00:00\",\"dateModified\":\"2020-06-25T21:02:04+00:00\",\"breadcrumb\":{\"@id\":\"https:\/\/www.prestigioytradicion.com\/product\/mozzarella-ahumada\/#breadcrumb\"},\"inLanguage\":\"en-US\",\"potentialAction\":[{\"@type\":\"ReadAction\",\"target\":[\"https:\/\/www.prestigioytradicion.com\/product\/mozzarella-ahumada\/\"]}]},{\"@type\":\"BreadcrumbList\",\"@id\":\"https:\/\/www.prestigioytradicion.com\/product\/mozzarella-ahumada\/#breadcrumb\",\"itemListElement\":[{\"@type\":\"ListItem\",\"position\":1,\"name\":\"Home\",\"item\":\"https:\/\/www.prestigioytradicion.com\/\"},{\"@type\":\"ListItem\",\"position\":2,\"name\":\"Tienda\",\"item\":\"https:\/\/www.prestigioytradicion.com\/shop\/\"},{\"@type\":\"ListItem\",\"position\":3,\"name\":\"Mozzarella Ahumada\"}]},{\"@type\":\"WebSite\",\"@id\":\"https:\/\/www.prestigioytradicion.com\/#website\",\"url\":\"https:\/\/www.prestigioytradicion.com\/\",\"name\":\"Prestigio &amp; Tradici&oacute;n\",\"description\":\"Un extraordinario mundo gourmet de alta calidad para todos\",\"publisher\":{\"@id\":\"https:\/\/www.prestigioytradicion.com\/#organization\"},\"potentialAction\":[{\"@type\":\"SearchAction\",\"target\":{\"@type\":\"EntryPoint\",\"urlTemplate\":\"https:\/\/www.prestigioytradicion.com\/?s={search_term_string}\"},\"query-input\":\"required name=search_term_string\"}],\"inLanguage\":\"en-US\"},{\"@type\":\"Organization\",\"@id\":\"https:\/\/www.prestigioytradicion.com\/#organization\",\"name\":\"Prestigio & Tradici\u00f3n\",\"url\":\"https:\/\/www.prestigioytradicion.com\/\",\"logo\":{\"@type\":\"ImageObject\",\"inLanguage\":\"en-US\",\"@id\":\"https:\/\/www.prestigioytradicion.com\/#\/schema\/logo\/image\/\",\"url\":\"https:\/\/www.prestigioytradicion.com\/wp-content\/uploads\/LOGO-PyT-Facturas-WEB-150x150-SIN-FONDO.png\",\"contentUrl\":\"https:\/\/www.prestigioytradicion.com\/wp-content\/uploads\/LOGO-PyT-Facturas-WEB-150x150-SIN-FONDO.png\",\"width\":150,\"height\":150,\"caption\":\"Prestigio & Tradici\u00f3n\"},\"image\":{\"@id\":\"https:\/\/www.prestigioytradicion.com\/#\/schema\/logo\/image\/\"}}]}<\/script>\n<!-- \/ Yoast SEO Premium plugin. -->","yoast_head_json":{"title":"Mozzarella Ahumada - Prestigio &amp; Tradici&oacute;n","robots":{"index":"index","follow":"follow","max-snippet":"max-snippet:-1","max-image-preview":"max-image-preview:large","max-video-preview":"max-video-preview:-1"},"canonical":"https:\/\/www.prestigioytradicion.com\/product\/mozzarella-ahumada\/","og_locale":"en_US","og_type":"article","og_title":"Mozzarella Ahumada","og_description":"Origen: Tenerife  Peso: 250g  Variedad: Queso de Vaca  Ingredientes: Leche Vaca y cuajo natural  Contiene: leche  Caracter\u00edsticas: Queso de Vaca Fresco  Descripci\u00f3n: Ahumad subtilmente de forma natural con una mezcla de madera. Tiene un olor l\u00e1ctico con toque de humo y una textura ligeramente viscosa y el\u00e1stica, con una corteza delicada y la pasta es prensada y fresca con un gusto suave y cremoso.  Recomendaci\u00f3n: En frio para ensaladas, bocadillos y entremeses. En caliente deretido sobre lapizza o como napado sobre verduras o carnes  &nbsp;","og_url":"https:\/\/www.prestigioytradicion.com\/product\/mozzarella-ahumada\/","og_site_name":"Prestigio &amp; Tradici&oacute;n","article_modified_time":"2020-06-25T21:02:04+00:00","og_image":[{"width":504,"height":504,"url":"https:\/\/www.prestigioytradicion.com\/wp-content\/uploads\/6420_1_.jpg","type":"image\/jpeg"}],"twitter_card":"summary_large_image","schema":{"@context":"https:\/\/schema.org","@graph":[{"@type":"WebPage","@id":"https:\/\/www.prestigioytradicion.com\/product\/mozzarella-ahumada\/","url":"https:\/\/www.prestigioytradicion.com\/product\/mozzarella-ahumada\/","name":"Mozzarella Ahumada - Prestigio &amp; Tradici&oacute;n","isPartOf":{"@id":"https:\/\/www.prestigioytradicion.com\/#website"},"datePublished":"2020-06-24T20:52:06+00:00","dateModified":"2020-06-25T21:02:04+00:00","breadcrumb":{"@id":"https:\/\/www.prestigioytradicion.com\/product\/mozzarella-ahumada\/#breadcrumb"},"inLanguage":"en-US","potentialAction":[{"@type":"ReadAction","target":["https:\/\/www.prestigioytradicion.com\/product\/mozzarella-ahumada\/"]}]},{"@type":"BreadcrumbList","@id":"https:\/\/www.prestigioytradicion.com\/product\/mozzarella-ahumada\/#breadcrumb","itemListElement":[{"@type":"ListItem","position":1,"name":"Home","item":"https:\/\/www.prestigioytradicion.com\/"},{"@type":"ListItem","position":2,"name":"Tienda","item":"https:\/\/www.prestigioytradicion.com\/shop\/"},{"@type":"ListItem","position":3,"name":"Mozzarella Ahumada"}]},{"@type":"WebSite","@id":"https:\/\/www.prestigioytradicion.com\/#website","url":"https:\/\/www.prestigioytradicion.com\/","name":"Prestigio &amp; Tradici&oacute;n","description":"Un extraordinario mundo gourmet de alta calidad para todos","publisher":{"@id":"https:\/\/www.prestigioytradicion.com\/#organization"},"potentialAction":[{"@type":"SearchAction","target":{"@type":"EntryPoint","urlTemplate":"https:\/\/www.prestigioytradicion.com\/?s={search_term_string}"},"query-input":"required name=search_term_string"}],"inLanguage":"en-US"},{"@type":"Organization","@id":"https:\/\/www.prestigioytradicion.com\/#organization","name":"Prestigio & Tradici\u00f3n","url":"https:\/\/www.prestigioytradicion.com\/","logo":{"@type":"ImageObject","inLanguage":"en-US","@id":"https:\/\/www.prestigioytradicion.com\/#\/schema\/logo\/image\/","url":"https:\/\/www.prestigioytradicion.com\/wp-content\/uploads\/LOGO-PyT-Facturas-WEB-150x150-SIN-FONDO.png","contentUrl":"https:\/\/www.prestigioytradicion.com\/wp-content\/uploads\/LOGO-PyT-Facturas-WEB-150x150-SIN-FONDO.png","width":150,"height":150,"caption":"Prestigio & Tradici\u00f3n"},"image":{"@id":"https:\/\/www.prestigioytradicion.com\/#\/schema\/logo\/image\/"}}]}},"_links":{"self":[{"href":"https:\/\/www.prestigioytradicion.com\/en\/wp-json\/wp\/v2\/product\/6134"}],"collection":[{"href":"https:\/\/www.prestigioytradicion.com\/en\/wp-json\/wp\/v2\/product"}],"about":[{"href":"https:\/\/www.prestigioytradicion.com\/en\/wp-json\/wp\/v2\/types\/product"}],"replies":[{"embeddable":true,"href":"https:\/\/www.prestigioytradicion.com\/en\/wp-json\/wp\/v2\/comments?post=6134"}],"version-history":[{"count":0,"href":"https:\/\/www.prestigioytradicion.com\/en\/wp-json\/wp\/v2\/product\/6134\/revisions"}],"wp:featuredmedia":[{"embeddable":true,"href":"https:\/\/www.prestigioytradicion.com\/en\/wp-json\/wp\/v2\/media\/6137"}],"wp:attachment":[{"href":"https:\/\/www.prestigioytradicion.com\/en\/wp-json\/wp\/v2\/media?parent=6134"}],"wp:term":[{"taxonomy":"product_cat","embeddable":true,"href":"https:\/\/www.prestigioytradicion.com\/en\/wp-json\/wp\/v2\/product_cat?post=6134"},{"taxonomy":"product_tag","embeddable":true,"href":"https:\/\/www.prestigioytradicion.com\/en\/wp-json\/wp\/v2\/product_tag?post=6134"}],"curies":[{"name":"wp","href":"https:\/\/api.w.org\/{rel}","templated":true}]}}