{"id":6282,"date":"2020-07-05T22:16:29","date_gmt":"2020-07-05T21:16:29","guid":{"rendered":"https:\/\/www.prestigioytradicion.com\/en\/?post_type=product&#038;p=6282"},"modified":"2020-07-21T22:49:34","modified_gmt":"2020-07-21T21:49:34","slug":"lasagna-de-carne","status":"publish","type":"product","link":"https:\/\/www.prestigioytradicion.com\/en\/product\/lasagna-de-carne\/","title":{"rendered":"Lasagna de carne"},"content":{"rendered":"<div id=\"m#msg-a:r5874272496399763796\" class=\"mail-message expanded\" style=\"color: #000000;font-family: sans-serif;font-size: 12.8px\">\n<div class=\"mail-message-content collapsible zoom-normal mail-show-images \" style=\"width: 536px;margin: 16px 0px\">\n<div class=\"clear\">\n<div dir=\"auto\" style=\"text-align: left\">\n<p><span lang=\"es\" style=\"max-height: 999999px\">\u00a0<\/span>Lasa\u00f1a tiene una historia mucho m\u00e1s antigua de lo que uno podr\u00eda pensar: el primer testimonio hist\u00f3rico se remonta a un tratado, De re coquinaria (El arte culinario) escrito por un cuidadoso gastron\u00f3mico romano, Marco Gavio Apicio (25 a. C. &#8211; 37 AD), que habla de &#8220;una lasa\u00f1a hecha de finas l\u00e1minas de pasta .. <span style=\"background-image: initial;background-position: initial;background-size: initial;background-attachment: initial;font-size: 10.5pt;line-height: 107%;font-family: Georgia, serif\">Un producto hecho por nosotros a mano.<\/span><\/p>\n<p class=\"MsoNormal\">\n<\/div>\n<\/div>\n<\/div>\n<div class=\"mail-message-footer spacer collapsible\" style=\"height: 0px\"><\/div>\n<\/div>\n","protected":false},"excerpt":{"rendered":"<p class=\"MsoNormal\" style=\"margin-bottom: 7.5pt;line-height: normal;text-align: left\"><b><span lang=\"ES\" style=\"font-size: 10.5pt;font-family: 'Georgia',serif;color: #212529\">Origene<\/span><\/b><span lang=\"ES\" style=\"font-size: 10.5pt;font-family: 'Georgia',serif;color: #333333\">: Tenerife<\/span><\/p>\n<p class=\"MsoNormal\" style=\"margin-bottom: 7.5pt;line-height: normal;text-align: left\"><b><span lang=\"ES\" style=\"font-size: 10.5pt;font-family: 'Georgia',serif;color: #212529\">Peso<\/span><\/b><span lang=\"ES\" style=\"font-size: 10.5pt;font-family: 'Georgia',serif;color: #212529\">: 450g<\/span><\/p>\n<p class=\"MsoNormal\" style=\"margin-bottom: 7.5pt;line-height: normal;text-align: left\"><b><span lang=\"ES\" style=\"font-size: 10.5pt;font-family: 'Georgia',serif;color: #212529\">Presentacion:<\/span><\/b><span lang=\"ES\" style=\"font-size: 10.5pt;font-family: 'Georgia',serif;color: #212529\">\u00a0\u00a0Producto congelado en bandeja de 450 g.<\/span><\/p>\n<p class=\"MsoNormal\" style=\"margin-bottom: 7.5pt;line-height: normal;text-align: left\"><b><span lang=\"ES\" style=\"font-size: 10.5pt;font-family: 'Georgia',serif;color: #212529\">Ingredientes<\/span><\/b><span lang=\"ES\" style=\"font-size: 10.5pt;font-family: 'Georgia',serif;color: #212529\">\u00a0<\/span><\/p>\n<p class=\"MsoNormal\" style=\"margin-bottom: 7.5pt;line-height: normal;text-align: left\"><b><span lang=\"ES\" style=\"font-size: 10.5pt;font-family: 'Georgia',serif;color: #212529\">Masa<\/span><\/b><span lang=\"ES\" style=\"font-size: 10.5pt;font-family: 'Georgia',serif;color: #212529\">: Harina, Huevo y Agua.<\/span><\/p>\n<p class=\"MsoNormal\" style=\"margin-bottom: 7.5pt;line-height: normal;text-align: left\"><b><span lang=\"ES\" style=\"font-size: 10.5pt;font-family: 'Georgia',serif;color: #212529\">Relleno<\/span><\/b><span lang=\"ES\" style=\"font-size: 10.5pt;font-family: 'Georgia',serif;color: #212529\">:\u00a0<\/span><span lang=\"ES\" style=\"font-size: 10.5pt;font-family: 'Georgia',serif;color: #3c4043;background: #F8F9FA\">Carne mixta, Tomate, Cebolla, Zanahoria, Apio, Leche, Agua, Aceite, Sal, Pimienta, Or\u00e9gano y Laurel.<\/span><\/p>\n<p class=\"MsoNormal\" style=\"margin-bottom: 7.5pt;line-height: normal;text-align: left\"><b><span lang=\"ES\" style=\"font-size: 10.5pt;font-family: 'Georgia',serif;color: #212529\">Descripcion<\/span><\/b><span lang=\"ES\" style=\"font-size: 10.5pt;font-family: 'Georgia',serif;color: #333333\">: Produco echo con l&#8217;antiguo sistema artigianale a mano con autentico amor por el trabajo.<\/span><\/p>\n<p class=\"MsoNormal\" style=\"margin-bottom: 7.5pt;line-height: normal;text-align: left\"><b><span lang=\"ES\" style=\"font-size: 10.5pt;font-family: 'Georgia',serif;color: #212529\">Consejos<\/span><\/b><span lang=\"ES\" style=\"font-size: 10.5pt;font-family: 'Georgia',serif;color: #212529\">\u00a0<b>de empleo<\/b>: Deconjelar en microondas y calientar 5 minutos o lo suficiente\u00a0<\/span><\/p>\n<p class=\"MsoNormal\" style=\"line-height: normal;text-align: left\"><span lang=\"ES\" style=\"font-size: 10.5pt;font-family: 'Georgia',serif;color: #333333\">Disfruta de un platato unico y non lo vas a olvidar<\/span><\/p>\n","protected":false},"featured_media":6286,"comment_status":"closed","ping_status":"closed","template":"","meta":[],"product_cat":[952,891],"product_tag":[878],"bundled_by":[],"bundle_stock_status":"instock","bundle_stock_quantity":null,"bundle_virtual":false,"bundle_layout":"","bundle_add_to_cart_form_location":"","bundle_editable_in_cart":false,"bundle_sold_individually_context":"","bundle_item_grouping":"","bundle_min_size":"","bundle_max_size":"","bundle_price":[],"bundled_items":[],"bundle_sell_ids":[],"yoast_head":"<!-- This site is optimized with the Yoast SEO Premium plugin v21.9 (Yoast SEO v21.9.1) - https:\/\/yoast.com\/wordpress\/plugins\/seo\/ -->\n<title>Lasagna de carne - Prestigio &amp; Tradici&oacute;n<\/title>\n<meta name=\"robots\" content=\"index, follow, max-snippet:-1, max-image-preview:large, max-video-preview:-1\" \/>\n<link rel=\"canonical\" href=\"https:\/\/www.prestigioytradicion.com\/en\/product\/lasagna-de-carne\/\" \/>\n<meta property=\"og:locale\" content=\"en_US\" \/>\n<meta property=\"og:type\" content=\"article\" \/>\n<meta property=\"og:title\" content=\"Lasagna de carne\" \/>\n<meta property=\"og:description\" content=\"Origene: Tenerife Peso: 450g Presentacion:\u00a0\u00a0Producto congelado en bandeja de 450 g. Ingredientes\u00a0 Masa: Harina, Huevo y Agua. Relleno:\u00a0Carne mixta, Tomate, Cebolla, Zanahoria, Apio, Leche, Agua, Aceite, Sal, Pimienta, Or\u00e9gano y Laurel. Descripcion: Produco echo con l&#039;antiguo sistema artigianale a mano con autentico amor por el trabajo. Consejos\u00a0de empleo: Deconjelar en microondas y calientar 5 minutos o lo suficiente\u00a0 Disfruta de un platato unico y non lo vas a olvidar\" \/>\n<meta property=\"og:url\" content=\"https:\/\/www.prestigioytradicion.com\/en\/product\/lasagna-de-carne\/\" \/>\n<meta property=\"og:site_name\" content=\"Prestigio &amp; Tradici&oacute;n\" \/>\n<meta property=\"article:modified_time\" content=\"2020-07-21T21:49:34+00:00\" \/>\n<meta property=\"og:image\" content=\"https:\/\/www.prestigioytradicion.com\/wp-content\/uploads\/IMG_20190623_202345.jpg\" \/>\n\t<meta property=\"og:image:width\" content=\"2558\" \/>\n\t<meta property=\"og:image:height\" content=\"1918\" \/>\n\t<meta property=\"og:image:type\" content=\"image\/jpeg\" \/>\n<meta name=\"twitter:card\" content=\"summary_large_image\" \/>\n<script type=\"application\/ld+json\" class=\"yoast-schema-graph\">{\"@context\":\"https:\/\/schema.org\",\"@graph\":[{\"@type\":\"WebPage\",\"@id\":\"https:\/\/www.prestigioytradicion.com\/en\/product\/lasagna-de-carne\/\",\"url\":\"https:\/\/www.prestigioytradicion.com\/en\/product\/lasagna-de-carne\/\",\"name\":\"Lasagna de carne - Prestigio &amp; Tradici&oacute;n\",\"isPartOf\":{\"@id\":\"https:\/\/www.prestigioytradicion.com\/#website\"},\"datePublished\":\"2020-07-05T21:16:29+00:00\",\"dateModified\":\"2020-07-21T21:49:34+00:00\",\"breadcrumb\":{\"@id\":\"https:\/\/www.prestigioytradicion.com\/en\/product\/lasagna-de-carne\/#breadcrumb\"},\"inLanguage\":\"en-US\",\"potentialAction\":[{\"@type\":\"ReadAction\",\"target\":[\"https:\/\/www.prestigioytradicion.com\/en\/product\/lasagna-de-carne\/\"]}]},{\"@type\":\"BreadcrumbList\",\"@id\":\"https:\/\/www.prestigioytradicion.com\/en\/product\/lasagna-de-carne\/#breadcrumb\",\"itemListElement\":[{\"@type\":\"ListItem\",\"position\":1,\"name\":\"Home\",\"item\":\"https:\/\/www.prestigioytradicion.com\/\"},{\"@type\":\"ListItem\",\"position\":2,\"name\":\"Tienda\",\"item\":\"https:\/\/www.prestigioytradicion.com\/shop\/\"},{\"@type\":\"ListItem\",\"position\":3,\"name\":\"Lasagna de carne\"}]},{\"@type\":\"WebSite\",\"@id\":\"https:\/\/www.prestigioytradicion.com\/#website\",\"url\":\"https:\/\/www.prestigioytradicion.com\/\",\"name\":\"Prestigio &amp; Tradici&oacute;n\",\"description\":\"Un extraordinario mundo gourmet de alta calidad para todos\",\"publisher\":{\"@id\":\"https:\/\/www.prestigioytradicion.com\/#organization\"},\"potentialAction\":[{\"@type\":\"SearchAction\",\"target\":{\"@type\":\"EntryPoint\",\"urlTemplate\":\"https:\/\/www.prestigioytradicion.com\/?s={search_term_string}\"},\"query-input\":\"required name=search_term_string\"}],\"inLanguage\":\"en-US\"},{\"@type\":\"Organization\",\"@id\":\"https:\/\/www.prestigioytradicion.com\/#organization\",\"name\":\"Prestigio & Tradici\u00f3n\",\"url\":\"https:\/\/www.prestigioytradicion.com\/\",\"logo\":{\"@type\":\"ImageObject\",\"inLanguage\":\"en-US\",\"@id\":\"https:\/\/www.prestigioytradicion.com\/#\/schema\/logo\/image\/\",\"url\":\"https:\/\/www.prestigioytradicion.com\/wp-content\/uploads\/LOGO-PyT-Facturas-WEB-150x150-SIN-FONDO.png\",\"contentUrl\":\"https:\/\/www.prestigioytradicion.com\/wp-content\/uploads\/LOGO-PyT-Facturas-WEB-150x150-SIN-FONDO.png\",\"width\":150,\"height\":150,\"caption\":\"Prestigio & Tradici\u00f3n\"},\"image\":{\"@id\":\"https:\/\/www.prestigioytradicion.com\/#\/schema\/logo\/image\/\"}}]}<\/script>\n<!-- \/ Yoast SEO Premium plugin. -->","yoast_head_json":{"title":"Lasagna de carne - Prestigio &amp; Tradici&oacute;n","robots":{"index":"index","follow":"follow","max-snippet":"max-snippet:-1","max-image-preview":"max-image-preview:large","max-video-preview":"max-video-preview:-1"},"canonical":"https:\/\/www.prestigioytradicion.com\/en\/product\/lasagna-de-carne\/","og_locale":"en_US","og_type":"article","og_title":"Lasagna de carne","og_description":"Origene: Tenerife Peso: 450g Presentacion:\u00a0\u00a0Producto congelado en bandeja de 450 g. Ingredientes\u00a0 Masa: Harina, Huevo y Agua. Relleno:\u00a0Carne mixta, Tomate, Cebolla, Zanahoria, Apio, Leche, Agua, Aceite, Sal, Pimienta, Or\u00e9gano y Laurel. Descripcion: Produco echo con l'antiguo sistema artigianale a mano con autentico amor por el trabajo. Consejos\u00a0de empleo: Deconjelar en microondas y calientar 5 minutos o lo suficiente\u00a0 Disfruta de un platato unico y non lo vas a olvidar","og_url":"https:\/\/www.prestigioytradicion.com\/en\/product\/lasagna-de-carne\/","og_site_name":"Prestigio &amp; Tradici&oacute;n","article_modified_time":"2020-07-21T21:49:34+00:00","og_image":[{"width":2558,"height":1918,"url":"https:\/\/www.prestigioytradicion.com\/wp-content\/uploads\/IMG_20190623_202345.jpg","type":"image\/jpeg"}],"twitter_card":"summary_large_image","schema":{"@context":"https:\/\/schema.org","@graph":[{"@type":"WebPage","@id":"https:\/\/www.prestigioytradicion.com\/en\/product\/lasagna-de-carne\/","url":"https:\/\/www.prestigioytradicion.com\/en\/product\/lasagna-de-carne\/","name":"Lasagna de carne - Prestigio &amp; Tradici&oacute;n","isPartOf":{"@id":"https:\/\/www.prestigioytradicion.com\/#website"},"datePublished":"2020-07-05T21:16:29+00:00","dateModified":"2020-07-21T21:49:34+00:00","breadcrumb":{"@id":"https:\/\/www.prestigioytradicion.com\/en\/product\/lasagna-de-carne\/#breadcrumb"},"inLanguage":"en-US","potentialAction":[{"@type":"ReadAction","target":["https:\/\/www.prestigioytradicion.com\/en\/product\/lasagna-de-carne\/"]}]},{"@type":"BreadcrumbList","@id":"https:\/\/www.prestigioytradicion.com\/en\/product\/lasagna-de-carne\/#breadcrumb","itemListElement":[{"@type":"ListItem","position":1,"name":"Home","item":"https:\/\/www.prestigioytradicion.com\/"},{"@type":"ListItem","position":2,"name":"Tienda","item":"https:\/\/www.prestigioytradicion.com\/shop\/"},{"@type":"ListItem","position":3,"name":"Lasagna de carne"}]},{"@type":"WebSite","@id":"https:\/\/www.prestigioytradicion.com\/#website","url":"https:\/\/www.prestigioytradicion.com\/","name":"Prestigio &amp; Tradici&oacute;n","description":"Un extraordinario mundo gourmet de alta calidad para todos","publisher":{"@id":"https:\/\/www.prestigioytradicion.com\/#organization"},"potentialAction":[{"@type":"SearchAction","target":{"@type":"EntryPoint","urlTemplate":"https:\/\/www.prestigioytradicion.com\/?s={search_term_string}"},"query-input":"required name=search_term_string"}],"inLanguage":"en-US"},{"@type":"Organization","@id":"https:\/\/www.prestigioytradicion.com\/#organization","name":"Prestigio & Tradici\u00f3n","url":"https:\/\/www.prestigioytradicion.com\/","logo":{"@type":"ImageObject","inLanguage":"en-US","@id":"https:\/\/www.prestigioytradicion.com\/#\/schema\/logo\/image\/","url":"https:\/\/www.prestigioytradicion.com\/wp-content\/uploads\/LOGO-PyT-Facturas-WEB-150x150-SIN-FONDO.png","contentUrl":"https:\/\/www.prestigioytradicion.com\/wp-content\/uploads\/LOGO-PyT-Facturas-WEB-150x150-SIN-FONDO.png","width":150,"height":150,"caption":"Prestigio & Tradici\u00f3n"},"image":{"@id":"https:\/\/www.prestigioytradicion.com\/#\/schema\/logo\/image\/"}}]}},"_links":{"self":[{"href":"https:\/\/www.prestigioytradicion.com\/en\/wp-json\/wp\/v2\/product\/6282"}],"collection":[{"href":"https:\/\/www.prestigioytradicion.com\/en\/wp-json\/wp\/v2\/product"}],"about":[{"href":"https:\/\/www.prestigioytradicion.com\/en\/wp-json\/wp\/v2\/types\/product"}],"replies":[{"embeddable":true,"href":"https:\/\/www.prestigioytradicion.com\/en\/wp-json\/wp\/v2\/comments?post=6282"}],"version-history":[{"count":2,"href":"https:\/\/www.prestigioytradicion.com\/en\/wp-json\/wp\/v2\/product\/6282\/revisions"}],"predecessor-version":[{"id":7235,"href":"https:\/\/www.prestigioytradicion.com\/en\/wp-json\/wp\/v2\/product\/6282\/revisions\/7235"}],"wp:featuredmedia":[{"embeddable":true,"href":"https:\/\/www.prestigioytradicion.com\/en\/wp-json\/wp\/v2\/media\/6286"}],"wp:attachment":[{"href":"https:\/\/www.prestigioytradicion.com\/en\/wp-json\/wp\/v2\/media?parent=6282"}],"wp:term":[{"taxonomy":"product_cat","embeddable":true,"href":"https:\/\/www.prestigioytradicion.com\/en\/wp-json\/wp\/v2\/product_cat?post=6282"},{"taxonomy":"product_tag","embeddable":true,"href":"https:\/\/www.prestigioytradicion.com\/en\/wp-json\/wp\/v2\/product_tag?post=6282"}],"curies":[{"name":"wp","href":"https:\/\/api.w.org\/{rel}","templated":true}]}}